{"id":32,"date":"2014-09-18T12:31:33","date_gmt":"2014-09-18T11:31:33","guid":{"rendered":"http:\/\/agora.xtec.cat\/escolabalafia\/?page_id=32"},"modified":"2021-07-12T13:53:36","modified_gmt":"2021-07-12T11:53:36","slug":"calendari-del-curs","status":"publish","type":"page","link":"https:\/\/agora.xtec.cat\/escolabalafia\/lescola\/calendari-del-curs\/","title":{"rendered":"Calendari Escolar curs 2021-2022"},"content":{"rendered":"<h4><\/h4>\n<p>&nbsp;<\/p>\n<p><a href=\"https:\/\/agora.xtec.cat\/escolabalafia\/wp-content\/uploads\/usu803\/2021\/07\/0204_001_page-0001.jpg\"><img loading=\"lazy\" decoding=\"async\" class=\"aligncenter wp-image-3823\" src=\"https:\/\/agora.xtec.cat\/escolabalafia\/wp-content\/uploads\/usu803\/2021\/07\/0204_001_page-0001.jpg\" alt=\"\" width=\"1263\" height=\"893\" srcset=\"https:\/\/agora.xtec.cat\/escolabalafia\/wp-content\/uploads\/usu803\/2021\/07\/0204_001_page-0001.jpg 1754w, https:\/\/agora.xtec.cat\/escolabalafia\/wp-content\/uploads\/usu803\/2021\/07\/0204_001_page-0001-300x212.jpg 300w, https:\/\/agora.xtec.cat\/escolabalafia\/wp-content\/uploads\/usu803\/2021\/07\/0204_001_page-0001-768x543.jpg 768w, https:\/\/agora.xtec.cat\/escolabalafia\/wp-content\/uploads\/usu803\/2021\/07\/0204_001_page-0001-1024x724.jpg 1024w\" sizes=\"auto, (max-width: 1263px) 100vw, 1263px\" \/><\/a><\/p>\n<p>&nbsp;<\/p>\n<h4><strong>Inici de curs:<\/strong><\/h4>\n<ul>\n<li>13 de setembre de 2021<\/li>\n<\/ul>\n<h4><strong>Vacances:<\/strong><\/h4>\n<ul>\n<li><em>Nadal:<\/em> Del 23 de desembre de 2021 al 9 de gener de 2022 (ambd\u00f3s inclosos)<\/li>\n<li><em style=\"font-family: inherit; font-size: 1em;\">Setmana Santa:<\/em><span style=\"font-family: inherit; font-size: 1em;\"> Del 9 d&#8217;abril al 18 d&#8217;abril de 2022 (ambd\u00f3s inclosos)<\/span><\/li>\n<li><em style=\"font-family: inherit; font-size: 1em;\">Estiu:<\/em><span style=\"font-family: inherit; font-size: 1em;\"> A partir del 23 de juny de 2022<\/span><\/li>\n<\/ul>\n<h4><strong>Dies festius de lliure disposici\u00f3: <\/strong><\/h4>\n<ul>\n<li>11 d&#8217;octubre de 2021<\/li>\n<li>7 de desembre de 2021<\/li>\n<li>28 de febrer de 2022<\/li>\n<\/ul>\n<h4><strong>Festes locals:<\/strong><\/h4>\n<ul>\n<li>29 de Setembre de 2021.<\/li>\n<li>11 de Maig de 2022<\/li>\n<\/ul>\n<h4><strong>Jornada intensiva:22 de desembre, del 6 al 22 juny de 9 a 13h<\/strong><\/h4>\n<ul>\n<li>22 de desembre de 2021.<\/li>\n<li>6 al 22 de juny de 2022 (ambd\u00f3s inclosos)<\/li>\n<\/ul>\n<p>L\u2019<b>horari lectiu<\/b> del centre \u00e9s de 9 a 13:30h (dilluns i dimarts) i de 9:00 a 12,30 h (dimecres, dijous i divendres)\u00a0 i de 15,00 a 16,30 h (totes les tardes) per a tots els alumnes del centre. El dia 21 de desembre de 2020 i a partir del 7 de juny de 2021 es realitza horari compactat de 9 a 13h. (Els alumnes que utilitzen el servei de menjador surten a les 15:00h.)<\/p>\n<p>Per als alumnes que inicien l\u2019escolaritzaci\u00f3 a P3 s\u2019organitza un breu per\u00edode d\u2019adaptaci\u00f3 que suposa una certa modificaci\u00f3 dels horaris dels dos primers dies de classe, i que es fa saber a les fam\u00edlies en les reunions pr\u00e8vies corresponents.<\/p>\n<p>&nbsp;<\/p>\n","protected":false},"excerpt":{"rendered":"<p>&nbsp;<br \/>\n<a href=\"https:\/\/agora.xtec.cat\/escolabalafia\/wp-content\/uploads\/usu803\/2021\/07\/0204_001_page-0001.jpg\"><\/a><br \/>\n&nbsp;<br \/>\nInici de curs:<\/p>\n<ul>\n<li>13 de setembre de 2021<\/li>\n<\/ul>\n<p>Vacances:<\/p>\n<ul>\n<li>Nadal: Del 23 de desembre de 2021 al 9 de gener de 2022 (ambd\u00f3s inclosos)<\/li>\n<li>Setmana Santa: Del 9 d&#8217;abril al 18 d&#8217;abril de 2022 (ambd\u00f3s inclosos)<\/li>\n<li>Estiu: A partir del 23 de juny de 2022<\/li>\n<\/ul>\n<p>Dies festius de lliure disposici\u00f3:&hellip;  <a href=\"https:\/\/agora.xtec.cat\/escolabalafia\/lescola\/calendari-del-curs\/\" title=\"Read Calendari Escolar curs 2021-2022\">Llegeix m\u00e9s\u00bb<\/a><\/p>\n","protected":false},"author":1,"featured_media":0,"parent":22,"menu_order":50,"comment_status":"closed","ping_status":"closed","template":"page-templates\/side-menu.php","meta":{"_bbp_topic_count":0,"_bbp_reply_count":0,"_bbp_total_topic_count":0,"_bbp_total_reply_count":0,"_bbp_voice_count":0,"_bbp_anonymous_reply_count":0,"_bbp_topic_count_hidden":0,"_bbp_reply_count_hidden":0,"_bbp_forum_subforum_count":0,"footnotes":""},"class_list":["post-32","page","type-page","status-publish","hentry"],"post_mailing_queue_ids":[],"_links":{"self":[{"href":"https:\/\/agora.xtec.cat\/escolabalafia\/wp-json\/wp\/v2\/pages\/32","targetHints":{"allow":["GET"]}}],"collection":[{"href":"https:\/\/agora.xtec.cat\/escolabalafia\/wp-json\/wp\/v2\/pages"}],"about":[{"href":"https:\/\/agora.xtec.cat\/escolabalafia\/wp-json\/wp\/v2\/types\/page"}],"author":[{"embeddable":true,"href":"https:\/\/agora.xtec.cat\/escolabalafia\/wp-json\/wp\/v2\/users\/1"}],"replies":[{"embeddable":true,"href":"https:\/\/agora.xtec.cat\/escolabalafia\/wp-json\/wp\/v2\/comments?post=32"}],"version-history":[{"count":3,"href":"https:\/\/agora.xtec.cat\/escolabalafia\/wp-json\/wp\/v2\/pages\/32\/revisions"}],"predecessor-version":[{"id":3825,"href":"https:\/\/agora.xtec.cat\/escolabalafia\/wp-json\/wp\/v2\/pages\/32\/revisions\/3825"}],"up":[{"embeddable":true,"href":"https:\/\/agora.xtec.cat\/escolabalafia\/wp-json\/wp\/v2\/pages\/22"}],"wp:attachment":[{"href":"https:\/\/agora.xtec.cat\/escolabalafia\/wp-json\/wp\/v2\/media?parent=32"}],"curies":[{"name":"wp","href":"https:\/\/api.w.org\/{rel}","templated":true}]}}