{"id":26,"date":"2014-09-18T12:24:32","date_gmt":"2014-09-18T11:24:32","guid":{"rendered":"http:\/\/agora.xtec.cat\/escolabalafia\/?page_id=26"},"modified":"2020-07-24T13:15:24","modified_gmt":"2020-07-24T11:15:24","slug":"historia","status":"publish","type":"page","link":"https:\/\/agora.xtec.cat\/escolabalafia\/lescola\/historia\/","title":{"rendered":"Hist\u00f2ria"},"content":{"rendered":"<p>Benvolguda Escola de Bal\u00e0fia,<\/p>\n<p>En plena foscor naixia al barri de Bal\u00e0fia un estel de llum ben lluent, amb uns mestres valents i decidits a ajudar els seus nens i nenes a aprendre, a jugar, a compartir, a somniar, a mirar m\u00e9s enll\u00e0, a cr\u00e9ixer&#8230; <a href=\"https:\/\/agora.xtec.cat\/escolabalafia\/wp-content\/uploads\/usu803\/2020\/07\/IMG_20200724_124553-2-e1595588814757.jpg\"><img loading=\"lazy\" decoding=\"async\" class=\" wp-image-517 alignleft\" src=\"https:\/\/agora.xtec.cat\/escolabalafia\/wp-content\/uploads\/usu803\/2020\/07\/IMG_20200724_124553-2-e1595588814757-150x150.jpg\" alt=\"\" width=\"153\" height=\"153\" \/><\/a>L&#8217;escola \u00e9s sempre un projecte compartit, en qu\u00e8 la comunitat educativa t\u00e9 l&#8217;objectiu tamb\u00e9 compartit de voler el millor futur dels seus fills, alumnes i ciutadans. Mig segle ple de viv\u00e8ncies d&#8217;experi\u00e8ncies. Poques escoles poden presumir de superar les moltes proves d&#8217;estr\u00e8s que ha hagut de superar. Canvi de r\u00e8gim pol\u00edtic, entrada a la democr\u00e0cia, canvis legislatius en educaci\u00f3, evoluci\u00f3 de la pr\u00f2pia societat, transformaci\u00f3 del context mundial i de la pr\u00f2pia realitat de l&#8217;alumnat de l&#8217;escola.<\/p>\n<p><a href=\"https:\/\/agora.xtec.cat\/escolabalafia\/wp-content\/uploads\/usu803\/2020\/07\/IMG_20200724_124803.jpg\"><img loading=\"lazy\" decoding=\"async\" class=\"wp-image-518 alignright\" src=\"https:\/\/agora.xtec.cat\/escolabalafia\/wp-content\/uploads\/usu803\/2020\/07\/IMG_20200724_124803-150x150.jpg\" alt=\"\" width=\"184\" height=\"184\" \/><\/a><\/p>\n<p>L&#8217;escola sempre ha respost a les demandes de la societat a qu\u00e8 serveix, perqu\u00e8 com a servei p\u00fablic t\u00e9 encarregada la missi\u00f3 de formar, el millor possible, als ciutadans del futur. Serien gaireb\u00e9 incomptables les hores de classe impartides, les lli\u00e7ons apreses, el coneixement transm\u00e8s, la vida esmer\u00e7ada, en definitiva, la feina incommensurable que suposa educar un nen&#8230; Per\u00f2 els resultats s\u00ed que s\u00f3n tangibles perqu\u00e8, en part, de la bona feina que s&#8217;ha fet a l&#8217;escola avui podem presumir que de les seves aules han sortit bons periodistes, advocats, fusters, lampistes, mestres, pagesos, comerciants&#8230; A les classes, en una escola, hi ha d&#8217;haver gent bona i bona gent. Mestres que tinguin un elevat sentit de la responsabilitat, que \u00e8ticament tamb\u00e9 siguin un model per als seus companys i per a les fam\u00edlies, perqu\u00e8 tamb\u00e9 s\u2019apr\u00e8n amb l&#8217;efecte mirall. I mestres que dediquin les seves forces, el seu coneixement, les seves habilitats personals, la seva vida a l&#8217;objectiu darrer d&#8217;educar un nen, de fer-lo feli\u00e7 i ajudar-lo a cr\u00e9ixer amb confian\u00e7a, seguretat, il\u00b7lusi\u00f3.. Estic conven\u00e7ut que cadascun dels nens i nenes que han passat per l&#8217;escola de Bal\u00e0fia guarda en el seu record, fins i tot dins el seu cor, aquell mestre o aquella mestra que el va captivar, que li va saber dir aquella paraula en aquell prec\u00eds instant, q<a href=\"https:\/\/agora.xtec.cat\/escolabalafia\/wp-content\/uploads\/usu803\/2020\/07\/IMG_20200724_124825.jpg\"><img loading=\"lazy\" decoding=\"async\" class=\"wp-image-519 alignleft\" src=\"https:\/\/agora.xtec.cat\/escolabalafia\/wp-content\/uploads\/usu803\/2020\/07\/IMG_20200724_124825-150x139.jpg\" alt=\"\" width=\"149\" height=\"138\" \/><\/a>ue el va acompanyar en moments dif\u00edcils, que el va fer tirar endavant quan tot estava perdut. Els mestres s\u00f3n guies, una mena de xamans que ens transformen. I, aix\u00ed, l&#8217;escola de Bal\u00e0fia, amb els seus equips directius al capdavant i els centenars de xamans alineats amb un objectiu com\u00fa, \u00e9s que trobem en aquest llibre unes planes curulles de records de en definitiva, de nosaltres mateixos.<\/p>\n<p>I ara, Bal\u00e0fia mira a l&#8217;horitz\u00f3 proper amb una barreja de sentiments. Aquesta escola, el seu edifici, aviat deixar\u00e0 d&#8217;existir perqu\u00e8 el barri, els seus alumnes i les seves fam\u00edlies, se&#8217;n mereixien una de nova.<\/p>\n<p><a href=\"https:\/\/agora.xtec.cat\/escolabalafia\/wp-content\/uploads\/usu803\/2020\/07\/IMG_0549.jpg\"><img loading=\"lazy\" decoding=\"async\" class=\"wp-image-512 aligncenter\" src=\"https:\/\/agora.xtec.cat\/escolabalafia\/wp-content\/uploads\/usu803\/2020\/07\/IMG_0549-150x150.jpg\" alt=\"\" width=\"249\" height=\"249\" \/><\/a><\/p>\n<div class=\"yj6qo\"><\/div>\n<p>&nbsp;<\/p>\n<p>&nbsp;<\/p>\n<div class=\"yj6qo\">\n<p>&nbsp;<\/p>\n<\/div>\n","protected":false},"excerpt":{"rendered":"<p>Benvolguda Escola de Bal\u00e0fia,<br \/>\nEn plena foscor naixia al barri de Bal\u00e0fia un estel de llum ben lluent, amb uns mestres valents i decidits a ajudar els seus nens i nenes a aprendre, a jugar, a compartir, a somniar, a mirar m\u00e9s enll\u00e0, a cr\u00e9ixer&#8230; <a&hellip;  <a href=\"https:\/\/agora.xtec.cat\/escolabalafia\/lescola\/historia\/\" title=\"Read Hist\u00f2ria\">Llegeix m\u00e9s\u00bb<\/a><\/p>\n","protected":false},"author":1,"featured_media":0,"parent":22,"menu_order":20,"comment_status":"closed","ping_status":"closed","template":"page-templates\/side-menu.php","meta":{"_bbp_topic_count":0,"_bbp_reply_count":0,"_bbp_total_topic_count":0,"_bbp_total_reply_count":0,"_bbp_voice_count":0,"_bbp_anonymous_reply_count":0,"_bbp_topic_count_hidden":0,"_bbp_reply_count_hidden":0,"_bbp_forum_subforum_count":0,"footnotes":""},"class_list":["post-26","page","type-page","status-publish","hentry"],"post_mailing_queue_ids":[],"_links":{"self":[{"href":"https:\/\/agora.xtec.cat\/escolabalafia\/wp-json\/wp\/v2\/pages\/26","targetHints":{"allow":["GET"]}}],"collection":[{"href":"https:\/\/agora.xtec.cat\/escolabalafia\/wp-json\/wp\/v2\/pages"}],"about":[{"href":"https:\/\/agora.xtec.cat\/escolabalafia\/wp-json\/wp\/v2\/types\/page"}],"author":[{"embeddable":true,"href":"https:\/\/agora.xtec.cat\/escolabalafia\/wp-json\/wp\/v2\/users\/1"}],"replies":[{"embeddable":true,"href":"https:\/\/agora.xtec.cat\/escolabalafia\/wp-json\/wp\/v2\/comments?post=26"}],"version-history":[{"count":2,"href":"https:\/\/agora.xtec.cat\/escolabalafia\/wp-json\/wp\/v2\/pages\/26\/revisions"}],"predecessor-version":[{"id":520,"href":"https:\/\/agora.xtec.cat\/escolabalafia\/wp-json\/wp\/v2\/pages\/26\/revisions\/520"}],"up":[{"embeddable":true,"href":"https:\/\/agora.xtec.cat\/escolabalafia\/wp-json\/wp\/v2\/pages\/22"}],"wp:attachment":[{"href":"https:\/\/agora.xtec.cat\/escolabalafia\/wp-json\/wp\/v2\/media?parent=26"}],"curies":[{"name":"wp","href":"https:\/\/api.w.org\/{rel}","templated":true}]}}