{"id":701,"date":"2018-02-26T18:20:46","date_gmt":"2018-02-26T17:20:46","guid":{"rendered":"http:\/\/agora.xtec.cat\/escolabadalonaport\/?page_id=701"},"modified":"2025-04-04T13:32:09","modified_gmt":"2025-04-04T11:32:09","slug":"musica-a-lescola","status":"publish","type":"page","link":"https:\/\/agora.xtec.cat\/escolabadalonaport\/projecte-educatiu\/musica-a-lescola\/","title":{"rendered":"M\u00fasica a l&#8217;escola"},"content":{"rendered":"<p><span style=\"color: #0000ff;\">Concert de Nadal<\/span>:<\/p>\n<h6><\/h6>\n<p><span style=\"color: #0000ff;\">Trobada de nens i nenes dansaires<\/span>:\u00a0La Trobada de nens i nenes dansaires de Badalona \u00e9s una activitat impulsada pel Grup de Treball de mestres de m\u00fasica de prim\u00e0ria i organitzada conjuntament amb el CRP i la Regidoria d\u2019Educaci\u00f3.<\/p>\n<p>Coincidint amb les Festes de Maig de Badalona, durant tres dies, es reuneixen al Palau Municipal d\u2019Esports m\u00e9s de 6500 alumnes de P3 a 4t curs de prim\u00e0ria d\u2019escoles de Badalona, per ensenyar a les fam\u00edlies i a la resta d\u2019escoles les danses populars i d\u2019arreu del m\u00f3n que han anat practicant durant el 2n i 3r trimestre.<\/p>\n<p><span style=\"color: #0000ff;\">Cant\u00e0nia: <span style=\"color: #000000;\">\u00c9s una activitat transversal que implica diferents \u00e0rees (llengua, m\u00fasica i pl\u00e0stica) amb diverses fases d&#8217;actuaci\u00f3; sessions de formaci\u00f3 amb els Mestres i les Mestres, treball dels Mestres a les seves aules i concerts finals interpretats per l&#8217;alumnat. Durant tot el curs escolar es treballa tant des de l&#8217;organizaci\u00f3 de l&#8217;Auditori com des de l&#8217;escola. L&#8217;objetiu \u00e9s organiztar un acte pels alumnes que, per les caracter\u00edstiques globals pensadas exclussivament per ells, per la qualitat i per la implicaci\u00f3 personal i col\u00b7lectiva en l&#8217;acte, es converteixi en una viv\u00e8ncia musical important i inolvidable per tothom.<\/span><\/span><\/p>\n","protected":false},"excerpt":{"rendered":"<p>Concert de Nadal: Trobada de nens i nenes dansaires:\u00a0La Trobada de nens i nenes dansaires de Badalona \u00e9s una activitat impulsada pel Grup de Treball de mestres de m\u00fasica de prim\u00e0ria i organitzada conjuntament amb el CRP i la Regidoria d\u2019Educaci\u00f3. Coincidint amb les Festes de Maig de Badalona, durant tres dies, es reuneixen al [&hellip;]<\/p>\n","protected":false},"author":1,"featured_media":0,"parent":64,"menu_order":0,"comment_status":"closed","ping_status":"closed","template":"","meta":{"_bbp_topic_count":0,"_bbp_reply_count":0,"_bbp_total_topic_count":0,"_bbp_total_reply_count":0,"_bbp_voice_count":0,"_bbp_anonymous_reply_count":0,"_bbp_topic_count_hidden":0,"_bbp_reply_count_hidden":0,"_bbp_forum_subforum_count":0,"site-sidebar-layout":"default","site-content-layout":"","ast-site-content-layout":"default","site-content-style":"default","site-sidebar-style":"default","ast-global-header-display":"","ast-banner-title-visibility":"","ast-main-header-display":"","ast-hfb-above-header-display":"","ast-hfb-below-header-display":"","ast-hfb-mobile-header-display":"","site-post-title":"","ast-breadcrumbs-content":"","ast-featured-img":"","footer-sml-layout":"","theme-transparent-header-meta":"default","adv-header-id-meta":"","stick-header-meta":"","header-above-stick-meta":"","header-main-stick-meta":"","header-below-stick-meta":"","astra-migrate-meta-layouts":"set","ast-page-background-enabled":"default","ast-page-background-meta":{"desktop":{"background-color":"var(--ast-global-color-4)","background-image":"","background-repeat":"repeat","background-position":"center center","background-size":"auto","background-attachment":"scroll","background-type":"","background-media":"","overlay-type":"","overlay-color":"","overlay-opacity":"","overlay-gradient":""},"tablet":{"background-color":"","background-image":"","background-repeat":"repeat","background-position":"center center","background-size":"auto","background-attachment":"scroll","background-type":"","background-media":"","overlay-type":"","overlay-color":"","overlay-opacity":"","overlay-gradient":""},"mobile":{"background-color":"","background-image":"","background-repeat":"repeat","background-position":"center center","background-size":"auto","background-attachment":"scroll","background-type":"","background-media":"","overlay-type":"","overlay-color":"","overlay-opacity":"","overlay-gradient":""}},"ast-content-background-meta":{"desktop":{"background-color":"var(--ast-global-color-5)","background-image":"","background-repeat":"repeat","background-position":"center center","background-size":"auto","background-attachment":"scroll","background-type":"","background-media":"","overlay-type":"","overlay-color":"","overlay-opacity":"","overlay-gradient":""},"tablet":{"background-color":"var(--ast-global-color-5)","background-image":"","background-repeat":"repeat","background-position":"center center","background-size":"auto","background-attachment":"scroll","background-type":"","background-media":"","overlay-type":"","overlay-color":"","overlay-opacity":"","overlay-gradient":""},"mobile":{"background-color":"var(--ast-global-color-5)","background-image":"","background-repeat":"repeat","background-position":"center center","background-size":"auto","background-attachment":"scroll","background-type":"","background-media":"","overlay-type":"","overlay-color":"","overlay-opacity":"","overlay-gradient":""}},"footnotes":""},"class_list":["post-701","page","type-page","status-publish","hentry"],"post_mailing_queue_ids":[],"_links":{"self":[{"href":"https:\/\/agora.xtec.cat\/escolabadalonaport\/wp-json\/wp\/v2\/pages\/701","targetHints":{"allow":["GET"]}}],"collection":[{"href":"https:\/\/agora.xtec.cat\/escolabadalonaport\/wp-json\/wp\/v2\/pages"}],"about":[{"href":"https:\/\/agora.xtec.cat\/escolabadalonaport\/wp-json\/wp\/v2\/types\/page"}],"author":[{"embeddable":true,"href":"https:\/\/agora.xtec.cat\/escolabadalonaport\/wp-json\/wp\/v2\/users\/1"}],"replies":[{"embeddable":true,"href":"https:\/\/agora.xtec.cat\/escolabadalonaport\/wp-json\/wp\/v2\/comments?post=701"}],"version-history":[{"count":4,"href":"https:\/\/agora.xtec.cat\/escolabadalonaport\/wp-json\/wp\/v2\/pages\/701\/revisions"}],"predecessor-version":[{"id":716,"href":"https:\/\/agora.xtec.cat\/escolabadalonaport\/wp-json\/wp\/v2\/pages\/701\/revisions\/716"}],"up":[{"embeddable":true,"href":"https:\/\/agora.xtec.cat\/escolabadalonaport\/wp-json\/wp\/v2\/pages\/64"}],"wp:attachment":[{"href":"https:\/\/agora.xtec.cat\/escolabadalonaport\/wp-json\/wp\/v2\/media?parent=701"}],"curies":[{"name":"wp","href":"https:\/\/api.w.org\/{rel}","templated":true}]}}