{"id":669,"date":"2018-02-19T20:05:13","date_gmt":"2018-02-19T19:05:13","guid":{"rendered":"http:\/\/agora.xtec.cat\/escolabadalonaport\/?page_id=669"},"modified":"2022-11-11T15:41:24","modified_gmt":"2022-11-11T14:41:24","slug":"angles-a-lescola","status":"publish","type":"page","link":"https:\/\/agora.xtec.cat\/escolabadalonaport\/projecte-educatiu\/angles-a-lescola\/","title":{"rendered":"Angl\u00e8s a l&#8217;escola"},"content":{"rendered":"<p>L\u2019escola Badalona Port fa una aposta clara pel coneixement de l\u2019angl\u00e8s i per aix\u00f2 els infants entren en contacte amb ella des de P3 a Educaci\u00f3 Infantil fins a finalitzar la prim\u00e0ria. De la mateixa manera, la seva dedicaci\u00f3 hor\u00e0ria setmanal augmenta a mesura que es canvia de cicle, essent 1 hora per a Educaci\u00f3\u00a0 Infantil, 2 hores a Cicle Inicial, i 3 i 4 hores a Cicle Mitj\u00e0 i Superior respectivament.<br \/>\nEn Educaci\u00f3 Infantil i Cicle Inicial l\u2019alumnat entra en contacte amb l\u2019idioma exclusivament des de l\u2019oralitat i ho fa de manera l\u00fadica i creativa, utilitzant els jocs i les can\u00e7ons com a vehicle per que l\u2019infant entri en contacte de manera natural amb la llengua.<br \/>\nLa metodologia canvia a Cicle Mitj\u00e0, on els temes curriculars es treballen a dues de les tres sessions mitjan\u00e7ant racons (5 en total amb petits grups), que permet generar unes din\u00e0miques d\u2019aprenentatge substancialment diferents a les tradicionals.<br \/>\nFinalment, l\u2019aprenentatge a Cicle Superior incorpora una sessi\u00f3 setmanal desdoblada on es treballa l&#8217;expressi\u00f3 escrita.<br \/>\nL\u2019angl\u00e8s \u00e9s i ser\u00e0 present en el nostre entorn educatiu i professional i \u00e9s per aix\u00f2 que el Badalona Port aposta perqu\u00e8 els infants es puguin desenvolupar de la millor manera en aquesta llengua.<\/p>\n","protected":false},"excerpt":{"rendered":"<p>L\u2019escola Badalona Port fa una aposta clara pel coneixement de l\u2019angl\u00e8s i per aix\u00f2 els infants entren en contacte amb ella des de P3 a Educaci\u00f3 Infantil fins a finalitzar la prim\u00e0ria. De la mateixa manera, la seva dedicaci\u00f3 hor\u00e0ria setmanal augmenta a mesura que es canvia de cicle, essent 1 hora per a Educaci\u00f3\u00a0 [&hellip;]<\/p>\n","protected":false},"author":1,"featured_media":0,"parent":64,"menu_order":0,"comment_status":"closed","ping_status":"closed","template":"page-templates\/side-menu.php","meta":{"_bbp_topic_count":0,"_bbp_reply_count":0,"_bbp_total_topic_count":0,"_bbp_total_reply_count":0,"_bbp_voice_count":0,"_bbp_anonymous_reply_count":0,"_bbp_topic_count_hidden":0,"_bbp_reply_count_hidden":0,"_bbp_forum_subforum_count":0,"site-sidebar-layout":"default","site-content-layout":"","ast-site-content-layout":"","site-content-style":"default","site-sidebar-style":"default","ast-global-header-display":"","ast-banner-title-visibility":"","ast-main-header-display":"","ast-hfb-above-header-display":"","ast-hfb-below-header-display":"","ast-hfb-mobile-header-display":"","site-post-title":"","ast-breadcrumbs-content":"","ast-featured-img":"","footer-sml-layout":"","theme-transparent-header-meta":"","adv-header-id-meta":"","stick-header-meta":"","header-above-stick-meta":"","header-main-stick-meta":"","header-below-stick-meta":"","astra-migrate-meta-layouts":"default","ast-page-background-enabled":"default","ast-page-background-meta":{"desktop":{"background-color":"var(--ast-global-color-4)","background-image":"","background-repeat":"repeat","background-position":"center center","background-size":"auto","background-attachment":"scroll","background-type":"","background-media":"","overlay-type":"","overlay-color":"","overlay-opacity":"","overlay-gradient":""},"tablet":{"background-color":"","background-image":"","background-repeat":"repeat","background-position":"center center","background-size":"auto","background-attachment":"scroll","background-type":"","background-media":"","overlay-type":"","overlay-color":"","overlay-opacity":"","overlay-gradient":""},"mobile":{"background-color":"","background-image":"","background-repeat":"repeat","background-position":"center center","background-size":"auto","background-attachment":"scroll","background-type":"","background-media":"","overlay-type":"","overlay-color":"","overlay-opacity":"","overlay-gradient":""}},"ast-content-background-meta":{"desktop":{"background-color":"var(--ast-global-color-5)","background-image":"","background-repeat":"repeat","background-position":"center center","background-size":"auto","background-attachment":"scroll","background-type":"","background-media":"","overlay-type":"","overlay-color":"","overlay-opacity":"","overlay-gradient":""},"tablet":{"background-color":"var(--ast-global-color-5)","background-image":"","background-repeat":"repeat","background-position":"center center","background-size":"auto","background-attachment":"scroll","background-type":"","background-media":"","overlay-type":"","overlay-color":"","overlay-opacity":"","overlay-gradient":""},"mobile":{"background-color":"var(--ast-global-color-5)","background-image":"","background-repeat":"repeat","background-position":"center center","background-size":"auto","background-attachment":"scroll","background-type":"","background-media":"","overlay-type":"","overlay-color":"","overlay-opacity":"","overlay-gradient":""}},"footnotes":""},"class_list":["post-669","page","type-page","status-publish","hentry"],"post_mailing_queue_ids":[],"_links":{"self":[{"href":"https:\/\/agora.xtec.cat\/escolabadalonaport\/wp-json\/wp\/v2\/pages\/669","targetHints":{"allow":["GET"]}}],"collection":[{"href":"https:\/\/agora.xtec.cat\/escolabadalonaport\/wp-json\/wp\/v2\/pages"}],"about":[{"href":"https:\/\/agora.xtec.cat\/escolabadalonaport\/wp-json\/wp\/v2\/types\/page"}],"author":[{"embeddable":true,"href":"https:\/\/agora.xtec.cat\/escolabadalonaport\/wp-json\/wp\/v2\/users\/1"}],"replies":[{"embeddable":true,"href":"https:\/\/agora.xtec.cat\/escolabadalonaport\/wp-json\/wp\/v2\/comments?post=669"}],"version-history":[{"count":3,"href":"https:\/\/agora.xtec.cat\/escolabadalonaport\/wp-json\/wp\/v2\/pages\/669\/revisions"}],"predecessor-version":[{"id":11536,"href":"https:\/\/agora.xtec.cat\/escolabadalonaport\/wp-json\/wp\/v2\/pages\/669\/revisions\/11536"}],"up":[{"embeddable":true,"href":"https:\/\/agora.xtec.cat\/escolabadalonaport\/wp-json\/wp\/v2\/pages\/64"}],"wp:attachment":[{"href":"https:\/\/agora.xtec.cat\/escolabadalonaport\/wp-json\/wp\/v2\/media?parent=669"}],"curies":[{"name":"wp","href":"https:\/\/api.w.org\/{rel}","templated":true}]}}