{"id":667,"date":"2018-02-19T20:04:53","date_gmt":"2018-02-19T19:04:53","guid":{"rendered":"http:\/\/agora.xtec.cat\/escolabadalonaport\/?page_id=667"},"modified":"2025-04-24T13:20:13","modified_gmt":"2025-04-24T11:20:13","slug":"biblioteca-escolar","status":"publish","type":"page","link":"https:\/\/agora.xtec.cat\/escolabadalonaport\/projecte-educatiu\/biblioteca-escolar\/","title":{"rendered":"Biblioteca escolar"},"content":{"rendered":"<p>La \u00a0biblioteca de la nostra escola, any rere any, va donant passes per tal de fomentar el gust per la lectura entre els nostres alumnes. Forma part integrant del proc\u00e9s educatiu i del pla de lectura de l\u2019escola i \u00e9s per aquesta ra\u00f3 que anem avan\u00e7ant amb el nostre projecte inicial pel tal de crear un espai de coneixement i aprenentatge.<\/p>\n<p>Actualment tenim un fons de 1.080 llibres catalogats. El curs passat vam iniciar pr\u00e9stec \u00a0de llibres a l\u2019hora del pati per tots els alumnes de prim\u00e0ria i t\u00e9 molt d\u2019\u00e8xit.<\/p>\n<p>Per altra banda cada classe t\u00e9 una hora setmanal on es fan tot un seguit d\u2019activitats relacionades amb la lectura i aix\u00ed continuar treballant per aconseguir:<\/p>\n<ul>\n<li>Fomentar l\u2019h\u00e0bit lector i perfeccionar l\u2019habilitat lectora.<\/li>\n<li>Que s\u2019habitu\u00efn el tracte amb els llibres i respectar \u00a0el material impr\u00e8s.<\/li>\n<li>Con\u00e8ixer alguns t\u00edtols adients i s\u2019inici\u00efn en \u00a0el desenvolupament de l\u2019esperit cr\u00edtic.<\/li>\n<li>Enriquir el seu llenguatge i ampliar vocabulari.<\/li>\n<li>Que l\u2019\u2019hora de la biblioteca sigui un moment per gaudir i aprendre.<\/li>\n<li>Motivar els alumnes a la lectura aprenent a usar les noves tecnologies per la recerca d\u2019informaci\u00f3.\u00a0\u00a0\u00a0\u00a0\u00a0\u00a0\u00a0\u00a0\u00a0\u00a0 <a href=\"https:\/\/agora.xtec.cat\/escolabadalonaport\/wp-content\/uploads\/usu1791\/2018\/10\/20181004_124755_result.jpg\"><img loading=\"lazy\" decoding=\"async\" class=\"wp-image-2358 aligncenter\" src=\"https:\/\/agora.xtec.cat\/escolabadalonaport\/wp-content\/uploads\/usu1791\/2018\/10\/20181004_124755_result-576x1024.jpg\" alt=\"\" width=\"410\" height=\"729\" srcset=\"https:\/\/agora.xtec.cat\/escolabadalonaport\/wp-content\/uploads\/usu1791\/2018\/10\/20181004_124755_result-576x1024.jpg 576w, https:\/\/agora.xtec.cat\/escolabadalonaport\/wp-content\/uploads\/usu1791\/2018\/10\/20181004_124755_result-169x300.jpg 169w, https:\/\/agora.xtec.cat\/escolabadalonaport\/wp-content\/uploads\/usu1791\/2018\/10\/20181004_124755_result-768x1365.jpg 768w\" sizes=\"auto, (max-width: 410px) 100vw, 410px\" \/><\/a><\/li>\n<\/ul>\n","protected":false},"excerpt":{"rendered":"<p>La \u00a0biblioteca de la nostra escola, any rere any, va donant passes per tal de fomentar el gust per la lectura entre els nostres alumnes. Forma part integrant del proc\u00e9s educatiu i del pla de lectura de l\u2019escola i \u00e9s per aquesta ra\u00f3 que anem avan\u00e7ant amb el nostre projecte inicial pel tal de crear [&hellip;]<\/p>\n","protected":false},"author":1,"featured_media":0,"parent":64,"menu_order":0,"comment_status":"closed","ping_status":"closed","template":"","meta":{"_bbp_topic_count":0,"_bbp_reply_count":0,"_bbp_total_topic_count":0,"_bbp_total_reply_count":0,"_bbp_voice_count":0,"_bbp_anonymous_reply_count":0,"_bbp_topic_count_hidden":0,"_bbp_reply_count_hidden":0,"_bbp_forum_subforum_count":0,"site-sidebar-layout":"default","site-content-layout":"","ast-site-content-layout":"default","site-content-style":"default","site-sidebar-style":"default","ast-global-header-display":"","ast-banner-title-visibility":"","ast-main-header-display":"","ast-hfb-above-header-display":"","ast-hfb-below-header-display":"","ast-hfb-mobile-header-display":"","site-post-title":"","ast-breadcrumbs-content":"","ast-featured-img":"","footer-sml-layout":"","theme-transparent-header-meta":"default","adv-header-id-meta":"","stick-header-meta":"","header-above-stick-meta":"","header-main-stick-meta":"","header-below-stick-meta":"","astra-migrate-meta-layouts":"set","ast-page-background-enabled":"default","ast-page-background-meta":{"desktop":{"background-color":"var(--ast-global-color-4)","background-image":"","background-repeat":"repeat","background-position":"center center","background-size":"auto","background-attachment":"scroll","background-type":"","background-media":"","overlay-type":"","overlay-color":"","overlay-opacity":"","overlay-gradient":""},"tablet":{"background-color":"","background-image":"","background-repeat":"repeat","background-position":"center center","background-size":"auto","background-attachment":"scroll","background-type":"","background-media":"","overlay-type":"","overlay-color":"","overlay-opacity":"","overlay-gradient":""},"mobile":{"background-color":"","background-image":"","background-repeat":"repeat","background-position":"center center","background-size":"auto","background-attachment":"scroll","background-type":"","background-media":"","overlay-type":"","overlay-color":"","overlay-opacity":"","overlay-gradient":""}},"ast-content-background-meta":{"desktop":{"background-color":"var(--ast-global-color-5)","background-image":"","background-repeat":"repeat","background-position":"center center","background-size":"auto","background-attachment":"scroll","background-type":"","background-media":"","overlay-type":"","overlay-color":"","overlay-opacity":"","overlay-gradient":""},"tablet":{"background-color":"var(--ast-global-color-5)","background-image":"","background-repeat":"repeat","background-position":"center center","background-size":"auto","background-attachment":"scroll","background-type":"","background-media":"","overlay-type":"","overlay-color":"","overlay-opacity":"","overlay-gradient":""},"mobile":{"background-color":"var(--ast-global-color-5)","background-image":"","background-repeat":"repeat","background-position":"center center","background-size":"auto","background-attachment":"scroll","background-type":"","background-media":"","overlay-type":"","overlay-color":"","overlay-opacity":"","overlay-gradient":""}},"footnotes":""},"class_list":["post-667","page","type-page","status-publish","hentry"],"post_mailing_queue_ids":[],"_links":{"self":[{"href":"https:\/\/agora.xtec.cat\/escolabadalonaport\/wp-json\/wp\/v2\/pages\/667","targetHints":{"allow":["GET"]}}],"collection":[{"href":"https:\/\/agora.xtec.cat\/escolabadalonaport\/wp-json\/wp\/v2\/pages"}],"about":[{"href":"https:\/\/agora.xtec.cat\/escolabadalonaport\/wp-json\/wp\/v2\/types\/page"}],"author":[{"embeddable":true,"href":"https:\/\/agora.xtec.cat\/escolabadalonaport\/wp-json\/wp\/v2\/users\/1"}],"replies":[{"embeddable":true,"href":"https:\/\/agora.xtec.cat\/escolabadalonaport\/wp-json\/wp\/v2\/comments?post=667"}],"version-history":[{"count":4,"href":"https:\/\/agora.xtec.cat\/escolabadalonaport\/wp-json\/wp\/v2\/pages\/667\/revisions"}],"predecessor-version":[{"id":13164,"href":"https:\/\/agora.xtec.cat\/escolabadalonaport\/wp-json\/wp\/v2\/pages\/667\/revisions\/13164"}],"up":[{"embeddable":true,"href":"https:\/\/agora.xtec.cat\/escolabadalonaport\/wp-json\/wp\/v2\/pages\/64"}],"wp:attachment":[{"href":"https:\/\/agora.xtec.cat\/escolabadalonaport\/wp-json\/wp\/v2\/media?parent=667"}],"curies":[{"name":"wp","href":"https:\/\/api.w.org\/{rel}","templated":true}]}}