{"id":665,"date":"2018-02-19T20:04:29","date_gmt":"2018-02-19T19:04:29","guid":{"rendered":"http:\/\/agora.xtec.cat\/escolabadalonaport\/?page_id=665"},"modified":"2020-11-30T15:46:15","modified_gmt":"2020-11-30T14:46:15","slug":"dia-verd","status":"publish","type":"page","link":"https:\/\/agora.xtec.cat\/escolabadalonaport\/projecte-educatiu\/dia-verd\/","title":{"rendered":"Dia Verd"},"content":{"rendered":"<p>Projecte que duu a terme l\u2019escola de P3 a 6\u00e8 en el que conscienciem als nostres alumnes de la import\u00e0ncia de la cura del medi ambient.<\/p>\n<p>Aquesta conscienciaci\u00f3 la fem mitjan\u00e7ant activitats \u00a0relacionades amb la sostenibilitat, \u00a0l\u2019aigua, l\u2019energia i canvi clim\u00e0tic, la mobilitat sostenible, els recursos i residus i la salut ambiental. Algunes d\u2019aquestes activitats s\u00f3n donades per monitors de l\u2019\u00c0rea metropolitana de Barcelona, del Museu de l\u2019aigua de Barcelona , la Policia Local de Badalona , l\u2019Escola de Natura de Badalona i d\u2019altres entitats.<\/p>\n<p>L\u2019escola tamb\u00e9 participa en els projectes \u201cFruites a les escoles\u201d i \u201cConsum de llet\u201d.<\/p>\n<p><a href=\"https:\/\/agora.xtec.cat\/escolabadalonaport\/wp-content\/uploads\/usu1791\/2020\/11\/DIA-VERD.jpg\"><img loading=\"lazy\" decoding=\"async\" class=\"alignnone  wp-image-8196\" src=\"https:\/\/agora.xtec.cat\/escolabadalonaport\/wp-content\/uploads\/usu1791\/2020\/11\/DIA-VERD-225x300.jpg\" alt=\"\" width=\"369\" height=\"492\" srcset=\"https:\/\/agora.xtec.cat\/escolabadalonaport\/wp-content\/uploads\/usu1791\/2020\/11\/DIA-VERD-225x300.jpg 225w, https:\/\/agora.xtec.cat\/escolabadalonaport\/wp-content\/uploads\/usu1791\/2020\/11\/DIA-VERD.jpg 480w\" sizes=\"auto, (max-width: 369px) 100vw, 369px\" \/><\/a><\/p>\n","protected":false},"excerpt":{"rendered":"<p>Projecte que duu a terme l\u2019escola de P3 a 6\u00e8 en el que conscienciem als nostres alumnes de la import\u00e0ncia de la cura del medi ambient. Aquesta conscienciaci\u00f3 la fem mitjan\u00e7ant activitats \u00a0relacionades amb la sostenibilitat, \u00a0l\u2019aigua, l\u2019energia i canvi clim\u00e0tic, la mobilitat sostenible, els recursos i residus i la salut ambiental. Algunes d\u2019aquestes activitats [&hellip;]<\/p>\n","protected":false},"author":1,"featured_media":0,"parent":64,"menu_order":0,"comment_status":"closed","ping_status":"closed","template":"page-templates\/side-menu.php","meta":{"_bbp_topic_count":0,"_bbp_reply_count":0,"_bbp_total_topic_count":0,"_bbp_total_reply_count":0,"_bbp_voice_count":0,"_bbp_anonymous_reply_count":0,"_bbp_topic_count_hidden":0,"_bbp_reply_count_hidden":0,"_bbp_forum_subforum_count":0,"site-sidebar-layout":"default","site-content-layout":"","ast-site-content-layout":"","site-content-style":"default","site-sidebar-style":"default","ast-global-header-display":"","ast-banner-title-visibility":"","ast-main-header-display":"","ast-hfb-above-header-display":"","ast-hfb-below-header-display":"","ast-hfb-mobile-header-display":"","site-post-title":"","ast-breadcrumbs-content":"","ast-featured-img":"","footer-sml-layout":"","theme-transparent-header-meta":"","adv-header-id-meta":"","stick-header-meta":"","header-above-stick-meta":"","header-main-stick-meta":"","header-below-stick-meta":"","astra-migrate-meta-layouts":"default","ast-page-background-enabled":"default","ast-page-background-meta":{"desktop":{"background-color":"var(--ast-global-color-4)","background-image":"","background-repeat":"repeat","background-position":"center center","background-size":"auto","background-attachment":"scroll","background-type":"","background-media":"","overlay-type":"","overlay-color":"","overlay-opacity":"","overlay-gradient":""},"tablet":{"background-color":"","background-image":"","background-repeat":"repeat","background-position":"center center","background-size":"auto","background-attachment":"scroll","background-type":"","background-media":"","overlay-type":"","overlay-color":"","overlay-opacity":"","overlay-gradient":""},"mobile":{"background-color":"","background-image":"","background-repeat":"repeat","background-position":"center center","background-size":"auto","background-attachment":"scroll","background-type":"","background-media":"","overlay-type":"","overlay-color":"","overlay-opacity":"","overlay-gradient":""}},"ast-content-background-meta":{"desktop":{"background-color":"var(--ast-global-color-5)","background-image":"","background-repeat":"repeat","background-position":"center center","background-size":"auto","background-attachment":"scroll","background-type":"","background-media":"","overlay-type":"","overlay-color":"","overlay-opacity":"","overlay-gradient":""},"tablet":{"background-color":"var(--ast-global-color-5)","background-image":"","background-repeat":"repeat","background-position":"center center","background-size":"auto","background-attachment":"scroll","background-type":"","background-media":"","overlay-type":"","overlay-color":"","overlay-opacity":"","overlay-gradient":""},"mobile":{"background-color":"var(--ast-global-color-5)","background-image":"","background-repeat":"repeat","background-position":"center center","background-size":"auto","background-attachment":"scroll","background-type":"","background-media":"","overlay-type":"","overlay-color":"","overlay-opacity":"","overlay-gradient":""}},"footnotes":""},"class_list":["post-665","page","type-page","status-publish","hentry"],"post_mailing_queue_ids":[],"_links":{"self":[{"href":"https:\/\/agora.xtec.cat\/escolabadalonaport\/wp-json\/wp\/v2\/pages\/665","targetHints":{"allow":["GET"]}}],"collection":[{"href":"https:\/\/agora.xtec.cat\/escolabadalonaport\/wp-json\/wp\/v2\/pages"}],"about":[{"href":"https:\/\/agora.xtec.cat\/escolabadalonaport\/wp-json\/wp\/v2\/types\/page"}],"author":[{"embeddable":true,"href":"https:\/\/agora.xtec.cat\/escolabadalonaport\/wp-json\/wp\/v2\/users\/1"}],"replies":[{"embeddable":true,"href":"https:\/\/agora.xtec.cat\/escolabadalonaport\/wp-json\/wp\/v2\/comments?post=665"}],"version-history":[{"count":3,"href":"https:\/\/agora.xtec.cat\/escolabadalonaport\/wp-json\/wp\/v2\/pages\/665\/revisions"}],"predecessor-version":[{"id":8197,"href":"https:\/\/agora.xtec.cat\/escolabadalonaport\/wp-json\/wp\/v2\/pages\/665\/revisions\/8197"}],"up":[{"embeddable":true,"href":"https:\/\/agora.xtec.cat\/escolabadalonaport\/wp-json\/wp\/v2\/pages\/64"}],"wp:attachment":[{"href":"https:\/\/agora.xtec.cat\/escolabadalonaport\/wp-json\/wp\/v2\/media?parent=665"}],"curies":[{"name":"wp","href":"https:\/\/api.w.org\/{rel}","templated":true}]}}