{"id":663,"date":"2018-02-19T20:04:04","date_gmt":"2018-02-19T19:04:04","guid":{"rendered":"http:\/\/agora.xtec.cat\/escolabadalonaport\/?page_id=663"},"modified":"2024-07-11T12:40:54","modified_gmt":"2024-07-11T10:40:54","slug":"setmana-cultural","status":"publish","type":"page","link":"https:\/\/agora.xtec.cat\/escolabadalonaport\/projecte-educatiu\/setmana-cultural\/","title":{"rendered":"Setmana Cultural"},"content":{"rendered":"<p>En l\u2019\u00faltim trimestre l\u2019escola treballa la Setmana cultural, cada any ens endinsem en una cultura diferent i aprenem sobre els seus costums, aliments, can\u00e7ons, tradicions&#8230;<\/p>\n<p>Oferim als alumnes diversitat d\u2019activitats: dossier elaborat, tallers, decoraci\u00f3, activitats comunes per a tota l\u2019escola .<\/p>\n<p>Es pret\u00e9n a m\u00e9s d\u2019aprofundir en la cultura escollida, la flexibilitat d\u2019agrupaments, l\u2019intercanvi d\u2019opinions i informacions, el treball de reflexi\u00f3, d\u2019arribar a conclusions\u2026 en definitiva treballar de forma molt significativa i funcional per aconseguir la assimilaci\u00f3 dels continguts de forma l\u00fadica i atractiva.<\/p>\n<p>La realitzaci\u00f3 d\u2019aquestes Setmanes Culturals ens d\u00f3na la possibilitat, m\u00e9s que mai, de treballar el curr\u00edculum de manera interrelacionada.<\/p>\n<p>Hem treballat la Xina, El Marroc , la \u00cdndia, Sud-Am\u00e8rica, \u00c0frica,\u00a0 Fran\u00e7a, It\u00e0lia, Pa\u00efsos de l&#8217;Est,&#8230;<\/p>\n<p><a href=\"https:\/\/agora.xtec.cat\/escolabadalonaport\/wp-content\/uploads\/usu1791\/2020\/11\/PROJECTE-DART.jpg\"><img loading=\"lazy\" decoding=\"async\" class=\"alignnone wp-image-8194\" src=\"https:\/\/agora.xtec.cat\/escolabadalonaport\/wp-content\/uploads\/usu1791\/2020\/11\/PROJECTE-DART-300x225.jpg\" alt=\"\" width=\"752\" height=\"564\" srcset=\"https:\/\/agora.xtec.cat\/escolabadalonaport\/wp-content\/uploads\/usu1791\/2020\/11\/PROJECTE-DART-300x225.jpg 300w, https:\/\/agora.xtec.cat\/escolabadalonaport\/wp-content\/uploads\/usu1791\/2020\/11\/PROJECTE-DART-768x576.jpg 768w, https:\/\/agora.xtec.cat\/escolabadalonaport\/wp-content\/uploads\/usu1791\/2020\/11\/PROJECTE-DART-1024x768.jpg 1024w, https:\/\/agora.xtec.cat\/escolabadalonaport\/wp-content\/uploads\/usu1791\/2020\/11\/PROJECTE-DART-200x150.jpg 200w, https:\/\/agora.xtec.cat\/escolabadalonaport\/wp-content\/uploads\/usu1791\/2020\/11\/PROJECTE-DART.jpg 2016w\" sizes=\"auto, (max-width: 752px) 100vw, 752px\" \/><\/a><a href=\"https:\/\/agora.xtec.cat\/escolabadalonaport\/wp-content\/uploads\/usu1791\/2020\/11\/DIA-VERD.jpg\"> \u00a0\u00a0\u00a0\u00a0 <\/a><a href=\"https:\/\/agora.xtec.cat\/escolabadalonaport\/wp-content\/uploads\/usu1791\/2020\/12\/Italia.jpg\"><img loading=\"lazy\" decoding=\"async\" class=\"wp-image-8199 alignright\" src=\"https:\/\/agora.xtec.cat\/escolabadalonaport\/wp-content\/uploads\/usu1791\/2020\/12\/Italia-169x300.jpg\" alt=\"\" width=\"336\" height=\"596\" srcset=\"https:\/\/agora.xtec.cat\/escolabadalonaport\/wp-content\/uploads\/usu1791\/2020\/12\/Italia-169x300.jpg 169w, https:\/\/agora.xtec.cat\/escolabadalonaport\/wp-content\/uploads\/usu1791\/2020\/12\/Italia-768x1365.jpg 768w, https:\/\/agora.xtec.cat\/escolabadalonaport\/wp-content\/uploads\/usu1791\/2020\/12\/Italia-576x1024.jpg 576w\" sizes=\"auto, (max-width: 336px) 100vw, 336px\" \/><\/a><\/p>\n","protected":false},"excerpt":{"rendered":"<p>En l\u2019\u00faltim trimestre l\u2019escola treballa la Setmana cultural, cada any ens endinsem en una cultura diferent i aprenem sobre els seus costums, aliments, can\u00e7ons, tradicions&#8230; Oferim als alumnes diversitat d\u2019activitats: dossier elaborat, tallers, decoraci\u00f3, activitats comunes per a tota l\u2019escola . Es pret\u00e9n a m\u00e9s d\u2019aprofundir en la cultura escollida, la flexibilitat d\u2019agrupaments, l\u2019intercanvi d\u2019opinions [&hellip;]<\/p>\n","protected":false},"author":1,"featured_media":0,"parent":64,"menu_order":0,"comment_status":"closed","ping_status":"closed","template":"page-templates\/side-menu.php","meta":{"_bbp_topic_count":0,"_bbp_reply_count":0,"_bbp_total_topic_count":0,"_bbp_total_reply_count":0,"_bbp_voice_count":0,"_bbp_anonymous_reply_count":0,"_bbp_topic_count_hidden":0,"_bbp_reply_count_hidden":0,"_bbp_forum_subforum_count":0,"site-sidebar-layout":"default","site-content-layout":"","ast-site-content-layout":"","site-content-style":"default","site-sidebar-style":"default","ast-global-header-display":"","ast-banner-title-visibility":"","ast-main-header-display":"","ast-hfb-above-header-display":"","ast-hfb-below-header-display":"","ast-hfb-mobile-header-display":"","site-post-title":"","ast-breadcrumbs-content":"","ast-featured-img":"","footer-sml-layout":"","theme-transparent-header-meta":"","adv-header-id-meta":"","stick-header-meta":"","header-above-stick-meta":"","header-main-stick-meta":"","header-below-stick-meta":"","astra-migrate-meta-layouts":"default","ast-page-background-enabled":"default","ast-page-background-meta":{"desktop":{"background-color":"var(--ast-global-color-4)","background-image":"","background-repeat":"repeat","background-position":"center center","background-size":"auto","background-attachment":"scroll","background-type":"","background-media":"","overlay-type":"","overlay-color":"","overlay-opacity":"","overlay-gradient":""},"tablet":{"background-color":"","background-image":"","background-repeat":"repeat","background-position":"center center","background-size":"auto","background-attachment":"scroll","background-type":"","background-media":"","overlay-type":"","overlay-color":"","overlay-opacity":"","overlay-gradient":""},"mobile":{"background-color":"","background-image":"","background-repeat":"repeat","background-position":"center center","background-size":"auto","background-attachment":"scroll","background-type":"","background-media":"","overlay-type":"","overlay-color":"","overlay-opacity":"","overlay-gradient":""}},"ast-content-background-meta":{"desktop":{"background-color":"var(--ast-global-color-5)","background-image":"","background-repeat":"repeat","background-position":"center center","background-size":"auto","background-attachment":"scroll","background-type":"","background-media":"","overlay-type":"","overlay-color":"","overlay-opacity":"","overlay-gradient":""},"tablet":{"background-color":"var(--ast-global-color-5)","background-image":"","background-repeat":"repeat","background-position":"center center","background-size":"auto","background-attachment":"scroll","background-type":"","background-media":"","overlay-type":"","overlay-color":"","overlay-opacity":"","overlay-gradient":""},"mobile":{"background-color":"var(--ast-global-color-5)","background-image":"","background-repeat":"repeat","background-position":"center center","background-size":"auto","background-attachment":"scroll","background-type":"","background-media":"","overlay-type":"","overlay-color":"","overlay-opacity":"","overlay-gradient":""}},"footnotes":""},"class_list":["post-663","page","type-page","status-publish","hentry"],"post_mailing_queue_ids":[],"_links":{"self":[{"href":"https:\/\/agora.xtec.cat\/escolabadalonaport\/wp-json\/wp\/v2\/pages\/663","targetHints":{"allow":["GET"]}}],"collection":[{"href":"https:\/\/agora.xtec.cat\/escolabadalonaport\/wp-json\/wp\/v2\/pages"}],"about":[{"href":"https:\/\/agora.xtec.cat\/escolabadalonaport\/wp-json\/wp\/v2\/types\/page"}],"author":[{"embeddable":true,"href":"https:\/\/agora.xtec.cat\/escolabadalonaport\/wp-json\/wp\/v2\/users\/1"}],"replies":[{"embeddable":true,"href":"https:\/\/agora.xtec.cat\/escolabadalonaport\/wp-json\/wp\/v2\/comments?post=663"}],"version-history":[{"count":4,"href":"https:\/\/agora.xtec.cat\/escolabadalonaport\/wp-json\/wp\/v2\/pages\/663\/revisions"}],"predecessor-version":[{"id":12682,"href":"https:\/\/agora.xtec.cat\/escolabadalonaport\/wp-json\/wp\/v2\/pages\/663\/revisions\/12682"}],"up":[{"embeddable":true,"href":"https:\/\/agora.xtec.cat\/escolabadalonaport\/wp-json\/wp\/v2\/pages\/64"}],"wp:attachment":[{"href":"https:\/\/agora.xtec.cat\/escolabadalonaport\/wp-json\/wp\/v2\/media?parent=663"}],"curies":[{"name":"wp","href":"https:\/\/api.w.org\/{rel}","templated":true}]}}