{"id":64,"date":"2014-09-18T12:39:08","date_gmt":"2014-09-18T11:39:08","guid":{"rendered":"http:\/\/agora.xtec.cat\/escolabadalonaport\/?page_id=64"},"modified":"2025-06-27T12:42:07","modified_gmt":"2025-06-27T10:42:07","slug":"projecte-educatiu","status":"publish","type":"page","link":"https:\/\/agora.xtec.cat\/escolabadalonaport\/projecte-educatiu\/","title":{"rendered":"Projecte Educatiu"},"content":{"rendered":"<p>&#8211; Fomentem l&#8217;educaci\u00f3 en els valors tant intel\u00b7lectuals com socials:<\/p>\n<ul style=\"list-style-type: square;\">\n<li>d\u2019igualtat de drets i d\u2019oportunitats.<\/li>\n<li>de solidaritat<\/li>\n<li>de diversitat cultural<\/li>\n<li>de coeducaci\u00f3 no sexista<\/li>\n<li>de sostenibilitat democr\u00e0tica<\/li>\n<li>de toler\u00e0ncia, pau i la no viol\u00e8ncia<\/li>\n<\/ul>\n<p>&#8211; Fomentem l\u2019autonomia personal perqu\u00e8 els nens i les nenes desenvolupin les seves potencialitats de manera personal.<\/p>\n<p>&#8211; Propiciem\u00a0 l\u2019arrelament de l\u2019alumnat en el nostre pa\u00eds a trav\u00e9s del coneixement de la llengua, les tradicions i la cultura catalana.<\/p>\n<p>&#8211; Desvetllem el gust per la creativitat art\u00edstica, musical i pl\u00e0stica.<\/p>\n<p>&#8211; Valorem el gust per l\u2019est\u00e8tica tant en l\u2019aspecte personal i de treballs com en els espais de l\u2019escola.<\/p>\n<p>&#8211; Facilitem eines, recursos i estrat\u00e8gies que fomentin la qualitat de l\u2019educaci\u00f3 i despertin la curiositat intel\u00b7lectual i augmentin la capacitat d\u2019observaci\u00f3.<\/p>\n<p>&#8211; Potenciem les estrat\u00e8gies de raonament.<\/p>\n<p>&#8211; Potenciem la cohesi\u00f3 del grup-classe i el coneixement, respecte i integraci\u00f3 entre els seus components.<\/p>\n<p>&#8211; Ens considerem escola aconfessional.<\/p>\n<p>&#8211; Potenciem la participaci\u00f3 en tots els \u00e0mbits de la comunitat escolar.<\/p>\n","protected":false},"excerpt":{"rendered":"<p>&#8211; Fomentem l&#8217;educaci\u00f3 en els valors tant intel\u00b7lectuals com socials: d\u2019igualtat de drets i d\u2019oportunitats. de solidaritat de diversitat cultural de coeducaci\u00f3 no sexista de sostenibilitat democr\u00e0tica de toler\u00e0ncia, pau i la no viol\u00e8ncia &#8211; Fomentem l\u2019autonomia personal perqu\u00e8 els nens i les nenes desenvolupin les seves potencialitats de manera personal. &#8211; Propiciem\u00a0 l\u2019arrelament de [&hellip;]<\/p>\n","protected":false},"author":1,"featured_media":0,"parent":0,"menu_order":1,"comment_status":"closed","ping_status":"closed","template":"","meta":{"_bbp_topic_count":0,"_bbp_reply_count":0,"_bbp_total_topic_count":0,"_bbp_total_reply_count":0,"_bbp_voice_count":0,"_bbp_anonymous_reply_count":0,"_bbp_topic_count_hidden":0,"_bbp_reply_count_hidden":0,"_bbp_forum_subforum_count":0,"site-sidebar-layout":"default","site-content-layout":"","ast-site-content-layout":"default","site-content-style":"default","site-sidebar-style":"default","ast-global-header-display":"","ast-banner-title-visibility":"","ast-main-header-display":"","ast-hfb-above-header-display":"","ast-hfb-below-header-display":"","ast-hfb-mobile-header-display":"","site-post-title":"","ast-breadcrumbs-content":"","ast-featured-img":"","footer-sml-layout":"","theme-transparent-header-meta":"default","adv-header-id-meta":"","stick-header-meta":"","header-above-stick-meta":"","header-main-stick-meta":"","header-below-stick-meta":"","astra-migrate-meta-layouts":"set","ast-page-background-enabled":"default","ast-page-background-meta":{"desktop":{"background-color":"var(--ast-global-color-4)","background-image":"","background-repeat":"repeat","background-position":"center center","background-size":"auto","background-attachment":"scroll","background-type":"","background-media":"","overlay-type":"","overlay-color":"","overlay-opacity":"","overlay-gradient":""},"tablet":{"background-color":"","background-image":"","background-repeat":"repeat","background-position":"center center","background-size":"auto","background-attachment":"scroll","background-type":"","background-media":"","overlay-type":"","overlay-color":"","overlay-opacity":"","overlay-gradient":""},"mobile":{"background-color":"","background-image":"","background-repeat":"repeat","background-position":"center center","background-size":"auto","background-attachment":"scroll","background-type":"","background-media":"","overlay-type":"","overlay-color":"","overlay-opacity":"","overlay-gradient":""}},"ast-content-background-meta":{"desktop":{"background-color":"var(--ast-global-color-5)","background-image":"","background-repeat":"repeat","background-position":"center center","background-size":"auto","background-attachment":"scroll","background-type":"","background-media":"","overlay-type":"","overlay-color":"","overlay-opacity":"","overlay-gradient":""},"tablet":{"background-color":"var(--ast-global-color-5)","background-image":"","background-repeat":"repeat","background-position":"center center","background-size":"auto","background-attachment":"scroll","background-type":"","background-media":"","overlay-type":"","overlay-color":"","overlay-opacity":"","overlay-gradient":""},"mobile":{"background-color":"var(--ast-global-color-5)","background-image":"","background-repeat":"repeat","background-position":"center center","background-size":"auto","background-attachment":"scroll","background-type":"","background-media":"","overlay-type":"","overlay-color":"","overlay-opacity":"","overlay-gradient":""}},"footnotes":""},"class_list":["post-64","page","type-page","status-publish","hentry"],"post_mailing_queue_ids":[],"_links":{"self":[{"href":"https:\/\/agora.xtec.cat\/escolabadalonaport\/wp-json\/wp\/v2\/pages\/64","targetHints":{"allow":["GET"]}}],"collection":[{"href":"https:\/\/agora.xtec.cat\/escolabadalonaport\/wp-json\/wp\/v2\/pages"}],"about":[{"href":"https:\/\/agora.xtec.cat\/escolabadalonaport\/wp-json\/wp\/v2\/types\/page"}],"author":[{"embeddable":true,"href":"https:\/\/agora.xtec.cat\/escolabadalonaport\/wp-json\/wp\/v2\/users\/1"}],"replies":[{"embeddable":true,"href":"https:\/\/agora.xtec.cat\/escolabadalonaport\/wp-json\/wp\/v2\/comments?post=64"}],"version-history":[{"count":5,"href":"https:\/\/agora.xtec.cat\/escolabadalonaport\/wp-json\/wp\/v2\/pages\/64\/revisions"}],"predecessor-version":[{"id":13093,"href":"https:\/\/agora.xtec.cat\/escolabadalonaport\/wp-json\/wp\/v2\/pages\/64\/revisions\/13093"}],"wp:attachment":[{"href":"https:\/\/agora.xtec.cat\/escolabadalonaport\/wp-json\/wp\/v2\/media?parent=64"}],"curies":[{"name":"wp","href":"https:\/\/api.w.org\/{rel}","templated":true}]}}