{"id":609,"date":"2018-02-17T18:43:06","date_gmt":"2018-02-17T17:43:06","guid":{"rendered":"http:\/\/agora.xtec.cat\/escolabadalonaport\/?page_id=609"},"modified":"2022-02-11T14:18:18","modified_gmt":"2022-02-11T13:18:18","slug":"racons-a-llengua","status":"publish","type":"page","link":"https:\/\/agora.xtec.cat\/escolabadalonaport\/projecte-educatiu\/racons-a-llengua\/","title":{"rendered":"Racons a les lleng\u00fces i matem\u00e0tiques"},"content":{"rendered":"<p>Els racons ens permeten organitzar l&#8217;aula en petits grups, cadascun dels quals realitza una tasca determinada i diferent. Poden ser de treball o de joc.<br \/>\nSegons el tipus d&#8217;activitat alguns racons necessiten ser dirigits pel mestre\/a. En d&#8217;altres els nens\/es poden funcionar amb for\u00e7a autonomia.<br \/>\nOrganitzats en grups redu\u00efts, els nens i nenes aprenen a treballar en equip, a col\u00b7laborar i a compartir coneixements. Els racons tamb\u00e9 potencien la seva iniciativa i el sentit de la responsabilitat.<br \/>\nEls\/les mestres portem un control de manera que cada nen\/a vagi passant al llarg d&#8217;un per\u00edode de temps (setmana, quinzena,&#8230;) per tots els diferents racons de treball. Va b\u00e9 que hi hagi m\u00e9s d&#8217;un mestre a l&#8217;aula de manera que cadasc\u00fa s&#8217;encarregui d&#8217;uns racons concrets.<\/p>\n<p>Treballar per racons ens permet dedicar una atenci\u00f3 m\u00e9s individualitzada a cada nen\/a, planificant activitats d&#8217;aprenentatge adaptades als seus coneixements previs.<\/p>\n<p><a href=\"https:\/\/agora.xtec.cat\/escolabadalonaport\/wp-content\/uploads\/usu1791\/2020\/11\/Llengua-a-CS.jpg\"><img loading=\"lazy\" decoding=\"async\" class=\"alignnone wp-image-8191\" src=\"https:\/\/agora.xtec.cat\/escolabadalonaport\/wp-content\/uploads\/usu1791\/2020\/11\/Llengua-a-CS-300x225.jpg\" alt=\"\" width=\"647\" height=\"485\" srcset=\"https:\/\/agora.xtec.cat\/escolabadalonaport\/wp-content\/uploads\/usu1791\/2020\/11\/Llengua-a-CS-300x225.jpg 300w, https:\/\/agora.xtec.cat\/escolabadalonaport\/wp-content\/uploads\/usu1791\/2020\/11\/Llengua-a-CS-200x150.jpg 200w, https:\/\/agora.xtec.cat\/escolabadalonaport\/wp-content\/uploads\/usu1791\/2020\/11\/Llengua-a-CS.jpg 640w\" sizes=\"auto, (max-width: 647px) 100vw, 647px\" \/><\/a> <a href=\"https:\/\/agora.xtec.cat\/escolabadalonaport\/wp-content\/uploads\/usu1791\/2020\/11\/Racon-Llengua.jpg\"><img loading=\"lazy\" decoding=\"async\" class=\"alignnone wp-image-8192\" src=\"https:\/\/agora.xtec.cat\/escolabadalonaport\/wp-content\/uploads\/usu1791\/2020\/11\/Racon-Llengua-169x300.jpg\" alt=\"\" width=\"271\" height=\"481\" srcset=\"https:\/\/agora.xtec.cat\/escolabadalonaport\/wp-content\/uploads\/usu1791\/2020\/11\/Racon-Llengua-169x300.jpg 169w, https:\/\/agora.xtec.cat\/escolabadalonaport\/wp-content\/uploads\/usu1791\/2020\/11\/Racon-Llengua-768x1365.jpg 768w, https:\/\/agora.xtec.cat\/escolabadalonaport\/wp-content\/uploads\/usu1791\/2020\/11\/Racon-Llengua-576x1024.jpg 576w\" sizes=\"auto, (max-width: 271px) 100vw, 271px\" \/><\/a><\/p>\n","protected":false},"excerpt":{"rendered":"<p>Els racons ens permeten organitzar l&#8217;aula en petits grups, cadascun dels quals realitza una tasca determinada i diferent. Poden ser de treball o de joc. Segons el tipus d&#8217;activitat alguns racons necessiten ser dirigits pel mestre\/a. En d&#8217;altres els nens\/es poden funcionar amb for\u00e7a autonomia. Organitzats en grups redu\u00efts, els nens i nenes aprenen a [&hellip;]<\/p>\n","protected":false},"author":1,"featured_media":0,"parent":64,"menu_order":0,"comment_status":"closed","ping_status":"closed","template":"page-templates\/side-menu.php","meta":{"_bbp_topic_count":0,"_bbp_reply_count":0,"_bbp_total_topic_count":0,"_bbp_total_reply_count":0,"_bbp_voice_count":0,"_bbp_anonymous_reply_count":0,"_bbp_topic_count_hidden":0,"_bbp_reply_count_hidden":0,"_bbp_forum_subforum_count":0,"site-sidebar-layout":"default","site-content-layout":"","ast-site-content-layout":"","site-content-style":"default","site-sidebar-style":"default","ast-global-header-display":"","ast-banner-title-visibility":"","ast-main-header-display":"","ast-hfb-above-header-display":"","ast-hfb-below-header-display":"","ast-hfb-mobile-header-display":"","site-post-title":"","ast-breadcrumbs-content":"","ast-featured-img":"","footer-sml-layout":"","theme-transparent-header-meta":"","adv-header-id-meta":"","stick-header-meta":"","header-above-stick-meta":"","header-main-stick-meta":"","header-below-stick-meta":"","astra-migrate-meta-layouts":"default","ast-page-background-enabled":"default","ast-page-background-meta":{"desktop":{"background-color":"var(--ast-global-color-4)","background-image":"","background-repeat":"repeat","background-position":"center center","background-size":"auto","background-attachment":"scroll","background-type":"","background-media":"","overlay-type":"","overlay-color":"","overlay-opacity":"","overlay-gradient":""},"tablet":{"background-color":"","background-image":"","background-repeat":"repeat","background-position":"center center","background-size":"auto","background-attachment":"scroll","background-type":"","background-media":"","overlay-type":"","overlay-color":"","overlay-opacity":"","overlay-gradient":""},"mobile":{"background-color":"","background-image":"","background-repeat":"repeat","background-position":"center center","background-size":"auto","background-attachment":"scroll","background-type":"","background-media":"","overlay-type":"","overlay-color":"","overlay-opacity":"","overlay-gradient":""}},"ast-content-background-meta":{"desktop":{"background-color":"var(--ast-global-color-5)","background-image":"","background-repeat":"repeat","background-position":"center center","background-size":"auto","background-attachment":"scroll","background-type":"","background-media":"","overlay-type":"","overlay-color":"","overlay-opacity":"","overlay-gradient":""},"tablet":{"background-color":"var(--ast-global-color-5)","background-image":"","background-repeat":"repeat","background-position":"center center","background-size":"auto","background-attachment":"scroll","background-type":"","background-media":"","overlay-type":"","overlay-color":"","overlay-opacity":"","overlay-gradient":""},"mobile":{"background-color":"var(--ast-global-color-5)","background-image":"","background-repeat":"repeat","background-position":"center center","background-size":"auto","background-attachment":"scroll","background-type":"","background-media":"","overlay-type":"","overlay-color":"","overlay-opacity":"","overlay-gradient":""}},"footnotes":""},"class_list":["post-609","page","type-page","status-publish","hentry"],"post_mailing_queue_ids":[],"_links":{"self":[{"href":"https:\/\/agora.xtec.cat\/escolabadalonaport\/wp-json\/wp\/v2\/pages\/609","targetHints":{"allow":["GET"]}}],"collection":[{"href":"https:\/\/agora.xtec.cat\/escolabadalonaport\/wp-json\/wp\/v2\/pages"}],"about":[{"href":"https:\/\/agora.xtec.cat\/escolabadalonaport\/wp-json\/wp\/v2\/types\/page"}],"author":[{"embeddable":true,"href":"https:\/\/agora.xtec.cat\/escolabadalonaport\/wp-json\/wp\/v2\/users\/1"}],"replies":[{"embeddable":true,"href":"https:\/\/agora.xtec.cat\/escolabadalonaport\/wp-json\/wp\/v2\/comments?post=609"}],"version-history":[{"count":3,"href":"https:\/\/agora.xtec.cat\/escolabadalonaport\/wp-json\/wp\/v2\/pages\/609\/revisions"}],"predecessor-version":[{"id":10550,"href":"https:\/\/agora.xtec.cat\/escolabadalonaport\/wp-json\/wp\/v2\/pages\/609\/revisions\/10550"}],"up":[{"embeddable":true,"href":"https:\/\/agora.xtec.cat\/escolabadalonaport\/wp-json\/wp\/v2\/pages\/64"}],"wp:attachment":[{"href":"https:\/\/agora.xtec.cat\/escolabadalonaport\/wp-json\/wp\/v2\/media?parent=609"}],"curies":[{"name":"wp","href":"https:\/\/api.w.org\/{rel}","templated":true}]}}