{"id":28,"date":"2014-09-18T12:29:35","date_gmt":"2014-09-18T11:29:35","guid":{"rendered":"http:\/\/agora.xtec.cat\/escolabadalonaport\/?page_id=28"},"modified":"2023-06-29T18:45:45","modified_gmt":"2023-06-29T16:45:45","slug":"consell-escolar","status":"publish","type":"page","link":"https:\/\/agora.xtec.cat\/escolabadalonaport\/lescola\/consell-escolar\/","title":{"rendered":"Consell Escolar"},"content":{"rendered":"<p>Les mares i els pares dels alumnes matriculats en un centre educatiu, per mitj\u00e0 dels representants escollits en les eleccions, formen part del consell escolar del centre.<\/p>\n<p><strong>Qu\u00e8 \u00e9s el consell escolar?<\/strong><br \/>\nEl consell escolar \u00e9s l&#8217;\u00f2rgan de participaci\u00f3 dels diferents sectors de la comunitat educativa en el govern dels centres.<\/p>\n<p><a href=\"http:\/\/portaljuridic.gencat.cat\/ca\/pjur_ocults\/pjur_resultats_fitxa\/?action=fitxa&amp;documentId=480169&amp;language=ca_ES&amp;searchId=5050627&amp;mode=single#fragment-1182808\">Llei 12\/2009 d&#8217;educaci\u00f3 \u00a0(Article 148 i article 152)<\/a><br \/>\n<a href=\"http:\/\/portaljuridic.gencat.cat\/ca\/pjur_ocults\/pjur_resultats_fitxa\/?action=fitxa&amp;mode=single&amp;documentId=545262&amp;language=ca_ES#fragment-1397942\">Decret 102\/2010 \u00a0(Article 27.1)<\/a><\/p>\n<p><strong>Qui forma el consell escolar?<\/strong><br \/>\nEl formen els representants de tota la comunitat educativa, \u00e9s a dir, direcci\u00f3, professors, alumnes, fam\u00edlies, personal d&#8217;administraci\u00f3 i serveis, representant de l&#8217;administraci\u00f3 local i altres persones que el mateix consell consideri necess\u00e0ries.<\/p>\n<p>Depenent de si el centre \u00e9s p\u00fablic o privat concertat, la composici\u00f3 del consell escolar tamb\u00e9 pot variar.<\/p>\n<p>El consell escolar de cada centre ha de designar un dels membres com a responsable per impulsar les mesures educatives de foment de la igualtat real i efectiva entre homes i dones.<\/p>\n<p><a href=\"http:\/\/ensenyament.gencat.cat\/ca\/arees-actuacio\/centres-serveis-educatius\/centres\/consells-escolars-centres\/centres-publics\/\">Centres p\u00fablics \u00a0<\/a><\/p>\n<p><strong>Quina \u00e9s la funci\u00f3 del consell escolar als centres p\u00fablics?<\/strong><br \/>\nLa funci\u00f3 principal del consell escolar \u00e9s participar en la presa de decisions en relaci\u00f3 amb aquells temes importants per al funcionament i l&#8217;organitzaci\u00f3 del centre: el projecte educatiu, la programaci\u00f3 general, la gesti\u00f3 econ\u00f2mica, la resoluci\u00f3 dels conflictes, les activitats extraescolars, l&#8217;horari lectiu, etc.<\/p>\n<p><a href=\"http:\/\/ensenyament.gencat.cat\/ca\/arees-actuacio\/centres-serveis-educatius\/centres\/consells-escolars-centres\/centres-publics\/\">Funcions del consell escolar dels centres p\u00fablics.<\/a><\/p>\n<p>Cada quan es convoquen eleccions?<br \/>\nEls representants del consell escolar s\u00f3n escollits per un per\u00edode de quatre anys, per\u00f2 cada dos anys es convoquen eleccions per renovar la meitat dels seus membres.<\/p>\n<p>Les eleccions per a la renovaci\u00f3 del consell escolar les convoca el director del centre p\u00fablic o la persona titular del centre privat concertat.<\/p>\n<p>Les vacants del consell escolar s&#8217;ocupen segons els resultats de les eleccions. Si un membre deixa el consell, passar\u00e0 a ocupar el seu lloc la seg\u00fcent candidatura m\u00e9s votada en les darreres eleccions. Si no hi ha m\u00e9s candidats per cobrir la pla\u00e7a, queda vacant fins a la propera renovaci\u00f3 del consell escolar.<\/p>\n<p><a href=\"http:\/\/portaljuridic.gencat.cat\/ca\/pjur_ocults\/pjur_resultats_fitxa\/?action=fitxa&amp;documentId=545262&amp;language=ca_ES&amp;textWords=DECRET%2520102%2F2010%2C%2520de%25203%2520d%27agost%2C%2520d%27autonomia%2520dels%2520centres%2520educatius&amp;mode=single#fragment-1397942\">Decret 102\/2010, de 3 d&#8217;agost \u00a0(Article 17 i 28)<\/a><\/p>\n<p>Com podeu participar en les eleccions del consell escolar?<br \/>\nEn les eleccions, les fam\u00edlies hi podeu participar de dues maneres diferents:<\/p>\n<p>Presentant-vos com a candidats per representar els pares i mares al consell escolar.<br \/>\nParticipant el dia que el centre convoqui les eleccions votant els candidats que considereu m\u00e9s representatius.<\/p>\n<p><a href=\"http:\/\/portaljuridic.gencat.cat\/ca\/pjur_ocults\/pjur_resultats_fitxa\/?action=fitxa&amp;documentId=545262&amp;language=ca_ES&amp;textWords=DECRET%2520102%2F2010%2C%2520de%25203%2520d%27agost%2C%2520d%27autonomia%2520dels%2520centres%2520educatius&amp;mode=single#fragment-1397942\">Decret 102\/2010, de 3 d&#8217;agost \u00a0(Article 17 i 28)<\/a><\/p>\n<p><strong>Per qu\u00e8 \u00e9s important que les fam\u00edlies participeu en el consell escolar?<\/strong><br \/>\nEls professionals dels centres i les fam\u00edlies compartim un objectiu:\u00a0l&#8217;\u00e8xit social i personal dels fills. Les decisions que es prenen al consell escolar s\u00f3n claus\u00a0per al funcionament i la millora del centre i, per tant, tamb\u00e9 per a l&#8217;\u00e8xit educatiu de tots els alumnes. \u00c9s per aquest motiu que la participaci\u00f3 i implicaci\u00f3 dels pares en les eleccions al consell escolar \u00e9s tan important.<\/p>\n<p>Quan les fam\u00edlies participeu en les eleccions, doneu suport al vostre candidat i delegueu en la seva veu i representaci\u00f3. Aix\u00ed feu arribar les seves opinions i aportacions. \u00c9s important que participeu en les eleccions al consell escolar perqu\u00e8:<\/p>\n<p>Sou els responsables de la formaci\u00f3 dels vostres fills i \u00e9s important tenir uns bons representants al consell escolar que us informin i facin arribar la vostra veu.<br \/>\nLes fam\u00edlies i els docents compartim un mateix objectiu. Per aix\u00f2 hem de ser capa\u00e7os de decidir, entre tots, a qu\u00e8 ens comprometem per aconseguir-ho.<br \/>\nLes fam\u00edlies teniu el dret de participar de manera democr\u00e0tica en l\u2019organitzaci\u00f3 del centre. Aquesta \u00e9s una manera de valorar l&#8217;escola i tamb\u00e9 contribu\u00efu que el vostre fill la valori.<br \/>\nL&#8217;\u00e8xit educatiu del vostre fill tamb\u00e9 dep\u00e8n del funcionament i el clima de centre. Implicar-vos en el seguiment i l&#8217;avaluaci\u00f3 d&#8217;aquest funcionament incideix en el desenvolupament i creixement personal dels vostres fills.<br \/>\n\u00c9s la manera de fer arribar la vostra veu en temes que us poden preocupar, com activitats extraescolars o quina \u00e9s l&#8217;alimentaci\u00f3 que han de rebre en el menjador escolar.<br \/>\n\u00c9s important tenir una escola oberta a l&#8217;entorn, que col\u00b7labori amb els altres centres i les diferents entitats i que entre tots pugueu fer del vostre municipi, barri o poble un entorn m\u00e9s educatiu i cohesionat. El consell escolar decideix quines han de ser aquestes relacions.<\/p>\n<p><strong>Qu\u00e8 poden fer les AFA per millorar la participaci\u00f3 de les fam\u00edlies en les eleccions de representants als consells escolars?<\/strong><br \/>\nPerqu\u00e8 les fam\u00edlies participin en la renovaci\u00f3 dels seus representants al consell escolar cal que les AFA:<\/p>\n<p>informin les fam\u00edlies de les funcions del consell escolar i de com els afecten les decisions que s\u2019hi prenen;<br \/>\ntransmetin el valor afegit que suposa que les fam\u00edlies estiguin representades;<br \/>\ndifonguin les dates del proc\u00e9s electoral.<\/p>\n<p><strong>Com poden contribuir les AFA a fer arribar la informaci\u00f3 a les fam\u00edlies?<\/strong><br \/>\nEn primer lloc \u00e9s important planificar la difusi\u00f3 del proc\u00e9s electoral i buscar maneres creatives per a la comunicaci\u00f3. En aquest sentit, la direcci\u00f3 del centre i l&#8217;AFA poden programar accions i campanyes conjuntes fent servir diversos mitjans o canals d\u2019informaci\u00f3 del centre:<\/p>\n<p>Correu electr\u00f2nic, web o blog del centre, xarxes socials, etc.<br \/>\nCartells informatius en llocs visibles i estrat\u00e8gics del centre educatiu.<br \/>\nEntrevistes als representants de fam\u00edlies i AFA al consell escolar, als candidats del sector fam\u00edlies.<br \/>\nReunions informatives convocades per l&#8217;AFA.<br \/>\nEls mateixos alumnes poden informar les seves fam\u00edlies sobre el proc\u00e9s electoral i de la import\u00e0ncia que hi participin.<br \/>\nEls pares i mares delegats de classe \u00a0poden animar les fam\u00edlies del grup a presentar-se com a candidats.<\/p>\n<p><strong>Qu\u00e8 vol dir ser representant dels pares i mares al consell escolar?<\/strong><br \/>\nLes mares i pares representants al consell opinen, aproven, avaluen i elaboren propostes per a la millora del funcionament del centre educatiu.<\/p>\n<p>La seva participaci\u00f3 en el consell escolar vol dir, tamb\u00e9, fer una tasca de representaci\u00f3. Aix\u00f2 significa que, com a membres del consell, la seva participaci\u00f3 no \u00e9s a t\u00edtol individual sin\u00f3 en representaci\u00f3 de totes les fam\u00edlies, donant veu a les seves peticions, preocupacions i iniciatives.<\/p>\n<p>Per representar de manera efica\u00e7 totes les fam\u00edlies del centre, s&#8217;han de recollir les seves propostes i opinions i portar-les al consell escolar. D&#8217;altra banda, tamb\u00e9 cal que els representats informin de tots els assumptes que es tracten en el consell escolar.<\/p>\n<p><strong>Orientacions per als representants dels pares i mares en el consell escolar:<\/strong><br \/>\n<strong>Abans de les reunions<\/strong><\/p>\n<p>Si heu estat escollits com a representants de les fam\u00edlies al consell escolar, cal que prepareu pr\u00e8viament les reunions per fer una bona tasca representativa. Per aquest motiu:<\/p>\n<p>Compartiu amb la resta de les fam\u00edlies els temes que es tractaran en el proper consell escolar. En aquest sentit, podeu fer servir:els canals de comunicaci\u00f3 del centre (espai de les fam\u00edlies al web del centre, AFA&#8230;),<br \/>\nels mitjans tecnol\u00f2gics, en general, que obren noves possibilitats per difondre informaci\u00f3.<br \/>\nRecolliu les opinions, aportacions i propostes de les fam\u00edlies. Podeu fer servir:els canals de comunicaci\u00f3 del centre,<br \/>\nels mitjans tecnol\u00f2gics, en general, per exemple, disposar d&#8217;una adre\u00e7a electr\u00f2nica pr\u00f2pia per als representants de les fam\u00edlies, la b\u00fastia a l&#8217;entrada del centre i la de l&#8217;AFA, tamb\u00e9 podeu passar enquestes o q\u00fcestionaris, en format paper o en l\u00ednia.<br \/>\nOrganitzeu les aportacions de les fam\u00edlies per poder-les traslladar al consell escolar d&#8217;una manera entenedora.<br \/>\nPenseu en el context social del centre i adapteu aquestes propostes a la realitat.<br \/>\n<strong>Durant les reunions<\/strong><\/p>\n<p>Per aconseguir que les reunions siguin espais de reflexi\u00f3 i treball conjunt cal que:<\/p>\n<p>Assistiu a les reunions del consell escolar amb una actitud oberta i constructiva.<br \/>\nProcureu, entre tots, que el clima de la reuni\u00f3 sigui dialogant i participatiu, on s&#8217;escoltin totes les opinions i s&#8217;arribin a acords amb el m\u00e0xim consens possible.<br \/>\nPresenteu de manera clara i objectiva les propostes concretes i aportacions que les fam\u00edlies us hagin fet arribar.<br \/>\nPrengueu nota dels acords que es prenguin en el consell escolar.<br \/>\n<strong>Despr\u00e9s de les reunions<\/strong><\/p>\n<p>Un cop finalitzada la reuni\u00f3 del consell escolar, cal que:<\/p>\n<p>Feu arribar la informaci\u00f3 dels temes tractats i acordats al consell escolar a la resta de les fam\u00edlies. Podeu fer servir:els canals f\u00edsics de comunicaci\u00f3 del centre, taulells informatius, circulars en paper, la b\u00fastia a l&#8217;entrada del centre i la de l&#8217;AFA,<br \/>\nels mitjans tecnol\u00f2gics, per exemple, l&#8217;espai per fam\u00edlies del web, llistes de difusi\u00f3, butlletins electr\u00f2nics o xarxes socials.<\/p>\n<p>&nbsp;<\/p>\n<p><strong>Acords del Consell Escolar curs 2023\/24<\/strong><\/p>\n<p>&nbsp;<\/p>\n<p>&nbsp;<\/p>\n","protected":false},"excerpt":{"rendered":"<p>Les mares i els pares dels alumnes matriculats en un centre educatiu, per mitj\u00e0 dels representants escollits en les eleccions, formen part del consell escolar del centre. Qu\u00e8 \u00e9s el consell escolar? El consell escolar \u00e9s l&#8217;\u00f2rgan de participaci\u00f3 dels diferents sectors de la comunitat educativa en el govern dels centres. Llei 12\/2009 d&#8217;educaci\u00f3 \u00a0(Article [&hellip;]<\/p>\n","protected":false},"author":1,"featured_media":0,"parent":22,"menu_order":30,"comment_status":"closed","ping_status":"closed","template":"page-templates\/side-menu.php","meta":{"_bbp_topic_count":0,"_bbp_reply_count":0,"_bbp_total_topic_count":0,"_bbp_total_reply_count":0,"_bbp_voice_count":0,"_bbp_anonymous_reply_count":0,"_bbp_topic_count_hidden":0,"_bbp_reply_count_hidden":0,"_bbp_forum_subforum_count":0,"site-sidebar-layout":"default","site-content-layout":"","ast-site-content-layout":"","site-content-style":"default","site-sidebar-style":"default","ast-global-header-display":"","ast-banner-title-visibility":"","ast-main-header-display":"","ast-hfb-above-header-display":"","ast-hfb-below-header-display":"","ast-hfb-mobile-header-display":"","site-post-title":"","ast-breadcrumbs-content":"","ast-featured-img":"","footer-sml-layout":"","theme-transparent-header-meta":"","adv-header-id-meta":"","stick-header-meta":"","header-above-stick-meta":"","header-main-stick-meta":"","header-below-stick-meta":"","astra-migrate-meta-layouts":"default","ast-page-background-enabled":"default","ast-page-background-meta":{"desktop":{"background-color":"var(--ast-global-color-4)","background-image":"","background-repeat":"repeat","background-position":"center center","background-size":"auto","background-attachment":"scroll","background-type":"","background-media":"","overlay-type":"","overlay-color":"","overlay-opacity":"","overlay-gradient":""},"tablet":{"background-color":"","background-image":"","background-repeat":"repeat","background-position":"center center","background-size":"auto","background-attachment":"scroll","background-type":"","background-media":"","overlay-type":"","overlay-color":"","overlay-opacity":"","overlay-gradient":""},"mobile":{"background-color":"","background-image":"","background-repeat":"repeat","background-position":"center center","background-size":"auto","background-attachment":"scroll","background-type":"","background-media":"","overlay-type":"","overlay-color":"","overlay-opacity":"","overlay-gradient":""}},"ast-content-background-meta":{"desktop":{"background-color":"var(--ast-global-color-5)","background-image":"","background-repeat":"repeat","background-position":"center center","background-size":"auto","background-attachment":"scroll","background-type":"","background-media":"","overlay-type":"","overlay-color":"","overlay-opacity":"","overlay-gradient":""},"tablet":{"background-color":"var(--ast-global-color-5)","background-image":"","background-repeat":"repeat","background-position":"center center","background-size":"auto","background-attachment":"scroll","background-type":"","background-media":"","overlay-type":"","overlay-color":"","overlay-opacity":"","overlay-gradient":""},"mobile":{"background-color":"var(--ast-global-color-5)","background-image":"","background-repeat":"repeat","background-position":"center center","background-size":"auto","background-attachment":"scroll","background-type":"","background-media":"","overlay-type":"","overlay-color":"","overlay-opacity":"","overlay-gradient":""}},"footnotes":""},"class_list":["post-28","page","type-page","status-publish","hentry"],"post_mailing_queue_ids":[],"_links":{"self":[{"href":"https:\/\/agora.xtec.cat\/escolabadalonaport\/wp-json\/wp\/v2\/pages\/28","targetHints":{"allow":["GET"]}}],"collection":[{"href":"https:\/\/agora.xtec.cat\/escolabadalonaport\/wp-json\/wp\/v2\/pages"}],"about":[{"href":"https:\/\/agora.xtec.cat\/escolabadalonaport\/wp-json\/wp\/v2\/types\/page"}],"author":[{"embeddable":true,"href":"https:\/\/agora.xtec.cat\/escolabadalonaport\/wp-json\/wp\/v2\/users\/1"}],"replies":[{"embeddable":true,"href":"https:\/\/agora.xtec.cat\/escolabadalonaport\/wp-json\/wp\/v2\/comments?post=28"}],"version-history":[{"count":5,"href":"https:\/\/agora.xtec.cat\/escolabadalonaport\/wp-json\/wp\/v2\/pages\/28\/revisions"}],"predecessor-version":[{"id":12056,"href":"https:\/\/agora.xtec.cat\/escolabadalonaport\/wp-json\/wp\/v2\/pages\/28\/revisions\/12056"}],"up":[{"embeddable":true,"href":"https:\/\/agora.xtec.cat\/escolabadalonaport\/wp-json\/wp\/v2\/pages\/22"}],"wp:attachment":[{"href":"https:\/\/agora.xtec.cat\/escolabadalonaport\/wp-json\/wp\/v2\/media?parent=28"}],"curies":[{"name":"wp","href":"https:\/\/api.w.org\/{rel}","templated":true}]}}