{"id":13217,"date":"2025-05-08T08:41:41","date_gmt":"2025-05-08T06:41:41","guid":{"rendered":"https:\/\/agora.xtec.cat\/escolabadalonaport\/?page_id=13217"},"modified":"2025-07-10T10:02:38","modified_gmt":"2025-07-10T08:02:38","slug":"documentacio-escola","status":"publish","type":"page","link":"https:\/\/agora.xtec.cat\/escolabadalonaport\/documentacio-escola\/","title":{"rendered":"Documentaci\u00f3 Escola"},"content":{"rendered":"<ul>\n<li>Material per portar al setembre tots el cursos: <a href=\"https:\/\/agora.xtec.cat\/escolabadalonaport\/wp-content\/uploads\/usu1791\/2025\/06\/Llistat-de-material-per-setembre-dI3-a-6e.pdf\">cliqueu aqu\u00ed<\/a><\/li>\n<li>Quota curs 2025\/26: <a href=\"https:\/\/agora.xtec.cat\/escolabadalonaport\/wp-content\/uploads\/usu1791\/2025\/06\/Quota-material-curs-25-26.pdf\">cliqueu aqu\u00ed<\/a><\/li>\n<li><a href=\"https:\/\/agora.xtec.cat\/escolabadalonaport\/wp-content\/uploads\/usu1791\/2025\/07\/llibres-de-text-25-26.docx\">Llistat llibres de text curs 25-26<\/a><\/li>\n<\/ul>\n<p>DOCUMENTS VIGENTS:<\/p>\n<ul>\n<li><a href=\"https:\/\/agora.xtec.cat\/escolabadalonaport\/wp-content\/uploads\/usu1791\/2025\/06\/PEC.pdf\">Projecte Educatiu de Centre<\/a> (PEC), inclou el <a href=\"https:\/\/agora.xtec.cat\/escolabadalonaport\/wp-content\/uploads\/usu1791\/2025\/06\/PROJECTE-LINGUISTIC.pdf\">Projecte Ling\u00fc\u00edstic<\/a> (PL)<\/li>\n<li>Normes d&#8217;organitzaci\u00f3 i funcionament del centre (NOFC). En revisi\u00f3 (previsi\u00f3 aprovaci\u00f3 al 1r trimestre)<\/li>\n<li><a href=\"https:\/\/agora.xtec.cat\/escolabadalonaport\/wp-content\/uploads\/usu1791\/2025\/06\/16.-CARTA-COMPROMIS-EDUCATIU-ED.-INFANTIL.pdf\">Carta de comprom\u00eds Educaci\u00f3 Infantil<\/a><\/li>\n<li><a href=\"https:\/\/agora.xtec.cat\/escolabadalonaport\/wp-content\/uploads\/usu1791\/2025\/06\/17.-CARTA-COMPROMIS-FAMILIES-ED.-PRIMARIA.pdf\">Carta de comprom\u00eds Educaci\u00f3 Prim\u00e0ria<\/a><\/li>\n<li><a href=\"https:\/\/agora.xtec.cat\/escolabadalonaport\/wp-content\/uploads\/usu1791\/2025\/06\/Dades-del-pressupost-2025.pdf\">Dades del pressupost 2025<\/a><\/li>\n<li><a href=\"https:\/\/agora.xtec.cat\/escolabadalonaport\/wp-content\/uploads\/usu1791\/2025\/06\/Liquidacio-del-pressupost-3.pdf\">Liquidaci\u00f3 del pressupost-3<\/a><\/li>\n<\/ul>\n<p>&nbsp;<\/p>\n","protected":false},"excerpt":{"rendered":"<p>Material per portar al setembre tots el cursos: cliqueu aqu\u00ed Quota curs 2025\/26: cliqueu aqu\u00ed Llistat llibres de text curs 25-26 DOCUMENTS VIGENTS: Projecte Educatiu de Centre (PEC), inclou el Projecte Ling\u00fc\u00edstic (PL) Normes d&#8217;organitzaci\u00f3 i funcionament del centre (NOFC). En revisi\u00f3 (previsi\u00f3 aprovaci\u00f3 al 1r trimestre) Carta de comprom\u00eds Educaci\u00f3 Infantil Carta de comprom\u00eds [&hellip;]<\/p>\n","protected":false},"author":1,"featured_media":0,"parent":0,"menu_order":5,"comment_status":"closed","ping_status":"closed","template":"","meta":{"_bbp_topic_count":0,"_bbp_reply_count":0,"_bbp_total_topic_count":0,"_bbp_total_reply_count":0,"_bbp_voice_count":0,"_bbp_anonymous_reply_count":0,"_bbp_topic_count_hidden":0,"_bbp_reply_count_hidden":0,"_bbp_forum_subforum_count":0,"site-sidebar-layout":"default","site-content-layout":"","ast-site-content-layout":"default","site-content-style":"default","site-sidebar-style":"default","ast-global-header-display":"","ast-banner-title-visibility":"","ast-main-header-display":"","ast-hfb-above-header-display":"","ast-hfb-below-header-display":"","ast-hfb-mobile-header-display":"","site-post-title":"","ast-breadcrumbs-content":"","ast-featured-img":"","footer-sml-layout":"","theme-transparent-header-meta":"default","adv-header-id-meta":"","stick-header-meta":"","header-above-stick-meta":"","header-main-stick-meta":"","header-below-stick-meta":"","astra-migrate-meta-layouts":"set","ast-page-background-enabled":"default","ast-page-background-meta":{"desktop":{"background-color":"var(--ast-global-color-4)","background-image":"","background-repeat":"repeat","background-position":"center center","background-size":"auto","background-attachment":"scroll","background-type":"","background-media":"","overlay-type":"","overlay-color":"","overlay-opacity":"","overlay-gradient":""},"tablet":{"background-color":"","background-image":"","background-repeat":"repeat","background-position":"center center","background-size":"auto","background-attachment":"scroll","background-type":"","background-media":"","overlay-type":"","overlay-color":"","overlay-opacity":"","overlay-gradient":""},"mobile":{"background-color":"","background-image":"","background-repeat":"repeat","background-position":"center center","background-size":"auto","background-attachment":"scroll","background-type":"","background-media":"","overlay-type":"","overlay-color":"","overlay-opacity":"","overlay-gradient":""}},"ast-content-background-meta":{"desktop":{"background-color":"var(--ast-global-color-5)","background-image":"","background-repeat":"repeat","background-position":"center center","background-size":"auto","background-attachment":"scroll","background-type":"","background-media":"","overlay-type":"","overlay-color":"","overlay-opacity":"","overlay-gradient":""},"tablet":{"background-color":"var(--ast-global-color-5)","background-image":"","background-repeat":"repeat","background-position":"center center","background-size":"auto","background-attachment":"scroll","background-type":"","background-media":"","overlay-type":"","overlay-color":"","overlay-opacity":"","overlay-gradient":""},"mobile":{"background-color":"var(--ast-global-color-5)","background-image":"","background-repeat":"repeat","background-position":"center center","background-size":"auto","background-attachment":"scroll","background-type":"","background-media":"","overlay-type":"","overlay-color":"","overlay-opacity":"","overlay-gradient":""}},"footnotes":""},"class_list":["post-13217","page","type-page","status-publish","hentry"],"post_mailing_queue_ids":[],"_links":{"self":[{"href":"https:\/\/agora.xtec.cat\/escolabadalonaport\/wp-json\/wp\/v2\/pages\/13217","targetHints":{"allow":["GET"]}}],"collection":[{"href":"https:\/\/agora.xtec.cat\/escolabadalonaport\/wp-json\/wp\/v2\/pages"}],"about":[{"href":"https:\/\/agora.xtec.cat\/escolabadalonaport\/wp-json\/wp\/v2\/types\/page"}],"author":[{"embeddable":true,"href":"https:\/\/agora.xtec.cat\/escolabadalonaport\/wp-json\/wp\/v2\/users\/1"}],"replies":[{"embeddable":true,"href":"https:\/\/agora.xtec.cat\/escolabadalonaport\/wp-json\/wp\/v2\/comments?post=13217"}],"version-history":[{"count":7,"href":"https:\/\/agora.xtec.cat\/escolabadalonaport\/wp-json\/wp\/v2\/pages\/13217\/revisions"}],"predecessor-version":[{"id":13418,"href":"https:\/\/agora.xtec.cat\/escolabadalonaport\/wp-json\/wp\/v2\/pages\/13217\/revisions\/13418"}],"wp:attachment":[{"href":"https:\/\/agora.xtec.cat\/escolabadalonaport\/wp-json\/wp\/v2\/media?parent=13217"}],"curies":[{"name":"wp","href":"https:\/\/api.w.org\/{rel}","templated":true}]}}