{"id":13112,"date":"2025-04-10T16:15:28","date_gmt":"2025-04-10T14:15:28","guid":{"rendered":"https:\/\/agora.xtec.cat\/escolabadalonaport\/?page_id=13112"},"modified":"2026-03-26T09:43:51","modified_gmt":"2026-03-26T08:43:51","slug":"temps-de-migdia","status":"publish","type":"page","link":"https:\/\/agora.xtec.cat\/escolabadalonaport\/serveis\/temps-de-migdia\/","title":{"rendered":"Temps de migdia"},"content":{"rendered":"<p><a href=\"https:\/\/agora.xtec.cat\/escolabadalonaport\/wp-content\/uploads\/usu1791\/2026\/03\/Revista-menu-base-escoles-PDC-B-TASTA\u00b4M-tercer-trimestre.pdf\">Men\u00fa 3r trimestre<\/a><\/p>\n<p><a href=\"https:\/\/agora.xtec.cat\/escolabadalonaport\/wp-content\/uploads\/usu1791\/2025\/12\/REVISTA_BASE_TASTA_M_PDC_B_SEGON_TRIMESTRE.pdf\">Men\u00fa 2n trimestre<\/a><\/p>\n<p>Preu men\u00fa diari: 7.54\u20ac<\/p>\n<p>Preu men\u00fa espor\u00e0dic: 8.29\u20ac<\/p>\n<p><span style=\"font-size: 1.7em; font-weight: bold;\">Alimentaci\u00f3 saludable i sostenible<\/span><\/p>\n<div class=\"et_pb_module et_pb_text et_pb_text_3 et_pb_text_align_left et_pb_bg_layout_light\">\n<div class=\"et_pb_text_inner\">\n<p>Apostem per una\u00a0<strong>alimentaci\u00f3 saludable<\/strong>\u00a0i de qualitat basada en la\u00a0<strong>dieta mediterr\u00e0nia<\/strong>, garantint en tot moment la higiene, la seguretat aliment\u00e0ria i el respecte per l\u2019entorn. Els aliments s\u2019escullen segons la seva\u00a0<strong>qualitat nutricional, la temporada, la proximitat i la sostenibilitat<\/strong>. Eduquem pels\u00a0<strong>h\u00e0bits alimentaris saludables<\/strong>\u00a0al menjador escolar a trav\u00e9s del gust i de les nostres receptes i men\u00fas.\u00a0<a href=\"https:\/\/escoles.fundesplai.org\/activitats-escola\/menjador-temps-educatiu-del-migdia\/#equip\">Els nostres equips de nutrici\u00f3, compres i cuina<\/a>\u00a0es coordinen i fan formaci\u00f3 cont\u00ednua per aconseguir aquests objectius.<\/p>\n<div class=\"et_pb_row et_pb_row_7 graella-icona-circular-giratoria et_pb_gutters4\">\n<div class=\"et_pb_column et_pb_column_1_2 et_pb_column_10 et_pb_css_mix_blend_mode_passthrough\">\n<div class=\"et_pb_module et_pb_blurb et_pb_blurb_4 et_pb_text_align_left et_pb_blurb_position_left et_pb_bg_layout_light\">\n<div class=\"et_pb_blurb_content\">\n<div class=\"et_pb_blurb_container\">\n<h4 class=\"et_pb_module_header\">DIETA MEDITERR\u00c0NIA<\/h4>\n<div class=\"et_pb_blurb_description\">\n<p>Els nostres men\u00fas es basen en la dieta mediterr\u00e0nia, estan elaborats i supervisats per l\u2019equip de nutrici\u00f3 i s\u2019han revisat en el programa\u00a0<a href=\"http:\/\/salutpublica.gencat.cat\/ca\/ambits\/promocio_salut\/alimentacio_saludable\/PREME\/\" target=\"_blank\" rel=\"noopener noreferrer\">PREME<\/a>\u00a0de la Generalitat.\u00a0<a href=\"https:\/\/escoles.fundesplai.org\/blog\/menjador-escolar\/lalimentacio-saludable-al-menjador-escolar-10-principis-basics\/\" target=\"_blank\" rel=\"noopener\">M\u00e9s informaci\u00f3 en aquest article.<\/a><\/p>\n<\/div>\n<\/div>\n<\/div>\n<\/div>\n<\/div>\n<div class=\"et_pb_column et_pb_column_1_2 et_pb_column_11 et_pb_css_mix_blend_mode_passthrough et-last-child\">\n<div class=\"et_pb_module et_pb_blurb et_pb_blurb_5 et_pb_text_align_left et_pb_blurb_position_left et_pb_bg_layout_light\">\n<div class=\"et_pb_blurb_content\">\n<div class=\"et_pb_blurb_container\">\n<h4 class=\"et_pb_module_header\">PRODUCTES DE TEMPORADA, PROXIMITAT I ECOL\u00d2GICS<\/h4>\n<div class=\"et_pb_blurb_description\">\n<p>Afavorim els productes frescos de proximitat o Km0 (40%), de temporada, ecol\u00f2gics (30%) i amb responsabilitat social.\u00a0<a href=\"https:\/\/escoles.fundesplai.org\/activitats-escola\/menjador-temps-educatiu-del-migdia\/#proveidors\">Coneix els nostres prove\u00efdors\/es<\/a>.<\/p>\n<\/div>\n<\/div>\n<\/div>\n<\/div>\n<\/div>\n<\/div>\n<div class=\"et_pb_row et_pb_row_8 graella-icona-circular-giratoria et_pb_gutters4\">\n<div class=\"et_pb_column et_pb_column_1_2 et_pb_column_12 et_pb_css_mix_blend_mode_passthrough\">\n<div class=\"et_pb_module et_pb_blurb et_pb_blurb_6 et_pb_text_align_left et_pb_blurb_position_left et_pb_bg_layout_light\">\n<div class=\"et_pb_blurb_content\">\n<div class=\"et_pb_blurb_container\">\n<h4 class=\"et_pb_module_header\">DIETES ESPECIALS<\/h4>\n<div class=\"et_pb_blurb_description\">\n<p>Des de l\u2019equip de nutrici\u00f3 preparem dietes especials per a persones amb al\u00b7l\u00e8rgies i\/o intoler\u00e0ncies aliment\u00e0ries, vegetarianes, etc.<\/p>\n<\/div>\n<\/div>\n<\/div>\n<\/div>\n<\/div>\n<div class=\"et_pb_column et_pb_column_1_2 et_pb_column_13 et_pb_css_mix_blend_mode_passthrough et-last-child\">\n<div class=\"et_pb_module et_pb_blurb et_pb_blurb_7 et_pb_text_align_left et_pb_blurb_position_left et_pb_bg_layout_light\">\n<div class=\"et_pb_blurb_content\">\n<div class=\"et_pb_blurb_container\">\n<h4 class=\"et_pb_module_header\">REDUCCI\u00d3 DE LA CARN VERMELLA<\/h4>\n<div class=\"et_pb_blurb_description\">\n<p>Hem redu\u00eft la carn vermella i processada als men\u00fas de totes les escoles i afavorim el consum de llegums i prote\u00efna vegetal, per salut i sostenibilitat.\u00a0<a href=\"https:\/\/escoles.fundesplai.org\/blog\/menjador-escolar\/menys-carn-vermella-i-processada-al-menjador-escolar\/\" target=\"_blank\" rel=\"noopener\">M\u00e9s informaci\u00f3 en aquest article<\/a>.<\/p>\n<\/div>\n<\/div>\n<\/div>\n<\/div>\n<\/div>\n<\/div>\n<div class=\"et_pb_row et_pb_row_9 graella-icona-circular-giratoria et_pb_gutters4\">\n<div class=\"et_pb_column et_pb_column_1_2 et_pb_column_14 et_pb_css_mix_blend_mode_passthrough\">\n<div class=\"et_pb_module et_pb_blurb et_pb_blurb_8 et_pb_text_align_left et_pb_blurb_position_left et_pb_bg_layout_light\">\n<div class=\"et_pb_blurb_content\">\n<div class=\"et_pb_blurb_container\">\n<h4 class=\"et_pb_module_header\">VERDURA I FRUITA DIARIS<\/h4>\n<div class=\"et_pb_blurb_description\">\n<p>Pres\u00e8ncia di\u00e0ria d\u2019hortalisses i fruita fresques, de temporada i proximitat, com a base d\u2019una alimentaci\u00f3 saludable. 4 dies a la setmana es dona fruita de postres i 1 dia\u00a0<a href=\"https:\/\/escoles.fundesplai.org\/blog\/menjador-escolar\/iogurt-ecologic-i-sense-sucre-al-menjador-escolar\/\">iogurt ecol\u00f2gic de proximitat i sense sucre<\/a>.<\/p>\n<\/div>\n<\/div>\n<\/div>\n<\/div>\n<\/div>\n<div class=\"et_pb_column et_pb_column_1_2 et_pb_column_15 et_pb_css_mix_blend_mode_passthrough et-last-child\">\n<div class=\"et_pb_module et_pb_blurb et_pb_blurb_9 et_pb_text_align_left et_pb_blurb_position_left et_pb_bg_layout_light\">\n<div class=\"et_pb_blurb_content\">\n<div class=\"et_pb_main_blurb_image\"><\/div>\n<div class=\"et_pb_blurb_container\">\n<h4 class=\"et_pb_module_header\">CEREALS INTEGRALS<\/h4>\n<div class=\"et_pb_blurb_description\">\n<p>Fomentem la introducci\u00f3 de cereals integrals com la pasta, l\u2019arr\u00f2s i el pa, ja que conserven totes les vitamines, minerals i fibra.<\/p>\n<\/div>\n<\/div>\n<\/div>\n<\/div>\n<\/div>\n<\/div>\n<div class=\"et_pb_row et_pb_row_10 graella-icona-circular-giratoria et_pb_gutters4\">\n<div class=\"et_pb_column et_pb_column_1_2 et_pb_column_16 et_pb_css_mix_blend_mode_passthrough\">\n<div class=\"et_pb_module et_pb_blurb et_pb_blurb_10 et_pb_text_align_left et_pb_blurb_position_left et_pb_bg_layout_light\">\n<div class=\"et_pb_blurb_content\">\n<div class=\"et_pb_blurb_container\">\n<h4 class=\"et_pb_module_header\">COMPROM\u00cdS AMB LA SOSTENIBILITAT<\/h4>\n<div class=\"et_pb_blurb_description\">\n<p>T\u00e8cniques de cuina compromeses amb la sostenibilitat, som estrictes amb el tractament de residus, redu\u00efm el malbaratament i controlem els consums energ\u00e8tics.<\/p>\n<\/div>\n<\/div>\n<\/div>\n<\/div>\n<\/div>\n<div class=\"et_pb_column et_pb_column_1_2 et_pb_column_17 et_pb_css_mix_blend_mode_passthrough et-last-child\">\n<div class=\"et_pb_module et_pb_blurb et_pb_blurb_11 et_pb_text_align_left et_pb_blurb_position_left et_pb_bg_layout_light\">\n<div class=\"et_pb_blurb_content\">\n<div class=\"et_pb_blurb_container\">\n<h4 class=\"et_pb_module_header\">CUINA SEGURA I CASOLANA<\/h4>\n<div class=\"et_pb_blurb_description\">\n<p>Oferim una cuina segura gr\u00e0cies a la tecnologia m\u00e9s innovadora, amb totes les garanties sanit\u00e0ries i les propietats gustatives i nutricionals de la cuina casolana. Apliquem l\u2019<abbr title=\"An\u00e0lisi de Perills i Punts de Control Cr\u00edtics\"><a href=\"http:\/\/acsa.gencat.cat\/ca\/seguretat_alimentaria\/cadena_alimentaria\/autocontrol\/appcc-prerequisits-i-flexibilitzacio\/\" target=\"_blank\" rel=\"noopener\">APPCC<\/a>.<\/abbr><\/p>\n<\/div>\n<\/div>\n<\/div>\n<\/div>\n<\/div>\n<\/div>\n<div class=\"et_pb_row et_pb_row_11 graella-icona-circular-giratoria et_pb_gutters4\">\n<div class=\"et_pb_column et_pb_column_1_2 et_pb_column_19 et_pb_css_mix_blend_mode_passthrough et-last-child\">\n<div class=\"et_pb_module et_pb_blurb et_pb_blurb_13 et_pb_text_align_left et_pb_blurb_position_left et_pb_bg_layout_light\">\n<div class=\"et_pb_blurb_content\">\n<div class=\"et_pb_blurb_container\">\n<h4 class=\"et_pb_module_header\">C\u00c0TERING<\/h4>\n<div class=\"et_pb_blurb_description\">\n<p>Per a escoles sense cuina pr\u00f2pia, gestionem el servei de c\u00e0tering amb l\u00ednia calenta i freda, amb men\u00fas elaborats a la cuina central de\u00a0<a href=\"https:\/\/albergueesplaibarcelona.com\/ca\/\" target=\"_blank\" rel=\"noopener\">Centre Esplai<\/a>.<\/p>\n<\/div>\n<\/div>\n<\/div>\n<\/div>\n<\/div>\n<\/div>\n<\/div>\n<\/div>\n","protected":false},"excerpt":{"rendered":"<p>Men\u00fa 3r trimestre Men\u00fa 2n trimestre Preu men\u00fa diari: 7.54\u20ac Preu men\u00fa espor\u00e0dic: 8.29\u20ac Alimentaci\u00f3 saludable i sostenible Apostem per una\u00a0alimentaci\u00f3 saludable\u00a0i de qualitat basada en la\u00a0dieta mediterr\u00e0nia, garantint en tot moment la higiene, la seguretat aliment\u00e0ria i el respecte per l\u2019entorn. Els aliments s\u2019escullen segons la seva\u00a0qualitat nutricional, la temporada, la proximitat i la [&hellip;]<\/p>\n","protected":false},"author":1,"featured_media":0,"parent":66,"menu_order":0,"comment_status":"closed","ping_status":"closed","template":"","meta":{"_bbp_topic_count":0,"_bbp_reply_count":0,"_bbp_total_topic_count":0,"_bbp_total_reply_count":0,"_bbp_voice_count":0,"_bbp_anonymous_reply_count":0,"_bbp_topic_count_hidden":0,"_bbp_reply_count_hidden":0,"_bbp_forum_subforum_count":0,"site-sidebar-layout":"default","site-content-layout":"","ast-site-content-layout":"default","site-content-style":"default","site-sidebar-style":"default","ast-global-header-display":"","ast-banner-title-visibility":"","ast-main-header-display":"","ast-hfb-above-header-display":"","ast-hfb-below-header-display":"","ast-hfb-mobile-header-display":"","site-post-title":"","ast-breadcrumbs-content":"","ast-featured-img":"","footer-sml-layout":"","theme-transparent-header-meta":"default","adv-header-id-meta":"","stick-header-meta":"","header-above-stick-meta":"","header-main-stick-meta":"","header-below-stick-meta":"","astra-migrate-meta-layouts":"set","ast-page-background-enabled":"default","ast-page-background-meta":{"desktop":{"background-color":"var(--ast-global-color-4)","background-image":"","background-repeat":"repeat","background-position":"center center","background-size":"auto","background-attachment":"scroll","background-type":"","background-media":"","overlay-type":"","overlay-color":"","overlay-opacity":"","overlay-gradient":""},"tablet":{"background-color":"","background-image":"","background-repeat":"repeat","background-position":"center center","background-size":"auto","background-attachment":"scroll","background-type":"","background-media":"","overlay-type":"","overlay-color":"","overlay-opacity":"","overlay-gradient":""},"mobile":{"background-color":"","background-image":"","background-repeat":"repeat","background-position":"center center","background-size":"auto","background-attachment":"scroll","background-type":"","background-media":"","overlay-type":"","overlay-color":"","overlay-opacity":"","overlay-gradient":""}},"ast-content-background-meta":{"desktop":{"background-color":"var(--ast-global-color-5)","background-image":"","background-repeat":"repeat","background-position":"center center","background-size":"auto","background-attachment":"scroll","background-type":"","background-media":"","overlay-type":"","overlay-color":"","overlay-opacity":"","overlay-gradient":""},"tablet":{"background-color":"var(--ast-global-color-5)","background-image":"","background-repeat":"repeat","background-position":"center center","background-size":"auto","background-attachment":"scroll","background-type":"","background-media":"","overlay-type":"","overlay-color":"","overlay-opacity":"","overlay-gradient":""},"mobile":{"background-color":"var(--ast-global-color-5)","background-image":"","background-repeat":"repeat","background-position":"center center","background-size":"auto","background-attachment":"scroll","background-type":"","background-media":"","overlay-type":"","overlay-color":"","overlay-opacity":"","overlay-gradient":""}},"footnotes":""},"class_list":["post-13112","page","type-page","status-publish","hentry"],"post_mailing_queue_ids":[],"_links":{"self":[{"href":"https:\/\/agora.xtec.cat\/escolabadalonaport\/wp-json\/wp\/v2\/pages\/13112","targetHints":{"allow":["GET"]}}],"collection":[{"href":"https:\/\/agora.xtec.cat\/escolabadalonaport\/wp-json\/wp\/v2\/pages"}],"about":[{"href":"https:\/\/agora.xtec.cat\/escolabadalonaport\/wp-json\/wp\/v2\/types\/page"}],"author":[{"embeddable":true,"href":"https:\/\/agora.xtec.cat\/escolabadalonaport\/wp-json\/wp\/v2\/users\/1"}],"replies":[{"embeddable":true,"href":"https:\/\/agora.xtec.cat\/escolabadalonaport\/wp-json\/wp\/v2\/comments?post=13112"}],"version-history":[{"count":6,"href":"https:\/\/agora.xtec.cat\/escolabadalonaport\/wp-json\/wp\/v2\/pages\/13112\/revisions"}],"predecessor-version":[{"id":13866,"href":"https:\/\/agora.xtec.cat\/escolabadalonaport\/wp-json\/wp\/v2\/pages\/13112\/revisions\/13866"}],"up":[{"embeddable":true,"href":"https:\/\/agora.xtec.cat\/escolabadalonaport\/wp-json\/wp\/v2\/pages\/66"}],"wp:attachment":[{"href":"https:\/\/agora.xtec.cat\/escolabadalonaport\/wp-json\/wp\/v2\/media?parent=13112"}],"curies":[{"name":"wp","href":"https:\/\/api.w.org\/{rel}","templated":true}]}}