{"id":10561,"date":"2022-02-14T13:20:13","date_gmt":"2022-02-14T12:20:13","guid":{"rendered":"https:\/\/agora.xtec.cat\/escolabadalonaport\/?page_id=10561"},"modified":"2025-06-27T11:15:38","modified_gmt":"2025-06-27T09:15:38","slug":"escacs","status":"publish","type":"page","link":"https:\/\/agora.xtec.cat\/escolabadalonaport\/projecte-educatiu\/escacs\/","title":{"rendered":"Escacs a l&#8217;escola"},"content":{"rendered":"<p><strong>Projecte \u201cEscacs a l\u2019escola\u201d<\/strong><\/p>\n<p>El projecte destaca la relaci\u00f3 i utilitat del joc dels escacs en l\u2019\u00e0mbit educatiu. \u00c9s un recurs que potencia el desenvolupament de les estructures cognitives, el raonament i el pensament l\u00f2gicomatem\u00e0tic, les habilitats ling\u00fc\u00edstiques i els h\u00e0bits de conducta.<\/p>\n<p>Es comen\u00e7a a primer fins a sis\u00e8 de prim\u00e0ria. Al voltant dels 6 anys \u00e9s l\u2019edat id\u00f2nia per iniciar-se en la seq\u00fc\u00e8ncia observo\u2013penso\u2013jugo, que es practica en el joc i s\u2019intenta fer extensiva a la vida.<\/p>\n<p>&nbsp;<\/p>\n<p><a href=\"https:\/\/agora.xtec.cat\/escolabadalonaport\/wp-content\/uploads\/usu1791\/2025\/04\/freecompress-20241028_122435-scaled.jpg\"><img loading=\"lazy\" decoding=\"async\" class=\"wp-image-13208 alignnone\" src=\"https:\/\/agora.xtec.cat\/escolabadalonaport\/wp-content\/uploads\/usu1791\/2025\/04\/freecompress-20241028_122435-1024x768.jpg\" alt=\"\" width=\"658\" height=\"494\" srcset=\"https:\/\/agora.xtec.cat\/escolabadalonaport\/wp-content\/uploads\/usu1791\/2025\/04\/freecompress-20241028_122435-1024x768.jpg 1024w, https:\/\/agora.xtec.cat\/escolabadalonaport\/wp-content\/uploads\/usu1791\/2025\/04\/freecompress-20241028_122435-300x225.jpg 300w, https:\/\/agora.xtec.cat\/escolabadalonaport\/wp-content\/uploads\/usu1791\/2025\/04\/freecompress-20241028_122435-768x576.jpg 768w, https:\/\/agora.xtec.cat\/escolabadalonaport\/wp-content\/uploads\/usu1791\/2025\/04\/freecompress-20241028_122435-1536x1152.jpg 1536w, https:\/\/agora.xtec.cat\/escolabadalonaport\/wp-content\/uploads\/usu1791\/2025\/04\/freecompress-20241028_122435-2048x1536.jpg 2048w\" sizes=\"auto, (max-width: 658px) 100vw, 658px\" \/><\/a> <a href=\"https:\/\/agora.xtec.cat\/escolabadalonaport\/wp-content\/uploads\/usu1791\/2025\/04\/freecompress-20240930_120555-scaled.jpg\"><img loading=\"lazy\" decoding=\"async\" class=\"wp-image-13209 alignright\" src=\"https:\/\/agora.xtec.cat\/escolabadalonaport\/wp-content\/uploads\/usu1791\/2025\/04\/freecompress-20240930_120555-1024x768.jpg\" alt=\"\" width=\"680\" height=\"510\" srcset=\"https:\/\/agora.xtec.cat\/escolabadalonaport\/wp-content\/uploads\/usu1791\/2025\/04\/freecompress-20240930_120555-1024x768.jpg 1024w, https:\/\/agora.xtec.cat\/escolabadalonaport\/wp-content\/uploads\/usu1791\/2025\/04\/freecompress-20240930_120555-300x225.jpg 300w, https:\/\/agora.xtec.cat\/escolabadalonaport\/wp-content\/uploads\/usu1791\/2025\/04\/freecompress-20240930_120555-768x576.jpg 768w, https:\/\/agora.xtec.cat\/escolabadalonaport\/wp-content\/uploads\/usu1791\/2025\/04\/freecompress-20240930_120555-1536x1152.jpg 1536w, https:\/\/agora.xtec.cat\/escolabadalonaport\/wp-content\/uploads\/usu1791\/2025\/04\/freecompress-20240930_120555-2048x1536.jpg 2048w\" sizes=\"auto, (max-width: 680px) 100vw, 680px\" \/><\/a><\/p>\n<p><a href=\"https:\/\/agora.xtec.cat\/escolabadalonaport\/wp-content\/uploads\/usu1791\/2025\/04\/freecompress-20250217_121232-scaled.jpg\"><img loading=\"lazy\" decoding=\"async\" class=\" wp-image-13211 aligncenter\" src=\"https:\/\/agora.xtec.cat\/escolabadalonaport\/wp-content\/uploads\/usu1791\/2025\/04\/freecompress-20250217_121232-1024x768.jpg\" alt=\"\" width=\"731\" height=\"548\" srcset=\"https:\/\/agora.xtec.cat\/escolabadalonaport\/wp-content\/uploads\/usu1791\/2025\/04\/freecompress-20250217_121232-1024x768.jpg 1024w, https:\/\/agora.xtec.cat\/escolabadalonaport\/wp-content\/uploads\/usu1791\/2025\/04\/freecompress-20250217_121232-300x225.jpg 300w, https:\/\/agora.xtec.cat\/escolabadalonaport\/wp-content\/uploads\/usu1791\/2025\/04\/freecompress-20250217_121232-768x576.jpg 768w, https:\/\/agora.xtec.cat\/escolabadalonaport\/wp-content\/uploads\/usu1791\/2025\/04\/freecompress-20250217_121232-1536x1152.jpg 1536w, https:\/\/agora.xtec.cat\/escolabadalonaport\/wp-content\/uploads\/usu1791\/2025\/04\/freecompress-20250217_121232-2048x1536.jpg 2048w\" sizes=\"auto, (max-width: 731px) 100vw, 731px\" \/><\/a><\/p>\n<p><a href=\"https:\/\/agora.xtec.cat\/escolabadalonaport\/wp-content\/uploads\/usu1791\/2025\/04\/freecompress-20250113_102510-scaled.jpg\"><img loading=\"lazy\" decoding=\"async\" class=\"size-large wp-image-13210 aligncenter\" src=\"https:\/\/agora.xtec.cat\/escolabadalonaport\/wp-content\/uploads\/usu1791\/2025\/04\/freecompress-20250113_102510-768x1024.jpg\" alt=\"\" width=\"768\" height=\"1024\" srcset=\"https:\/\/agora.xtec.cat\/escolabadalonaport\/wp-content\/uploads\/usu1791\/2025\/04\/freecompress-20250113_102510-768x1024.jpg 768w, https:\/\/agora.xtec.cat\/escolabadalonaport\/wp-content\/uploads\/usu1791\/2025\/04\/freecompress-20250113_102510-225x300.jpg 225w, https:\/\/agora.xtec.cat\/escolabadalonaport\/wp-content\/uploads\/usu1791\/2025\/04\/freecompress-20250113_102510-1152x1536.jpg 1152w, https:\/\/agora.xtec.cat\/escolabadalonaport\/wp-content\/uploads\/usu1791\/2025\/04\/freecompress-20250113_102510-1536x2048.jpg 1536w, https:\/\/agora.xtec.cat\/escolabadalonaport\/wp-content\/uploads\/usu1791\/2025\/04\/freecompress-20250113_102510-scaled.jpg 1920w\" sizes=\"auto, (max-width: 768px) 100vw, 768px\" \/><\/a><\/p>\n<p><a href=\"https:\/\/agora.xtec.cat\/escolabadalonaport\/wp-content\/uploads\/usu1791\/2025\/04\/IMG-20250430-WA0033.jpg\"><img loading=\"lazy\" decoding=\"async\" class=\"size-large wp-image-13213 aligncenter\" src=\"https:\/\/agora.xtec.cat\/escolabadalonaport\/wp-content\/uploads\/usu1791\/2025\/04\/IMG-20250430-WA0033-576x1024.jpg\" alt=\"\" width=\"576\" height=\"1024\" srcset=\"https:\/\/agora.xtec.cat\/escolabadalonaport\/wp-content\/uploads\/usu1791\/2025\/04\/IMG-20250430-WA0033-576x1024.jpg 576w, https:\/\/agora.xtec.cat\/escolabadalonaport\/wp-content\/uploads\/usu1791\/2025\/04\/IMG-20250430-WA0033-169x300.jpg 169w, https:\/\/agora.xtec.cat\/escolabadalonaport\/wp-content\/uploads\/usu1791\/2025\/04\/IMG-20250430-WA0033.jpg 720w\" sizes=\"auto, (max-width: 576px) 100vw, 576px\" \/><\/a><\/p>\n<p>&nbsp;<\/p>\n<div class=\"ast-oembed-container \" style=\"height: 100%;\"><iframe loading=\"lazy\" title=\"Escacs a Cicle Superior_Curs24\/25\" width=\"500\" height=\"281\" src=\"https:\/\/www.youtube.com\/embed\/jrVJPlPwHzQ?feature=oembed\" frameborder=\"0\" allow=\"accelerometer; autoplay; clipboard-write; encrypted-media; gyroscope; picture-in-picture; web-share\" referrerpolicy=\"strict-origin-when-cross-origin\" allowfullscreen><\/iframe><\/div>\n<p>&nbsp;<\/p>\n","protected":false},"excerpt":{"rendered":"<p>Projecte \u201cEscacs a l\u2019escola\u201d El projecte destaca la relaci\u00f3 i utilitat del joc dels escacs en l\u2019\u00e0mbit educatiu. \u00c9s un recurs que potencia el desenvolupament de les estructures cognitives, el raonament i el pensament l\u00f2gicomatem\u00e0tic, les habilitats ling\u00fc\u00edstiques i els h\u00e0bits de conducta. Es comen\u00e7a a primer fins a sis\u00e8 de prim\u00e0ria. Al voltant dels [&hellip;]<\/p>\n","protected":false},"author":1,"featured_media":0,"parent":64,"menu_order":0,"comment_status":"closed","ping_status":"closed","template":"","meta":{"_bbp_topic_count":0,"_bbp_reply_count":0,"_bbp_total_topic_count":0,"_bbp_total_reply_count":0,"_bbp_voice_count":0,"_bbp_anonymous_reply_count":0,"_bbp_topic_count_hidden":0,"_bbp_reply_count_hidden":0,"_bbp_forum_subforum_count":0,"site-sidebar-layout":"default","site-content-layout":"","ast-site-content-layout":"default","site-content-style":"default","site-sidebar-style":"default","ast-global-header-display":"","ast-banner-title-visibility":"","ast-main-header-display":"","ast-hfb-above-header-display":"","ast-hfb-below-header-display":"","ast-hfb-mobile-header-display":"","site-post-title":"","ast-breadcrumbs-content":"","ast-featured-img":"","footer-sml-layout":"","theme-transparent-header-meta":"default","adv-header-id-meta":"","stick-header-meta":"","header-above-stick-meta":"","header-main-stick-meta":"","header-below-stick-meta":"","astra-migrate-meta-layouts":"set","ast-page-background-enabled":"default","ast-page-background-meta":{"desktop":{"background-color":"var(--ast-global-color-4)","background-image":"","background-repeat":"repeat","background-position":"center center","background-size":"auto","background-attachment":"scroll","background-type":"","background-media":"","overlay-type":"","overlay-color":"","overlay-opacity":"","overlay-gradient":""},"tablet":{"background-color":"","background-image":"","background-repeat":"repeat","background-position":"center center","background-size":"auto","background-attachment":"scroll","background-type":"","background-media":"","overlay-type":"","overlay-color":"","overlay-opacity":"","overlay-gradient":""},"mobile":{"background-color":"","background-image":"","background-repeat":"repeat","background-position":"center center","background-size":"auto","background-attachment":"scroll","background-type":"","background-media":"","overlay-type":"","overlay-color":"","overlay-opacity":"","overlay-gradient":""}},"ast-content-background-meta":{"desktop":{"background-color":"var(--ast-global-color-5)","background-image":"","background-repeat":"repeat","background-position":"center center","background-size":"auto","background-attachment":"scroll","background-type":"","background-media":"","overlay-type":"","overlay-color":"","overlay-opacity":"","overlay-gradient":""},"tablet":{"background-color":"var(--ast-global-color-5)","background-image":"","background-repeat":"repeat","background-position":"center center","background-size":"auto","background-attachment":"scroll","background-type":"","background-media":"","overlay-type":"","overlay-color":"","overlay-opacity":"","overlay-gradient":""},"mobile":{"background-color":"var(--ast-global-color-5)","background-image":"","background-repeat":"repeat","background-position":"center center","background-size":"auto","background-attachment":"scroll","background-type":"","background-media":"","overlay-type":"","overlay-color":"","overlay-opacity":"","overlay-gradient":""}},"footnotes":""},"class_list":["post-10561","page","type-page","status-publish","hentry"],"post_mailing_queue_ids":[],"_links":{"self":[{"href":"https:\/\/agora.xtec.cat\/escolabadalonaport\/wp-json\/wp\/v2\/pages\/10561","targetHints":{"allow":["GET"]}}],"collection":[{"href":"https:\/\/agora.xtec.cat\/escolabadalonaport\/wp-json\/wp\/v2\/pages"}],"about":[{"href":"https:\/\/agora.xtec.cat\/escolabadalonaport\/wp-json\/wp\/v2\/types\/page"}],"author":[{"embeddable":true,"href":"https:\/\/agora.xtec.cat\/escolabadalonaport\/wp-json\/wp\/v2\/users\/1"}],"replies":[{"embeddable":true,"href":"https:\/\/agora.xtec.cat\/escolabadalonaport\/wp-json\/wp\/v2\/comments?post=10561"}],"version-history":[{"count":6,"href":"https:\/\/agora.xtec.cat\/escolabadalonaport\/wp-json\/wp\/v2\/pages\/10561\/revisions"}],"predecessor-version":[{"id":13375,"href":"https:\/\/agora.xtec.cat\/escolabadalonaport\/wp-json\/wp\/v2\/pages\/10561\/revisions\/13375"}],"up":[{"embeddable":true,"href":"https:\/\/agora.xtec.cat\/escolabadalonaport\/wp-json\/wp\/v2\/pages\/64"}],"wp:attachment":[{"href":"https:\/\/agora.xtec.cat\/escolabadalonaport\/wp-json\/wp\/v2\/media?parent=10561"}],"curies":[{"name":"wp","href":"https:\/\/api.w.org\/{rel}","templated":true}]}}