{"id":2896,"date":"2025-02-03T14:55:53","date_gmt":"2025-02-03T13:55:53","guid":{"rendered":"https:\/\/agora.xtec.cat\/escolaarquitectejujol\/?page_id=2896"},"modified":"2025-02-03T15:10:16","modified_gmt":"2025-02-03T14:10:16","slug":"equip-docent-24-25","status":"publish","type":"page","link":"https:\/\/agora.xtec.cat\/escolaarquitectejujol\/equip-docent-24-25\/","title":{"rendered":"Recordeu!"},"content":{"rendered":"\n<div class=\"wp-block-getwid-section alignfull alignfull getwid-section-content-custom-width\"><div class=\"wp-block-getwid-section__wrapper getwid-padding-top-large getwid-padding-bottom-large getwid-padding-left-medium getwid-padding-right-medium\" style=\"min-height:70vh\"><div class=\"wp-block-getwid-section__inner-wrapper\" style=\"max-width:740px\"><div class=\"wp-block-getwid-section__background-holder\"><div class=\"wp-block-getwid-section__background\" style=\"background-image:url('https:\/\/cgw.motopress.com\/wp-content\/uploads\/2019\/11\/background-6.jpg')\"><div class=\"wp-block-getwid-section__background-image-wrapper\"><img decoding=\"async\" class=\"wp-block-getwid-section__background-image\" src=\"https:\/\/cgw.motopress.com\/wp-content\/uploads\/2019\/11\/background-6.jpg\" alt=\"\"\/><\/div><\/div><div class=\"wp-block-getwid-section__foreground\"><\/div><\/div><div class=\"wp-block-getwid-section__content\"><div class=\"wp-block-getwid-section__inner-content\">\n<div class=\"wp-block-getwid-advanced-heading\" style=\"margin-bottom:30px;margin-top:10px\"><h2 class=\"wp-block-getwid-advanced-heading__content\" style=\"text-align:center\">Equip docent 24\/25<br><br><\/h2><\/div>\n\n\n\n<p>Per poder facilitar un contacte m\u00e9s proper amb l&#8217;equip docent, hem habilitat un correu corporatiu pels i les mestres de l&#8217;escola.&nbsp;<\/p>\n\n\n\n<p>A continuaci\u00f3, us facilitem els correus electr\u00f2nics de tot l&#8217;equip docent. Aquesta adre\u00e7a de correu serveix per contactar amb els i les mestres de l&#8217;escola en cas de necessitat, escriure dubtes o informar d&#8217;alguna situaci\u00f3 rellevant que s&#8217;hagi produ\u00eft a la fam\u00edlia i que com a escola \u00e9s important que coneguem.&nbsp;&nbsp;<\/p>\n\n\n\n<p>Recordeu: quan envieu un correu electr\u00f2nic, cal que us identifiqueu i ens indiqueu de quin infant sou pare, mare o tutor\/a legal.<\/p>\n\n\n\n<p>Moltes gr\u00e0cies!<\/p>\n<\/div><\/div><\/div><\/div><\/div>\n\n\n\n<div class=\"wp-block-getwid-section alignfull alignfull getwid-section-content-custom-width\"><div class=\"wp-block-getwid-section__wrapper getwid-padding-left-medium getwid-padding-right-medium\"><div class=\"wp-block-getwid-section__inner-wrapper\" style=\"max-width:740px\"><div class=\"wp-block-getwid-section__background-holder\"><div class=\"wp-block-getwid-section__background\"><\/div><div class=\"wp-block-getwid-section__foreground\"><\/div><\/div><div class=\"wp-block-getwid-section__content\"><div class=\"wp-block-getwid-section__inner-content\">\n<div class=\"wp-block-getwid-advanced-heading\" style=\"margin-bottom:60px;margin-top:10px\"><h2 class=\"wp-block-getwid-advanced-heading__content\" style=\"text-align:center\">Correus electr\u00f2nics de l&#8217;equip docent &#8211; curs 2024\/25:<\/h2><\/div>\n\n\n\n<pre class=\"wp-block-verse\">TUTORIES<\/pre>\n\n\n\n<details class=\"wp-block-details is-layout-flow wp-block-details-is-layout-flow\"><summary>Anna Rubio (TUTORA INFANTIL 1)<\/summary>\n<p><a href=\"mailto:annar@escolaarquitectejujol.cat\" target=\"_blank\" rel=\"noreferrer noopener\">annar@escolaarquitectejujol.cat<\/a>\u00a0<\/p>\n<\/details>\n\n\n\n<details class=\"wp-block-details is-layout-flow wp-block-details-is-layout-flow\"><summary>Gustavo Santos (TUTOR\u00a01r)<\/summary>\n<p><a href=\"mailto:gustavos@escolaarquitectejujol.cat\" target=\"_blank\" rel=\"noreferrer noopener\">gustavos@escolaarquitectejujol.cat<\/a>\u00a0<\/p>\n<\/details>\n\n\n\n<details class=\"wp-block-details is-layout-flow wp-block-details-is-layout-flow\"><summary>Mireia Segarra (TUTORA\u00a0 2n)<\/summary>\n<p><a href=\"mailto:mireias@escolaarquitectejujol.cat\" target=\"_blank\" rel=\"noreferrer noopener\">mireias@escolaarquitectejujol.cat<\/a>\u00a0<\/p>\n<\/details>\n\n\n\n<details class=\"wp-block-details is-layout-flow wp-block-details-is-layout-flow\"><summary>Sonia Medina (TUTORA\u00a03r \/ SECRET\u00c0RIA)<\/summary>\n<p><a href=\"mailto:soniam@escolaarquitectejujol.cat\" target=\"_blank\" rel=\"noreferrer noopener\">soniam@escolaarquitectejujol.cat<\/a><\/p>\n<\/details>\n\n\n\n<details class=\"wp-block-details is-layout-flow wp-block-details-is-layout-flow\"><summary>Mari Clemente (TUTORA\u00a04t)<\/summary>\n<p><a href=\"mailto:maric@escolaarquitectejujol.cat\" target=\"_blank\" rel=\"noreferrer noopener\">maric@escolaarquitectejujol.cat<\/a><\/p>\n<\/details>\n\n\n\n<details class=\"wp-block-details is-layout-flow wp-block-details-is-layout-flow\"><summary>Siscu Huertas (TUTOR 5\u00e8)<\/summary>\n<p><a href=\"mailto:siscuh@escolaarquitectejujol.cat\" target=\"_blank\" rel=\"noreferrer noopener\">siscuh@escolaarquitectejujol.cat<\/a>\u00a0<\/p>\n<\/details>\n\n\n\n<details class=\"wp-block-details is-layout-flow wp-block-details-is-layout-flow\"><summary>Carlos Iglesias (TUTOR 6\u00e8)<\/summary>\n<p><a href=\"mailto:carlosi@escolaarquitectejujol.cat\" target=\"_blank\" rel=\"noreferrer noopener\">carlosi@escolaarquitectejujol.cat<\/a>\u00a0\u00a0<\/p>\n<\/details>\n\n\n\n<pre class=\"wp-block-verse\">ESPECIALISTES<\/pre>\n\n\n\n<details class=\"wp-block-details is-layout-flow wp-block-details-is-layout-flow\"><summary>Pablo Santaf\u00e9 (ANGL\u00c8S)<\/summary>\n<p><a href=\"mailto:pablos@escolaarquitectejujol.cat\" target=\"_blank\" rel=\"noreferrer noopener\">pablos@escolaarquitectejujol.cat<\/a>\u00a0<\/p>\n<\/details>\n\n\n\n<details class=\"wp-block-details is-layout-flow wp-block-details-is-layout-flow\"><summary>Roc\u00edo Fern\u00e1ndez (EDUCACI\u00d3 ESPECIAL \/ CAP D&#8217;ESTUDIS)<\/summary>\n<p><a href=\"mailto:rociof@escolaarquitectejujol.cat\" target=\"_blank\" rel=\"noreferrer noopener\">rociof@escolaarquitectejujol.cat<\/a><\/p>\n<\/details>\n\n\n\n<details class=\"wp-block-details is-layout-flow wp-block-details-is-layout-flow\"><summary>Artur Gest\u00ed (M\u00daSICA)<\/summary>\n<p><a href=\"mailto:arturg@escolaarquitectejujol.cat\" target=\"_blank\" rel=\"noreferrer noopener\">arturg@escolaarquitectejujol.cat<\/a><\/p>\n<\/details>\n\n\n\n<details class=\"wp-block-details is-layout-flow wp-block-details-is-layout-flow\"><summary>Aurora Pelej\u00e0 (ANGL\u00c8S\/ DIRECTORA)<\/summary>\n<p><a href=\"mailto:aurorap@escolaarquitectejujol.cat\" target=\"_blank\" rel=\"noreferrer noopener\">aurorap@escolaarquitectejujol.cat<\/a>\u00a0<\/p>\n<\/details>\n\n\n\n<details class=\"wp-block-details is-layout-flow wp-block-details-is-layout-flow\"><summary>Merc\u00e8 Siliceo (RELIGI\u00d3 i TAC)<\/summary>\n<p><a href=\"mailto:mariamerces@escolaarquitectejujol.cat\" target=\"_blank\" rel=\"noreferrer noopener\">merces@escolaarquitectejujol.cat\u00a0<\/a><\/p>\n<\/details>\n\n\n\n<details class=\"wp-block-details is-layout-flow wp-block-details-is-layout-flow\"><summary>Roberto Gonz\u00e1lez (EDUCACI\u00d3 F\u00cdSICA)<\/summary>\n<p><a href=\"mailto:robertog@escolaarquitectejujol.cat\" target=\"_blank\" rel=\"noreferrer noopener\">robertog@escolaarquitectejujol.cat<\/a>\u00a0<\/p>\n<\/details>\n\n\n\n<pre class=\"wp-block-verse\">SUBSTITUTS\/ES<\/pre>\n\n\n\n<details class=\"wp-block-details is-layout-flow wp-block-details-is-layout-flow\"><summary>Jorge Herrero (TUTOR 3r)<\/summary>\n<p><a href=\"mailto:jorgeh@escolaarquitectejujol.cat\" target=\"_blank\" rel=\"noreferrer noopener\">jorgeh@escolaarquitectejujol.cat<\/a>\u00a0<\/p>\n<\/details>\n\n\n\n<details class=\"wp-block-details is-layout-flow wp-block-details-is-layout-flow\"><summary>Ares Mas (TUTORA 3r)<\/summary>\n<p><a href=\"mailto:aresm@escolaarquitectejujol.cat\" target=\"_blank\" rel=\"noreferrer noopener\">aresm@escolaarquitectejujol.cat<\/a>\u00a0<\/p>\n<\/details>\n\n\n<h2 class=\"wp-block-post-title\">Recordeu!<\/h2>\n\n\n<p>Per qualsevol consulta,\u00a0 agra\u00efment, proposta de millora, queixa o suggeriment, per q\u00fcestions relatives\u00a0<strong>al funcionament de l&#8217;escola o contactar amb l&#8217;equip directiu<\/strong>, escriviu a la seg\u00fcent adre\u00e7a:\u00a0<\/p>\n\n\n\n<p><a href=\"mailto:escolaarquitectejujol@gmail.com\" target=\"_blank\" rel=\"noreferrer noopener\">escolaarquitectejujol@gmail.com<\/a>\u00a0\u00a0<\/p>\n<\/div><\/div><\/div><\/div><\/div>\n","protected":false},"excerpt":{"rendered":"","protected":false},"author":1,"featured_media":0,"parent":0,"menu_order":0,"comment_status":"closed","ping_status":"close","template":"","meta":{"_bbp_topic_count":0,"_bbp_reply_count":0,"_bbp_total_topic_count":0,"_bbp_total_reply_count":0,"_bbp_voice_count":0,"_bbp_anonymous_reply_count":0,"_bbp_topic_count_hidden":0,"_bbp_reply_count_hidden":0,"_bbp_forum_subforum_count":0,"site-sidebar-layout":"default","site-content-layout":"","ast-site-content-layout":"default","site-content-style":"default","site-sidebar-style":"default","ast-global-header-display":"","ast-banner-title-visibility":"","ast-main-header-display":"","ast-hfb-above-header-display":"","ast-hfb-below-header-display":"","ast-hfb-mobile-header-display":"","site-post-title":"disabled","ast-breadcrumbs-content":"","ast-featured-img":"","footer-sml-layout":"","theme-transparent-header-meta":"","adv-header-id-meta":"","stick-header-meta":"","header-above-stick-meta":"","header-main-stick-meta":"","header-below-stick-meta":"","astra-migrate-meta-layouts":"set","ast-page-background-enabled":"default","ast-page-background-meta":{"desktop":{"background-color":"var(--ast-global-color-4)","background-image":"","background-repeat":"repeat","background-position":"center center","background-size":"auto","background-attachment":"scroll","background-type":"","background-media":"","overlay-type":"","overlay-color":"","overlay-opacity":"","overlay-gradient":""},"tablet":{"background-color":"","background-image":"","background-repeat":"repeat","background-position":"center center","background-size":"auto","background-attachment":"scroll","background-type":"","background-media":"","overlay-type":"","overlay-color":"","overlay-opacity":"","overlay-gradient":""},"mobile":{"background-color":"","background-image":"","background-repeat":"repeat","background-position":"center center","background-size":"auto","background-attachment":"scroll","background-type":"","background-media":"","overlay-type":"","overlay-color":"","overlay-opacity":"","overlay-gradient":""}},"ast-content-background-meta":{"desktop":{"background-color":"var(--ast-global-color-5)","background-image":"","background-repeat":"repeat","background-position":"center center","background-size":"auto","background-attachment":"scroll","background-type":"","background-media":"","overlay-type":"","overlay-color":"","overlay-opacity":"","overlay-gradient":""},"tablet":{"background-color":"var(--ast-global-color-5)","background-image":"","background-repeat":"repeat","background-position":"center center","background-size":"auto","background-attachment":"scroll","background-type":"","background-media":"","overlay-type":"","overlay-color":"","overlay-opacity":"","overlay-gradient":""},"mobile":{"background-color":"var(--ast-global-color-5)","background-image":"","background-repeat":"repeat","background-position":"center center","background-size":"auto","background-attachment":"scroll","background-type":"","background-media":"","overlay-type":"","overlay-color":"","overlay-opacity":"","overlay-gradient":""}},"footnotes":""},"class_list":["post-2896","page","type-page","status-publish","hentry"],"post_mailing_queue_ids":[],"_links":{"self":[{"href":"https:\/\/agora.xtec.cat\/escolaarquitectejujol\/wp-json\/wp\/v2\/pages\/2896","targetHints":{"allow":["GET"]}}],"collection":[{"href":"https:\/\/agora.xtec.cat\/escolaarquitectejujol\/wp-json\/wp\/v2\/pages"}],"about":[{"href":"https:\/\/agora.xtec.cat\/escolaarquitectejujol\/wp-json\/wp\/v2\/types\/page"}],"author":[{"embeddable":true,"href":"https:\/\/agora.xtec.cat\/escolaarquitectejujol\/wp-json\/wp\/v2\/users\/1"}],"replies":[{"embeddable":true,"href":"https:\/\/agora.xtec.cat\/escolaarquitectejujol\/wp-json\/wp\/v2\/comments?post=2896"}],"version-history":[{"count":5,"href":"https:\/\/agora.xtec.cat\/escolaarquitectejujol\/wp-json\/wp\/v2\/pages\/2896\/revisions"}],"predecessor-version":[{"id":2903,"href":"https:\/\/agora.xtec.cat\/escolaarquitectejujol\/wp-json\/wp\/v2\/pages\/2896\/revisions\/2903"}],"wp:attachment":[{"href":"https:\/\/agora.xtec.cat\/escolaarquitectejujol\/wp-json\/wp\/v2\/media?parent=2896"}],"curies":[{"name":"wp","href":"https:\/\/api.w.org\/{rel}","templated":true}]}}