{"id":2861,"date":"2025-01-30T15:07:51","date_gmt":"2025-01-30T14:07:51","guid":{"rendered":"https:\/\/agora.xtec.cat\/escolaarquitectejujol\/?page_id=2861"},"modified":"2025-01-30T15:40:33","modified_gmt":"2025-01-30T14:40:33","slug":"curs-2024-25","status":"publish","type":"page","link":"https:\/\/agora.xtec.cat\/escolaarquitectejujol\/curs-2024-25\/","title":{"rendered":"CURS 2024\/25"},"content":{"rendered":"\n<details class=\"wp-block-details is-layout-flow wp-block-details-is-layout-flow\"><summary>REUNIONS INICI DE CURS<\/summary>\n<p><a href=\"https:\/\/drive.google.com\/file\/d\/1fsRUKrM41dBzawLjptP5PjLiXHGy3A1A\/view\">Infantil<\/a><\/p>\n\n\n\n<p><a href=\"https:\/\/drive.google.com\/file\/d\/1LtUzBFOYjZT5qQw74G51GbcgFZap3LMy\/view\">1r<\/a><\/p>\n\n\n\n<p><a href=\"https:\/\/drive.google.com\/file\/d\/1QGI7-eez-4urEmGzedbq3jLXWISpFZ36\/view\">2n<\/a><\/p>\n\n\n\n<p><a href=\"https:\/\/drive.google.com\/file\/d\/1hhNvSen5ukY5hprKdLH5Os1AcWDr5B__\/view\">3r<\/a><\/p>\n\n\n\n<p><a href=\"https:\/\/drive.google.com\/file\/d\/1CnLRlxz57D1cGlMK-QNTFuCecIuDrm4N\/view\">4t<\/a><\/p>\n\n\n\n<p><a href=\"https:\/\/drive.google.com\/file\/d\/1HQveanuLLLWG4m8Cn1AaCbwiFQjKsLnK\/view\">5\u00e8<\/a><\/p>\n\n\n\n<p><a href=\"https:\/\/drive.google.com\/file\/d\/1hJ3ZHJSfRX8UZXmCyq5-5EcEFpXg45AM\/view\">6\u00e8<\/a><\/p>\n<\/details>\n\n\n\n<div class=\"wp-block-getwid-section alignfull alignfull getwid-section-content-custom-width\"><div class=\"wp-block-getwid-section__wrapper getwid-padding-left-medium getwid-padding-right-medium\"><div class=\"wp-block-getwid-section__inner-wrapper\" style=\"max-width:1140px\"><div class=\"wp-block-getwid-section__background-holder\"><div class=\"wp-block-getwid-section__background\"><\/div><div class=\"wp-block-getwid-section__foreground\"><\/div><\/div><div class=\"wp-block-getwid-section__content\"><div class=\"wp-block-getwid-section__inner-content\">\n<div class=\"wp-block-getwid-advanced-heading\" style=\"margin-bottom:30px;margin-top:10px\"><h2 class=\"wp-block-getwid-advanced-heading__content\" style=\"text-align:center\">ENTRADES I SORTIDES<\/h2><\/div>\n\n\n\n<div class=\"wp-block-getwid-advanced-spacer\" style=\"height:40px\" aria-hidden=\"true\"><\/div>\n\n\n\n<div class=\"wp-block-columns has-3-columns is-layout-flex wp-container-core-columns-is-layout-1 wp-block-columns-is-layout-flex\">\n<div class=\"wp-block-column is-layout-flow wp-block-column-is-layout-flow\">\n<div class=\"wp-block-getwid-person\"><div class=\"wp-block-getwid-person__image\"><img loading=\"lazy\" decoding=\"async\" width=\"1284\" height=\"953\" src=\"https:\/\/agora.xtec.cat\/escolaarquitectejujol\/wp-content\/uploads\/usu1697\/2025\/01\/Screenshot-2025-01-30-14.45.44.png\" class=\"wp-image-2863\" srcset=\"https:\/\/agora.xtec.cat\/escolaarquitectejujol\/wp-content\/uploads\/usu1697\/2025\/01\/Screenshot-2025-01-30-14.45.44.png 1284w, https:\/\/agora.xtec.cat\/escolaarquitectejujol\/wp-content\/uploads\/usu1697\/2025\/01\/Screenshot-2025-01-30-14.45.44-300x223.png 300w, https:\/\/agora.xtec.cat\/escolaarquitectejujol\/wp-content\/uploads\/usu1697\/2025\/01\/Screenshot-2025-01-30-14.45.44-1024x760.png 1024w, https:\/\/agora.xtec.cat\/escolaarquitectejujol\/wp-content\/uploads\/usu1697\/2025\/01\/Screenshot-2025-01-30-14.45.44-768x570.png 768w\" sizes=\"auto, (max-width: 1284px) 100vw, 1284px\" \/><\/div><div class=\"wp-block-getwid-person__content-wrapper\"><\/div><\/div>\n<\/div>\n\n\n\n<div class=\"wp-block-column is-layout-flow wp-block-column-is-layout-flow\">\n<div class=\"wp-block-getwid-person\"><div class=\"wp-block-getwid-person__image\"><img loading=\"lazy\" decoding=\"async\" width=\"1134\" height=\"787\" src=\"https:\/\/agora.xtec.cat\/escolaarquitectejujol\/wp-content\/uploads\/usu1697\/2025\/01\/Entrades-i-sortides-24_25.jpg\" class=\"wp-image-2862\" srcset=\"https:\/\/agora.xtec.cat\/escolaarquitectejujol\/wp-content\/uploads\/usu1697\/2025\/01\/Entrades-i-sortides-24_25.jpg 1134w, https:\/\/agora.xtec.cat\/escolaarquitectejujol\/wp-content\/uploads\/usu1697\/2025\/01\/Entrades-i-sortides-24_25-300x208.jpg 300w, https:\/\/agora.xtec.cat\/escolaarquitectejujol\/wp-content\/uploads\/usu1697\/2025\/01\/Entrades-i-sortides-24_25-1024x711.jpg 1024w, https:\/\/agora.xtec.cat\/escolaarquitectejujol\/wp-content\/uploads\/usu1697\/2025\/01\/Entrades-i-sortides-24_25-768x533.jpg 768w\" sizes=\"auto, (max-width: 1134px) 100vw, 1134px\" \/><\/div><div class=\"wp-block-getwid-person__content-wrapper\"><\/div><\/div>\n<\/div>\n<\/div>\n<\/div><\/div><\/div><\/div><\/div>\n\n\n\n<div class=\"wp-block-getwid-section alignfull alignfull getwid-section-content-custom-width\"><div class=\"wp-block-getwid-section__wrapper getwid-padding-left-medium getwid-padding-right-medium\"><div class=\"wp-block-getwid-section__inner-wrapper\" style=\"max-width:1140px\"><div class=\"wp-block-getwid-section__background-holder\"><div class=\"wp-block-getwid-section__background\"><\/div><div class=\"wp-block-getwid-section__foreground\"><\/div><\/div><div class=\"wp-block-getwid-section__content\"><div class=\"wp-block-getwid-section__inner-content\">\n<div class=\"wp-block-columns has-2-columns are-vertically-aligned-center is-layout-flex wp-container-core-columns-is-layout-2 wp-block-columns-is-layout-flex\">\n<div class=\"wp-block-column is-vertically-aligned-center is-layout-flow wp-block-column-is-layout-flow\">\n<figure class=\"wp-block-image size-large\"><a href=\"https:\/\/agora.xtec.cat\/escolaarquitectejujol\/wp-content\/uploads\/usu1697\/2025\/01\/Screenshot-2025-01-30-14.53.15.png\"><img loading=\"lazy\" decoding=\"async\" width=\"1024\" height=\"722\" src=\"https:\/\/agora.xtec.cat\/escolaarquitectejujol\/wp-content\/uploads\/usu1697\/2025\/01\/Screenshot-2025-01-30-14.53.15-1024x722.png\" alt=\"\" class=\"wp-image-2864\" srcset=\"https:\/\/agora.xtec.cat\/escolaarquitectejujol\/wp-content\/uploads\/usu1697\/2025\/01\/Screenshot-2025-01-30-14.53.15-1024x722.png 1024w, https:\/\/agora.xtec.cat\/escolaarquitectejujol\/wp-content\/uploads\/usu1697\/2025\/01\/Screenshot-2025-01-30-14.53.15-300x212.png 300w, https:\/\/agora.xtec.cat\/escolaarquitectejujol\/wp-content\/uploads\/usu1697\/2025\/01\/Screenshot-2025-01-30-14.53.15-768x542.png 768w, https:\/\/agora.xtec.cat\/escolaarquitectejujol\/wp-content\/uploads\/usu1697\/2025\/01\/Screenshot-2025-01-30-14.53.15.png 1276w\" sizes=\"auto, (max-width: 1024px) 100vw, 1024px\" \/><\/a><\/figure>\n<\/div>\n\n\n\n<div class=\"wp-block-column is-vertically-aligned-center is-layout-flow wp-block-column-is-layout-flow\">\n<div class=\"wp-block-getwid-section\"><div class=\"wp-block-getwid-section__wrapper getwid-padding-top-none getwid-padding-bottom-none getwid-padding-left-medium getwid-padding-right-none getwid-padding-mobile-left-none\"><div class=\"wp-block-getwid-section__inner-wrapper\"><div class=\"wp-block-getwid-section__background-holder\"><div class=\"wp-block-getwid-section__background\"><\/div><div class=\"wp-block-getwid-section__foreground\"><\/div><\/div><div class=\"wp-block-getwid-section__content\"><div class=\"wp-block-getwid-section__inner-content\">\n<div class=\"wp-block-getwid-advanced-heading\" style=\"margin-bottom:30px;margin-top:10px\"><h2 class=\"wp-block-getwid-advanced-heading__content\">CALENDARI I HORARIS<br><\/h2><\/div>\n\n\n\n<p><strong>Reunions inici de curs:<\/strong><\/p>\n\n\n\n<ul class=\"wp-block-list\">\n<li>Infantil:\u00a0dijous 3 d&#8217;octubre<\/li>\n\n\n\n<li>1r: dimecres 9 d&#8217;octubre<\/li>\n\n\n\n<li>2n:\u00a0 dimarts 8 d&#8217;octubre<\/li>\n\n\n\n<li>3r:\u00a0\u00a0dimarts 15\u00a0d&#8217;octubre<\/li>\n\n\n\n<li>4t: dimarts 1 d&#8217;octubre<\/li>\n\n\n\n<li>5\u00e8: dilluns 14 d&#8217;octubre<\/li>\n\n\n\n<li>6\u00e8: dimecres 2 d&#8217;octubre\u00a0<\/li>\n<\/ul>\n\n\n\n<p>Totes les reunions es duran a terme a les aules corresponents, a les 16.15 hores.\u00a0<\/p>\n\n\n\n<p><strong>HORARI&nbsp;<\/strong><\/p>\n\n\n\n<ul class=\"wp-block-list\">\n<li>Mat\u00ed: 8.30 a 12<\/li>\n\n\n\n<li>Tarda: 14.30 a 16<\/li>\n<\/ul>\n\n\n\n<p><strong>HORARI JORNADA INTENSIVA:<\/strong>&nbsp;8.30 a 12.30<\/p>\n\n\n\n<div class=\"wp-block-getwid-advanced-spacer\" style=\"height:10px\" aria-hidden=\"true\"><\/div>\n<\/div><\/div><\/div><\/div><\/div>\n<\/div>\n<\/div>\n<\/div><\/div><\/div><\/div><\/div>\n\n\n\n<h2 class=\"wp-block-heading\">AUTORITZACIONS I DOCUMENTS<\/h2>\n\n\n\n<div class=\"wp-block-columns is-layout-flex wp-container-core-columns-is-layout-3 wp-block-columns-is-layout-flex\">\n<div class=\"wp-block-column is-layout-flow wp-block-column-is-layout-flow\" style=\"flex-basis:100%\">\n<div class=\"wp-block-buttons is-content-justification-center is-layout-flex wp-container-core-buttons-is-layout-1 wp-block-buttons-is-layout-flex\">\n<div class=\"wp-block-button\"><a class=\"wp-block-button__link wp-element-button\" href=\"https:\/\/drive.google.com\/file\/d\/1oAlTAwnKebOoZ3TLcHonhxD3X7m84-uQ\/view\">Autoritzaci\u00f3 recollida habitual<\/a><\/div>\n\n\n\n<div class=\"wp-block-button\"><a class=\"wp-block-button__link wp-element-button\" href=\"http:\/\/RECOLLIDA HABITUAL MENORS EDAT\">Autoritzaci\u00f3 recollida habitual &#8211; menors d&#8217;edat<\/a><\/div>\n\n\n\n<div class=\"wp-block-button\"><a class=\"wp-block-button__link wp-element-button\" href=\"https:\/\/drive.google.com\/file\/d\/1mbp9bxD61TfGGKnI-_OAnCCZw8OskzGa\/view\">Autoritzaci\u00f3 marxar sol  (NOM\u00c9S 5\u00e8 i 6\u00e8)<\/a><\/div>\n<\/div>\n<\/div>\n<\/div>\n\n\n\n<div class=\"wp-block-group is-layout-constrained wp-block-group-is-layout-constrained\">\n<div class=\"wp-block-columns is-layout-flex wp-container-core-columns-is-layout-4 wp-block-columns-is-layout-flex\">\n<div class=\"wp-block-column is-layout-flow wp-block-column-is-layout-flow\" style=\"flex-basis:100%\">\n<div class=\"wp-block-buttons is-content-justification-center is-layout-flex wp-container-core-buttons-is-layout-2 wp-block-buttons-is-layout-flex\">\n<div class=\"wp-block-button\"><a class=\"wp-block-button__link wp-element-button\" href=\"https:\/\/drive.google.com\/file\/d\/1kJrtlrc0LzVXgYVr_u5lQqlPS4FWFp6k\/view\">Canvi religi\u00f3 &#8211; valors<\/a><\/div>\n\n\n\n<div class=\"wp-block-button\"><a class=\"wp-block-button__link wp-element-button\" href=\"https:\/\/drive.google.com\/file\/d\/12qiNHTYcj53nVzQUi2XLERf-SF_F4B5Q\/view\">\u00das serveis digitals<\/a><\/div>\n\n\n\n<div class=\"wp-block-button\"><a class=\"wp-block-button__link wp-element-button\" href=\"https:\/\/drive.google.com\/file\/d\/1ltDhAgIcXEymcwXsHQxCLBMZ9ssIrLlU\/view\">Drets imatge<\/a><\/div>\n\n\n\n<div class=\"wp-block-button\"><a class=\"wp-block-button__link wp-element-button\" href=\"https:\/\/drive.google.com\/file\/d\/1kNrMrRMFrLcBDBibK4ARaJ6W0tX2IvS1\/view\">Administraci\u00f3 medicament<\/a><\/div>\n\n\n\n<div class=\"wp-block-button\"><a class=\"wp-block-button__link wp-element-button\" href=\"https:\/\/drive.google.com\/file\/d\/19owUvtCS9u6MJu-OVmZiQrRa9PbG7vIy\/view\">Al\u00b7l\u00e8rgies i salut annex 1 <\/a><\/div>\n<\/div>\n<\/div>\n<\/div>\n<\/div>\n\n\n\n<div class=\"wp-block-columns is-layout-flex wp-container-core-columns-is-layout-5 wp-block-columns-is-layout-flex\">\n<div class=\"wp-block-column is-layout-flow wp-block-column-is-layout-flow\" style=\"flex-basis:100%\">\n<div class=\"wp-block-buttons alignwide is-content-justification-center is-layout-flex wp-container-core-buttons-is-layout-3 wp-block-buttons-is-layout-flex\">\n<div class=\"wp-block-button\"><a class=\"wp-block-button__link wp-element-button\" href=\"https:\/\/drive.google.com\/file\/d\/18SuNlbU6Gs00HjQRPX8atIClMlSVeZEz\/view\">Al\u00b7l\u00e8rgies i salut annex 2<\/a><\/div>\n\n\n\n<div class=\"wp-block-button\"><a class=\"wp-block-button__link wp-element-button\" href=\"https:\/\/drive.google.com\/file\/d\/1OWNo31p49N7SECpyzyTedDZdIiQ6Y1s2\/view\">Al\u00b7l\u00e8rgies i salut annex 4<\/a><\/div>\n<\/div>\n<\/div>\n<\/div>\n\n\n\n<div class=\"wp-block-getwid-section alignfull alignfull getwid-section-content-custom-width\"><div class=\"wp-block-getwid-section__wrapper getwid-padding-left-medium getwid-padding-right-medium\"><div class=\"wp-block-getwid-section__inner-wrapper\" style=\"max-width:1140px\"><div class=\"wp-block-getwid-section__background-holder\"><div class=\"wp-block-getwid-section__background\"><\/div><div class=\"wp-block-getwid-section__foreground\"><\/div><\/div><div class=\"wp-block-getwid-section__content\"><div class=\"wp-block-getwid-section__inner-content\">\n<div class=\"wp-block-columns has-2-columns are-vertically-aligned-center is-layout-flex wp-container-core-columns-is-layout-6 wp-block-columns-is-layout-flex\">\n<div class=\"wp-block-column is-layout-flow wp-block-column-is-layout-flow\">\n<h2 class=\"wp-block-heading\">ORGANIGRAMA<\/h2>\n\n\n\n<p><a href=\"https:\/\/docs.google.com\/document\/d\/1R19DxvxKn8Sb8wjMZ-rgx1V31Csfjn5GY4OrJKu9aUY\/edit?tab=t.0\">orgaigrama 2024-25<\/a><\/p>\n<\/div>\n\n\n\n<div class=\"wp-block-column is-layout-flow wp-block-column-is-layout-flow\">\n<h2 class=\"wp-block-heading\">AFA<\/h2>\n\n\n\n<p>Al\u00a0<a href=\"http:\/\/afaarquitectejujol.blogspot.com\/\" target=\"_blank\" rel=\"noreferrer noopener\">blog\u00a0<\/a>de l&#8217;AFA disposeu de tota la informaci\u00f3 sobre menjador, acollida, activitats extraescolars i d&#8217;altres.\u00a0<\/p>\n<\/div>\n<\/div>\n<\/div><\/div><\/div><\/div><\/div>\n","protected":false},"excerpt":{"rendered":"<p>AUTORITZACIONS I DOCUMENTS<\/p>\n","protected":false},"author":1,"featured_media":0,"parent":0,"menu_order":0,"comment_status":"closed","ping_status":"close","template":"","meta":{"_bbp_topic_count":0,"_bbp_reply_count":0,"_bbp_total_topic_count":0,"_bbp_total_reply_count":0,"_bbp_voice_count":0,"_bbp_anonymous_reply_count":0,"_bbp_topic_count_hidden":0,"_bbp_reply_count_hidden":0,"_bbp_forum_subforum_count":0,"site-sidebar-layout":"default","site-content-layout":"","ast-site-content-layout":"default","site-content-style":"default","site-sidebar-style":"default","ast-global-header-display":"","ast-banner-title-visibility":"","ast-main-header-display":"","ast-hfb-above-header-display":"","ast-hfb-below-header-display":"","ast-hfb-mobile-header-display":"","site-post-title":"","ast-breadcrumbs-content":"","ast-featured-img":"","footer-sml-layout":"","theme-transparent-header-meta":"","adv-header-id-meta":"","stick-header-meta":"","header-above-stick-meta":"","header-main-stick-meta":"","header-below-stick-meta":"","astra-migrate-meta-layouts":"set","ast-page-background-enabled":"default","ast-page-background-meta":{"desktop":{"background-color":"var(--ast-global-color-4)","background-image":"","background-repeat":"repeat","background-position":"center center","background-size":"auto","background-attachment":"scroll","background-type":"","background-media":"","overlay-type":"","overlay-color":"","overlay-opacity":"","overlay-gradient":""},"tablet":{"background-color":"","background-image":"","background-repeat":"repeat","background-position":"center center","background-size":"auto","background-attachment":"scroll","background-type":"","background-media":"","overlay-type":"","overlay-color":"","overlay-opacity":"","overlay-gradient":""},"mobile":{"background-color":"","background-image":"","background-repeat":"repeat","background-position":"center center","background-size":"auto","background-attachment":"scroll","background-type":"","background-media":"","overlay-type":"","overlay-color":"","overlay-opacity":"","overlay-gradient":""}},"ast-content-background-meta":{"desktop":{"background-color":"var(--ast-global-color-5)","background-image":"","background-repeat":"repeat","background-position":"center center","background-size":"auto","background-attachment":"scroll","background-type":"","background-media":"","overlay-type":"","overlay-color":"","overlay-opacity":"","overlay-gradient":""},"tablet":{"background-color":"var(--ast-global-color-5)","background-image":"","background-repeat":"repeat","background-position":"center center","background-size":"auto","background-attachment":"scroll","background-type":"","background-media":"","overlay-type":"","overlay-color":"","overlay-opacity":"","overlay-gradient":""},"mobile":{"background-color":"var(--ast-global-color-5)","background-image":"","background-repeat":"repeat","background-position":"center center","background-size":"auto","background-attachment":"scroll","background-type":"","background-media":"","overlay-type":"","overlay-color":"","overlay-opacity":"","overlay-gradient":""}},"footnotes":""},"class_list":["post-2861","page","type-page","status-publish","hentry"],"post_mailing_queue_ids":[],"_links":{"self":[{"href":"https:\/\/agora.xtec.cat\/escolaarquitectejujol\/wp-json\/wp\/v2\/pages\/2861","targetHints":{"allow":["GET"]}}],"collection":[{"href":"https:\/\/agora.xtec.cat\/escolaarquitectejujol\/wp-json\/wp\/v2\/pages"}],"about":[{"href":"https:\/\/agora.xtec.cat\/escolaarquitectejujol\/wp-json\/wp\/v2\/types\/page"}],"author":[{"embeddable":true,"href":"https:\/\/agora.xtec.cat\/escolaarquitectejujol\/wp-json\/wp\/v2\/users\/1"}],"replies":[{"embeddable":true,"href":"https:\/\/agora.xtec.cat\/escolaarquitectejujol\/wp-json\/wp\/v2\/comments?post=2861"}],"version-history":[{"count":6,"href":"https:\/\/agora.xtec.cat\/escolaarquitectejujol\/wp-json\/wp\/v2\/pages\/2861\/revisions"}],"predecessor-version":[{"id":2875,"href":"https:\/\/agora.xtec.cat\/escolaarquitectejujol\/wp-json\/wp\/v2\/pages\/2861\/revisions\/2875"}],"wp:attachment":[{"href":"https:\/\/agora.xtec.cat\/escolaarquitectejujol\/wp-json\/wp\/v2\/media?parent=2861"}],"curies":[{"name":"wp","href":"https:\/\/api.w.org\/{rel}","templated":true}]}}