{"id":2785,"date":"2025-01-28T15:42:54","date_gmt":"2025-01-28T14:42:54","guid":{"rendered":"https:\/\/agora.xtec.cat\/escolaarquitectejujol\/?page_id=2785"},"modified":"2025-01-28T15:55:40","modified_gmt":"2025-01-28T14:55:40","slug":"escola-de-families","status":"publish","type":"page","link":"https:\/\/agora.xtec.cat\/escolaarquitectejujol\/escola-de-families\/","title":{"rendered":"escola de families"},"content":{"rendered":"\n<div class=\"wp-block-getwid-section alignfull alignfull getwid-section-content-custom-width\"><div class=\"wp-block-getwid-section__wrapper getwid-padding-left-medium getwid-padding-right-medium\"><div class=\"wp-block-getwid-section__inner-wrapper\" style=\"max-width:1140px\"><div class=\"wp-block-getwid-section__background-holder\"><div class=\"wp-block-getwid-section__background\"><\/div><div class=\"wp-block-getwid-section__foreground\"><\/div><\/div><div class=\"wp-block-getwid-section__content\"><div class=\"wp-block-getwid-section__inner-content\">\n<div class=\"wp-block-getwid-advanced-spacer\" style=\"height:40px\" aria-hidden=\"true\"><\/div>\n\n\n\n<div class=\"wp-block-columns has-3-columns is-layout-flex wp-container-core-columns-is-layout-1 wp-block-columns-is-layout-flex\">\n<div class=\"wp-block-column is-layout-flow wp-block-column-is-layout-flow\">\n<figure class=\"wp-block-image size-full\"><a href=\"https:\/\/agora.xtec.cat\/escolaarquitectejujol\/wp-content\/uploads\/usu1697\/2025\/01\/Captura-de-pantalla-2025-01-28-152952.png\"><img loading=\"lazy\" decoding=\"async\" width=\"355\" height=\"366\" src=\"https:\/\/agora.xtec.cat\/escolaarquitectejujol\/wp-content\/uploads\/usu1697\/2025\/01\/Captura-de-pantalla-2025-01-28-152952.png\" alt=\"\" class=\"wp-image-2786\" srcset=\"https:\/\/agora.xtec.cat\/escolaarquitectejujol\/wp-content\/uploads\/usu1697\/2025\/01\/Captura-de-pantalla-2025-01-28-152952.png 355w, https:\/\/agora.xtec.cat\/escolaarquitectejujol\/wp-content\/uploads\/usu1697\/2025\/01\/Captura-de-pantalla-2025-01-28-152952-291x300.png 291w\" sizes=\"auto, (max-width: 355px) 100vw, 355px\" \/><\/a><figcaption class=\"wp-element-caption\"><a href=\"https:\/\/internetsegura.cat\/families\/?doing_wp_cron=1683022728.3367280960083007812500\" target=\"_blank\" rel=\"noreferrer noopener\">Canal per resoldre possibles conflictes o problemes derivats de l\u2019\u00fas de les noves tecnologies<\/a><\/figcaption><\/figure>\n<\/div>\n\n\n\n<div class=\"wp-block-column is-layout-flow wp-block-column-is-layout-flow\">\n<figure class=\"wp-block-image size-full\"><a href=\"https:\/\/agora.xtec.cat\/escolaarquitectejujol\/wp-content\/uploads\/usu1697\/2025\/01\/Captura-de-pantalla-2025-01-28-152958.png\"><img loading=\"lazy\" decoding=\"async\" width=\"362\" height=\"366\" src=\"https:\/\/agora.xtec.cat\/escolaarquitectejujol\/wp-content\/uploads\/usu1697\/2025\/01\/Captura-de-pantalla-2025-01-28-152958.png\" alt=\"\" class=\"wp-image-2787\" srcset=\"https:\/\/agora.xtec.cat\/escolaarquitectejujol\/wp-content\/uploads\/usu1697\/2025\/01\/Captura-de-pantalla-2025-01-28-152958.png 362w, https:\/\/agora.xtec.cat\/escolaarquitectejujol\/wp-content\/uploads\/usu1697\/2025\/01\/Captura-de-pantalla-2025-01-28-152958-297x300.png 297w\" sizes=\"auto, (max-width: 362px) 100vw, 362px\" \/><\/a><figcaption class=\"wp-element-caption\"><a href=\"https:\/\/educacio.gencat.cat\/ca\/arees-actuacio\/families\/us-tecnologies\/addiccio-pantalles\/\" target=\"_blank\" rel=\"noreferrer noopener\">Prevenci\u00f3 i detecci\u00f3 de l&#8217;assetjament i del ciberassetjament&nbsp;<\/a><\/figcaption><\/figure>\n<\/div>\n\n\n\n<div class=\"wp-block-column is-layout-flow wp-block-column-is-layout-flow\">\n<figure class=\"wp-block-image size-full\"><a href=\"https:\/\/agora.xtec.cat\/escolaarquitectejujol\/wp-content\/uploads\/usu1697\/2025\/01\/Captura-de-pantalla-2025-01-28-153007.png\"><img loading=\"lazy\" decoding=\"async\" width=\"364\" height=\"361\" src=\"https:\/\/agora.xtec.cat\/escolaarquitectejujol\/wp-content\/uploads\/usu1697\/2025\/01\/Captura-de-pantalla-2025-01-28-153007.png\" alt=\"\" class=\"wp-image-2788\" srcset=\"https:\/\/agora.xtec.cat\/escolaarquitectejujol\/wp-content\/uploads\/usu1697\/2025\/01\/Captura-de-pantalla-2025-01-28-153007.png 364w, https:\/\/agora.xtec.cat\/escolaarquitectejujol\/wp-content\/uploads\/usu1697\/2025\/01\/Captura-de-pantalla-2025-01-28-153007-300x298.png 300w, https:\/\/agora.xtec.cat\/escolaarquitectejujol\/wp-content\/uploads\/usu1697\/2025\/01\/Captura-de-pantalla-2025-01-28-153007-150x150.png 150w\" sizes=\"auto, (max-width: 364px) 100vw, 364px\" \/><\/a><figcaption class=\"wp-element-caption\"><a href=\"https:\/\/educacio.gencat.cat\/ca\/arees-actuacio\/families\/us-tecnologies\/addiccio-pantalles\/\" target=\"_blank\" rel=\"noreferrer noopener\">Prevenci\u00f3, detecci\u00f3 i acompanyament en l&#8217;addicci\u00f3 a les pantalles&nbsp;<\/a><\/figcaption><\/figure>\n<\/div>\n<\/div>\n\n\n\n<div class=\"wp-block-getwid-section alignfull alignfull getwid-section-content-custom-width\"><div class=\"wp-block-getwid-section__wrapper getwid-padding-left-medium getwid-padding-right-medium\"><div class=\"wp-block-getwid-section__inner-wrapper\" style=\"max-width:1140px\"><div class=\"wp-block-getwid-section__background-holder\"><div class=\"wp-block-getwid-section__background\"><\/div><div class=\"wp-block-getwid-section__foreground\"><\/div><\/div><div class=\"wp-block-getwid-section__content\"><div class=\"wp-block-getwid-section__inner-content\">\n<div class=\"wp-block-getwid-advanced-spacer\" style=\"height:40px\" aria-hidden=\"true\"><\/div>\n\n\n\n<div class=\"wp-block-columns has-3-columns is-layout-flex wp-container-core-columns-is-layout-2 wp-block-columns-is-layout-flex\">\n<div class=\"wp-block-column is-layout-flow wp-block-column-is-layout-flow\">\n<figure class=\"wp-block-image size-full\"><a href=\"https:\/\/agora.xtec.cat\/escolaarquitectejujol\/wp-content\/uploads\/usu1697\/2025\/01\/Captura-de-pantalla-2025-01-28-153023.png\"><img loading=\"lazy\" decoding=\"async\" width=\"368\" height=\"359\" src=\"https:\/\/agora.xtec.cat\/escolaarquitectejujol\/wp-content\/uploads\/usu1697\/2025\/01\/Captura-de-pantalla-2025-01-28-153023.png\" alt=\"\" class=\"wp-image-2789\" srcset=\"https:\/\/agora.xtec.cat\/escolaarquitectejujol\/wp-content\/uploads\/usu1697\/2025\/01\/Captura-de-pantalla-2025-01-28-153023.png 368w, https:\/\/agora.xtec.cat\/escolaarquitectejujol\/wp-content\/uploads\/usu1697\/2025\/01\/Captura-de-pantalla-2025-01-28-153023-300x293.png 300w\" sizes=\"auto, (max-width: 368px) 100vw, 368px\" \/><\/a><figcaption class=\"wp-element-caption\"><a href=\"https:\/\/educacio.gencat.cat\/ca\/arees-actuacio\/families\/us-tecnologies\/us-saludable-tecnologies\/\" target=\"_blank\" rel=\"noreferrer noopener\">\u00das saludable de les tecnologies&nbsp;<\/a><\/figcaption><\/figure>\n<\/div>\n\n\n\n<div class=\"wp-block-column is-layout-flow wp-block-column-is-layout-flow\">\n<figure class=\"wp-block-image size-full\"><a href=\"https:\/\/agora.xtec.cat\/escolaarquitectejujol\/wp-content\/uploads\/usu1697\/2025\/01\/Captura-de-pantalla-2025-01-28-153032.png\"><img loading=\"lazy\" decoding=\"async\" width=\"368\" height=\"350\" src=\"https:\/\/agora.xtec.cat\/escolaarquitectejujol\/wp-content\/uploads\/usu1697\/2025\/01\/Captura-de-pantalla-2025-01-28-153032.png\" alt=\"\" class=\"wp-image-2790\" srcset=\"https:\/\/agora.xtec.cat\/escolaarquitectejujol\/wp-content\/uploads\/usu1697\/2025\/01\/Captura-de-pantalla-2025-01-28-153032.png 368w, https:\/\/agora.xtec.cat\/escolaarquitectejujol\/wp-content\/uploads\/usu1697\/2025\/01\/Captura-de-pantalla-2025-01-28-153032-300x285.png 300w\" sizes=\"auto, (max-width: 368px) 100vw, 368px\" \/><\/a><figcaption class=\"wp-element-caption\"><a href=\"https:\/\/educacio.gencat.cat\/ca\/arees-actuacio\/families\/us-tecnologies\/xarxes-socials\/\" target=\"_blank\" rel=\"noreferrer noopener\">Xarxes socials<\/a><\/figcaption><\/figure>\n<\/div>\n\n\n\n<div class=\"wp-block-column is-layout-flow wp-block-column-is-layout-flow\">\n<figure class=\"wp-block-image size-full\"><a href=\"https:\/\/agora.xtec.cat\/escolaarquitectejujol\/wp-content\/uploads\/usu1697\/2025\/01\/Captura-de-pantalla-2025-01-28-153042.png\"><img loading=\"lazy\" decoding=\"async\" width=\"357\" height=\"358\" src=\"https:\/\/agora.xtec.cat\/escolaarquitectejujol\/wp-content\/uploads\/usu1697\/2025\/01\/Captura-de-pantalla-2025-01-28-153042.png\" alt=\"\" class=\"wp-image-2791\" srcset=\"https:\/\/agora.xtec.cat\/escolaarquitectejujol\/wp-content\/uploads\/usu1697\/2025\/01\/Captura-de-pantalla-2025-01-28-153042.png 357w, https:\/\/agora.xtec.cat\/escolaarquitectejujol\/wp-content\/uploads\/usu1697\/2025\/01\/Captura-de-pantalla-2025-01-28-153042-300x300.png 300w, https:\/\/agora.xtec.cat\/escolaarquitectejujol\/wp-content\/uploads\/usu1697\/2025\/01\/Captura-de-pantalla-2025-01-28-153042-150x150.png 150w\" sizes=\"auto, (max-width: 357px) 100vw, 357px\" \/><\/a><figcaption class=\"wp-element-caption\"><a href=\"https:\/\/www.criar.cat\/noticia\/1689\/guia-rapida-educacio-seguretat-digital-casa-escola\" target=\"_blank\" rel=\"noreferrer noopener\">Guia r\u00e0pida d&#8217;educaci\u00f3 i seguretat digital per casa ( i l&#8217;escola)<\/a><\/figcaption><\/figure>\n<\/div>\n<\/div>\n<\/div><\/div><\/div><\/div><\/div>\n\n\n\n<div class=\"wp-block-getwid-section alignfull alignfull getwid-section-content-custom-width\"><div class=\"wp-block-getwid-section__wrapper getwid-padding-left-medium getwid-padding-right-medium\"><div class=\"wp-block-getwid-section__inner-wrapper\" style=\"max-width:1140px\"><div class=\"wp-block-getwid-section__background-holder\"><div class=\"wp-block-getwid-section__background\"><\/div><div class=\"wp-block-getwid-section__foreground\"><\/div><\/div><div class=\"wp-block-getwid-section__content\"><div class=\"wp-block-getwid-section__inner-content\">\n<div class=\"wp-block-getwid-advanced-spacer\" style=\"height:40px\" aria-hidden=\"true\"><\/div>\n\n\n\n<div class=\"wp-block-columns has-3-columns is-layout-flex wp-container-core-columns-is-layout-3 wp-block-columns-is-layout-flex\">\n<div class=\"wp-block-column is-layout-flow wp-block-column-is-layout-flow\">\n<figure class=\"wp-block-image size-full\"><a href=\"https:\/\/agora.xtec.cat\/escolaarquitectejujol\/wp-content\/uploads\/usu1697\/2025\/01\/Captura-de-pantalla-2025-01-28-153051.png\"><img loading=\"lazy\" decoding=\"async\" width=\"365\" height=\"347\" src=\"https:\/\/agora.xtec.cat\/escolaarquitectejujol\/wp-content\/uploads\/usu1697\/2025\/01\/Captura-de-pantalla-2025-01-28-153051.png\" alt=\"\" class=\"wp-image-2792\" srcset=\"https:\/\/agora.xtec.cat\/escolaarquitectejujol\/wp-content\/uploads\/usu1697\/2025\/01\/Captura-de-pantalla-2025-01-28-153051.png 365w, https:\/\/agora.xtec.cat\/escolaarquitectejujol\/wp-content\/uploads\/usu1697\/2025\/01\/Captura-de-pantalla-2025-01-28-153051-300x285.png 300w\" sizes=\"auto, (max-width: 365px) 100vw, 365px\" \/><\/a><figcaption class=\"wp-element-caption\"><a href=\"https:\/\/www.criar.cat\/noticia\/1569\/que-es-el-grooming-i-com-podem-les-families-prevenirlo?rlc=sf\" target=\"_blank\" rel=\"noreferrer noopener\">Claus per prevenir el ciberassetjament a les xarxes socials<\/a><\/figcaption><\/figure>\n<\/div>\n\n\n\n<div class=\"wp-block-column is-layout-flow wp-block-column-is-layout-flow\">\n<figure class=\"wp-block-image size-full\"><a href=\"https:\/\/agora.xtec.cat\/escolaarquitectejujol\/wp-content\/uploads\/usu1697\/2025\/01\/Captura-de-pantalla-2025-01-28-153100.png\"><img loading=\"lazy\" decoding=\"async\" width=\"363\" height=\"363\" src=\"https:\/\/agora.xtec.cat\/escolaarquitectejujol\/wp-content\/uploads\/usu1697\/2025\/01\/Captura-de-pantalla-2025-01-28-153100.png\" alt=\"\" class=\"wp-image-2793\" srcset=\"https:\/\/agora.xtec.cat\/escolaarquitectejujol\/wp-content\/uploads\/usu1697\/2025\/01\/Captura-de-pantalla-2025-01-28-153100.png 363w, https:\/\/agora.xtec.cat\/escolaarquitectejujol\/wp-content\/uploads\/usu1697\/2025\/01\/Captura-de-pantalla-2025-01-28-153100-300x300.png 300w, https:\/\/agora.xtec.cat\/escolaarquitectejujol\/wp-content\/uploads\/usu1697\/2025\/01\/Captura-de-pantalla-2025-01-28-153100-150x150.png 150w\" sizes=\"auto, (max-width: 363px) 100vw, 363px\" \/><\/a><figcaption class=\"wp-element-caption\"><a href=\"https:\/\/criatures.ara.cat\/adolescencia\/mobil_130_4805273.html\" target=\"_blank\" rel=\"noreferrer noopener\">Com ha de ser el primer m\u00f2bil?<\/a><\/figcaption><\/figure>\n<\/div>\n\n\n\n<div class=\"wp-block-column is-layout-flow wp-block-column-is-layout-flow\">\n<figure class=\"wp-block-image\"><img loading=\"lazy\" decoding=\"async\" width=\"362\" height=\"352\" src=\"https:\/\/agora.xtec.cat\/escolaarquitectejujol\/wp-content\/uploads\/usu1697\/2025\/01\/Captura-de-pantalla-2025-01-28-153109.png\" alt=\"\" class=\"wp-image-2794\" srcset=\"https:\/\/agora.xtec.cat\/escolaarquitectejujol\/wp-content\/uploads\/usu1697\/2025\/01\/Captura-de-pantalla-2025-01-28-153109.png 362w, https:\/\/agora.xtec.cat\/escolaarquitectejujol\/wp-content\/uploads\/usu1697\/2025\/01\/Captura-de-pantalla-2025-01-28-153109-300x292.png 300w\" sizes=\"auto, (max-width: 362px) 100vw, 362px\" \/><figcaption class=\"wp-element-caption\"><a href=\"https:\/\/www.youtube.com\/watch?v=bYiWW8yu3kQ\" target=\"_blank\" rel=\"noreferrer noopener\">Consells per tenir cura de l&#8217;ordinador<\/a><\/figcaption><\/figure>\n<\/div>\n<\/div>\n<\/div><\/div><\/div><\/div><\/div>\n\n\n\n<div class=\"wp-block-getwid-section alignfull alignfull getwid-section-content-custom-width\"><div class=\"wp-block-getwid-section__wrapper getwid-padding-left-medium getwid-padding-right-medium\"><div class=\"wp-block-getwid-section__inner-wrapper\" style=\"max-width:1140px\"><div class=\"wp-block-getwid-section__background-holder\"><div class=\"wp-block-getwid-section__background\"><\/div><div class=\"wp-block-getwid-section__foreground\"><\/div><\/div><div class=\"wp-block-getwid-section__content\"><div class=\"wp-block-getwid-section__inner-content\">\n<div class=\"wp-block-getwid-advanced-spacer\" style=\"height:40px\" aria-hidden=\"true\"><\/div>\n\n\n\n<div class=\"wp-block-columns has-3-columns is-layout-flex wp-container-core-columns-is-layout-4 wp-block-columns-is-layout-flex\">\n<div class=\"wp-block-column is-layout-flow wp-block-column-is-layout-flow\">\n<figure class=\"wp-block-image size-full\"><a href=\"https:\/\/agora.xtec.cat\/escolaarquitectejujol\/wp-content\/uploads\/usu1697\/2025\/01\/Captura-de-pantalla-2025-01-28-153123.png\"><img loading=\"lazy\" decoding=\"async\" width=\"364\" height=\"371\" src=\"https:\/\/agora.xtec.cat\/escolaarquitectejujol\/wp-content\/uploads\/usu1697\/2025\/01\/Captura-de-pantalla-2025-01-28-153123.png\" alt=\"\" class=\"wp-image-2795\" srcset=\"https:\/\/agora.xtec.cat\/escolaarquitectejujol\/wp-content\/uploads\/usu1697\/2025\/01\/Captura-de-pantalla-2025-01-28-153123.png 364w, https:\/\/agora.xtec.cat\/escolaarquitectejujol\/wp-content\/uploads\/usu1697\/2025\/01\/Captura-de-pantalla-2025-01-28-153123-294x300.png 294w\" sizes=\"auto, (max-width: 364px) 100vw, 364px\" \/><\/a><figcaption class=\"wp-element-caption\"><a href=\"https:\/\/drive.google.com\/file\/d\/1ZWcW-dySxAEMDRkEST9eVA3bNfAyzxps\/view\" target=\"_blank\" rel=\"noreferrer noopener\">Com i quan introduir l&#8217;\u00fas del primer m\u00f2bil dels fills i filles?<\/a><\/figcaption><\/figure>\n<\/div>\n\n\n\n<div class=\"wp-block-column is-layout-flow wp-block-column-is-layout-flow\">\n<figure class=\"wp-block-image size-full\"><a href=\"https:\/\/agora.xtec.cat\/escolaarquitectejujol\/wp-content\/uploads\/usu1697\/2025\/01\/Captura-de-pantalla-2025-01-28-153132.png\"><img loading=\"lazy\" decoding=\"async\" width=\"360\" height=\"353\" src=\"https:\/\/agora.xtec.cat\/escolaarquitectejujol\/wp-content\/uploads\/usu1697\/2025\/01\/Captura-de-pantalla-2025-01-28-153132.png\" alt=\"\" class=\"wp-image-2796\" srcset=\"https:\/\/agora.xtec.cat\/escolaarquitectejujol\/wp-content\/uploads\/usu1697\/2025\/01\/Captura-de-pantalla-2025-01-28-153132.png 360w, https:\/\/agora.xtec.cat\/escolaarquitectejujol\/wp-content\/uploads\/usu1697\/2025\/01\/Captura-de-pantalla-2025-01-28-153132-300x294.png 300w\" sizes=\"auto, (max-width: 360px) 100vw, 360px\" \/><\/a><figcaption class=\"wp-element-caption\"><a href=\"https:\/\/criatures.ara.cat\/familia\/front-comu-escoles-families-endarrerir-mobil-fins-als-16-anys_130_4823753.html?mrfhud=true\" target=\"_blank\" rel=\"noreferrer noopener\">Front com\u00fa de les escoles i fam\u00edlies per endarrerir el primer m\u00f2bil als 16 anys<\/a><\/figcaption><\/figure>\n<\/div>\n\n\n\n<div class=\"wp-block-column is-layout-flow wp-block-column-is-layout-flow\"><\/div>\n<\/div>\n<\/div><\/div><\/div><\/div><\/div>\n<\/div><\/div><\/div><\/div><\/div>\n","protected":false},"excerpt":{"rendered":"","protected":false},"author":1,"featured_media":0,"parent":0,"menu_order":0,"comment_status":"closed","ping_status":"close","template":"","meta":{"_bbp_topic_count":0,"_bbp_reply_count":0,"_bbp_total_topic_count":0,"_bbp_total_reply_count":0,"_bbp_voice_count":0,"_bbp_anonymous_reply_count":0,"_bbp_topic_count_hidden":0,"_bbp_reply_count_hidden":0,"_bbp_forum_subforum_count":0,"site-sidebar-layout":"default","site-content-layout":"","ast-site-content-layout":"default","site-content-style":"default","site-sidebar-style":"default","ast-global-header-display":"","ast-banner-title-visibility":"","ast-main-header-display":"","ast-hfb-above-header-display":"","ast-hfb-below-header-display":"","ast-hfb-mobile-header-display":"","site-post-title":"disabled","ast-breadcrumbs-content":"","ast-featured-img":"","footer-sml-layout":"","theme-transparent-header-meta":"","adv-header-id-meta":"","stick-header-meta":"","header-above-stick-meta":"","header-main-stick-meta":"","header-below-stick-meta":"","astra-migrate-meta-layouts":"set","ast-page-background-enabled":"default","ast-page-background-meta":{"desktop":{"background-color":"var(--ast-global-color-4)","background-image":"","background-repeat":"repeat","background-position":"center center","background-size":"auto","background-attachment":"scroll","background-type":"","background-media":"","overlay-type":"","overlay-color":"","overlay-opacity":"","overlay-gradient":""},"tablet":{"background-color":"","background-image":"","background-repeat":"repeat","background-position":"center center","background-size":"auto","background-attachment":"scroll","background-type":"","background-media":"","overlay-type":"","overlay-color":"","overlay-opacity":"","overlay-gradient":""},"mobile":{"background-color":"","background-image":"","background-repeat":"repeat","background-position":"center center","background-size":"auto","background-attachment":"scroll","background-type":"","background-media":"","overlay-type":"","overlay-color":"","overlay-opacity":"","overlay-gradient":""}},"ast-content-background-meta":{"desktop":{"background-color":"var(--ast-global-color-5)","background-image":"","background-repeat":"repeat","background-position":"center center","background-size":"auto","background-attachment":"scroll","background-type":"","background-media":"","overlay-type":"","overlay-color":"","overlay-opacity":"","overlay-gradient":""},"tablet":{"background-color":"var(--ast-global-color-5)","background-image":"","background-repeat":"repeat","background-position":"center center","background-size":"auto","background-attachment":"scroll","background-type":"","background-media":"","overlay-type":"","overlay-color":"","overlay-opacity":"","overlay-gradient":""},"mobile":{"background-color":"var(--ast-global-color-5)","background-image":"","background-repeat":"repeat","background-position":"center center","background-size":"auto","background-attachment":"scroll","background-type":"","background-media":"","overlay-type":"","overlay-color":"","overlay-opacity":"","overlay-gradient":""}},"footnotes":""},"class_list":["post-2785","page","type-page","status-publish","hentry"],"post_mailing_queue_ids":[],"_links":{"self":[{"href":"https:\/\/agora.xtec.cat\/escolaarquitectejujol\/wp-json\/wp\/v2\/pages\/2785","targetHints":{"allow":["GET"]}}],"collection":[{"href":"https:\/\/agora.xtec.cat\/escolaarquitectejujol\/wp-json\/wp\/v2\/pages"}],"about":[{"href":"https:\/\/agora.xtec.cat\/escolaarquitectejujol\/wp-json\/wp\/v2\/types\/page"}],"author":[{"embeddable":true,"href":"https:\/\/agora.xtec.cat\/escolaarquitectejujol\/wp-json\/wp\/v2\/users\/1"}],"replies":[{"embeddable":true,"href":"https:\/\/agora.xtec.cat\/escolaarquitectejujol\/wp-json\/wp\/v2\/comments?post=2785"}],"version-history":[{"count":2,"href":"https:\/\/agora.xtec.cat\/escolaarquitectejujol\/wp-json\/wp\/v2\/pages\/2785\/revisions"}],"predecessor-version":[{"id":2809,"href":"https:\/\/agora.xtec.cat\/escolaarquitectejujol\/wp-json\/wp\/v2\/pages\/2785\/revisions\/2809"}],"wp:attachment":[{"href":"https:\/\/agora.xtec.cat\/escolaarquitectejujol\/wp-json\/wp\/v2\/media?parent=2785"}],"curies":[{"name":"wp","href":"https:\/\/api.w.org\/{rel}","templated":true}]}}