{"id":2745,"date":"2025-01-28T14:46:39","date_gmt":"2025-01-28T13:46:39","guid":{"rendered":"https:\/\/agora.xtec.cat\/escolaarquitectejujol\/?page_id=2745"},"modified":"2025-01-28T15:56:38","modified_gmt":"2025-01-28T14:56:38","slug":"2745-2","status":"publish","type":"page","link":"https:\/\/agora.xtec.cat\/escolaarquitectejujol\/2745-2\/","title":{"rendered":"diagnosi"},"content":{"rendered":"\n<figure class=\"wp-block-image size-large is-resized\"><a href=\"https:\/\/agora.xtec.cat\/escolaarquitectejujol\/wp-content\/uploads\/usu1697\/2025\/01\/image-22.png\"><img loading=\"lazy\" decoding=\"async\" width=\"1024\" height=\"379\" src=\"https:\/\/agora.xtec.cat\/escolaarquitectejujol\/wp-content\/uploads\/usu1697\/2025\/01\/image-22-1024x379.png\" alt=\"\" class=\"wp-image-2746\" style=\"width:957px;height:auto\" srcset=\"https:\/\/agora.xtec.cat\/escolaarquitectejujol\/wp-content\/uploads\/usu1697\/2025\/01\/image-22-1024x379.png 1024w, https:\/\/agora.xtec.cat\/escolaarquitectejujol\/wp-content\/uploads\/usu1697\/2025\/01\/image-22-300x111.png 300w, https:\/\/agora.xtec.cat\/escolaarquitectejujol\/wp-content\/uploads\/usu1697\/2025\/01\/image-22-768x284.png 768w, https:\/\/agora.xtec.cat\/escolaarquitectejujol\/wp-content\/uploads\/usu1697\/2025\/01\/image-22-1536x569.png 1536w, https:\/\/agora.xtec.cat\/escolaarquitectejujol\/wp-content\/uploads\/usu1697\/2025\/01\/image-22.png 1899w\" sizes=\"auto, (max-width: 1024px) 100vw, 1024px\" \/><\/a><\/figure>\n\n\n\n<p>Per tal de realitzar la diagnosi, la comissi\u00f3 digital del centre ha dut a terme les seg\u00fcents accions amb l&#8217;objectiu d&#8217;identificar els punts forts que l&#8217;escola ja est\u00e0 aplicant correctament i tots aquells que \u00e9s necessari millorar.&nbsp;<\/p>\n\n\n\n<ul class=\"wp-block-list\">\n<li>Enquesta a les\u00a0<strong>fam\u00edlies<\/strong>\u00a0a trav\u00e9s del\u00a0<strong>formulari de Google<\/strong>.<\/li>\n\n\n\n<li>Enquesta a\u00a0<strong>l&#8217;equip de mestres\u00a0<\/strong>de l&#8217;escola a trav\u00e9s de\u00a0<strong>l&#8217;eina Selfie.<\/strong><\/li>\n\n\n\n<li>Enquesta a<strong>\u00a0l&#8217;equip directiu<\/strong>\u00a0a trav\u00e9s de<strong>\u00a0l&#8217;eina Selfie.<\/strong><\/li>\n\n\n\n<li>Enquesta a\u00a0<strong>l&#8217;alumnat de 4t fins a 6\u00e8 de prim\u00e0ria<\/strong>\u00a0a trav\u00e9s de<strong>\u00a0l&#8217;eina Selfie.\u00a0<\/strong><\/li>\n<\/ul>\n\n\n\n<p>Una vegada realitzades les enquestes amb el seg\u00fcent grau de participaci\u00f3:<\/p>\n\n\n\n<figure class=\"wp-block-image size-large\"><a href=\"https:\/\/agora.xtec.cat\/escolaarquitectejujol\/wp-content\/uploads\/usu1697\/2025\/01\/image-23.png\"><img loading=\"lazy\" decoding=\"async\" width=\"1024\" height=\"334\" src=\"https:\/\/agora.xtec.cat\/escolaarquitectejujol\/wp-content\/uploads\/usu1697\/2025\/01\/image-23-1024x334.png\" alt=\"\" class=\"wp-image-2747\" srcset=\"https:\/\/agora.xtec.cat\/escolaarquitectejujol\/wp-content\/uploads\/usu1697\/2025\/01\/image-23-1024x334.png 1024w, https:\/\/agora.xtec.cat\/escolaarquitectejujol\/wp-content\/uploads\/usu1697\/2025\/01\/image-23-300x98.png 300w, https:\/\/agora.xtec.cat\/escolaarquitectejujol\/wp-content\/uploads\/usu1697\/2025\/01\/image-23-768x250.png 768w, https:\/\/agora.xtec.cat\/escolaarquitectejujol\/wp-content\/uploads\/usu1697\/2025\/01\/image-23.png 1280w\" sizes=\"auto, (max-width: 1024px) 100vw, 1024px\" \/><\/a><\/figure>\n","protected":false},"excerpt":{"rendered":"<p>Per tal de realitzar la diagnosi, la comissi\u00f3 digital del centre ha dut a terme les seg\u00fcents accions amb l&#8217;objectiu [&hellip;]<\/p>\n","protected":false},"author":1,"featured_media":0,"parent":0,"menu_order":0,"comment_status":"closed","ping_status":"close","template":"","meta":{"_bbp_topic_count":0,"_bbp_reply_count":0,"_bbp_total_topic_count":0,"_bbp_total_reply_count":0,"_bbp_voice_count":0,"_bbp_anonymous_reply_count":0,"_bbp_topic_count_hidden":0,"_bbp_reply_count_hidden":0,"_bbp_forum_subforum_count":0,"site-sidebar-layout":"default","site-content-layout":"","ast-site-content-layout":"default","site-content-style":"default","site-sidebar-style":"default","ast-global-header-display":"","ast-banner-title-visibility":"","ast-main-header-display":"","ast-hfb-above-header-display":"","ast-hfb-below-header-display":"","ast-hfb-mobile-header-display":"","site-post-title":"disabled","ast-breadcrumbs-content":"","ast-featured-img":"","footer-sml-layout":"","theme-transparent-header-meta":"","adv-header-id-meta":"","stick-header-meta":"","header-above-stick-meta":"","header-main-stick-meta":"","header-below-stick-meta":"","astra-migrate-meta-layouts":"set","ast-page-background-enabled":"default","ast-page-background-meta":{"desktop":{"background-color":"var(--ast-global-color-4)","background-image":"","background-repeat":"repeat","background-position":"center center","background-size":"auto","background-attachment":"scroll","background-type":"","background-media":"","overlay-type":"","overlay-color":"","overlay-opacity":"","overlay-gradient":""},"tablet":{"background-color":"","background-image":"","background-repeat":"repeat","background-position":"center center","background-size":"auto","background-attachment":"scroll","background-type":"","background-media":"","overlay-type":"","overlay-color":"","overlay-opacity":"","overlay-gradient":""},"mobile":{"background-color":"","background-image":"","background-repeat":"repeat","background-position":"center center","background-size":"auto","background-attachment":"scroll","background-type":"","background-media":"","overlay-type":"","overlay-color":"","overlay-opacity":"","overlay-gradient":""}},"ast-content-background-meta":{"desktop":{"background-color":"var(--ast-global-color-5)","background-image":"","background-repeat":"repeat","background-position":"center center","background-size":"auto","background-attachment":"scroll","background-type":"","background-media":"","overlay-type":"","overlay-color":"","overlay-opacity":"","overlay-gradient":""},"tablet":{"background-color":"var(--ast-global-color-5)","background-image":"","background-repeat":"repeat","background-position":"center center","background-size":"auto","background-attachment":"scroll","background-type":"","background-media":"","overlay-type":"","overlay-color":"","overlay-opacity":"","overlay-gradient":""},"mobile":{"background-color":"var(--ast-global-color-5)","background-image":"","background-repeat":"repeat","background-position":"center center","background-size":"auto","background-attachment":"scroll","background-type":"","background-media":"","overlay-type":"","overlay-color":"","overlay-opacity":"","overlay-gradient":""}},"footnotes":""},"class_list":["post-2745","page","type-page","status-publish","hentry"],"post_mailing_queue_ids":[],"_links":{"self":[{"href":"https:\/\/agora.xtec.cat\/escolaarquitectejujol\/wp-json\/wp\/v2\/pages\/2745","targetHints":{"allow":["GET"]}}],"collection":[{"href":"https:\/\/agora.xtec.cat\/escolaarquitectejujol\/wp-json\/wp\/v2\/pages"}],"about":[{"href":"https:\/\/agora.xtec.cat\/escolaarquitectejujol\/wp-json\/wp\/v2\/types\/page"}],"author":[{"embeddable":true,"href":"https:\/\/agora.xtec.cat\/escolaarquitectejujol\/wp-json\/wp\/v2\/users\/1"}],"replies":[{"embeddable":true,"href":"https:\/\/agora.xtec.cat\/escolaarquitectejujol\/wp-json\/wp\/v2\/comments?post=2745"}],"version-history":[{"count":2,"href":"https:\/\/agora.xtec.cat\/escolaarquitectejujol\/wp-json\/wp\/v2\/pages\/2745\/revisions"}],"predecessor-version":[{"id":2779,"href":"https:\/\/agora.xtec.cat\/escolaarquitectejujol\/wp-json\/wp\/v2\/pages\/2745\/revisions\/2779"}],"wp:attachment":[{"href":"https:\/\/agora.xtec.cat\/escolaarquitectejujol\/wp-json\/wp\/v2\/media?parent=2745"}],"curies":[{"name":"wp","href":"https:\/\/api.w.org\/{rel}","templated":true}]}}