{"id":2733,"date":"2025-01-27T15:48:24","date_gmt":"2025-01-27T14:48:24","guid":{"rendered":"https:\/\/agora.xtec.cat\/escolaarquitectejujol\/?page_id=2733"},"modified":"2025-01-27T15:48:24","modified_gmt":"2025-01-27T14:48:24","slug":"serveis","status":"publish","type":"page","link":"https:\/\/agora.xtec.cat\/escolaarquitectejujol\/serveis\/","title":{"rendered":"Serveis"},"content":{"rendered":"\n<figure class=\"wp-block-image size-large\"><a href=\"https:\/\/agora.xtec.cat\/escolaarquitectejujol\/wp-content\/uploads\/usu1697\/2025\/01\/image-16.png\"><img loading=\"lazy\" decoding=\"async\" width=\"1024\" height=\"319\" src=\"https:\/\/agora.xtec.cat\/escolaarquitectejujol\/wp-content\/uploads\/usu1697\/2025\/01\/image-16-1024x319.png\" alt=\"\" class=\"wp-image-2734\" srcset=\"https:\/\/agora.xtec.cat\/escolaarquitectejujol\/wp-content\/uploads\/usu1697\/2025\/01\/image-16-1024x319.png 1024w, https:\/\/agora.xtec.cat\/escolaarquitectejujol\/wp-content\/uploads\/usu1697\/2025\/01\/image-16-300x94.png 300w, https:\/\/agora.xtec.cat\/escolaarquitectejujol\/wp-content\/uploads\/usu1697\/2025\/01\/image-16-768x240.png 768w, https:\/\/agora.xtec.cat\/escolaarquitectejujol\/wp-content\/uploads\/usu1697\/2025\/01\/image-16-1536x479.png 1536w, https:\/\/agora.xtec.cat\/escolaarquitectejujol\/wp-content\/uploads\/usu1697\/2025\/01\/image-16-2048x639.png 2048w\" sizes=\"auto, (max-width: 1024px) 100vw, 1024px\" \/><\/a><\/figure>\n\n\n\n<div class=\"wp-block-getwid-section alignfull alignfull getwid-section-content-custom-width\"><div class=\"wp-block-getwid-section__wrapper getwid-padding-top-large getwid-padding-bottom-large getwid-padding-left-medium getwid-padding-right-medium\"><div class=\"wp-block-getwid-section__inner-wrapper\" style=\"max-width:1140px\"><div class=\"wp-block-getwid-section__background-holder\"><div class=\"wp-block-getwid-section__background\" style=\"background-image:url('https:\/\/cgw.motopress.com\/wp-content\/uploads\/2019\/11\/background-11.jpg')\"><div class=\"wp-block-getwid-section__background-image-wrapper\"><img decoding=\"async\" class=\"wp-block-getwid-section__background-image\" src=\"https:\/\/cgw.motopress.com\/wp-content\/uploads\/2019\/11\/background-11.jpg\" alt=\"\"\/><\/div><\/div><div class=\"wp-block-getwid-section__foreground\" style=\"opacity:0.7;background-color:#ffffff\"><\/div><\/div><div class=\"wp-block-getwid-section__content\"><div class=\"wp-block-getwid-section__inner-content\">\n<div class=\"wp-block-getwid-advanced-spacer\" style=\"height:50px\" aria-hidden=\"true\"><\/div>\n\n\n\n<div class=\"wp-block-columns has-2-columns is-layout-flex wp-container-core-columns-is-layout-1 wp-block-columns-is-layout-flex\">\n<div class=\"wp-block-column is-layout-flow wp-block-column-is-layout-flow\">\n<p><strong>HARDWARE<\/strong><\/p>\n\n\n\n<p>L&#8217;escola disposa de divers\u00a0<strong>equipament inform\u00e0tic<\/strong>:<\/p>\n\n\n\n<ul class=\"wp-block-list\">\n<li>Ordinadors de sobretaula a totes les aules, despatxos i sala de mestres.\u00a0<\/li>\n\n\n\n<li>Ordinadors port\u00e0tils i tauletes digitals.<\/li>\n\n\n\n<li>Carret\u00f3 de c\u00e0rrega de dispositius.\u00a0<\/li>\n\n\n\n<li>Connexi\u00f3 LAN i Wi-Fi a tot el centre.\u00a0<\/li>\n\n\n\n<li>Pissarres interactives a gaireb\u00e9 totes les aules.\u00a0\u00a0<\/li>\n\n\n\n<li>Impressora i esc\u00e0ner.\u00a0<\/li>\n<\/ul>\n\n\n\n<p><strong>Dotaci\u00f3&nbsp;<\/strong>per part del&nbsp;<strong>Departament&nbsp;<\/strong>d&#8217;Educaci\u00f3:<\/p>\n\n\n\n<ul class=\"wp-block-list\">\n<li>Ordinador port\u00e0til per l&#8217;alumnat de cicle superior i el claustre.\u00a0<\/li>\n<\/ul>\n<\/div>\n\n\n\n<div class=\"wp-block-column is-layout-flow wp-block-column-is-layout-flow\">\n<p><strong>SOFTWARE<\/strong><\/p>\n\n\n\n<p>En refer\u00e8ncia al\u00a0<strong>software\u00a0<\/strong>utilitzat al centre destaquem principalment l&#8217;equipament de\u00a0<strong>GSuite\u00a0<\/strong>amb el domini personalitzat de l&#8217;escola (<strong>@escolaarquitectejujol<\/strong>) per tal de afavorir la comunicaci\u00f3 entre el claustre i les fam\u00edlies, transferir documentaci\u00f3, connexi\u00f3 telem\u00e0tica, organitzaci\u00f3 de reunions, etc .\u00a0<\/p>\n\n\n\n<ul class=\"wp-block-list\">\n<li><strong>Gmail:<\/strong>\u00a0Comunicaci\u00f3 de la comunitat educativa.<\/li>\n\n\n\n<li><strong>Drive:<\/strong>\u00a0Emmagatzematge d&#8217;informaci\u00f3.<\/li>\n\n\n\n<li><strong>Calendar:<\/strong>\u00a0Organitzaci\u00f3 de reunions, sortides, festivitat&#8230;\u00a0<\/li>\n\n\n\n<li><strong>Meet:<\/strong>\u00a0Connexi\u00f3 entre els diferents membres de la comunitat educativa.\u00a0<\/li>\n\n\n\n<li><strong>Classroom:\u00a0<\/strong>Ensenyament\/aprenentatge.\u00a0<\/li>\n\n\n\n<li><strong>Fotos:<\/strong>\u00a0Emmagatzematge de les fotografies realitzades al centre.\u00a0<\/li>\n\n\n\n<li><strong>Full\u00a0<\/strong>de\u00a0<strong>c\u00e0lcul<\/strong>\u00a0i\u00a0<strong>documents<\/strong>.<\/li>\n\n\n\n<li><strong>Formularis<\/strong>.\u00a0<\/li>\n<\/ul>\n<\/div>\n<\/div>\n\n\n\n<div class=\"wp-block-columns has-2-columns is-layout-flex wp-container-core-columns-is-layout-2 wp-block-columns-is-layout-flex\">\n<div class=\"wp-block-column is-layout-flow wp-block-column-is-layout-flow\"><\/div>\n\n\n\n<div class=\"wp-block-column is-layout-flow wp-block-column-is-layout-flow\"><\/div>\n<\/div>\n\n\n\n<div class=\"wp-block-getwid-advanced-spacer\" style=\"height:20px\" aria-hidden=\"true\"><\/div>\n<\/div><\/div><\/div><\/div><\/div>\n","protected":false},"excerpt":{"rendered":"","protected":false},"author":1,"featured_media":0,"parent":0,"menu_order":0,"comment_status":"closed","ping_status":"close","template":"","meta":{"_bbp_topic_count":0,"_bbp_reply_count":0,"_bbp_total_topic_count":0,"_bbp_total_reply_count":0,"_bbp_voice_count":0,"_bbp_anonymous_reply_count":0,"_bbp_topic_count_hidden":0,"_bbp_reply_count_hidden":0,"_bbp_forum_subforum_count":0,"site-sidebar-layout":"default","site-content-layout":"","ast-site-content-layout":"default","site-content-style":"default","site-sidebar-style":"default","ast-global-header-display":"","ast-banner-title-visibility":"","ast-main-header-display":"","ast-hfb-above-header-display":"","ast-hfb-below-header-display":"","ast-hfb-mobile-header-display":"","site-post-title":"","ast-breadcrumbs-content":"","ast-featured-img":"","footer-sml-layout":"","theme-transparent-header-meta":"","adv-header-id-meta":"","stick-header-meta":"","header-above-stick-meta":"","header-main-stick-meta":"","header-below-stick-meta":"","astra-migrate-meta-layouts":"set","ast-page-background-enabled":"default","ast-page-background-meta":{"desktop":{"background-color":"var(--ast-global-color-4)","background-image":"","background-repeat":"repeat","background-position":"center center","background-size":"auto","background-attachment":"scroll","background-type":"","background-media":"","overlay-type":"","overlay-color":"","overlay-opacity":"","overlay-gradient":""},"tablet":{"background-color":"","background-image":"","background-repeat":"repeat","background-position":"center center","background-size":"auto","background-attachment":"scroll","background-type":"","background-media":"","overlay-type":"","overlay-color":"","overlay-opacity":"","overlay-gradient":""},"mobile":{"background-color":"","background-image":"","background-repeat":"repeat","background-position":"center center","background-size":"auto","background-attachment":"scroll","background-type":"","background-media":"","overlay-type":"","overlay-color":"","overlay-opacity":"","overlay-gradient":""}},"ast-content-background-meta":{"desktop":{"background-color":"var(--ast-global-color-5)","background-image":"","background-repeat":"repeat","background-position":"center center","background-size":"auto","background-attachment":"scroll","background-type":"","background-media":"","overlay-type":"","overlay-color":"","overlay-opacity":"","overlay-gradient":""},"tablet":{"background-color":"var(--ast-global-color-5)","background-image":"","background-repeat":"repeat","background-position":"center center","background-size":"auto","background-attachment":"scroll","background-type":"","background-media":"","overlay-type":"","overlay-color":"","overlay-opacity":"","overlay-gradient":""},"mobile":{"background-color":"var(--ast-global-color-5)","background-image":"","background-repeat":"repeat","background-position":"center center","background-size":"auto","background-attachment":"scroll","background-type":"","background-media":"","overlay-type":"","overlay-color":"","overlay-opacity":"","overlay-gradient":""}},"footnotes":""},"class_list":["post-2733","page","type-page","status-publish","hentry"],"post_mailing_queue_ids":[],"_links":{"self":[{"href":"https:\/\/agora.xtec.cat\/escolaarquitectejujol\/wp-json\/wp\/v2\/pages\/2733","targetHints":{"allow":["GET"]}}],"collection":[{"href":"https:\/\/agora.xtec.cat\/escolaarquitectejujol\/wp-json\/wp\/v2\/pages"}],"about":[{"href":"https:\/\/agora.xtec.cat\/escolaarquitectejujol\/wp-json\/wp\/v2\/types\/page"}],"author":[{"embeddable":true,"href":"https:\/\/agora.xtec.cat\/escolaarquitectejujol\/wp-json\/wp\/v2\/users\/1"}],"replies":[{"embeddable":true,"href":"https:\/\/agora.xtec.cat\/escolaarquitectejujol\/wp-json\/wp\/v2\/comments?post=2733"}],"version-history":[{"count":1,"href":"https:\/\/agora.xtec.cat\/escolaarquitectejujol\/wp-json\/wp\/v2\/pages\/2733\/revisions"}],"predecessor-version":[{"id":2735,"href":"https:\/\/agora.xtec.cat\/escolaarquitectejujol\/wp-json\/wp\/v2\/pages\/2733\/revisions\/2735"}],"wp:attachment":[{"href":"https:\/\/agora.xtec.cat\/escolaarquitectejujol\/wp-json\/wp\/v2\/media?parent=2733"}],"curies":[{"name":"wp","href":"https:\/\/api.w.org\/{rel}","templated":true}]}}