{"id":2599,"date":"2025-01-23T15:16:23","date_gmt":"2025-01-23T14:16:23","guid":{"rendered":"https:\/\/agora.xtec.cat\/escolaarquitectejujol\/?page_id=2599"},"modified":"2025-01-30T15:55:20","modified_gmt":"2025-01-30T14:55:20","slug":"el-nostre-cami-passat-present-i-futur","status":"publish","type":"page","link":"https:\/\/agora.xtec.cat\/escolaarquitectejujol\/el-nostre-cami-passat-present-i-futur\/","title":{"rendered":"El nostre cam\u00ed: passat, present i futur."},"content":{"rendered":"\n<h2 class=\"wp-block-heading\">D&#8217;on venim?<\/h2>\n\n\n\n<div class=\"wp-block-getwid-section alignfull alignfull getwid-section-content-custom-width\"><div class=\"wp-block-getwid-section__wrapper getwid-padding-left-medium getwid-padding-right-medium\"><div class=\"wp-block-getwid-section__inner-wrapper\" style=\"max-width:740px\"><div class=\"wp-block-getwid-section__background-holder\"><div class=\"wp-block-getwid-section__background\"><\/div><div class=\"wp-block-getwid-section__foreground\"><\/div><\/div><div class=\"wp-block-getwid-section__content\"><div class=\"wp-block-getwid-section__inner-content\">\n<figure class=\"wp-block-image alignleft size-large is-resized\"><a href=\"https:\/\/agora.xtec.cat\/escolaarquitectejujol\/wp-content\/uploads\/usu1697\/2025\/01\/Screenshot-2025-01-30-15.44.02.png\"><img loading=\"lazy\" decoding=\"async\" width=\"1024\" height=\"1024\" src=\"https:\/\/agora.xtec.cat\/escolaarquitectejujol\/wp-content\/uploads\/usu1697\/2025\/01\/Screenshot-2025-01-30-15.44.02-1024x1024.png\" alt=\"\" class=\"wp-image-2876\" style=\"width:365px;height:auto\" srcset=\"https:\/\/agora.xtec.cat\/escolaarquitectejujol\/wp-content\/uploads\/usu1697\/2025\/01\/Screenshot-2025-01-30-15.44.02-1024x1024.png 1024w, https:\/\/agora.xtec.cat\/escolaarquitectejujol\/wp-content\/uploads\/usu1697\/2025\/01\/Screenshot-2025-01-30-15.44.02-300x300.png 300w, https:\/\/agora.xtec.cat\/escolaarquitectejujol\/wp-content\/uploads\/usu1697\/2025\/01\/Screenshot-2025-01-30-15.44.02-150x150.png 150w, https:\/\/agora.xtec.cat\/escolaarquitectejujol\/wp-content\/uploads\/usu1697\/2025\/01\/Screenshot-2025-01-30-15.44.02-768x768.png 768w, https:\/\/agora.xtec.cat\/escolaarquitectejujol\/wp-content\/uploads\/usu1697\/2025\/01\/Screenshot-2025-01-30-15.44.02.png 1180w\" sizes=\"auto, (max-width: 1024px) 100vw, 1024px\" \/><\/a><\/figure>\n\n\n\n<p class=\"has-text-color has-medium-font-size\" style=\"color:#000000\"><\/p>\n\n\n\n<p>L\u2019escola Arquitecte Jujol, neix el curs 2006-2007 amb la denominaci\u00f3 Escola Dels Pallaresos, amb 9 alumnes i essent nom\u00e9s una escola burocr\u00e0ticament parlant, perqu\u00e8 tant les mestres com l\u2019alumnat, estaven totalment integrades dins el centre mare, l\u2019Escola Sant Sebasti\u00e0.<\/p>\n\n\n\n<p>El curs 2008\/2009 es compta ja amb 75 alumnes i el centre pateix un nou trasllat, i ens ubiquem en l\u2019empla\u00e7ament actual, espai que l&#8217;Ajuntament cedeix provisionalment fins que es construeixi l&#8217;edifici. L\u2019escola va creixent de manera progressiva fins arribar a la situaci\u00f3 actual de 230 alumnes (69 a educaci\u00f3 infantil i 161 a prim\u00e0ria), des de 1r curs del segon cicle d\u2019educaci\u00f3 infantil fins a 6\u00e8 de prim\u00e0ria. Despr\u00e9s d\u2019uns quants cursos de reflexi\u00f3 i debat, finalment el curs 2015\/16 adoptem el nou nom: Escola Arquitecte Jujol, arquitecte i artista amb gran empremta al municipi i a la comarca.<\/p>\n\n\n\n<p>L\u2019escola neix sota la mirada de la\u00a0<strong>il\u00b7lusi\u00f3<\/strong>\u00a0i el comprom\u00eds vers una educaci\u00f3 amb esperit\u00a0<strong>innovador\u00a0<\/strong>que persegueix el desenvolupament integral de l\u2019alumnat. Per assolir-ho, es duen a terme diferents projectes i s\u2019implementen diferents metodologies que al llarg dels cursos s\u2019adapten a les noves realitats i necessitats. Aquesta traject\u00f2ria no hauria estat possible sense l\u2019esfor\u00e7 i aportaci\u00f3 de tots els professionals i les fam\u00edlies que ha passat per casa nostra.<\/p>\n\n\n\n<div class=\"wp-block-getwid-advanced-spacer\" style=\"height:20px\" aria-hidden=\"true\"><\/div>\n<\/div><\/div><\/div><\/div><\/div>\n\n\n\n<div class=\"wp-block-getwid-section alignfull alignfull getwid-section-content-custom-width\"><div class=\"wp-block-getwid-section__wrapper getwid-padding-left-medium getwid-padding-right-medium\"><div class=\"wp-block-getwid-section__inner-wrapper\" style=\"max-width:1140px\"><div class=\"wp-block-getwid-section__background-holder\"><div class=\"wp-block-getwid-section__background\"><\/div><div class=\"wp-block-getwid-section__foreground\"><\/div><\/div><div class=\"wp-block-getwid-section__content\"><div class=\"wp-block-getwid-section__inner-content\">\n<div class=\"wp-block-columns has-2-columns are-vertically-aligned-center is-layout-flex wp-container-core-columns-is-layout-1 wp-block-columns-is-layout-flex\">\n<div class=\"wp-block-column is-vertically-aligned-center is-layout-flow wp-block-column-is-layout-flow\">\n<div class=\"wp-block-getwid-advanced-heading\" style=\"margin-bottom:0px;margin-top:0px\"><span class=\"wp-block-getwid-advanced-heading__content\"><\/span><\/div>\n\n\n\n<div class=\"wp-block-getwid-advanced-heading\" style=\"margin-bottom:30px;margin-top:10px\"><h2 class=\"wp-block-getwid-advanced-heading__content\">On som?<\/h2><\/div>\n\n\n\n<p id=\"h.p_Vhp6Cfw5GsJI\">Durant aquest cursos l\u2019escola ha assolit un grau de maduresa i estabilitat que ens ha perm\u00e8s consolidar-nos com a centre educatiu. Des d\u2019aquesta estabilitat, i atenent les necessitats que es deriven de la societat en qu\u00e8 vivim, necessitem un moment de&nbsp;<strong>reflexi\u00f3<\/strong>, d\u2019an\u00e0lisi i de transformaci\u00f3 d\u2019algunes de les nostres pr\u00e0ctiques i maneres de fer.<\/p>\n\n\n\n<p id=\"h.p_Y7kPylsCGsJJ\">Volem infants capa\u00e7os, il\u00b7lusionats per aprendre, infants motivats per venir a l\u2019escola, infants cr\u00edtics, infants aut\u00f2noms i infants competents per poder afrontar els reptes de la societat del segle XXI.<\/p>\n\n\n\n<p id=\"h.p_GominY6LGsJJ\">Aquests infants necessiten aprendre des d\u2019una altra perspectiva on esdevenen el centre. Aquesta nova mirada permet que els docents i les fam\u00edlies reflexionem i ens moguem plegats en aquest cam\u00ed de l\u2019aprenentatge.<\/p>\n\n\n\n<p id=\"h.p_JI_pfHDlGsJJ\">Per assolir els nostres objectius, a l\u2019escola hem iniciat una s\u00e8rie de<strong>&nbsp;canvis<\/strong>&nbsp;metodol\u00f2gics i organitzatius. Ens estem formant per poder seguir enriquint el projecte i estem aprenent d&#8217;altres centres referents. El nostre objectiu \u00e9s poder adaptar-nos a les demandes de la societat i del sistema educatiu i poder consolidar, encara m\u00e9s, el nostre projecte.<\/p>\n\n\n\n<p id=\"h.p_urb0pD7WGsJP\">Tenim la sort de comptar amb una junta de l<strong>&#8216;AFA,<\/strong>&nbsp;una administraci\u00f3 educativa (Departament d&#8217;Educaci\u00f3) i administraci\u00f3 local (Ajuntament) que ens acompanya i creu en aquest proc\u00e9s transformador. Qu\u00e8 important \u00e9s la seva tasca!<\/p>\n<\/div>\n\n\n\n<div class=\"wp-block-column is-vertically-aligned-center is-layout-flow wp-block-column-is-layout-flow\">\n<figure class=\"wp-block-image size-full is-resized size-large\"><a href=\"https:\/\/agora.xtec.cat\/escolaarquitectejujol\/wp-content\/uploads\/usu1697\/2025\/01\/paret.jpg\"><img loading=\"lazy\" decoding=\"async\" width=\"768\" height=\"768\" src=\"https:\/\/agora.xtec.cat\/escolaarquitectejujol\/wp-content\/uploads\/usu1697\/2025\/01\/paret.jpg\" alt=\"\" class=\"wp-image-2879\" style=\"width:417px;height:auto\" srcset=\"https:\/\/agora.xtec.cat\/escolaarquitectejujol\/wp-content\/uploads\/usu1697\/2025\/01\/paret.jpg 768w, https:\/\/agora.xtec.cat\/escolaarquitectejujol\/wp-content\/uploads\/usu1697\/2025\/01\/paret-300x300.jpg 300w, https:\/\/agora.xtec.cat\/escolaarquitectejujol\/wp-content\/uploads\/usu1697\/2025\/01\/paret-150x150.jpg 150w\" sizes=\"auto, (max-width: 768px) 100vw, 768px\" \/><\/a><\/figure>\n<\/div>\n<\/div>\n<\/div><\/div><\/div><\/div><\/div>\n\n\n\n<div class=\"wp-block-getwid-section alignfull alignfull getwid-section-content-custom-width\"><div class=\"wp-block-getwid-section__wrapper getwid-padding-left-medium getwid-padding-right-medium\"><div class=\"wp-block-getwid-section__inner-wrapper\" style=\"max-width:740px\"><div class=\"wp-block-getwid-section__background-holder\"><div class=\"wp-block-getwid-section__background\"><\/div><div class=\"wp-block-getwid-section__foreground\"><\/div><\/div><div class=\"wp-block-getwid-section__content\"><div class=\"wp-block-getwid-section__inner-content\">\n<div class=\"wp-block-getwid-advanced-heading\" style=\"margin-bottom:50px;margin-top:10px\"><h2 class=\"wp-block-getwid-advanced-heading__content\" style=\"text-align:center\">Constru\u00efm el futur.<\/h2><\/div>\n\n\n\n<figure class=\"wp-block-image alignleft size-large is-resized\"><a href=\"https:\/\/agora.xtec.cat\/escolaarquitectejujol\/wp-content\/uploads\/usu1697\/2025\/01\/Screenshot-2025-01-30-15.45.57.png\"><img loading=\"lazy\" decoding=\"async\" width=\"1024\" height=\"1021\" src=\"https:\/\/agora.xtec.cat\/escolaarquitectejujol\/wp-content\/uploads\/usu1697\/2025\/01\/Screenshot-2025-01-30-15.45.57-1024x1021.png\" alt=\"\" class=\"wp-image-2880\" style=\"width:318px;height:auto\" srcset=\"https:\/\/agora.xtec.cat\/escolaarquitectejujol\/wp-content\/uploads\/usu1697\/2025\/01\/Screenshot-2025-01-30-15.45.57-1024x1021.png 1024w, https:\/\/agora.xtec.cat\/escolaarquitectejujol\/wp-content\/uploads\/usu1697\/2025\/01\/Screenshot-2025-01-30-15.45.57-300x300.png 300w, https:\/\/agora.xtec.cat\/escolaarquitectejujol\/wp-content\/uploads\/usu1697\/2025\/01\/Screenshot-2025-01-30-15.45.57-150x150.png 150w, https:\/\/agora.xtec.cat\/escolaarquitectejujol\/wp-content\/uploads\/usu1697\/2025\/01\/Screenshot-2025-01-30-15.45.57-768x766.png 768w, https:\/\/agora.xtec.cat\/escolaarquitectejujol\/wp-content\/uploads\/usu1697\/2025\/01\/Screenshot-2025-01-30-15.45.57.png 1109w\" sizes=\"auto, (max-width: 1024px) 100vw, 1024px\" \/><\/a><\/figure>\n\n\n\n<p id=\"h.p_DBrdb-wNGsJS\">Des de la perspectiva actual ens plantegem un&nbsp;<strong>futur il\u00b7lusionant, ple de reptes i enriquidor<\/strong>. Un futur amb un projecte d&#8217;escola fort i ferm.<\/p>\n\n\n\n<p id=\"h.p_jexG04PgGsJT\">Visualitzem un futur en qu\u00e8 l&#8217;escola esdevingui el motor de canvi.<\/p>\n\n\n\n<p id=\"h.p_sCRAUoZeGsJT\">Volem que l&#8217;escola sigui un lloc de refer\u00e8ncia per als infants del municipi, on tothom hi tingui cabuda i un lloc que tothom del municipi se senti propi.<\/p>\n\n\n\n<p id=\"h.p_zpc_tSVmGsJS\">Aquest futur no es construeix tan sols des de la vessant docent sin\u00f3 que necessitem una comunitat educativa activa i compromesa amb el nostre projecte.<\/p>\n\n\n\n<p id=\"h.p_JRSnLNWMGsJT\">Visualitzem una escola on les fam\u00edlies ens ajudin a construir el projecte, un futur amb una comunitat educativa implicada.<\/p>\n\n\n\n<p id=\"h.p_svyD8Ne8GsJT\">Queda molt cam\u00ed per rec\u00f3rrer per\u00f2 el m\u00e9s important \u00e9s poder fer-ho conjuntament. Aquest futur nom\u00e9s ser\u00e0 possible amb la implicaci\u00f3 de tots els agents.<\/p>\n\n\n\n<p id=\"h.p_KlKu57IHGsJU\">El futur ens permetr\u00e0 cr\u00e9ixer i millorar, ja que per a nosaltres cada dia \u00e9s una nova oportunitat d&#8217;aprenentatge i de millora.<\/p>\n\n\n\n<div class=\"wp-block-getwid-advanced-spacer\" style=\"height:20px\" aria-hidden=\"true\"><\/div>\n<\/div><\/div><\/div><\/div><\/div>\n","protected":false},"excerpt":{"rendered":"<p>D&#8217;on venim?<\/p>\n","protected":false},"author":1,"featured_media":0,"parent":0,"menu_order":0,"comment_status":"closed","ping_status":"closed","template":"","meta":{"_bbp_topic_count":0,"_bbp_reply_count":0,"_bbp_total_topic_count":0,"_bbp_total_reply_count":0,"_bbp_voice_count":0,"_bbp_anonymous_reply_count":0,"_bbp_topic_count_hidden":0,"_bbp_reply_count_hidden":0,"_bbp_forum_subforum_count":0,"site-sidebar-layout":"default","site-content-layout":"","ast-site-content-layout":"default","site-content-style":"default","site-sidebar-style":"default","ast-global-header-display":"","ast-banner-title-visibility":"","ast-main-header-display":"","ast-hfb-above-header-display":"","ast-hfb-below-header-display":"","ast-hfb-mobile-header-display":"","site-post-title":"","ast-breadcrumbs-content":"","ast-featured-img":"","footer-sml-layout":"","theme-transparent-header-meta":"default","adv-header-id-meta":"","stick-header-meta":"","header-above-stick-meta":"","header-main-stick-meta":"","header-below-stick-meta":"","astra-migrate-meta-layouts":"set","ast-page-background-enabled":"default","ast-page-background-meta":{"desktop":{"background-color":"var(--ast-global-color-4)","background-image":"","background-repeat":"repeat","background-position":"center center","background-size":"auto","background-attachment":"scroll","background-type":"","background-media":"","overlay-type":"","overlay-color":"","overlay-opacity":"","overlay-gradient":""},"tablet":{"background-color":"","background-image":"","background-repeat":"repeat","background-position":"center center","background-size":"auto","background-attachment":"scroll","background-type":"","background-media":"","overlay-type":"","overlay-color":"","overlay-opacity":"","overlay-gradient":""},"mobile":{"background-color":"","background-image":"","background-repeat":"repeat","background-position":"center center","background-size":"auto","background-attachment":"scroll","background-type":"","background-media":"","overlay-type":"","overlay-color":"","overlay-opacity":"","overlay-gradient":""}},"ast-content-background-meta":{"desktop":{"background-color":"var(--ast-global-color-5)","background-image":"","background-repeat":"repeat","background-position":"center center","background-size":"auto","background-attachment":"scroll","background-type":"","background-media":"","overlay-type":"","overlay-color":"","overlay-opacity":"","overlay-gradient":""},"tablet":{"background-color":"var(--ast-global-color-5)","background-image":"","background-repeat":"repeat","background-position":"center center","background-size":"auto","background-attachment":"scroll","background-type":"","background-media":"","overlay-type":"","overlay-color":"","overlay-opacity":"","overlay-gradient":""},"mobile":{"background-color":"var(--ast-global-color-5)","background-image":"","background-repeat":"repeat","background-position":"center center","background-size":"auto","background-attachment":"scroll","background-type":"","background-media":"","overlay-type":"","overlay-color":"","overlay-opacity":"","overlay-gradient":""}},"footnotes":""},"class_list":["post-2599","page","type-page","status-publish","hentry"],"post_mailing_queue_ids":[],"_links":{"self":[{"href":"https:\/\/agora.xtec.cat\/escolaarquitectejujol\/wp-json\/wp\/v2\/pages\/2599","targetHints":{"allow":["GET"]}}],"collection":[{"href":"https:\/\/agora.xtec.cat\/escolaarquitectejujol\/wp-json\/wp\/v2\/pages"}],"about":[{"href":"https:\/\/agora.xtec.cat\/escolaarquitectejujol\/wp-json\/wp\/v2\/types\/page"}],"author":[{"embeddable":true,"href":"https:\/\/agora.xtec.cat\/escolaarquitectejujol\/wp-json\/wp\/v2\/users\/1"}],"replies":[{"embeddable":true,"href":"https:\/\/agora.xtec.cat\/escolaarquitectejujol\/wp-json\/wp\/v2\/comments?post=2599"}],"version-history":[{"count":6,"href":"https:\/\/agora.xtec.cat\/escolaarquitectejujol\/wp-json\/wp\/v2\/pages\/2599\/revisions"}],"predecessor-version":[{"id":2882,"href":"https:\/\/agora.xtec.cat\/escolaarquitectejujol\/wp-json\/wp\/v2\/pages\/2599\/revisions\/2882"}],"wp:attachment":[{"href":"https:\/\/agora.xtec.cat\/escolaarquitectejujol\/wp-json\/wp\/v2\/media?parent=2599"}],"curies":[{"name":"wp","href":"https:\/\/api.w.org\/{rel}","templated":true}]}}