{"id":8304,"date":"2021-09-17T09:39:53","date_gmt":"2021-09-17T07:39:53","guid":{"rendered":"https:\/\/agora.xtec.cat\/escolaaquaalba\/?page_id=8304"},"modified":"2026-02-27T09:57:37","modified_gmt":"2026-02-27T08:57:37","slug":"atencio-a-la-diversitat","status":"publish","type":"page","link":"https:\/\/agora.xtec.cat\/escolaaquaalba\/projecte-educatiu\/atencio-a-la-diversitat\/","title":{"rendered":"Mesures de suport inclusiu"},"content":{"rendered":"<p><strong>Atenci\u00f3 a la diversitat i educaci\u00f3 inclusiva<\/strong><\/p>\n<p>El nostre centre desenvolupa el seu model d\u2019atenci\u00f3 educativa d\u2019acord amb el marc d\u2019escola inclusiva establert pel Decret 150\/2017, que regula l\u2019atenci\u00f3 educativa a l\u2019alumnat en el sistema educatiu inclusiu de Catalunya.<\/p>\n<p>Entenem la inclusi\u00f3 com el dret de tots els infants a rebre una educaci\u00f3 de qualitat en un entorn ordinari, compartint aprenentatges i experi\u00e8ncies amb el seu grup de refer\u00e8ncia, amb els suports necessaris per garantir el m\u00e0xim desenvolupament personal, social i acad\u00e8mic.<\/p>\n<p>Aquest comprom\u00eds es concreta en el nostre Pla d\u2019Atenci\u00f3 a la Diversitat (PAD), document que articula les mesures i els recursos que el centre desplega per donar resposta a la diversitat d\u2019estils, ritmes i necessitats educatives de l\u2019alumnat.<\/p>\n<p>El Pla d\u2019Atenci\u00f3 a la Diversitat inclou:<\/p>\n<p>Mesures universals adre\u00e7ades a tot l\u2019alumnat, basades en metodologies flexibles i adaptacions d\u2019aula.<\/p>\n<p>Mesures addicionals per a l\u2019alumnat que requereix suports espec\u00edfics temporals o continuats.<\/p>\n<p>Mesures intensives en aquells casos en qu\u00e8 cal una intervenci\u00f3 m\u00e9s individualitzada.<\/p>\n<p>El PAD el podeu trobar\u00a0<a href=\"https:\/\/drive.google.com\/file\/d\/1UvRuyrIHsVnHnqzvTT9hfD0RElOwydQ4\/view?usp=drive_link\">AQU\u00cd <\/a><\/p>\n<p>L\u2019organitzaci\u00f3 d\u2019aquests suports es fa des d\u2019una mirada preventiva i global, amb coordinaci\u00f3 entre equips docents, especialistes i, quan escau, serveis externs. Les decisions es prenen de manera col\u00b7legiada i amb la participaci\u00f3 de les fam\u00edlies.<\/p>\n<p>El nostre objectiu \u00e9s garantir l\u2019equitat, promoure l\u2019autonomia i afavorir la participaci\u00f3 plena de tot l\u2019alumnat en la vida del centre, entenent la diversitat com un valor que enriqueix la comunitat educativa.<\/p>\n<p><strong>Circuit d&#8217;atenci\u00f3<\/strong><\/p>\n<p><img loading=\"lazy\" decoding=\"async\" class=\"alignnone wp-image-8317\" src=\"https:\/\/agora.xtec.cat\/escolaaquaalba\/wp-content\/uploads\/usu351\/2021\/09\/Circuit-EE-families.png\" alt=\"\" width=\"1314\" height=\"728\" srcset=\"https:\/\/agora.xtec.cat\/escolaaquaalba\/wp-content\/uploads\/usu351\/2021\/09\/Circuit-EE-families.png 1658w, https:\/\/agora.xtec.cat\/escolaaquaalba\/wp-content\/uploads\/usu351\/2021\/09\/Circuit-EE-families-300x166.png 300w, https:\/\/agora.xtec.cat\/escolaaquaalba\/wp-content\/uploads\/usu351\/2021\/09\/Circuit-EE-families-1024x568.png 1024w, https:\/\/agora.xtec.cat\/escolaaquaalba\/wp-content\/uploads\/usu351\/2021\/09\/Circuit-EE-families-768x426.png 768w, https:\/\/agora.xtec.cat\/escolaaquaalba\/wp-content\/uploads\/usu351\/2021\/09\/Circuit-EE-families-1536x851.png 1536w\" sizes=\"auto, (max-width: 1314px) 100vw, 1314px\" \/><\/p>\n","protected":false},"excerpt":{"rendered":"<p>Atenci\u00f3 a la diversitat i educaci\u00f3 inclusiva<br \/>\nEl nostre centre desenvolupa el seu model d\u2019atenci\u00f3 educativa d\u2019acord amb el marc d\u2019escola inclusiva establert pel Decret 150\/2017, que regula l\u2019atenci\u00f3 educativa a l\u2019alumnat en el sistema educatiu inclusiu de Catalunya.<br \/>\nEntenem la inclusi\u00f3 com el dret de tots&hellip;  <a href=\"https:\/\/agora.xtec.cat\/escolaaquaalba\/projecte-educatiu\/atencio-a-la-diversitat\/\" title=\"Read Mesures de suport inclusiu\">Llegeix m\u00e9s\u00bb<\/a><\/p>\n","protected":false},"author":1,"featured_media":0,"parent":64,"menu_order":80,"comment_status":"closed","ping_status":"closed","template":"page-templates\/side-menu.php","meta":{"_bbp_topic_count":0,"_bbp_reply_count":0,"_bbp_total_topic_count":0,"_bbp_total_reply_count":0,"_bbp_voice_count":0,"_bbp_anonymous_reply_count":0,"_bbp_topic_count_hidden":0,"_bbp_reply_count_hidden":0,"_bbp_forum_subforum_count":0,"footnotes":""},"class_list":["post-8304","page","type-page","status-publish","hentry"],"post_mailing_queue_ids":[],"_links":{"self":[{"href":"https:\/\/agora.xtec.cat\/escolaaquaalba\/wp-json\/wp\/v2\/pages\/8304","targetHints":{"allow":["GET"]}}],"collection":[{"href":"https:\/\/agora.xtec.cat\/escolaaquaalba\/wp-json\/wp\/v2\/pages"}],"about":[{"href":"https:\/\/agora.xtec.cat\/escolaaquaalba\/wp-json\/wp\/v2\/types\/page"}],"author":[{"embeddable":true,"href":"https:\/\/agora.xtec.cat\/escolaaquaalba\/wp-json\/wp\/v2\/users\/1"}],"replies":[{"embeddable":true,"href":"https:\/\/agora.xtec.cat\/escolaaquaalba\/wp-json\/wp\/v2\/comments?post=8304"}],"version-history":[{"count":5,"href":"https:\/\/agora.xtec.cat\/escolaaquaalba\/wp-json\/wp\/v2\/pages\/8304\/revisions"}],"predecessor-version":[{"id":10313,"href":"https:\/\/agora.xtec.cat\/escolaaquaalba\/wp-json\/wp\/v2\/pages\/8304\/revisions\/10313"}],"up":[{"embeddable":true,"href":"https:\/\/agora.xtec.cat\/escolaaquaalba\/wp-json\/wp\/v2\/pages\/64"}],"wp:attachment":[{"href":"https:\/\/agora.xtec.cat\/escolaaquaalba\/wp-json\/wp\/v2\/media?parent=8304"}],"curies":[{"name":"wp","href":"https:\/\/api.w.org\/{rel}","templated":true}]}}