{"id":73,"date":"2014-09-18T14:01:51","date_gmt":"2014-09-18T14:01:51","guid":{"rendered":"http:\/\/agora.xtec.cat\/escolaaquaalba\/?page_id=73"},"modified":"2026-02-27T11:09:23","modified_gmt":"2026-02-27T10:09:23","slug":"menjador-escolar","status":"publish","type":"page","link":"https:\/\/agora.xtec.cat\/escolaaquaalba\/lescola\/menjador-escolar\/","title":{"rendered":"Menjador escolar"},"content":{"rendered":"<p>El servei de menjador escolar \u00e9s un servei complementari i necessari de l&#8217;activitat educativa de l&#8217;escola i pret\u00e9n donar resposta a les fam\u00edlies que ho sol\u00b7liciten. \u00c9s un espai on, a part de garantir l&#8217;alimentaci\u00f3 adequada dels alumnes, ha de possibilitar l&#8217;adquisici\u00f3 d&#8217;h\u00e0bits i habilitats per a la vida quotidiana.<\/p>\n<p><a href=\"http:\/\/lampadelescolaaquaalba.blogspot.com\/p\/menjador_28.html\">L&#8217;AFA<\/a> de l&#8217;escola \u00e9s qui gestiona aquest servei que el t\u00e9 contractat amb l&#8217;empresa <a href=\"https:\/\/comacasamenjadors.cat\/\" target=\"_blank\" rel=\"noopener noreferrer\">COM A CASA MENJADORS ESCOLARS<\/a> Aquesta s&#8217;encarrega de l&#8217;elaboraci\u00f3 del menjar i les tasques de monitoratge.<\/p>\n<p>L&#8217;escola disposa de cuina pr\u00f2pia, per tant es cuinen els men\u00fas al mateix centre.<a href=\"https:\/\/agora.xtec.cat\/escolaaquaalba\/wp-content\/uploads\/usu351\/2021\/02\/DSCN7750w.jpg\"><img loading=\"lazy\" decoding=\"async\" class=\"wp-image-6857 alignright\" src=\"https:\/\/agora.xtec.cat\/escolaaquaalba\/wp-content\/uploads\/usu351\/2021\/02\/DSCN7750w-1024x768.jpg\" alt=\"\" width=\"321\" height=\"241\" srcset=\"https:\/\/agora.xtec.cat\/escolaaquaalba\/wp-content\/uploads\/usu351\/2021\/02\/DSCN7750w.jpg 1024w, https:\/\/agora.xtec.cat\/escolaaquaalba\/wp-content\/uploads\/usu351\/2021\/02\/DSCN7750w-300x225.jpg 300w, https:\/\/agora.xtec.cat\/escolaaquaalba\/wp-content\/uploads\/usu351\/2021\/02\/DSCN7750w-768x576.jpg 768w, https:\/\/agora.xtec.cat\/escolaaquaalba\/wp-content\/uploads\/usu351\/2021\/02\/DSCN7750w-200x150.jpg 200w\" sizes=\"auto, (max-width: 321px) 100vw, 321px\" \/><\/a><\/p>\n<p><em><span style=\"font-family: inherit; font-size: 1em;\">\ud83d\uddd3Organitzaci\u00f3 i horaris :<\/span><\/em><\/p>\n<p>El calendari de prestaci\u00f3 del servei correspon a tots els dies lectius del curs escolar, exceptuant els els per\u00edodes de vacances, festes locals i dies de lliure disposici\u00f3. L&#8217;horari comen\u00e7a a les 12.30h quan els alumnes acaben les classes del mat\u00ed fins a les 15.00h en que comencen les classes de la tarda.<\/p>\n<p>Durant el per\u00edode de jornada intensiva de setembre i juny, l&#8217;horari del servei ser\u00e0 de 13.00h a 15.30h.<\/p>\n<p>&nbsp;<\/p>\n<p>L&#8217;escola disposa de dos espais de menjador habilitats. L&#8217;espai\u00a0 situat a la planta baixa de l&#8217;edifici principal, \u00e9s una sala \u00e0mplia i lluminosa amb tot el necessari per a les necessitats dels alumnes. L&#8217;alumnat d&#8217;educaci\u00f3 infantil disposa de menjador propi a l&#8217;aulari, amb els avantatges que comporta la proximitat amb el seu espai m\u00e9s proper i conegut del centre.<\/p>\n<p><a href=\"https:\/\/agora.xtec.cat\/escolaaquaalba\/wp-content\/uploads\/usu351\/2022\/08\/WhatsApp-Image-2022-08-30-at-10.09.56.jpeg\"><img loading=\"lazy\" decoding=\"async\" class=\"wp-image-9390 alignleft\" src=\"https:\/\/agora.xtec.cat\/escolaaquaalba\/wp-content\/uploads\/usu351\/2022\/08\/WhatsApp-Image-2022-08-30-at-10.09.56.jpeg\" alt=\"\" width=\"448\" height=\"336\" srcset=\"https:\/\/agora.xtec.cat\/escolaaquaalba\/wp-content\/uploads\/usu351\/2022\/08\/WhatsApp-Image-2022-08-30-at-10.09.56.jpeg 1024w, https:\/\/agora.xtec.cat\/escolaaquaalba\/wp-content\/uploads\/usu351\/2022\/08\/WhatsApp-Image-2022-08-30-at-10.09.56-300x225.jpeg 300w, https:\/\/agora.xtec.cat\/escolaaquaalba\/wp-content\/uploads\/usu351\/2022\/08\/WhatsApp-Image-2022-08-30-at-10.09.56-768x576.jpeg 768w, https:\/\/agora.xtec.cat\/escolaaquaalba\/wp-content\/uploads\/usu351\/2022\/08\/WhatsApp-Image-2022-08-30-at-10.09.56-200x150.jpeg 200w\" sizes=\"auto, (max-width: 448px) 100vw, 448px\" \/><\/a><\/p>\n<p><a href=\"https:\/\/agora.xtec.cat\/escolaaquaalba\/wp-content\/uploads\/usu351\/2022\/08\/WhatsApp-Image-2022-08-30-at-11.08.57.jpeg\"><img loading=\"lazy\" decoding=\"async\" class=\"wp-image-9391 aligncenter\" src=\"https:\/\/agora.xtec.cat\/escolaaquaalba\/wp-content\/uploads\/usu351\/2022\/08\/WhatsApp-Image-2022-08-30-at-11.08.57.jpeg\" alt=\"\" width=\"433\" height=\"325\" srcset=\"https:\/\/agora.xtec.cat\/escolaaquaalba\/wp-content\/uploads\/usu351\/2022\/08\/WhatsApp-Image-2022-08-30-at-11.08.57.jpeg 1024w, https:\/\/agora.xtec.cat\/escolaaquaalba\/wp-content\/uploads\/usu351\/2022\/08\/WhatsApp-Image-2022-08-30-at-11.08.57-300x225.jpeg 300w, https:\/\/agora.xtec.cat\/escolaaquaalba\/wp-content\/uploads\/usu351\/2022\/08\/WhatsApp-Image-2022-08-30-at-11.08.57-768x576.jpeg 768w, https:\/\/agora.xtec.cat\/escolaaquaalba\/wp-content\/uploads\/usu351\/2022\/08\/WhatsApp-Image-2022-08-30-at-11.08.57-200x150.jpeg 200w\" sizes=\"auto, (max-width: 433px) 100vw, 433px\" \/><\/a><\/p>\n<p>&nbsp;<\/p>\n<p>El personal encarregat de dur a terme l&#8217;atenci\u00f3 de l&#8217;alumnat est\u00e0 format per una coordinadora i diverses monitores, per a realitzar les tasques directes amb els alumnes, i una coordinadora pedag\u00f2gica, que fa les tasques de suport i avaluaci\u00f3 de funcionament.<\/p>\n<p><em>\ud83c\udf74Men\u00fas :<\/em><\/p>\n<p>La confecci\u00f3 dels men\u00fas es realitza amb els criteris nutricionals del Departament de Sanitat i les recomanacions dels organismes de Salut P\u00fablica. Es procura que hi hagi varietat d&#8217;aliments i t\u00e8cniques de cocci\u00f3, que sigui una dieta equilibrada, i que s&#8217;utilitzin productes de\u00a0 temporada.<\/p>\n<p>La dietista de l&#8217;empresa elabora els men\u00fas mensuals que es publiquen al web <a href=\"https:\/\/comacasamenjadors.cat\/families\" target=\"_blank\" rel=\"noopener noreferrer\">www.comacasamenjadors.cat<\/a> .<\/p>\n<p>Els men\u00fas que s&#8217;ofereixen s\u00f3n: Basal, Sense carn, Sense gluten, Sense lactosa, Sense ou, Sense peix i Sense porc.<\/p>\n","protected":false},"excerpt":{"rendered":"<p>El servei de menjador escolar \u00e9s un servei complementari i necessari de l&#8217;activitat educativa de l&#8217;escola i pret\u00e9n donar resposta a les fam\u00edlies que ho sol\u00b7liciten. \u00c9s un espai on, a part de garantir l&#8217;alimentaci\u00f3 adequada dels alumnes, ha de possibilitar l&#8217;adquisici\u00f3 d&#8217;h\u00e0bits i habilitats&hellip;  <a href=\"https:\/\/agora.xtec.cat\/escolaaquaalba\/lescola\/menjador-escolar\/\" title=\"Read Menjador escolar\">Llegeix m\u00e9s\u00bb<\/a><\/p>\n","protected":false},"author":2,"featured_media":0,"parent":22,"menu_order":60,"comment_status":"closed","ping_status":"closed","template":"page-templates\/side-menu.php","meta":{"_bbp_topic_count":0,"_bbp_reply_count":0,"_bbp_total_topic_count":0,"_bbp_total_reply_count":0,"_bbp_voice_count":0,"_bbp_anonymous_reply_count":0,"_bbp_topic_count_hidden":0,"_bbp_reply_count_hidden":0,"_bbp_forum_subforum_count":0,"footnotes":""},"class_list":["post-73","page","type-page","status-publish","hentry"],"post_mailing_queue_ids":[],"_links":{"self":[{"href":"https:\/\/agora.xtec.cat\/escolaaquaalba\/wp-json\/wp\/v2\/pages\/73","targetHints":{"allow":["GET"]}}],"collection":[{"href":"https:\/\/agora.xtec.cat\/escolaaquaalba\/wp-json\/wp\/v2\/pages"}],"about":[{"href":"https:\/\/agora.xtec.cat\/escolaaquaalba\/wp-json\/wp\/v2\/types\/page"}],"author":[{"embeddable":true,"href":"https:\/\/agora.xtec.cat\/escolaaquaalba\/wp-json\/wp\/v2\/users\/2"}],"replies":[{"embeddable":true,"href":"https:\/\/agora.xtec.cat\/escolaaquaalba\/wp-json\/wp\/v2\/comments?post=73"}],"version-history":[{"count":5,"href":"https:\/\/agora.xtec.cat\/escolaaquaalba\/wp-json\/wp\/v2\/pages\/73\/revisions"}],"predecessor-version":[{"id":10317,"href":"https:\/\/agora.xtec.cat\/escolaaquaalba\/wp-json\/wp\/v2\/pages\/73\/revisions\/10317"}],"up":[{"embeddable":true,"href":"https:\/\/agora.xtec.cat\/escolaaquaalba\/wp-json\/wp\/v2\/pages\/22"}],"wp:attachment":[{"href":"https:\/\/agora.xtec.cat\/escolaaquaalba\/wp-json\/wp\/v2\/media?parent=73"}],"curies":[{"name":"wp","href":"https:\/\/api.w.org\/{rel}","templated":true}]}}