{"id":36,"date":"2014-09-18T12:33:11","date_gmt":"2014-09-18T12:33:11","guid":{"rendered":"http:\/\/agora.xtec.cat\/escolaaquaalba\/?page_id=36"},"modified":"2026-02-27T10:46:27","modified_gmt":"2026-02-27T09:46:27","slug":"material-escolar","status":"publish","type":"page","link":"https:\/\/agora.xtec.cat\/escolaaquaalba\/lescola\/material-escolar\/","title":{"rendered":"Material escolar"},"content":{"rendered":"<p>El material escolar pel curs 2025-26 s&#8217;ha fixat en un import de 115 \u20ac + 2% gesti\u00f3 TPV escola, que s&#8217;abonar\u00e0 fraccionadament en tres pagaments al principi de cada trimestre (setembre, gener, abril) mitjan\u00e7ant l&#8217;aplicaci\u00f3 <a href=\"https:\/\/tpvescola.com\/Default.aspx\">TPVescola<\/a><\/p>\n<p>Alhora, tots els alumnes hauran de portar el material relacionat en el seg\u00fcent llistat a principi de curs, segons el cicle que imparteixin:<\/p>\n<p><a href=\"https:\/\/drive.google.com\/file\/d\/1uNCl1CpguP2yLrg6fqr8gE-DeD7kWAdW\/view?usp=drive_link\">Material necessari pel curs 2025-2026 &#8211; Cicle Infantil<\/a><\/p>\n<p><a href=\"https:\/\/drive.google.com\/file\/d\/1HnVSsY5--8wsssRmkjciowJG_e4engNR\/view?usp=drive_link\">Material necessari pel curs 2025-2026 &#8211; Cicle Inicial<\/a><\/p>\n<p><a href=\"https:\/\/docs.google.com\/document\/d\/1gScGjK-lkLcrPN0WMKf79SS32g4uvQ10qelHkjmB3HQ\/edit?usp=drive_link\">Material necessari pel curs 2025-2026 &#8211; Cicle Mitj\u00e0<\/a><\/p>\n<p><a href=\"https:\/\/drive.google.com\/file\/d\/1RTpSlZ8Qdv2MFHZTovLcdV_Wmdln_zbF\/view?usp=drive_link\">Material necessari pel curs 2025-2026 &#8211; Cicle Superior<\/a><\/p>\n","protected":false},"excerpt":{"rendered":"<p>El material escolar pel curs 2025-26 s&#8217;ha fixat en un import de 115 \u20ac + 2% gesti\u00f3 TPV escola, que s&#8217;abonar\u00e0 fraccionadament en tres pagaments al principi de cada trimestre (setembre, gener, abril) mitjan\u00e7ant l&#8217;aplicaci\u00f3 <a href=\"https:\/\/tpvescola.com\/Default.aspx\">TPVescola<\/a><br \/>\nAlhora, tots els alumnes hauran de portar el material&hellip;  <a href=\"https:\/\/agora.xtec.cat\/escolaaquaalba\/lescola\/material-escolar\/\" title=\"Read Material escolar\">Llegeix m\u00e9s\u00bb<\/a><\/p>\n","protected":false},"author":2,"featured_media":0,"parent":22,"menu_order":50,"comment_status":"closed","ping_status":"closed","template":"page-templates\/side-menu.php","meta":{"_bbp_topic_count":0,"_bbp_reply_count":0,"_bbp_total_topic_count":0,"_bbp_total_reply_count":0,"_bbp_voice_count":0,"_bbp_anonymous_reply_count":0,"_bbp_topic_count_hidden":0,"_bbp_reply_count_hidden":0,"_bbp_forum_subforum_count":0,"footnotes":""},"class_list":["post-36","page","type-page","status-publish","hentry"],"post_mailing_queue_ids":[],"_links":{"self":[{"href":"https:\/\/agora.xtec.cat\/escolaaquaalba\/wp-json\/wp\/v2\/pages\/36","targetHints":{"allow":["GET"]}}],"collection":[{"href":"https:\/\/agora.xtec.cat\/escolaaquaalba\/wp-json\/wp\/v2\/pages"}],"about":[{"href":"https:\/\/agora.xtec.cat\/escolaaquaalba\/wp-json\/wp\/v2\/types\/page"}],"author":[{"embeddable":true,"href":"https:\/\/agora.xtec.cat\/escolaaquaalba\/wp-json\/wp\/v2\/users\/2"}],"replies":[{"embeddable":true,"href":"https:\/\/agora.xtec.cat\/escolaaquaalba\/wp-json\/wp\/v2\/comments?post=36"}],"version-history":[{"count":6,"href":"https:\/\/agora.xtec.cat\/escolaaquaalba\/wp-json\/wp\/v2\/pages\/36\/revisions"}],"predecessor-version":[{"id":10315,"href":"https:\/\/agora.xtec.cat\/escolaaquaalba\/wp-json\/wp\/v2\/pages\/36\/revisions\/10315"}],"up":[{"embeddable":true,"href":"https:\/\/agora.xtec.cat\/escolaaquaalba\/wp-json\/wp\/v2\/pages\/22"}],"wp:attachment":[{"href":"https:\/\/agora.xtec.cat\/escolaaquaalba\/wp-json\/wp\/v2\/media?parent=36"}],"curies":[{"name":"wp","href":"https:\/\/api.w.org\/{rel}","templated":true}]}}