{"id":3150,"date":"2020-03-11T15:12:12","date_gmt":"2020-03-11T14:12:12","guid":{"rendered":"http:\/\/agora.xtec.cat\/escolaaquaalba\/?page_id=3150"},"modified":"2026-02-06T12:03:09","modified_gmt":"2026-02-06T11:03:09","slug":"pressupostos","status":"publish","type":"page","link":"https:\/\/agora.xtec.cat\/escolaaquaalba\/lescola\/consell-escolar\/pressupostos\/","title":{"rendered":"Pressupost i gesti\u00f3 econ\u00f2mica"},"content":{"rendered":"<p><strong>Pressupost <\/strong>\u00e9s el document que recull la previsi\u00f3 dels ingressos i la capacitat m\u00e0xima de despeses que es poden fer durant un exercici econ\u00f2mic. \u00c9s \u00fanic i la seva vig\u00e8ncia coincideix amb l&#8217;any natural.<br \/>\nEl cicle pressupostari engloba l&#8217;elaboraci\u00f3 i l&#8217;aprovaci\u00f3 del pressupost, les modificacions necess\u00e0ries durant l&#8217;exercici pressupostari, l&#8217;execuci\u00f3 amb la utilitzaci\u00f3 de les partides de despesa o ingressos que es reflecteix en la comptabilitat del centre, i la liquidaci\u00f3 i l&#8217;avaluaci\u00f3.<\/p>\n<p><a href=\"https:\/\/agora.xtec.cat\/escolaaquaalba\/wp-content\/uploads\/usu351\/2020\/03\/PRESSUPOST-2020-WEB.pdf\" target=\"_blank\" rel=\"noopener noreferrer\">PRESSUPOST 2020<\/a><\/p>\n<p><a href=\"https:\/\/drive.google.com\/file\/d\/1HCECX3q8RBe6vySD3NIQkPE5v7jJM-Kf\/view?usp=sharing\" target=\"_blank\" rel=\"noopener noreferrer\">LIQUIDACI\u00d3 PRESSUPOST 2020<\/a><\/p>\n<p><a href=\"https:\/\/drive.google.com\/file\/d\/1VPvjBhZ5dDGnPIggVsuyoId01PidgoV9\/view?usp=sharing\" target=\"_blank\" rel=\"noopener noreferrer\">PRESSUPOST 2021<\/a><\/p>\n<p><a href=\"https:\/\/drive.google.com\/file\/d\/1VsTiCtPoKkQUwe_RzLJsDHBioJiCkgjs\/view?usp=sharing\">LIQUIDACI\u00d3 PRESSUPOST 2021<\/a><\/p>\n<p><a href=\"https:\/\/drive.google.com\/file\/d\/1TcA_l0_kKhlKTYXtwIjrhLcJYCzEtcOJ\/view?usp=sharing\">PRESSUPOST 2022<\/a><\/p>\n<p><a href=\"https:\/\/drive.google.com\/file\/d\/1ZLHDzlV17C-5U6cunExxIGFnYZdsU-4C\/view?usp=sharing\">LIQUIDACI\u00d3 PRESSUPOST 2022<\/a><\/p>\n<p><a href=\"https:\/\/docs.google.com\/spreadsheets\/d\/1tMeZIO36sUkzFh7krNjCs-okQFYgi1aC4Z15hwbwBfs\/edit?usp=sharing\">PRESSUPOST 2023<\/a><\/p>\n<p><a href=\"https:\/\/drive.google.com\/file\/d\/1xWJqZ1LjUZMOjG_2kWlYKAWb2TplrZGV\/view?usp=sharing\">LIQUIDACI\u00d3 PRESSUPOST 2023<\/a><\/p>\n<p><a href=\"https:\/\/docs.google.com\/spreadsheets\/d\/1yd4lh82Xj3fRWYugpyBjSoKeRoJblA1C4_Aa33MZor0\/edit?usp=sharing\">PRESSUPOST 2024<\/a><\/p>\n<p><a href=\"https:\/\/docs.google.com\/spreadsheets\/d\/1GPi8NXqxVMHQlPjJwk0nBvqRIf1Kkyoq8ltx3Gii0xs\/edit?usp=sharing\">LIQUIDACI\u00d3 PRESSUPOST 2024<\/a><\/p>\n<p><a href=\"https:\/\/docs.google.com\/spreadsheets\/d\/1-1wE8AYdao9AsZfgDpAfGoH2-KxcVEratJTuKpJZWZU\/edit?usp=sharing\">PRESSUPOST 2025<\/a><\/p>\n<p><a href=\"https:\/\/drive.google.com\/file\/d\/1joT-Q7A-DJdacLOV0HN9300uY0RoDhzA\/view?usp=drive_link\">LIQUIDACIO PRESSUPOST 2025<\/a><\/p>\n<p><a href=\"https:\/\/docs.google.com\/spreadsheets\/d\/1xaqJM-joYbvSanHo-BdQxozVjHLYzGdfQJPB_h2cfUU\/edit?usp=drive_link\">PRESSUPOST 2026<\/a><\/p>\n","protected":false},"excerpt":{"rendered":"<p>Pressupost \u00e9s el document que recull la previsi\u00f3 dels ingressos i la capacitat m\u00e0xima de despeses que es poden fer durant un exercici econ\u00f2mic. \u00c9s \u00fanic i la seva vig\u00e8ncia coincideix amb l&#8217;any natural.<br \/>\nEl cicle pressupostari engloba l&#8217;elaboraci\u00f3 i l&#8217;aprovaci\u00f3 del pressupost, les modificacions necess\u00e0ries&hellip;  <a href=\"https:\/\/agora.xtec.cat\/escolaaquaalba\/lescola\/consell-escolar\/pressupostos\/\" title=\"Read Pressupost i gesti\u00f3 econ\u00f2mica\">Llegeix m\u00e9s\u00bb<\/a><\/p>\n","protected":false},"author":23,"featured_media":0,"parent":28,"menu_order":1,"comment_status":"closed","ping_status":"closed","template":"page-templates\/side-menu.php","meta":{"_bbp_topic_count":0,"_bbp_reply_count":0,"_bbp_total_topic_count":0,"_bbp_total_reply_count":0,"_bbp_voice_count":0,"_bbp_anonymous_reply_count":0,"_bbp_topic_count_hidden":0,"_bbp_reply_count_hidden":0,"_bbp_forum_subforum_count":0,"footnotes":""},"class_list":["post-3150","page","type-page","status-publish","hentry"],"post_mailing_queue_ids":[],"_links":{"self":[{"href":"https:\/\/agora.xtec.cat\/escolaaquaalba\/wp-json\/wp\/v2\/pages\/3150","targetHints":{"allow":["GET"]}}],"collection":[{"href":"https:\/\/agora.xtec.cat\/escolaaquaalba\/wp-json\/wp\/v2\/pages"}],"about":[{"href":"https:\/\/agora.xtec.cat\/escolaaquaalba\/wp-json\/wp\/v2\/types\/page"}],"author":[{"embeddable":true,"href":"https:\/\/agora.xtec.cat\/escolaaquaalba\/wp-json\/wp\/v2\/users\/23"}],"replies":[{"embeddable":true,"href":"https:\/\/agora.xtec.cat\/escolaaquaalba\/wp-json\/wp\/v2\/comments?post=3150"}],"version-history":[{"count":6,"href":"https:\/\/agora.xtec.cat\/escolaaquaalba\/wp-json\/wp\/v2\/pages\/3150\/revisions"}],"predecessor-version":[{"id":10288,"href":"https:\/\/agora.xtec.cat\/escolaaquaalba\/wp-json\/wp\/v2\/pages\/3150\/revisions\/10288"}],"up":[{"embeddable":true,"href":"https:\/\/agora.xtec.cat\/escolaaquaalba\/wp-json\/wp\/v2\/pages\/28"}],"wp:attachment":[{"href":"https:\/\/agora.xtec.cat\/escolaaquaalba\/wp-json\/wp\/v2\/media?parent=3150"}],"curies":[{"name":"wp","href":"https:\/\/api.w.org\/{rel}","templated":true}]}}