{"id":28,"date":"2014-09-18T12:29:35","date_gmt":"2014-09-18T12:29:35","guid":{"rendered":"http:\/\/agora.xtec.cat\/escolaaquaalba\/?page_id=28"},"modified":"2026-02-10T11:54:51","modified_gmt":"2026-02-10T10:54:51","slug":"consell-escolar","status":"publish","type":"page","link":"https:\/\/agora.xtec.cat\/escolaaquaalba\/lescola\/consell-escolar\/","title":{"rendered":"Consell escolar"},"content":{"rendered":"<p>El consell escolar del centre \u00e9s l&#8217;\u00f2rgan col\u00b7legiat de participaci\u00f3 de la comunitat escolar en el govern del centre. En el consell escolar hi ha representats tots els col\u00b7lectius que intervenen en la comunitat educativa: director, professorat, alumnat, personal d&#8217;administraci\u00f3 i serveis, etc.<\/p>\n<p>El consell escolar d&#8217;un centre p\u00fablic est\u00e0 integrat per:<\/p>\n<ul>\n<li>El director o directora, que el presideix.<\/li>\n<li>El cap o la cap d&#8217;estudis.<\/li>\n<li>Un o una representant de l&#8217;ajuntament de la localitat on es troba situat el centre.<\/li>\n<li>El secretari o secret\u00e0ria del centre que assisteix amb veu i sense vot i exerceix la secretaria del consell.<\/li>\n<li>Els i les representants del professorat s&#8217;elegeixen pel claustre.<\/li>\n<li>Els i les representants de l&#8217;alumnat i dels pares i mares o tutors, elegits respectivament per ells i entre ells.<\/li>\n<li>Un o una representant del personal d&#8217;administraci\u00f3 i serveis, elegit per i entre aquest personal.<\/li>\n<li>En els centres espec\u00edfics d&#8217;educaci\u00f3 especial i en els que tinguin unitats d&#8217;educaci\u00f3 especial tamb\u00e9 \u00e9s membre del consell escolar un o una representant del personal d&#8217;atenci\u00f3 educativa. La representaci\u00f3 d&#8217;aquest personal no t\u00e9 la consideraci\u00f3 de representaci\u00f3 del professorat als efectes de determinar la composici\u00f3 del consell escolar.<\/li>\n<\/ul>\n<p>En els centres p\u00fablics, la funci\u00f3 principal del consell escolar \u00e9s participar en la presa de decisions en relaci\u00f3 amb aquells temes importants per al funcionament i l&#8217;organitzaci\u00f3 del centre: el projecte educatiu, la programaci\u00f3 general, la gesti\u00f3 econ\u00f2mica, etc.<\/p>\n<p>Els membres del consell escolar s\u00f3n elegits per un per\u00edode de quatre anys i es renoven per meitats cada dos anys.<\/p>\n<p>Les eleccions per a la constituci\u00f3 o renovaci\u00f3 de membres del consell escolar, les convoca el director o directora del centre p\u00fablic, amb quinze dies d&#8217;antelaci\u00f3, dintre del per\u00edode que fixa el Departament d&#8217;Ensenyament.<\/p>\n<p>Les vacants del consell escolar s&#8217;han d&#8217;ocupar pel procediment establert a les normes d&#8217;organitzaci\u00f3 i funcionament del centre; si aquestes no ho preveuen, les ha d&#8217;ocupar la seg\u00fcent candidatura m\u00e9s votada en les darreres eleccions. Si no hi ha m\u00e9s candidats o candidates per cobrir-les, romanen sense cobrir fins a la propera renovaci\u00f3 del consell escolar.<\/p>\n<p>La condici\u00f3 de membre del consell escolar es perd quan es deixa el c\u00e0rrec que comporta ser-ne membre, quan es deixa de complir algun dels requisits per ser elegible o quan l&#8217;\u00f2rgan que l&#8217;ha designat en revoca la designaci\u00f3.<\/p>\n<p><a href=\"https:\/\/docs.google.com\/document\/d\/1Iuf_iUSZ8jgC-ZANmHWYAJaQ75qSI12sKAjhrIFBVSk\/edit?usp=sharing\" target=\"_blank\" rel=\"noopener noreferrer\">Membres del Consell Escolar de l&#8217;escola Aqua Alba<\/a><\/p>\n<p>El consell escolar del centre es reuneix preceptivament una vegada al trimestre i sempre que el convoca el director o directora del centre o ho sol\u00b7licita al menys un ter\u00e7 de les seves persones membres. A m\u00e9s, s&#8217;ha de fer una reuni\u00f3 a principi de curs i una altra a la seva finalitzaci\u00f3.<\/p>\n<p>Actua normalment en ple. Es poden constituir comissions espec\u00edfiques d\u2019estudi i informaci\u00f3, a les quals, en tot cas, s\u2019hi ha d\u2019incorporar la direcci\u00f3 del centre, o en la seva representaci\u00f3, un altre \u00f2rgan unipersonal de direcci\u00f3, un professor o professora, i un alumne o alumna o un representant o una representant de les mares i els pares. Els centres de titularitat p\u00fablica, a m\u00e9s, hi ha d&#8217;haver preceptivament una comissi\u00f3 econ\u00f2mica que supervisa la gesti\u00f3 econ\u00f2mica del centre.<\/p>\n<p><a href=\"https:\/\/drive.google.com\/file\/d\/1FVfBKkKk-UHoNxXyzDFMzgqdbfrJD8nn\/view?usp=sharing\">Certificat d&#8217;acords del Consell Escolar 05\/02\/2026<\/a><\/p>\n<p><a href=\"https:\/\/drive.google.com\/file\/d\/1h9Y6SyHBFyPcd4O3e2H_2UTxMWVpXlgN\/view?usp=sharing\">Certificat d&#8217;acords del Consell Escolar 26\/06\/2025<\/a><\/p>\n<p><a href=\"https:\/\/drive.google.com\/file\/d\/1siVj8YI_1S5COrZiWPI0wG-QHSSGKZvv\/view?usp=sharing\">Certificat d&#8217;acords del Consell Escolar 27\/02\/2025<\/a><\/p>\n<p><a href=\"https:\/\/drive.google.com\/file\/d\/1DRh4652hI2vYVEdSN1Vdb3Y0u_ycdXID\/view?usp=sharing\">Certificat d&#8217;acords del Consell Escolar 30\/01\/2024<\/a><\/p>\n<p><a href=\"https:\/\/drive.google.com\/file\/d\/16c11aEPrWi1mUgBjxlVXWvtvcPy-4_0K\/view?usp=sharing\">Certificat d&#8217;acords del Consell Escolar 16\/10\/2024<\/a><\/p>\n<p><a href=\"https:\/\/drive.google.com\/file\/d\/1G3vA6-z8eSiNZxbYFKhMo13s9n050GP3\/view?usp=sharing\">Certificat d&#8217;acords del Consell Escolar 27\/06\/2024<\/a><\/p>\n<p><a href=\"https:\/\/drive.google.com\/file\/d\/1QbL6ZdO934KhV-qPWGphECDkH0ElxWXS\/view?usp=sharing\">Certificat d&#8217;acords del Consell Escolar 31\/01\/2024<\/a><\/p>\n<p><a href=\"https:\/\/drive.google.com\/file\/d\/1UrOKmKJS1pn_lY6ypYFnXCfNOacYTdG2\/view?usp=sharing\">Certificat d&#8217;acords del Consell Escolar 12\/11\/2023<\/a><\/p>\n<p><a href=\"https:\/\/drive.google.com\/file\/d\/1LEL8YNy0e4GfCifGwfxSgdHc6Refukoo\/view?usp=sharing\" target=\"_blank\" rel=\"noopener\">Certificat d&#8217;acords del Consell Escolar 24\/10\/23<\/a><\/p>\n<p><a href=\"https:\/\/drive.google.com\/file\/d\/1LUideP20ykZ1xHdwoVimIGbUlgxmNAt7\/view?usp=sharing\">Certificat d&#8217;acords del Consell Escolar 05\/07\/2023<\/a><\/p>\n<p><a href=\"https:\/\/drive.google.com\/file\/d\/1GIMBDwFwnylxiJCjaqvcoeKy4HJN5lbF\/view?usp=sharing\">Certificat d&#8217;acords del Consell Escolar 28\/06\/2023<\/a><\/p>\n<p><a href=\"https:\/\/drive.google.com\/file\/d\/1az78GCvXwv9w4lccW3vQ7L0jqiMAULUo\/view?usp=sharing\">Certificat d&#8217;acords del Consell Escolar 06\/10\/2022<\/a><\/p>\n<p><a href=\"https:\/\/drive.google.com\/file\/d\/1_xW3p8Ik3WsgUaKeOwua8FkkeaH07mjF\/view?usp=sharing\" target=\"_blank\" rel=\"noopener\">Certificat d&#8217;acords del Consell Escolar 28\/06\/2022<\/a><\/p>\n<p><a href=\"https:\/\/drive.google.com\/file\/d\/1soGBwO0clj5ve0RHbyDyDWSffjcX_2vY\/view?usp=sharing\" target=\"_blank\" rel=\"noopener\">Certificat d&#8217;acords del Consell Escolar 26\/05\/2022<\/a><\/p>\n<p><a href=\"https:\/\/drive.google.com\/file\/d\/1Frmn9ahVuCtds_7_rC60vrzJBmfBq4So\/view?usp=sharing\" target=\"_blank\" rel=\"noopener\">Certificat d&#8217;acords del Consell Escolar 24\/01\/2022<\/a><\/p>\n<p><a href=\"https:\/\/drive.google.com\/file\/d\/1mCbYjOZxtjQ89-ZxndRosEKHdtmQg2kw\/view?usp=sharing\">Certificat d&#8217;acords del Consell Escolar 09\/12\/2021<\/a><\/p>\n<p><a href=\"https:\/\/drive.google.com\/file\/d\/1M_71FE7XHYhR4qsK7ggYVH_HWDp-tSI2\/view?usp=sharing\" target=\"_blank\" rel=\"noopener\">Certificat d&#8217;acords del Consell Escolar 04\/112021<\/a><\/p>\n<p><a href=\"https:\/\/drive.google.com\/file\/d\/1NLn_DX-KfBMiibHARdDQqwKFyVD8Fpwc\/view?usp=sharing\">Certificat d&#8217;acords del Consell Escolar 02\/07\/2021<\/a><\/p>\n<p><a href=\"https:\/\/drive.google.com\/file\/d\/1nsKJ73_Y-ONpLhiG2Vv4QE4NJAOBMUoS\/view?usp=sharing\">Certificat d&#8217;acords del Consell Escolar 09\/02\/2021<\/a><\/p>\n<p><a href=\"https:\/\/drive.google.com\/file\/d\/1uehde08juhyxnlzj6r4g6bQRc_9RHqBi\/view?usp=sharing\" target=\"_blank\" rel=\"noopener noreferrer\">Certificat d&#8217;acords del Consell Escolar 17\/11\/2020<\/a><\/p>\n<p><a href=\"https:\/\/drive.google.com\/file\/d\/1sgwptrsfeMgXHmUgpH74HTCngVUQqSMG\/view?usp=sharing\" target=\"_blank\" rel=\"noopener noreferrer\">Certificat d&#8217;acords del Consell Escolar 09\/09\/2020<\/a><\/p>\n<p>&nbsp;<\/p>\n<p>&nbsp;<\/p>\n","protected":false},"excerpt":{"rendered":"<p>El consell escolar del centre \u00e9s l&#8217;\u00f2rgan col\u00b7legiat de participaci\u00f3 de la comunitat escolar en el govern del centre. En el consell escolar hi ha representats tots els col\u00b7lectius que intervenen en la comunitat educativa: director, professorat, alumnat, personal d&#8217;administraci\u00f3 i serveis, etc.<br \/>\nEl consell escolar&hellip;  <a href=\"https:\/\/agora.xtec.cat\/escolaaquaalba\/lescola\/consell-escolar\/\" title=\"Read Consell escolar\">Llegeix m\u00e9s\u00bb<\/a><\/p>\n","protected":false},"author":2,"featured_media":0,"parent":22,"menu_order":70,"comment_status":"closed","ping_status":"closed","template":"page-templates\/side-menu.php","meta":{"_bbp_topic_count":0,"_bbp_reply_count":0,"_bbp_total_topic_count":0,"_bbp_total_reply_count":0,"_bbp_voice_count":0,"_bbp_anonymous_reply_count":0,"_bbp_topic_count_hidden":0,"_bbp_reply_count_hidden":0,"_bbp_forum_subforum_count":0,"footnotes":""},"class_list":["post-28","page","type-page","status-publish","hentry"],"post_mailing_queue_ids":[],"_links":{"self":[{"href":"https:\/\/agora.xtec.cat\/escolaaquaalba\/wp-json\/wp\/v2\/pages\/28","targetHints":{"allow":["GET"]}}],"collection":[{"href":"https:\/\/agora.xtec.cat\/escolaaquaalba\/wp-json\/wp\/v2\/pages"}],"about":[{"href":"https:\/\/agora.xtec.cat\/escolaaquaalba\/wp-json\/wp\/v2\/types\/page"}],"author":[{"embeddable":true,"href":"https:\/\/agora.xtec.cat\/escolaaquaalba\/wp-json\/wp\/v2\/users\/2"}],"replies":[{"embeddable":true,"href":"https:\/\/agora.xtec.cat\/escolaaquaalba\/wp-json\/wp\/v2\/comments?post=28"}],"version-history":[{"count":8,"href":"https:\/\/agora.xtec.cat\/escolaaquaalba\/wp-json\/wp\/v2\/pages\/28\/revisions"}],"predecessor-version":[{"id":10295,"href":"https:\/\/agora.xtec.cat\/escolaaquaalba\/wp-json\/wp\/v2\/pages\/28\/revisions\/10295"}],"up":[{"embeddable":true,"href":"https:\/\/agora.xtec.cat\/escolaaquaalba\/wp-json\/wp\/v2\/pages\/22"}],"wp:attachment":[{"href":"https:\/\/agora.xtec.cat\/escolaaquaalba\/wp-json\/wp\/v2\/media?parent=28"}],"curies":[{"name":"wp","href":"https:\/\/api.w.org\/{rel}","templated":true}]}}