{"id":26,"date":"2014-09-18T12:24:32","date_gmt":"2014-09-18T12:24:32","guid":{"rendered":"http:\/\/agora.xtec.cat\/escolaaquaalba\/?page_id=26"},"modified":"2025-04-04T07:20:08","modified_gmt":"2025-04-04T05:20:08","slug":"historia","status":"publish","type":"page","link":"https:\/\/agora.xtec.cat\/escolaaquaalba\/lescola\/historia\/","title":{"rendered":"Hist\u00f2ria"},"content":{"rendered":"<p style=\"text-align: left;\">La primera ressenya que trobem de l&#8217;escola data de l\u2019any 1902, que amb la construcci\u00f3 del nou edifici de l\u2019Ajuntament, es destin\u00e0 dues aules per a la creaci\u00f3 de l\u2019Escola de Gualba, una per a nens i l\u2019altra per a nenes. Durant la Rep\u00fablica l\u2019Escola passa a la torre anomenada Can Buscarons i es converteix en escola mixta. Un cop acabada la guerra civil, l\u2019escola retornar\u00e0 a l\u2019Ajuntament i de nou seran classes separades per a nens i nenes.<\/p>\n<p style=\"text-align: left;\">Durant aquests anys, l\u2019escola anir\u00e0 passant per diferents alts i baixos, arribant al final dels setanta en una situaci\u00f3 cr\u00edtica, degut a les greus mancances que patia l\u2019escola p\u00fablica en aquells moments. No ser\u00e0 fins a la d\u00e8cada dels vuitanta, que a poc a poc anir\u00e0 capgirant aquesta situaci\u00f3, fins arribar al punt de la construcci\u00f3 d&#8217;un nou edifici escolar (1999-2002).<\/p>\n<p><a href=\"https:\/\/agora.xtec.cat\/escolaaquaalba\/wp-content\/uploads\/usu351\/2021\/02\/Escola-2002-1.jpg\"><img loading=\"lazy\" decoding=\"async\" class=\"wp-image-6870 alignright\" src=\"https:\/\/agora.xtec.cat\/escolaaquaalba\/wp-content\/uploads\/usu351\/2021\/02\/Escola-2002-1-1024x569.jpg\" alt=\"\" width=\"488\" height=\"271\" srcset=\"https:\/\/agora.xtec.cat\/escolaaquaalba\/wp-content\/uploads\/usu351\/2021\/02\/Escola-2002-1-1024x569.jpg 1024w, https:\/\/agora.xtec.cat\/escolaaquaalba\/wp-content\/uploads\/usu351\/2021\/02\/Escola-2002-1-300x167.jpg 300w, https:\/\/agora.xtec.cat\/escolaaquaalba\/wp-content\/uploads\/usu351\/2021\/02\/Escola-2002-1-768x426.jpg 768w, https:\/\/agora.xtec.cat\/escolaaquaalba\/wp-content\/uploads\/usu351\/2021\/02\/Escola-2002-1.jpg 1214w\" sizes=\"auto, (max-width: 488px) 100vw, 488px\" \/><\/a> <a href=\"https:\/\/agora.xtec.cat\/escolaaquaalba\/wp-content\/uploads\/usu351\/2021\/02\/Escola-2002-2.jpg\"><img loading=\"lazy\" decoding=\"async\" class=\"wp-image-6871 alignright\" src=\"https:\/\/agora.xtec.cat\/escolaaquaalba\/wp-content\/uploads\/usu351\/2021\/02\/Escola-2002-2.jpg\" alt=\"\" width=\"182\" height=\"270\" srcset=\"https:\/\/agora.xtec.cat\/escolaaquaalba\/wp-content\/uploads\/usu351\/2021\/02\/Escola-2002-2.jpg 546w, https:\/\/agora.xtec.cat\/escolaaquaalba\/wp-content\/uploads\/usu351\/2021\/02\/Escola-2002-2-202x300.jpg 202w\" sizes=\"auto, (max-width: 182px) 100vw, 182px\" \/><\/a><\/p>\n<p style=\"text-align: left;\">Aquest nou edifici estava situat en la zona d\u2019equipaments i serveis esportius del poble. Constava d\u2019una sola planta dividida en diferents espais o aules: cuina, una aula polivalent ( menjador, desdoblar grups, etc.), una altra sala polivalent ( desdoblar grups de treball, aula de m\u00fasica, idioma, etc. ), dues aules per a Educaci\u00f3 Infantil ( 1 d\u2019 elles amb un annex amb els serveis propis ), una aula per a Cicle Inicial, una aula de mestres\/inform\u00e0tica, una aula de direcci\u00f3 o secretaria, una sala de material, una altra sala de comandament dels serveis d\u2019escola: ( llum, tel\u00e8fon, calefacci\u00f3, etc. ), i una altra sala de banys. L\u2019edifici tenia al davant una gran zona de pati i dins d\u2019aquest un espai dedicat a l\u2019hort escolar.<\/p>\n<p style=\"text-align: left;\">Al curs 2006\/07 es va instal\u00b7lar un m\u00f2dul (just davant de l\u2019 hort ) on hi havia l\u2019 aula de Cicle Mitj\u00e0, l\u2019 aula de Cicle Superior i l\u2019 aula de psicomotricitat (aquesta tamb\u00e9 s\u2019 utilitzava per a desdoblar grups). Tamb\u00e9 hi havia 2 lavabos. Junt a l\u2019edifici escolar, hi havia un annex amb els vestuaris compartits de la pista poliesportiva. Tot l\u2019edifici estava pensat per que hi entr\u00e9s la llum, amb grans finestrals per tots costats i aix\u00f2 permetia gaudir d\u2019una vista al bosc de riera que hi ha davant d\u2019ell. Es varen eliminar totes les barreres arquitect\u00f2niques, ja que s\u2019hi accedia des del carrer per una rampa.<\/p>\n<p>L&#8217;any 2007 les converses entre l&#8217;Ajuntament i el Departament d&#8217;Educaci\u00f3 per aconseguir una ampliaci\u00f3 de l&#8217;escola i aix\u00ed passar de tenir una capacitat per uns 75 alumnes\u00a0 a disposar d&#8217;espai per una 225, donen el seu fruit i el mes de maig de 2011 s&#8217;acaba adjudicant l&#8217;obra del nou edifici, on tamb\u00e9 es preveu la construcci\u00f3 d&#8217; un gimn\u00e0s, vestidors i magatzem.<\/p>\n<p>Finalment, el dia 21 de juliol de 2014 s&#8217;inaugura l&#8217;edifici actual.<a href=\"https:\/\/agora.xtec.cat\/escolaaquaalba\/wp-content\/uploads\/usu351\/2021\/02\/DSCN7697w.jpg\"><img loading=\"lazy\" decoding=\"async\" class=\"wp-image-6875 alignright\" src=\"https:\/\/agora.xtec.cat\/escolaaquaalba\/wp-content\/uploads\/usu351\/2021\/02\/DSCN7697w-1024x768.jpg\" alt=\"\" width=\"397\" height=\"298\" srcset=\"https:\/\/agora.xtec.cat\/escolaaquaalba\/wp-content\/uploads\/usu351\/2021\/02\/DSCN7697w.jpg 1024w, https:\/\/agora.xtec.cat\/escolaaquaalba\/wp-content\/uploads\/usu351\/2021\/02\/DSCN7697w-300x225.jpg 300w, https:\/\/agora.xtec.cat\/escolaaquaalba\/wp-content\/uploads\/usu351\/2021\/02\/DSCN7697w-768x576.jpg 768w, https:\/\/agora.xtec.cat\/escolaaquaalba\/wp-content\/uploads\/usu351\/2021\/02\/DSCN7697w-200x150.jpg 200w\" sizes=\"auto, (max-width: 397px) 100vw, 397px\" \/><\/a> <a href=\"https:\/\/agora.xtec.cat\/escolaaquaalba\/wp-content\/uploads\/usu351\/2021\/02\/DSCN7700w.jpg\"><img loading=\"lazy\" decoding=\"async\" class=\"wp-image-6876 alignright\" src=\"https:\/\/agora.xtec.cat\/escolaaquaalba\/wp-content\/uploads\/usu351\/2021\/02\/DSCN7700w.jpg\" alt=\"\" width=\"409\" height=\"273\" srcset=\"https:\/\/agora.xtec.cat\/escolaaquaalba\/wp-content\/uploads\/usu351\/2021\/02\/DSCN7700w.jpg 1022w, https:\/\/agora.xtec.cat\/escolaaquaalba\/wp-content\/uploads\/usu351\/2021\/02\/DSCN7700w-300x200.jpg 300w, https:\/\/agora.xtec.cat\/escolaaquaalba\/wp-content\/uploads\/usu351\/2021\/02\/DSCN7700w-768x513.jpg 768w\" sizes=\"auto, (max-width: 409px) 100vw, 409px\" \/><\/a><\/p>\n<p>Gualba prov\u00e9 del llat\u00ed\u00a0<strong><i>Aqua Alba<\/i><\/strong>, &#8220;aigua blanca&#8221;. Segurament el nom fa refer\u00e8ncia al color blanc que fa l&#8217;escuma de l&#8217;aigua de la riera al passar per salts i gorgs. Aix\u00ed doncs, <strong>la nostra escola conserva el nom llat\u00ed de la poblaci\u00f3.<\/strong><\/p>\n<p>&nbsp;<\/p>\n<ul>\n<li><\/li>\n<\/ul>\n<p>&nbsp;<\/p>\n","protected":false},"excerpt":{"rendered":"<p>La primera ressenya que trobem de l&#8217;escola data de l\u2019any 1902, que amb la construcci\u00f3 del nou edifici de l\u2019Ajuntament, es destin\u00e0 dues aules per a la creaci\u00f3 de l\u2019Escola de Gualba, una per a nens i l\u2019altra per a nenes. Durant la Rep\u00fablica l\u2019Escola&hellip;  <a href=\"https:\/\/agora.xtec.cat\/escolaaquaalba\/lescola\/historia\/\" title=\"Read Hist\u00f2ria\">Llegeix m\u00e9s\u00bb<\/a><\/p>\n","protected":false},"author":2,"featured_media":0,"parent":22,"menu_order":20,"comment_status":"closed","ping_status":"closed","template":"page-templates\/side-menu.php","meta":{"_bbp_topic_count":0,"_bbp_reply_count":0,"_bbp_total_topic_count":0,"_bbp_total_reply_count":0,"_bbp_voice_count":0,"_bbp_anonymous_reply_count":0,"_bbp_topic_count_hidden":0,"_bbp_reply_count_hidden":0,"_bbp_forum_subforum_count":0,"footnotes":""},"class_list":["post-26","page","type-page","status-publish","hentry"],"post_mailing_queue_ids":[],"_links":{"self":[{"href":"https:\/\/agora.xtec.cat\/escolaaquaalba\/wp-json\/wp\/v2\/pages\/26","targetHints":{"allow":["GET"]}}],"collection":[{"href":"https:\/\/agora.xtec.cat\/escolaaquaalba\/wp-json\/wp\/v2\/pages"}],"about":[{"href":"https:\/\/agora.xtec.cat\/escolaaquaalba\/wp-json\/wp\/v2\/types\/page"}],"author":[{"embeddable":true,"href":"https:\/\/agora.xtec.cat\/escolaaquaalba\/wp-json\/wp\/v2\/users\/2"}],"replies":[{"embeddable":true,"href":"https:\/\/agora.xtec.cat\/escolaaquaalba\/wp-json\/wp\/v2\/comments?post=26"}],"version-history":[{"count":5,"href":"https:\/\/agora.xtec.cat\/escolaaquaalba\/wp-json\/wp\/v2\/pages\/26\/revisions"}],"predecessor-version":[{"id":10163,"href":"https:\/\/agora.xtec.cat\/escolaaquaalba\/wp-json\/wp\/v2\/pages\/26\/revisions\/10163"}],"up":[{"embeddable":true,"href":"https:\/\/agora.xtec.cat\/escolaaquaalba\/wp-json\/wp\/v2\/pages\/22"}],"wp:attachment":[{"href":"https:\/\/agora.xtec.cat\/escolaaquaalba\/wp-json\/wp\/v2\/media?parent=26"}],"curies":[{"name":"wp","href":"https:\/\/api.w.org\/{rel}","templated":true}]}}