{"id":2370,"date":"2019-04-03T15:41:00","date_gmt":"2019-04-03T13:41:00","guid":{"rendered":"http:\/\/agora.xtec.cat\/escolaaquaalba\/?page_id=2370"},"modified":"2024-02-22T11:55:53","modified_gmt":"2024-02-22T10:55:53","slug":"pec-18-19","status":"publish","type":"page","link":"https:\/\/agora.xtec.cat\/escolaaquaalba\/projecte-educatiu\/pec-18-19\/","title":{"rendered":"Projecte Educatiu de Centre (PEC)"},"content":{"rendered":"<p>El projecte educatiu de centre (PEC) \u00e9s un document que inclou els trets d&#8217;identitat del centre, els principis pedag\u00f2gics, els principis organitzatius i el projecte ling\u00fc\u00edstic.<\/p>\n<p>En aquest document s&#8217;especifiquen els valors, els objectius i les prioritats d&#8217;actuaci\u00f3 del centre, la concreci\u00f3 dels curr\u00edculums que s&#8217;imparteixen i el tractament transversal en les \u00e0rees, mat\u00e8ries o m\u00f2duls de l&#8217;educaci\u00f3 en valors i altres ensenyaments.<\/p>\n<p>Aquesta \u00e9s l&#8217;actualitzaci\u00f3 de la primera part del document..<\/p>\n<p><a href=\"https:\/\/docs.google.com\/document\/d\/1FwmR0hLLX1CKPZGSPr2Y6Qwm88j7COBUvnXS7s83L_Y\/edit?usp=sharing\">Projecte Educatiu de Centre (PEC) de l&#8217;escola Aqua Alba<\/a><\/p>\n","protected":false},"excerpt":{"rendered":"<p>El projecte educatiu de centre (PEC) \u00e9s un document que inclou els trets d&#8217;identitat del centre, els principis pedag\u00f2gics, els principis organitzatius i el projecte ling\u00fc\u00edstic.<br \/>\nEn aquest document s&#8217;especifiquen els valors, els objectius i les prioritats d&#8217;actuaci\u00f3 del centre, la concreci\u00f3 dels curr\u00edculums que s&#8217;imparteixen&hellip;  <a href=\"https:\/\/agora.xtec.cat\/escolaaquaalba\/projecte-educatiu\/pec-18-19\/\" title=\"Read Projecte Educatiu de Centre (PEC)\">Llegeix m\u00e9s\u00bb<\/a><\/p>\n","protected":false},"author":1,"featured_media":0,"parent":64,"menu_order":10,"comment_status":"closed","ping_status":"closed","template":"page-templates\/side-menu.php","meta":{"_bbp_topic_count":0,"_bbp_reply_count":0,"_bbp_total_topic_count":0,"_bbp_total_reply_count":0,"_bbp_voice_count":0,"_bbp_anonymous_reply_count":0,"_bbp_topic_count_hidden":0,"_bbp_reply_count_hidden":0,"_bbp_forum_subforum_count":0,"footnotes":""},"class_list":["post-2370","page","type-page","status-publish","hentry"],"post_mailing_queue_ids":[],"_links":{"self":[{"href":"https:\/\/agora.xtec.cat\/escolaaquaalba\/wp-json\/wp\/v2\/pages\/2370","targetHints":{"allow":["GET"]}}],"collection":[{"href":"https:\/\/agora.xtec.cat\/escolaaquaalba\/wp-json\/wp\/v2\/pages"}],"about":[{"href":"https:\/\/agora.xtec.cat\/escolaaquaalba\/wp-json\/wp\/v2\/types\/page"}],"author":[{"embeddable":true,"href":"https:\/\/agora.xtec.cat\/escolaaquaalba\/wp-json\/wp\/v2\/users\/1"}],"replies":[{"embeddable":true,"href":"https:\/\/agora.xtec.cat\/escolaaquaalba\/wp-json\/wp\/v2\/comments?post=2370"}],"version-history":[{"count":4,"href":"https:\/\/agora.xtec.cat\/escolaaquaalba\/wp-json\/wp\/v2\/pages\/2370\/revisions"}],"predecessor-version":[{"id":9876,"href":"https:\/\/agora.xtec.cat\/escolaaquaalba\/wp-json\/wp\/v2\/pages\/2370\/revisions\/9876"}],"up":[{"embeddable":true,"href":"https:\/\/agora.xtec.cat\/escolaaquaalba\/wp-json\/wp\/v2\/pages\/64"}],"wp:attachment":[{"href":"https:\/\/agora.xtec.cat\/escolaaquaalba\/wp-json\/wp\/v2\/media?parent=2370"}],"curies":[{"name":"wp","href":"https:\/\/api.w.org\/{rel}","templated":true}]}}