{"id":2367,"date":"2019-04-03T15:40:04","date_gmt":"2019-04-03T13:40:04","guid":{"rendered":"http:\/\/agora.xtec.cat\/escolaaquaalba\/?page_id=2367"},"modified":"2024-02-22T11:58:25","modified_gmt":"2024-02-22T10:58:25","slug":"projecte-linguistic-18-19","status":"publish","type":"page","link":"https:\/\/agora.xtec.cat\/escolaaquaalba\/projecte-educatiu\/projecte-linguistic-18-19\/","title":{"rendered":"Projecte Ling\u00fc\u00edstic"},"content":{"rendered":"<p>El projecte ling\u00fc\u00edstic \u00e9s el document que recull els aspectes relatius a l&#8217;ensenyament i a l&#8217;\u00fas de les lleng\u00fces en el centre educatiu.<\/p>\n<p>En aquest document queden definits el tractament de la llengua catalana com a llengua vehicular i d&#8217;aprenentatge, el proc\u00e9s d&#8217;ensenyament i aprenentatge de la llengua castellana, les diferents opcions amb refer\u00e8ncia a les lleng\u00fces estrangeres i els criteris generals per a les adequacions de les lleng\u00fces a la realitat socioling\u00fc\u00edstica del centre.<\/p>\n<p>Els centres p\u00fablics i els centres privats concertats elaboren el projecte ling\u00fc\u00edstic, que forma part del projecte educatiu de centre.<\/p>\n<p>El document s&#8217;actualitza a inst\u00e0ncia del Departament d&#8217;Educaci\u00f3 en sessi\u00f3 de Consell Escolar el dia 28 de juny de 2022.<\/p>\n<p><a href=\"https:\/\/docs.google.com\/document\/d\/19bFcAC4C4ZXjWECwMubom26B1QvqzzVnwwMZzQNt2r0\/edit?usp=sharing\">Projecte Ling\u00fc\u00edstic de l&#8217;escola Aqua Alba<\/a><\/p>\n<p>&nbsp;<\/p>\n","protected":false},"excerpt":{"rendered":"<p>El projecte ling\u00fc\u00edstic \u00e9s el document que recull els aspectes relatius a l&#8217;ensenyament i a l&#8217;\u00fas de les lleng\u00fces en el centre educatiu.<br \/>\nEn aquest document queden definits el tractament de la llengua catalana com a llengua vehicular i d&#8217;aprenentatge, el proc\u00e9s d&#8217;ensenyament i aprenentatge de&hellip;  <a href=\"https:\/\/agora.xtec.cat\/escolaaquaalba\/projecte-educatiu\/projecte-linguistic-18-19\/\" title=\"Read Projecte Ling\u00fc\u00edstic\">Llegeix m\u00e9s\u00bb<\/a><\/p>\n","protected":false},"author":1,"featured_media":0,"parent":64,"menu_order":20,"comment_status":"closed","ping_status":"closed","template":"page-templates\/side-menu.php","meta":{"_bbp_topic_count":0,"_bbp_reply_count":0,"_bbp_total_topic_count":0,"_bbp_total_reply_count":0,"_bbp_voice_count":0,"_bbp_anonymous_reply_count":0,"_bbp_topic_count_hidden":0,"_bbp_reply_count_hidden":0,"_bbp_forum_subforum_count":0,"footnotes":""},"class_list":["post-2367","page","type-page","status-publish","hentry"],"post_mailing_queue_ids":[],"_links":{"self":[{"href":"https:\/\/agora.xtec.cat\/escolaaquaalba\/wp-json\/wp\/v2\/pages\/2367","targetHints":{"allow":["GET"]}}],"collection":[{"href":"https:\/\/agora.xtec.cat\/escolaaquaalba\/wp-json\/wp\/v2\/pages"}],"about":[{"href":"https:\/\/agora.xtec.cat\/escolaaquaalba\/wp-json\/wp\/v2\/types\/page"}],"author":[{"embeddable":true,"href":"https:\/\/agora.xtec.cat\/escolaaquaalba\/wp-json\/wp\/v2\/users\/1"}],"replies":[{"embeddable":true,"href":"https:\/\/agora.xtec.cat\/escolaaquaalba\/wp-json\/wp\/v2\/comments?post=2367"}],"version-history":[{"count":4,"href":"https:\/\/agora.xtec.cat\/escolaaquaalba\/wp-json\/wp\/v2\/pages\/2367\/revisions"}],"predecessor-version":[{"id":9877,"href":"https:\/\/agora.xtec.cat\/escolaaquaalba\/wp-json\/wp\/v2\/pages\/2367\/revisions\/9877"}],"up":[{"embeddable":true,"href":"https:\/\/agora.xtec.cat\/escolaaquaalba\/wp-json\/wp\/v2\/pages\/64"}],"wp:attachment":[{"href":"https:\/\/agora.xtec.cat\/escolaaquaalba\/wp-json\/wp\/v2\/media?parent=2367"}],"curies":[{"name":"wp","href":"https:\/\/api.w.org\/{rel}","templated":true}]}}