{"id":2363,"date":"2019-04-03T15:38:44","date_gmt":"2019-04-03T13:38:44","guid":{"rendered":"http:\/\/agora.xtec.cat\/escolaaquaalba\/?page_id=2363"},"modified":"2025-03-13T15:43:36","modified_gmt":"2025-03-13T14:43:36","slug":"programacio-general-de-centre-18-19","status":"publish","type":"page","link":"https:\/\/agora.xtec.cat\/escolaaquaalba\/projecte-educatiu\/programacio-general-de-centre-18-19\/","title":{"rendered":"Programaci\u00f3 General Anual (PGA)"},"content":{"rendered":"<p>En la programaci\u00f3 general anual (PGA) es recull la concreci\u00f3 de les prioritats, de les activitats i del funcionament del centre per al curs escolar corresponent, i dels diferents \u00e0mbits de l&#8217;autonomia del centre, d&#8217;acord amb el projecte educatiu i, en els centres p\u00fablics, d&#8217;acord amb el projecte de direcci\u00f3 vigent:<\/p>\n<ul>\n<li>Autonomia pedag\u00f2gica: concreci\u00f3 anual dels objectius del PEC i del curr\u00edculum, aix\u00ed com de tots els plans d&#8217;actuaci\u00f3 acordats i aprovats.<\/li>\n<li>Autonomia organitzativa: concreci\u00f3 anual de totes les prioritats dels projectes i normes, i la previsi\u00f3 de totes les activitats de l&#8217;horari escolar.<\/li>\n<li>Autonomia de gesti\u00f3 de recursos: la concreci\u00f3 de recursos destinats per a les diferents actuacions, els responsables i els mecanismes de seguiment, aix\u00ed com els indicadors i procediments per avaluar els processos i els resultats, a partir dels indicadors definits en el projecte de direcci\u00f3 i dels indicadors de progr\u00e9s del projecte educatiu.<\/li>\n<\/ul>\n<p><a href=\"https:\/\/docs.google.com\/document\/d\/1THVTsg74EdEKkFyw1kxOTFz2hy6gpqRYLcH3-AQGuwo\/edit?usp=drive_link\">Programaci\u00f3 General Anual 2024 &#8211; 2025<\/a><\/p>\n<p>&nbsp;<\/p>\n","protected":false},"excerpt":{"rendered":"<p>En la programaci\u00f3 general anual (PGA) es recull la concreci\u00f3 de les prioritats, de les activitats i del funcionament del centre per al curs escolar corresponent, i dels diferents \u00e0mbits de l&#8217;autonomia del centre, d&#8217;acord amb el projecte educatiu i, en els centres p\u00fablics, d&#8217;acord&hellip;  <a href=\"https:\/\/agora.xtec.cat\/escolaaquaalba\/projecte-educatiu\/programacio-general-de-centre-18-19\/\" title=\"Read Programaci\u00f3 General Anual (PGA)\">Llegeix m\u00e9s\u00bb<\/a><\/p>\n","protected":false},"author":1,"featured_media":0,"parent":64,"menu_order":40,"comment_status":"closed","ping_status":"closed","template":"page-templates\/side-menu.php","meta":{"_bbp_topic_count":0,"_bbp_reply_count":0,"_bbp_total_topic_count":0,"_bbp_total_reply_count":0,"_bbp_voice_count":0,"_bbp_anonymous_reply_count":0,"_bbp_topic_count_hidden":0,"_bbp_reply_count_hidden":0,"_bbp_forum_subforum_count":0,"footnotes":""},"class_list":["post-2363","page","type-page","status-publish","hentry"],"post_mailing_queue_ids":[],"_links":{"self":[{"href":"https:\/\/agora.xtec.cat\/escolaaquaalba\/wp-json\/wp\/v2\/pages\/2363","targetHints":{"allow":["GET"]}}],"collection":[{"href":"https:\/\/agora.xtec.cat\/escolaaquaalba\/wp-json\/wp\/v2\/pages"}],"about":[{"href":"https:\/\/agora.xtec.cat\/escolaaquaalba\/wp-json\/wp\/v2\/types\/page"}],"author":[{"embeddable":true,"href":"https:\/\/agora.xtec.cat\/escolaaquaalba\/wp-json\/wp\/v2\/users\/1"}],"replies":[{"embeddable":true,"href":"https:\/\/agora.xtec.cat\/escolaaquaalba\/wp-json\/wp\/v2\/comments?post=2363"}],"version-history":[{"count":5,"href":"https:\/\/agora.xtec.cat\/escolaaquaalba\/wp-json\/wp\/v2\/pages\/2363\/revisions"}],"predecessor-version":[{"id":10140,"href":"https:\/\/agora.xtec.cat\/escolaaquaalba\/wp-json\/wp\/v2\/pages\/2363\/revisions\/10140"}],"up":[{"embeddable":true,"href":"https:\/\/agora.xtec.cat\/escolaaquaalba\/wp-json\/wp\/v2\/pages\/64"}],"wp:attachment":[{"href":"https:\/\/agora.xtec.cat\/escolaaquaalba\/wp-json\/wp\/v2\/media?parent=2363"}],"curies":[{"name":"wp","href":"https:\/\/api.w.org\/{rel}","templated":true}]}}