{"id":22,"date":"2014-09-18T12:19:57","date_gmt":"2014-09-18T12:19:57","guid":{"rendered":"http:\/\/agora.xtec.cat\/escolaaquaalba\/?page_id=22"},"modified":"2021-04-19T14:46:31","modified_gmt":"2021-04-19T12:46:31","slug":"lescola","status":"publish","type":"page","link":"https:\/\/agora.xtec.cat\/escolaaquaalba\/lescola\/","title":{"rendered":"L&#8217;escola"},"content":{"rendered":"<p>L&#8217;escola Aqua Alba \u00e9s el centre educatiu per l&#8217;\u00e0rea d&#8217;influ\u00e8ncia del municipi de Gualba. El centre acull en l&#8217;actualitat uns 150 alumnes, entre educaci\u00f3 infantil i prim\u00e0ria. L&#8217;escola \u00e9s d&#8217;una sola l\u00ednia, aix\u00f2 vol dir que hi ha un grup classe de cada nivell.<\/p>\n<p>Els alumnes, quan acaben la prim\u00e0ria, tenen com institut de refer\u00e8ncia l&#8217; <a href=\"https:\/\/agora.xtec.cat\/ies-baix-montseny\/\" target=\"_blank\" rel=\"noopener noreferrer\">Institut Baix Montseny (Sant Celoni)<\/a><\/p>\n","protected":false},"excerpt":{"rendered":"<p>L&#8217;escola Aqua Alba \u00e9s el centre educatiu per l&#8217;\u00e0rea d&#8217;influ\u00e8ncia del municipi de Gualba. El centre acull en l&#8217;actualitat uns 150 alumnes, entre educaci\u00f3 infantil i prim\u00e0ria. L&#8217;escola \u00e9s d&#8217;una sola l\u00ednia, aix\u00f2 vol dir que hi ha un grup classe de cada nivell.<br \/>\nEls alumnes,&hellip;  <a href=\"https:\/\/agora.xtec.cat\/escolaaquaalba\/lescola\/\" title=\"Read L&#8217;escola\">Llegeix m\u00e9s\u00bb<\/a><\/p>\n","protected":false},"author":2,"featured_media":0,"parent":0,"menu_order":0,"comment_status":"closed","ping_status":"closed","template":"page-templates\/side-menu.php","meta":{"_bbp_topic_count":0,"_bbp_reply_count":0,"_bbp_total_topic_count":0,"_bbp_total_reply_count":0,"_bbp_voice_count":0,"_bbp_anonymous_reply_count":0,"_bbp_topic_count_hidden":0,"_bbp_reply_count_hidden":0,"_bbp_forum_subforum_count":0,"footnotes":""},"class_list":["post-22","page","type-page","status-publish","hentry"],"post_mailing_queue_ids":[],"_links":{"self":[{"href":"https:\/\/agora.xtec.cat\/escolaaquaalba\/wp-json\/wp\/v2\/pages\/22","targetHints":{"allow":["GET"]}}],"collection":[{"href":"https:\/\/agora.xtec.cat\/escolaaquaalba\/wp-json\/wp\/v2\/pages"}],"about":[{"href":"https:\/\/agora.xtec.cat\/escolaaquaalba\/wp-json\/wp\/v2\/types\/page"}],"author":[{"embeddable":true,"href":"https:\/\/agora.xtec.cat\/escolaaquaalba\/wp-json\/wp\/v2\/users\/2"}],"replies":[{"embeddable":true,"href":"https:\/\/agora.xtec.cat\/escolaaquaalba\/wp-json\/wp\/v2\/comments?post=22"}],"version-history":[{"count":5,"href":"https:\/\/agora.xtec.cat\/escolaaquaalba\/wp-json\/wp\/v2\/pages\/22\/revisions"}],"predecessor-version":[{"id":7571,"href":"https:\/\/agora.xtec.cat\/escolaaquaalba\/wp-json\/wp\/v2\/pages\/22\/revisions\/7571"}],"wp:attachment":[{"href":"https:\/\/agora.xtec.cat\/escolaaquaalba\/wp-json\/wp\/v2\/media?parent=22"}],"curies":[{"name":"wp","href":"https:\/\/api.w.org\/{rel}","templated":true}]}}