{"id":8153,"date":"2025-10-24T18:59:08","date_gmt":"2025-10-24T16:59:08","guid":{"rendered":"https:\/\/agora.xtec.cat\/escolaantonitapies\/?page_id=8153"},"modified":"2026-01-23T11:59:47","modified_gmt":"2026-01-23T10:59:47","slug":"benvinguts-des-al-nou-espai-digital-de-lescola-antoni-tapies","status":"publish","type":"page","link":"https:\/\/agora.xtec.cat\/escolaantonitapies\/benvinguts-des-al-nou-espai-digital-de-lescola-antoni-tapies\/","title":{"rendered":"Benvinguts\/des al Nou Espai Digital de l\u2019Escola Antoni T\u00e0pies!"},"content":{"rendered":"\n<div class=\"wp-block-cover\"><span aria-hidden=\"true\" class=\"wp-block-cover__background has-background-dim\"><\/span><img loading=\"lazy\" decoding=\"async\" width=\"800\" height=\"800\" class=\"wp-block-cover__image-background wp-image-8139\" alt=\"\" src=\"https:\/\/agora.xtec.cat\/escolaantonitapies\/wp-content\/uploads\/usu574\/2025\/10\/anuncio-antoni-tapies-1.jpg\" data-object-fit=\"cover\" srcset=\"https:\/\/agora.xtec.cat\/escolaantonitapies\/wp-content\/uploads\/usu574\/2025\/10\/anuncio-antoni-tapies-1.jpg 800w, https:\/\/agora.xtec.cat\/escolaantonitapies\/wp-content\/uploads\/usu574\/2025\/10\/anuncio-antoni-tapies-1-300x300.jpg 300w, https:\/\/agora.xtec.cat\/escolaantonitapies\/wp-content\/uploads\/usu574\/2025\/10\/anuncio-antoni-tapies-1-150x150.jpg 150w, https:\/\/agora.xtec.cat\/escolaantonitapies\/wp-content\/uploads\/usu574\/2025\/10\/anuncio-antoni-tapies-1-768x768.jpg 768w\" sizes=\"auto, (max-width: 800px) 100vw, 800px\" \/><div class=\"wp-block-cover__inner-container is-layout-flow wp-block-cover-is-layout-flow\">\n<h2 class=\"wp-block-heading has-text-align-center has-large-font-size\">Benvinguts\/des al Nou Espai Digital de l\u2019Escola Antoni T\u00e0pies!<\/h2>\n<\/div><\/div>\n\n\n\n<p><strong>Benvolgudes fam\u00edlies, alumnes i professorat,<\/strong><\/p>\n\n\n\n<p>Estem molt contents\/es de donar-vos la benvinguda a la nostra p\u00e0gina web, totalment <strong>renovada i redissenyada<\/strong>! Despr\u00e9s de mesos de treball i il\u00b7lusi\u00f3, estrenem un portal m\u00e9s modern, intu\u00eftiu i adaptat a les vostres necessitats.<\/p>\n\n\n\n<p>L\u2019objectiu principal d&#8217;aquesta transformaci\u00f3 \u00e9s oferir un <em>espai digital<\/em> que millori la vostra experi\u00e8ncia a l&#8217;hora d&#8217;accedir a la informaci\u00f3 essencial.<\/p>\n\n\n\n<h2 class=\"wp-block-heading\">Qu\u00e8 hi trobareu de nou? Les Novetats Destacades<\/h2>\n\n\n\n<p>El nou disseny s&#8217;ha creat pensant en la claredat i l&#8217;accessibilitat. Aquestes s\u00f3n les millores m\u00e9s importants:<\/p>\n\n\n\n<ul class=\"wp-block-list\">\n<li><strong>\ud83d\udcbb Disseny Adaptable:<\/strong> Ara podeu navegar-hi f\u00e0cilment des de qualsevol dispositiu (m\u00f2bil, tauleta o ordinador) sense perdre cap detall.<\/li>\n\n\n\n<li><strong>\ud83e\udded Navegaci\u00f3 Simplificada:<\/strong> Hem reestructurat els men\u00fas per a fer-los m\u00e9s intu\u00eftius.<\/li>\n\n\n\n<li><strong>\ud83c\udfa8 M\u00e9s Visual:<\/strong> Hem integrat un disseny m\u00e9s net, utilitzant <a href=\"https:\/\/projectes.xtec.cat\/digital\/serveis-digitals\/nodes\/\" data-type=\"link\" data-id=\"https:\/\/projectes.xtec.cat\/digital\/serveis-digitals\/nodes\/\">Nodes 2<\/a>.<\/li>\n<\/ul>\n\n\n\n<p><\/p>\n\n\n\n<h4 class=\"wp-block-heading\">La Guia R\u00e0pida: Navegaci\u00f3<br><\/h4>\n\n\n\n<p>Entre els men\u00fas hi trobareu 3 canvis:<\/p>\n\n\n\n<ul class=\"wp-block-list\">\n<li>Un men\u00fa principal redu\u00eft, nom\u00e9s amb els enlla\u00e7os m\u00e9s importants.<\/li>\n\n\n\n<li>Un panell de botons, presents a la cap\u00e7alera de totes les p\u00e0gines, amb els enlla\u00e7os m\u00e9s habituals.<\/li>\n\n\n\n<li>Accessos directes des de la p\u00e0gina principal de l&#8217;escola a les quatre categories m\u00e9s importants: Cicle de Petits, Cicle de Mitjans, Cicle de Grans i Serveis.<\/li>\n<\/ul>\n\n\n\n<p><strong>Gaudiu de la navegaci\u00f3!<\/strong><\/p>\n\n\n\n<p><\/p>\n","protected":false},"excerpt":{"rendered":"<p>Benvolgudes fam\u00edlies, alumnes i professorat, Estem molt contents\/es de donar-vos la benvinguda a la nostra p\u00e0gina web, totalment renovada i redissenyada! Despr\u00e9s de mesos de treball i il\u00b7lusi\u00f3, estrenem un portal m\u00e9s modern, intu\u00eftiu i adaptat a les vostres necessitats. L\u2019objectiu principal d&#8217;aquesta transformaci\u00f3 \u00e9s oferir un espai digital que millori la vostra experi\u00e8ncia a [&hellip;]<\/p>\n","protected":false},"author":1,"featured_media":0,"parent":0,"menu_order":0,"comment_status":"closed","ping_status":"close","template":"","meta":{"_bbp_topic_count":0,"_bbp_reply_count":0,"_bbp_total_topic_count":0,"_bbp_total_reply_count":0,"_bbp_voice_count":0,"_bbp_anonymous_reply_count":0,"_bbp_topic_count_hidden":0,"_bbp_reply_count_hidden":0,"_bbp_forum_subforum_count":0,"site-sidebar-layout":"no-sidebar","site-content-layout":"","ast-site-content-layout":"default","site-content-style":"default","site-sidebar-style":"default","ast-global-header-display":"","ast-banner-title-visibility":"","ast-main-header-display":"","ast-hfb-above-header-display":"","ast-hfb-below-header-display":"","ast-hfb-mobile-header-display":"","site-post-title":"disabled","ast-breadcrumbs-content":"","ast-featured-img":"","footer-sml-layout":"","theme-transparent-header-meta":"","adv-header-id-meta":"","stick-header-meta":"","header-above-stick-meta":"","header-main-stick-meta":"","header-below-stick-meta":"","astra-migrate-meta-layouts":"set","ast-page-background-enabled":"default","ast-page-background-meta":{"desktop":{"background-color":"var(--ast-global-color-4)","background-image":"","background-repeat":"repeat","background-position":"center center","background-size":"auto","background-attachment":"scroll","background-type":"","background-media":"","overlay-type":"","overlay-color":"","overlay-opacity":"","overlay-gradient":""},"tablet":{"background-color":"","background-image":"","background-repeat":"repeat","background-position":"center center","background-size":"auto","background-attachment":"scroll","background-type":"","background-media":"","overlay-type":"","overlay-color":"","overlay-opacity":"","overlay-gradient":""},"mobile":{"background-color":"","background-image":"","background-repeat":"repeat","background-position":"center center","background-size":"auto","background-attachment":"scroll","background-type":"","background-media":"","overlay-type":"","overlay-color":"","overlay-opacity":"","overlay-gradient":""}},"ast-content-background-meta":{"desktop":{"background-color":"var(--ast-global-color-5)","background-image":"","background-repeat":"repeat","background-position":"center center","background-size":"auto","background-attachment":"scroll","background-type":"","background-media":"","overlay-type":"","overlay-color":"","overlay-opacity":"","overlay-gradient":""},"tablet":{"background-color":"var(--ast-global-color-5)","background-image":"","background-repeat":"repeat","background-position":"center center","background-size":"auto","background-attachment":"scroll","background-type":"","background-media":"","overlay-type":"","overlay-color":"","overlay-opacity":"","overlay-gradient":""},"mobile":{"background-color":"var(--ast-global-color-5)","background-image":"","background-repeat":"repeat","background-position":"center center","background-size":"auto","background-attachment":"scroll","background-type":"","background-media":"","overlay-type":"","overlay-color":"","overlay-opacity":"","overlay-gradient":""}},"footnotes":""},"class_list":["post-8153","page","type-page","status-publish","hentry"],"post_mailing_queue_ids":[],"_links":{"self":[{"href":"https:\/\/agora.xtec.cat\/escolaantonitapies\/wp-json\/wp\/v2\/pages\/8153","targetHints":{"allow":["GET"]}}],"collection":[{"href":"https:\/\/agora.xtec.cat\/escolaantonitapies\/wp-json\/wp\/v2\/pages"}],"about":[{"href":"https:\/\/agora.xtec.cat\/escolaantonitapies\/wp-json\/wp\/v2\/types\/page"}],"author":[{"embeddable":true,"href":"https:\/\/agora.xtec.cat\/escolaantonitapies\/wp-json\/wp\/v2\/users\/1"}],"replies":[{"embeddable":true,"href":"https:\/\/agora.xtec.cat\/escolaantonitapies\/wp-json\/wp\/v2\/comments?post=8153"}],"version-history":[{"count":6,"href":"https:\/\/agora.xtec.cat\/escolaantonitapies\/wp-json\/wp\/v2\/pages\/8153\/revisions"}],"predecessor-version":[{"id":8196,"href":"https:\/\/agora.xtec.cat\/escolaantonitapies\/wp-json\/wp\/v2\/pages\/8153\/revisions\/8196"}],"wp:attachment":[{"href":"https:\/\/agora.xtec.cat\/escolaantonitapies\/wp-json\/wp\/v2\/media?parent=8153"}],"curies":[{"name":"wp","href":"https:\/\/api.w.org\/{rel}","templated":true}]}}