{"id":73,"date":"2014-09-18T14:01:51","date_gmt":"2014-09-18T14:01:51","guid":{"rendered":"http:\/\/agora.xtec.cat\/escolaantonitapies\/?page_id=73"},"modified":"2026-03-24T12:06:27","modified_gmt":"2026-03-24T11:06:27","slug":"menjador-escolar","status":"publish","type":"page","link":"https:\/\/agora.xtec.cat\/escolaantonitapies\/serveis\/menjador-escolar\/","title":{"rendered":"Menjador escolar"},"content":{"rendered":"\n<p><span style=\"font-family: inherit; font-size: 1em; text-align: justify;\">L\u2019escola ofereix servei de menjador amb cuina pr\u00f2pia, a c\u00e0rrec de l\u2019empresa DACOR<\/span><span style=\"font-family: inherit; font-size: 1em; text-align: justify;\">.<\/span><\/p>\n\n\n\n<p><strong>\u00c9s necessari fer arribar un informe m\u00e8dic per a informar l&#8217;empresa de qualsevol intoler\u00e0ncia i\/o al\u00b7l\u00e8rgia<\/strong>. Ho podreu fer contactant per tel\u00e8fon o via Whatsapp amb la <strong>coordinadora<\/strong> del centre, la <strong>Laura <\/strong>(Tel. <strong>611420816)<\/strong><\/p>\n\n\n\n<p>L&#8217;AFA \u00e9s la que gestiona el contracte cada any, revisa els men\u00fas mensualment i aporta idees i millores a la gesti\u00f3 del servei.<\/p>\n\n\n\n<ul class=\"wp-block-list\">\n<li><strong><a href=\"https:\/\/agora.xtec.cat\/escolaantonitapies\/wp-content\/uploads\/usu574\/2024\/12\/INFORMACIO-DE-MENJADOR-ESCOLA-ANTONI-TAPIES.pdf\">INFORMACIO\u0301 DEL SERVEI DE MENJADOR CURS 25-26<\/a><\/strong><\/li>\n\n\n\n<li><strong><a href=\"https:\/\/drive.google.com\/file\/d\/1ALTPI43Z_vcuuxPxlJ7q_yKp_rgjCh38\/view\">FITXA DE SALUT DEL SERVEI DE MENJADOR CURS 25-26<\/a> <\/strong><\/li>\n\n\n\n<li><strong><a href=\"https:\/\/drive.google.com\/file\/d\/1sw5SSGrgSPogEoAI63LhT94BOoxFqgOi\/view\">INSCRIPCIO\u0301 AL SERVEI DE MENJADOR CURS 25-26<\/a><\/strong><\/li>\n\n\n\n<li><strong><a href=\"https:\/\/drive.google.com\/file\/d\/1A7ZfRoN4RrHerhYeZ03LKf94bkTPBUMI\/view\">DRETS D&#8217;IMATGE DEL SERVEI DE MENJADOR CURS 25-26<\/a><\/strong><\/li>\n<\/ul>\n\n\n\n<p><strong>Men\u00fa mar\u00e7<\/strong><\/p>\n\n\n\n<figure class=\"wp-block-image size-full\"><a href=\"https:\/\/agora.xtec.cat\/escolaantonitapies\/wp-content\/uploads\/usu574\/2026\/03\/Basal-2.png\"><img loading=\"lazy\" decoding=\"async\" width=\"580\" height=\"726\" src=\"https:\/\/agora.xtec.cat\/escolaantonitapies\/wp-content\/uploads\/usu574\/2026\/03\/Basal-2.png\" alt=\"\" class=\"wp-image-8693\" srcset=\"https:\/\/agora.xtec.cat\/escolaantonitapies\/wp-content\/uploads\/usu574\/2026\/03\/Basal-2.png 580w, https:\/\/agora.xtec.cat\/escolaantonitapies\/wp-content\/uploads\/usu574\/2026\/03\/Basal-2-240x300.png 240w\" sizes=\"auto, (max-width: 580px) 100vw, 580px\" \/><\/a><\/figure>\n\n\n\n<div>\u00a0<\/div>\n\n\n\n<div>\u00a0<\/div>\n\n\n\n<div data-wp-interactive=\"core\/file\" class=\"wp-block-file\"><object data-wp-bind--hidden=\"!state.hasPdfPreview\" hidden class=\"wp-block-file__embed\" data=\"https:\/\/agora.xtec.cat\/escolaantonitapies\/wp-content\/uploads\/usu574\/2025\/11\/PLA-DE-FUNCIONAMENT-DEL-MENJADOR-25-26-1.pdf\" type=\"application\/pdf\" style=\"width:100%;height:600px\" aria-label=\"Incrustaci\u00f3 del fitxer PLA DE FUNCIONAMENT DEL MENJADOR 25-26 .\"><\/object><a id=\"wp-block-file--media-1933fcb8-5f01-47e0-aab2-ca2cf209801d\" href=\"https:\/\/agora.xtec.cat\/escolaantonitapies\/wp-content\/uploads\/usu574\/2025\/11\/PLA-DE-FUNCIONAMENT-DEL-MENJADOR-25-26-1.pdf\">PLA DE FUNCIONAMENT DEL MENJADOR 25-26 <\/a><a href=\"https:\/\/agora.xtec.cat\/escolaantonitapies\/wp-content\/uploads\/usu574\/2025\/11\/PLA-DE-FUNCIONAMENT-DEL-MENJADOR-25-26-1.pdf\" class=\"wp-block-file__button wp-element-button\" download aria-describedby=\"wp-block-file--media-1933fcb8-5f01-47e0-aab2-ca2cf209801d\">Baixa<\/a><\/div>\n\n\n\n<p>Podeu trobar m\u00e9s informaci\u00f3 a la web del <a href=\"https:\/\/www.menjadorantonitapies.com\/\">Menjador Antoni T\u00e0pies.<\/a><\/p>\n","protected":false},"excerpt":{"rendered":"<p>L\u2019escola ofereix servei de menjador amb cuina pr\u00f2pia, a c\u00e0rrec de l\u2019empresa DACOR. \u00c9s necessari fer arribar un informe m\u00e8dic per a informar l&#8217;empresa de qualsevol intoler\u00e0ncia i\/o al\u00b7l\u00e8rgia. Ho podreu fer contactant per tel\u00e8fon o via Whatsapp amb la coordinadora del centre, la Laura (Tel. 611420816) L&#8217;AFA \u00e9s la que gestiona el contracte cada [&hellip;]<\/p>\n","protected":false},"author":2,"featured_media":0,"parent":66,"menu_order":30,"comment_status":"closed","ping_status":"closed","template":"","meta":{"_bbp_topic_count":0,"_bbp_reply_count":0,"_bbp_total_topic_count":0,"_bbp_total_reply_count":0,"_bbp_voice_count":0,"_bbp_anonymous_reply_count":0,"_bbp_topic_count_hidden":0,"_bbp_reply_count_hidden":0,"_bbp_forum_subforum_count":0,"site-sidebar-layout":"no-sidebar","site-content-layout":"","ast-site-content-layout":"default","site-content-style":"default","site-sidebar-style":"default","ast-global-header-display":"","ast-banner-title-visibility":"","ast-main-header-display":"","ast-hfb-above-header-display":"","ast-hfb-below-header-display":"","ast-hfb-mobile-header-display":"","site-post-title":"","ast-breadcrumbs-content":"","ast-featured-img":"","footer-sml-layout":"","theme-transparent-header-meta":"","adv-header-id-meta":"","stick-header-meta":"","header-above-stick-meta":"","header-main-stick-meta":"","header-below-stick-meta":"","astra-migrate-meta-layouts":"set","ast-page-background-enabled":"default","ast-page-background-meta":{"desktop":{"background-color":"var(--ast-global-color-4)","background-image":"","background-repeat":"repeat","background-position":"center center","background-size":"auto","background-attachment":"scroll","background-type":"","background-media":"","overlay-type":"","overlay-color":"","overlay-opacity":"","overlay-gradient":""},"tablet":{"background-color":"","background-image":"","background-repeat":"repeat","background-position":"center center","background-size":"auto","background-attachment":"scroll","background-type":"","background-media":"","overlay-type":"","overlay-color":"","overlay-opacity":"","overlay-gradient":""},"mobile":{"background-color":"","background-image":"","background-repeat":"repeat","background-position":"center center","background-size":"auto","background-attachment":"scroll","background-type":"","background-media":"","overlay-type":"","overlay-color":"","overlay-opacity":"","overlay-gradient":""}},"ast-content-background-meta":{"desktop":{"background-color":"var(--ast-global-color-5)","background-image":"","background-repeat":"repeat","background-position":"center center","background-size":"auto","background-attachment":"scroll","background-type":"","background-media":"","overlay-type":"","overlay-color":"","overlay-opacity":"","overlay-gradient":""},"tablet":{"background-color":"var(--ast-global-color-5)","background-image":"","background-repeat":"repeat","background-position":"center center","background-size":"auto","background-attachment":"scroll","background-type":"","background-media":"","overlay-type":"","overlay-color":"","overlay-opacity":"","overlay-gradient":""},"mobile":{"background-color":"var(--ast-global-color-5)","background-image":"","background-repeat":"repeat","background-position":"center center","background-size":"auto","background-attachment":"scroll","background-type":"","background-media":"","overlay-type":"","overlay-color":"","overlay-opacity":"","overlay-gradient":""}},"footnotes":""},"class_list":["post-73","page","type-page","status-publish","hentry"],"post_mailing_queue_ids":[],"_links":{"self":[{"href":"https:\/\/agora.xtec.cat\/escolaantonitapies\/wp-json\/wp\/v2\/pages\/73","targetHints":{"allow":["GET"]}}],"collection":[{"href":"https:\/\/agora.xtec.cat\/escolaantonitapies\/wp-json\/wp\/v2\/pages"}],"about":[{"href":"https:\/\/agora.xtec.cat\/escolaantonitapies\/wp-json\/wp\/v2\/types\/page"}],"author":[{"embeddable":true,"href":"https:\/\/agora.xtec.cat\/escolaantonitapies\/wp-json\/wp\/v2\/users\/2"}],"replies":[{"embeddable":true,"href":"https:\/\/agora.xtec.cat\/escolaantonitapies\/wp-json\/wp\/v2\/comments?post=73"}],"version-history":[{"count":6,"href":"https:\/\/agora.xtec.cat\/escolaantonitapies\/wp-json\/wp\/v2\/pages\/73\/revisions"}],"predecessor-version":[{"id":8694,"href":"https:\/\/agora.xtec.cat\/escolaantonitapies\/wp-json\/wp\/v2\/pages\/73\/revisions\/8694"}],"up":[{"embeddable":true,"href":"https:\/\/agora.xtec.cat\/escolaantonitapies\/wp-json\/wp\/v2\/pages\/66"}],"wp:attachment":[{"href":"https:\/\/agora.xtec.cat\/escolaantonitapies\/wp-json\/wp\/v2\/media?parent=73"}],"curies":[{"name":"wp","href":"https:\/\/api.w.org\/{rel}","templated":true}]}}