{"id":7245,"date":"2024-09-10T08:58:25","date_gmt":"2024-09-10T06:58:25","guid":{"rendered":"https:\/\/agora.xtec.cat\/escolaantonitapies\/?page_id=7245"},"modified":"2025-10-30T22:06:04","modified_gmt":"2025-10-30T21:06:04","slug":"us-dels-telefons-mobils","status":"publish","type":"page","link":"https:\/\/agora.xtec.cat\/escolaantonitapies\/lescola\/us-dels-telefons-mobils\/","title":{"rendered":"\u00das dels tel\u00e8fons m\u00f2bils"},"content":{"rendered":"\n<p><strong>L\u2019\u00fas de tel\u00e8fons m\u00f2bils est\u00e0 prohibit per a l\u2019alumnat d\u2019Infantil i Prim\u00e0ria a <\/strong> <strong>les escoles<\/strong>, en tots els espais del centre educatiu i en totes les activitats educatives que puguin tenir lloc fora del centre.<\/p>\n\n\n\n<p><strong>En cas de no respectar les normes d\u2019\u00fas dels dispositius digitals personals, i algun alumne el porta al centre, es <\/strong><strong>retirar\u00e0 el dispositiu a l\u2019alumne i s\u2019avisar\u00e0 a la fam<\/strong><strong>\u00edlia perqu\u00e8 el vinguin a <\/strong> <strong>recollir a Direcci\u00f3.<\/strong> En funci\u00f3 de la gravetat de l\u2019acte o si esdev\u00e9 un acte grupal, es demanar\u00e0 una xerrada per conscienciar de les pr\u00f2pies accions i la perillositat d\u2019aquestes.<\/p>\n\n\n\n<figure class=\"wp-block-image aligncenter is-resized\"><img decoding=\"async\" src=\"https:\/\/www.afaim.org\/wp-content\/uploads\/2019\/10\/us-m%C3%B3bils-583x585.jpg\" alt=\"Normativa de l'\u00fas del m\u00f2bil a l'escola | AFA Institucio Montserrat\" style=\"width:300px\"\/><\/figure>\n\n\n\n<p>&nbsp;<\/p>\n","protected":false},"excerpt":{"rendered":"<p>L\u2019\u00fas de tel\u00e8fons m\u00f2bils est\u00e0 prohibit per a l\u2019alumnat d\u2019Infantil i Prim\u00e0ria a les escoles, en tots els espais del centre educatiu i en totes les activitats educatives que puguin tenir lloc fora del centre. En cas de no respectar les normes d\u2019\u00fas dels dispositius digitals personals, i algun alumne el porta al centre, es [&hellip;]<\/p>\n","protected":false},"author":1,"featured_media":0,"parent":22,"menu_order":10,"comment_status":"closed","ping_status":"closed","template":"","meta":{"_bbp_topic_count":0,"_bbp_reply_count":0,"_bbp_total_topic_count":0,"_bbp_total_reply_count":0,"_bbp_voice_count":0,"_bbp_anonymous_reply_count":0,"_bbp_topic_count_hidden":0,"_bbp_reply_count_hidden":0,"_bbp_forum_subforum_count":0,"site-sidebar-layout":"default","site-content-layout":"","ast-site-content-layout":"default","site-content-style":"default","site-sidebar-style":"default","ast-global-header-display":"","ast-banner-title-visibility":"","ast-main-header-display":"","ast-hfb-above-header-display":"","ast-hfb-below-header-display":"","ast-hfb-mobile-header-display":"","site-post-title":"","ast-breadcrumbs-content":"","ast-featured-img":"","footer-sml-layout":"","theme-transparent-header-meta":"","adv-header-id-meta":"","stick-header-meta":"","header-above-stick-meta":"","header-main-stick-meta":"","header-below-stick-meta":"","astra-migrate-meta-layouts":"set","ast-page-background-enabled":"default","ast-page-background-meta":{"desktop":{"background-color":"var(--ast-global-color-4)","background-image":"","background-repeat":"repeat","background-position":"center center","background-size":"auto","background-attachment":"scroll","background-type":"","background-media":"","overlay-type":"","overlay-color":"","overlay-opacity":"","overlay-gradient":""},"tablet":{"background-color":"","background-image":"","background-repeat":"repeat","background-position":"center center","background-size":"auto","background-attachment":"scroll","background-type":"","background-media":"","overlay-type":"","overlay-color":"","overlay-opacity":"","overlay-gradient":""},"mobile":{"background-color":"","background-image":"","background-repeat":"repeat","background-position":"center center","background-size":"auto","background-attachment":"scroll","background-type":"","background-media":"","overlay-type":"","overlay-color":"","overlay-opacity":"","overlay-gradient":""}},"ast-content-background-meta":{"desktop":{"background-color":"var(--ast-global-color-5)","background-image":"","background-repeat":"repeat","background-position":"center center","background-size":"auto","background-attachment":"scroll","background-type":"","background-media":"","overlay-type":"","overlay-color":"","overlay-opacity":"","overlay-gradient":""},"tablet":{"background-color":"var(--ast-global-color-5)","background-image":"","background-repeat":"repeat","background-position":"center center","background-size":"auto","background-attachment":"scroll","background-type":"","background-media":"","overlay-type":"","overlay-color":"","overlay-opacity":"","overlay-gradient":""},"mobile":{"background-color":"var(--ast-global-color-5)","background-image":"","background-repeat":"repeat","background-position":"center center","background-size":"auto","background-attachment":"scroll","background-type":"","background-media":"","overlay-type":"","overlay-color":"","overlay-opacity":"","overlay-gradient":""}},"footnotes":""},"class_list":["post-7245","page","type-page","status-publish","hentry"],"post_mailing_queue_ids":[],"_links":{"self":[{"href":"https:\/\/agora.xtec.cat\/escolaantonitapies\/wp-json\/wp\/v2\/pages\/7245","targetHints":{"allow":["GET"]}}],"collection":[{"href":"https:\/\/agora.xtec.cat\/escolaantonitapies\/wp-json\/wp\/v2\/pages"}],"about":[{"href":"https:\/\/agora.xtec.cat\/escolaantonitapies\/wp-json\/wp\/v2\/types\/page"}],"author":[{"embeddable":true,"href":"https:\/\/agora.xtec.cat\/escolaantonitapies\/wp-json\/wp\/v2\/users\/1"}],"replies":[{"embeddable":true,"href":"https:\/\/agora.xtec.cat\/escolaantonitapies\/wp-json\/wp\/v2\/comments?post=7245"}],"version-history":[{"count":6,"href":"https:\/\/agora.xtec.cat\/escolaantonitapies\/wp-json\/wp\/v2\/pages\/7245\/revisions"}],"predecessor-version":[{"id":8245,"href":"https:\/\/agora.xtec.cat\/escolaantonitapies\/wp-json\/wp\/v2\/pages\/7245\/revisions\/8245"}],"up":[{"embeddable":true,"href":"https:\/\/agora.xtec.cat\/escolaantonitapies\/wp-json\/wp\/v2\/pages\/22"}],"wp:attachment":[{"href":"https:\/\/agora.xtec.cat\/escolaantonitapies\/wp-json\/wp\/v2\/media?parent=7245"}],"curies":[{"name":"wp","href":"https:\/\/api.w.org\/{rel}","templated":true}]}}