{"id":679,"date":"2016-10-21T16:33:56","date_gmt":"2016-10-21T14:33:56","guid":{"rendered":"http:\/\/agora.xtec.cat\/escolaantonitapies\/?page_id=679"},"modified":"2023-02-16T21:23:55","modified_gmt":"2023-02-16T20:23:55","slug":"atencio-a-la-diversitat","status":"publish","type":"page","link":"https:\/\/agora.xtec.cat\/escolaantonitapies\/general\/escola\/atencio-a-la-diversitat\/","title":{"rendered":"Atenci\u00f3 a la diversitat"},"content":{"rendered":"<p style=\"text-align: justify;\">L&#8217;atenci\u00f3 a la diversitat \u00e9s un principi com\u00fa a tots els cicles de l&#8217;educaci\u00f3 infantil i prim\u00e0ria que implica donar una resposta adequada a les diferents capacitats, interessos i motivacions dels alumnes per tal que tot l&#8217;alumnat arribi a assolir les compet\u00e8ncies que li permetin el ple desenvolupament personal i social.<br \/>\nA la nostra escola pensem que tot l&#8217;alumnat \u00e9s divers, i tots poden presentar diferents necessitats educatives al llarg de la seva escolaritzaci\u00f3. Aix\u00f2 implica adaptar tota l&#8217;organitzaci\u00f3 escolar a les diverses demandes dels alumnes per tal d&#8217;aconseguir una millor qualitat de l&#8217;ensenyament.<br \/>\nAquest plantejament educatiu del centre queda reflectit, especialment, al PEC i a les <span class=\"hiddenSpellError\">NOFC<\/span>, oferint les possibilitats a tots els infants que puguin participar d&#8217;un entorn educatiu com\u00fa i els recursos necessaris perqu\u00e8 cadasc\u00fa pugui dur a terme el seu proc\u00e9s d&#8217;ensenyament-aprenentatge.<br \/>\nAquests objectius s\u00f3n la base del treball de la Comissi\u00f3 d&#8217;Atenci\u00f3 a la Diversitat, que a la nostra escola est\u00e0 formada per:<\/p>\n<p><em>Director<\/em>: Toni Ortiz<br \/>\n<em>Cap d&#8217;Estudis:<\/em> Rosa <span class=\"hiddenSpellError\">Gal\u00e1n<\/span><br \/>\n<em>Mestres d&#8217;Educaci\u00f3 Especial:<\/em> Elisabeth Serra<br \/>\n<em>Coordinadora <span class=\"hiddenSpellError\">LIC<\/span>:<\/em> Blanca Delgado<br \/>\n<em>Coordinadora Educaci\u00f3 Infantil:<\/em> Vict\u00f2ria Rocha<br \/>\n<em>Coordinadores Educaci\u00f3 Prim\u00e0ria:<\/em> Sara Roura, Ana Aguilar, Roc\u00edo Murillo<br \/>\n<em><span class=\"hiddenSpellError\">EAP<\/span>:<\/em> Sara Alami<\/p>\n<p style=\"text-align: justify;\"><strong>Les funcions que s&#8217;assignen a aquesta comissi\u00f3 s\u00f3n les seg\u00fcents:<\/strong><br \/>\n\u2022 Vetllar perqu\u00e8 les necessitats educatives especials de tots els alumnes del centre estiguin cobertes.<br \/>\n\u2022 Determinar els procediments per detectar les necessitats educatives especials, atendre-les i formular les adaptacions en els casos que sigui necessari i fer seguiment dels diferents casos<br \/>\n\u2022 Determinar els criteris <span class=\"hiddenGrammarError\" style=\"padding-bottom: 2px; background-image: url('..\/..\/..\/..\/..\/images\/squiggle.png'); background-repeat: repeat-x; background-position: left bottom; cursor: default; color: #666666; font-family: 'Open Sans', Helvetica, Arial, sans-serif; font-size: 16px; font-style: normal; font-variant-ligatures: normal; font-variant-caps: normal; font-weight: 300; letter-spacing: normal; orphans: 2; text-align: start; text-indent: 0px; text-transform: none; white-space: normal; widows: 2; word-spacing: 0px; -webkit-text-stroke-width: 0px;\">metodol\u00f2gic<\/span>s i organitzatius m\u00e9s idonis per atendre la diversitat de l&#8217;alumnat.<br \/>\n\u2022 Consensuar i difondre a tot el claustre, el cam\u00ed a seguir per atendre els nens amb necessitats educatives especials.<br \/>\n\u2022 Proposar <span class=\"hiddenGrammarError\">els PI<\/span> i fer-ne seguiment.<br \/>\nEl nostre centre considera l&#8217;atenci\u00f3 a la diversitat com un fet quotidi\u00e0 al proc\u00e9s d&#8217;ensenyament-aprenentatge. \u00c9s per aix\u00f2 que prioritzem aquesta atenci\u00f3 a dins de l&#8217;aula ordin\u00e0ria malgrat que en casos excepcionals es valorar\u00e0 que els alumnes tinguin una atenci\u00f3 m\u00e9s individualitzada a fora de l&#8217;aula, tot i aix\u00ed havent-hi una estreta coordinaci\u00f3 entre tots els mestres implicats.<\/p>\n<p><strong>Aquesta \u00e9s l&#8217;organitzaci\u00f3 que dissenyem per desenvolupar aquesta atenci\u00f3:<\/strong><br \/>\n\u2022 Ambients d&#8217;aprenentatge<br \/>\n\u2022 Agrupaments flexibles<br \/>\n\u2022 Tallers<br \/>\n\u2022 Doc\u00e8ncia compartida<br \/>\n\u2022 Desdoblaments de grups<\/p>\n","protected":false},"excerpt":{"rendered":"<p>L&#8217;atenci\u00f3 a la diversitat \u00e9s un principi com\u00fa a tots els cicles de l&#8217;educaci\u00f3 infantil i prim\u00e0ria que implica donar una resposta adequada a les diferents capacitats, interessos i motivacions dels alumnes per tal que tot l&#8217;alumnat arribi a assolir les compet\u00e8ncies que li permetin el ple desenvolupament personal i social. A la nostra escola [&hellip;]<\/p>\n","protected":false},"author":1,"featured_media":0,"parent":6401,"menu_order":3,"comment_status":"closed","ping_status":"closed","template":"page-templates\/side-menu.php","meta":{"_bbp_topic_count":0,"_bbp_reply_count":0,"_bbp_total_topic_count":0,"_bbp_total_reply_count":0,"_bbp_voice_count":0,"_bbp_anonymous_reply_count":0,"_bbp_topic_count_hidden":0,"_bbp_reply_count_hidden":0,"_bbp_forum_subforum_count":0,"site-sidebar-layout":"default","site-content-layout":"","ast-site-content-layout":"","site-content-style":"default","site-sidebar-style":"default","ast-global-header-display":"","ast-banner-title-visibility":"","ast-main-header-display":"","ast-hfb-above-header-display":"","ast-hfb-below-header-display":"","ast-hfb-mobile-header-display":"","site-post-title":"","ast-breadcrumbs-content":"","ast-featured-img":"","footer-sml-layout":"","theme-transparent-header-meta":"","adv-header-id-meta":"","stick-header-meta":"","header-above-stick-meta":"","header-main-stick-meta":"","header-below-stick-meta":"","astra-migrate-meta-layouts":"default","ast-page-background-enabled":"default","ast-page-background-meta":{"desktop":{"background-color":"var(--ast-global-color-4)","background-image":"","background-repeat":"repeat","background-position":"center center","background-size":"auto","background-attachment":"scroll","background-type":"","background-media":"","overlay-type":"","overlay-color":"","overlay-opacity":"","overlay-gradient":""},"tablet":{"background-color":"","background-image":"","background-repeat":"repeat","background-position":"center center","background-size":"auto","background-attachment":"scroll","background-type":"","background-media":"","overlay-type":"","overlay-color":"","overlay-opacity":"","overlay-gradient":""},"mobile":{"background-color":"","background-image":"","background-repeat":"repeat","background-position":"center center","background-size":"auto","background-attachment":"scroll","background-type":"","background-media":"","overlay-type":"","overlay-color":"","overlay-opacity":"","overlay-gradient":""}},"ast-content-background-meta":{"desktop":{"background-color":"var(--ast-global-color-5)","background-image":"","background-repeat":"repeat","background-position":"center center","background-size":"auto","background-attachment":"scroll","background-type":"","background-media":"","overlay-type":"","overlay-color":"","overlay-opacity":"","overlay-gradient":""},"tablet":{"background-color":"var(--ast-global-color-5)","background-image":"","background-repeat":"repeat","background-position":"center center","background-size":"auto","background-attachment":"scroll","background-type":"","background-media":"","overlay-type":"","overlay-color":"","overlay-opacity":"","overlay-gradient":""},"mobile":{"background-color":"var(--ast-global-color-5)","background-image":"","background-repeat":"repeat","background-position":"center center","background-size":"auto","background-attachment":"scroll","background-type":"","background-media":"","overlay-type":"","overlay-color":"","overlay-opacity":"","overlay-gradient":""}},"footnotes":""},"class_list":["post-679","page","type-page","status-publish","hentry"],"post_mailing_queue_ids":[],"_links":{"self":[{"href":"https:\/\/agora.xtec.cat\/escolaantonitapies\/wp-json\/wp\/v2\/pages\/679","targetHints":{"allow":["GET"]}}],"collection":[{"href":"https:\/\/agora.xtec.cat\/escolaantonitapies\/wp-json\/wp\/v2\/pages"}],"about":[{"href":"https:\/\/agora.xtec.cat\/escolaantonitapies\/wp-json\/wp\/v2\/types\/page"}],"author":[{"embeddable":true,"href":"https:\/\/agora.xtec.cat\/escolaantonitapies\/wp-json\/wp\/v2\/users\/1"}],"replies":[{"embeddable":true,"href":"https:\/\/agora.xtec.cat\/escolaantonitapies\/wp-json\/wp\/v2\/comments?post=679"}],"version-history":[{"count":3,"href":"https:\/\/agora.xtec.cat\/escolaantonitapies\/wp-json\/wp\/v2\/pages\/679\/revisions"}],"predecessor-version":[{"id":5786,"href":"https:\/\/agora.xtec.cat\/escolaantonitapies\/wp-json\/wp\/v2\/pages\/679\/revisions\/5786"}],"up":[{"embeddable":true,"href":"https:\/\/agora.xtec.cat\/escolaantonitapies\/wp-json\/wp\/v2\/pages\/6401"}],"wp:attachment":[{"href":"https:\/\/agora.xtec.cat\/escolaantonitapies\/wp-json\/wp\/v2\/media?parent=679"}],"curies":[{"name":"wp","href":"https:\/\/api.w.org\/{rel}","templated":true}]}}