{"id":677,"date":"2016-10-21T16:25:57","date_gmt":"2016-10-21T14:25:57","guid":{"rendered":"http:\/\/agora.xtec.cat\/escolaantonitapies\/?page_id=677"},"modified":"2016-10-24T09:44:40","modified_gmt":"2016-10-24T07:44:40","slug":"langles-a-lescola","status":"publish","type":"page","link":"https:\/\/agora.xtec.cat\/escolaantonitapies\/general\/langles-a-lescola\/","title":{"rendered":"L&#8217;angl\u00e8s a l&#8217;escola"},"content":{"rendered":"<p style=\"text-align: justify;\"><img loading=\"lazy\" decoding=\"async\" class=\"wp-image-703 alignleft\" src=\"http:\/\/agora.xtec.cat\/escolaantonitapies\/wp-content\/uploads\/usu574\/2016\/10\/Bandera-Inglaterra-wallpaper-1024x576.jpg\" alt=\"bandera-inglaterra-wallpaper\" width=\"315\" height=\"177\" srcset=\"https:\/\/agora.xtec.cat\/escolaantonitapies\/wp-content\/uploads\/usu574\/2016\/10\/Bandera-Inglaterra-wallpaper-1024x576.jpg 1024w, https:\/\/agora.xtec.cat\/escolaantonitapies\/wp-content\/uploads\/usu574\/2016\/10\/Bandera-Inglaterra-wallpaper-300x169.jpg 300w, https:\/\/agora.xtec.cat\/escolaantonitapies\/wp-content\/uploads\/usu574\/2016\/10\/Bandera-Inglaterra-wallpaper-768x432.jpg 768w, https:\/\/agora.xtec.cat\/escolaantonitapies\/wp-content\/uploads\/usu574\/2016\/10\/Bandera-Inglaterra-wallpaper.jpg 1920w\" sizes=\"auto, (max-width: 315px) 100vw, 315px\" \/>En un m\u00f3n globalitzat com l&#8217;actual, la nostra escola creu fermament en la import\u00e0ncia de l&#8217;aprenentatge de l&#8217;angl\u00e8s com a llengua estrangera, amb projectes com ara:<\/p>\n<p style=\"text-align: justify;\">\u2022 Ensenyament de la llengua des de <span class=\"hiddenSpellError\">P4<\/span><br \/>\n\u2022 Educaci\u00f3 F\u00edsica a tot el cicle mitj\u00e0 i superior de manera biling\u00fce (catal\u00e0-angl\u00e8s)<br \/>\n\u2022 Tallers en angl\u00e8s de dibuix per a tota la prim\u00e0ria<br \/>\nI continuem curs darrere curs ampliant els projectes d&#8217;angl\u00e8s, coordinant-nos amb les altres escoles p\u00fabliques del municipi per tal d&#8217;anar incorporant noves iniciatives a les nostres aules.<\/p>\n","protected":false},"excerpt":{"rendered":"<p>En un m\u00f3n globalitzat com l&#8217;actual, la nostra escola creu fermament en la import\u00e0ncia de l&#8217;aprenentatge de l&#8217;angl\u00e8s com a llengua estrangera, amb projectes com ara: \u2022 Ensenyament de la llengua des de P4 \u2022 Educaci\u00f3 F\u00edsica a tot el cicle mitj\u00e0 i superior de manera biling\u00fce (catal\u00e0-angl\u00e8s) \u2022 Tallers en angl\u00e8s de dibuix per [&hellip;]<\/p>\n","protected":false},"author":1,"featured_media":0,"parent":652,"menu_order":50,"comment_status":"closed","ping_status":"closed","template":"page-templates\/side-menu.php","meta":{"_bbp_topic_count":0,"_bbp_reply_count":0,"_bbp_total_topic_count":0,"_bbp_total_reply_count":0,"_bbp_voice_count":0,"_bbp_anonymous_reply_count":0,"_bbp_topic_count_hidden":0,"_bbp_reply_count_hidden":0,"_bbp_forum_subforum_count":0,"site-sidebar-layout":"default","site-content-layout":"","ast-site-content-layout":"","site-content-style":"default","site-sidebar-style":"default","ast-global-header-display":"","ast-banner-title-visibility":"","ast-main-header-display":"","ast-hfb-above-header-display":"","ast-hfb-below-header-display":"","ast-hfb-mobile-header-display":"","site-post-title":"","ast-breadcrumbs-content":"","ast-featured-img":"","footer-sml-layout":"","theme-transparent-header-meta":"","adv-header-id-meta":"","stick-header-meta":"","header-above-stick-meta":"","header-main-stick-meta":"","header-below-stick-meta":"","astra-migrate-meta-layouts":"default","ast-page-background-enabled":"default","ast-page-background-meta":{"desktop":{"background-color":"var(--ast-global-color-4)","background-image":"","background-repeat":"repeat","background-position":"center center","background-size":"auto","background-attachment":"scroll","background-type":"","background-media":"","overlay-type":"","overlay-color":"","overlay-opacity":"","overlay-gradient":""},"tablet":{"background-color":"","background-image":"","background-repeat":"repeat","background-position":"center center","background-size":"auto","background-attachment":"scroll","background-type":"","background-media":"","overlay-type":"","overlay-color":"","overlay-opacity":"","overlay-gradient":""},"mobile":{"background-color":"","background-image":"","background-repeat":"repeat","background-position":"center center","background-size":"auto","background-attachment":"scroll","background-type":"","background-media":"","overlay-type":"","overlay-color":"","overlay-opacity":"","overlay-gradient":""}},"ast-content-background-meta":{"desktop":{"background-color":"var(--ast-global-color-5)","background-image":"","background-repeat":"repeat","background-position":"center center","background-size":"auto","background-attachment":"scroll","background-type":"","background-media":"","overlay-type":"","overlay-color":"","overlay-opacity":"","overlay-gradient":""},"tablet":{"background-color":"var(--ast-global-color-5)","background-image":"","background-repeat":"repeat","background-position":"center center","background-size":"auto","background-attachment":"scroll","background-type":"","background-media":"","overlay-type":"","overlay-color":"","overlay-opacity":"","overlay-gradient":""},"mobile":{"background-color":"var(--ast-global-color-5)","background-image":"","background-repeat":"repeat","background-position":"center center","background-size":"auto","background-attachment":"scroll","background-type":"","background-media":"","overlay-type":"","overlay-color":"","overlay-opacity":"","overlay-gradient":""}},"footnotes":""},"class_list":["post-677","page","type-page","status-publish","hentry"],"post_mailing_queue_ids":[],"_links":{"self":[{"href":"https:\/\/agora.xtec.cat\/escolaantonitapies\/wp-json\/wp\/v2\/pages\/677","targetHints":{"allow":["GET"]}}],"collection":[{"href":"https:\/\/agora.xtec.cat\/escolaantonitapies\/wp-json\/wp\/v2\/pages"}],"about":[{"href":"https:\/\/agora.xtec.cat\/escolaantonitapies\/wp-json\/wp\/v2\/types\/page"}],"author":[{"embeddable":true,"href":"https:\/\/agora.xtec.cat\/escolaantonitapies\/wp-json\/wp\/v2\/users\/1"}],"replies":[{"embeddable":true,"href":"https:\/\/agora.xtec.cat\/escolaantonitapies\/wp-json\/wp\/v2\/comments?post=677"}],"version-history":[{"count":3,"href":"https:\/\/agora.xtec.cat\/escolaantonitapies\/wp-json\/wp\/v2\/pages\/677\/revisions"}],"predecessor-version":[{"id":705,"href":"https:\/\/agora.xtec.cat\/escolaantonitapies\/wp-json\/wp\/v2\/pages\/677\/revisions\/705"}],"up":[{"embeddable":true,"href":"https:\/\/agora.xtec.cat\/escolaantonitapies\/wp-json\/wp\/v2\/pages\/652"}],"wp:attachment":[{"href":"https:\/\/agora.xtec.cat\/escolaantonitapies\/wp-json\/wp\/v2\/media?parent=677"}],"curies":[{"name":"wp","href":"https:\/\/api.w.org\/{rel}","templated":true}]}}