{"id":6396,"date":"2023-02-03T10:50:10","date_gmt":"2023-02-03T09:50:10","guid":{"rendered":"https:\/\/agora.xtec.cat\/escolaantonitapies\/?page_id=6396"},"modified":"2025-11-04T12:18:49","modified_gmt":"2025-11-04T11:18:49","slug":"racons-daprenentatge","status":"publish","type":"page","link":"https:\/\/agora.xtec.cat\/escolaantonitapies\/general\/primaria\/racons-daprenentatge\/","title":{"rendered":"Racons d&#8217;aprenentatge"},"content":{"rendered":"\n<p><strong>Qu\u00e8 s\u00f3n?<\/strong><\/p>\n\n\n\n<p>Els racons d&#8217;aprenentatge tenen com a objectiu que l\u2019alumnat treballi en petit grup, en diferents espais dins de l\u2019aula, amb material divers i respectant els diversos ritmes de treball.<\/p>\n\n\n\n<p><strong>Objectius:<\/strong><\/p>\n\n\n\n<ul class=\"wp-block-list\">\n<li>Fomentar la socialitzaci\u00f3, col\u00b7laboraci\u00f3, respecte i ajuda m\u00fatua de l\u2019alumnat dins el<br>grup classe.<\/li>\n\n\n\n<li>Potenciar la responsabilitat i la iniciativa personal de l\u2019alumnat: escollint la tasca<br>adequada, el material\u2026<\/li>\n\n\n\n<li>Desenvolupar h\u00e0bits d\u2019autonomia i d\u2019organitzaci\u00f3 personal a partir d\u2019una proposta<br>donada.<\/li>\n\n\n\n<li>Realitzar tasques creatives, l\u00fadiques, treball lliure, etc.<\/li>\n\n\n\n<li>Autoavaluar-se perqu\u00e8 l\u2019alumnat aprengui dels seus propis errors.<\/li>\n\n\n\n<li>Aprendre jugant tot gaudint de l\u2019activitat.<\/li>\n<\/ul>\n\n\n\n<p><strong>Organitzaci\u00f3 <\/strong><\/p>\n\n\n\n<ul class=\"wp-block-list\">\n<li>Els racons s\u00f3n rotatius i l\u2019alumnat hi va passant, , tot i que no cal que passin per tots ni que facin les mateixes tasques en cadascun d\u2019ells.<\/li>\n\n\n\n<li>S&#8217;utilitzen materials i recursos diversos que tenen un lloc en diferents espais de l\u2019aula.<\/li>\n\n\n\n<li>Cada rac\u00f3 t\u00e9 un objectiu i una tasca diferent<\/li>\n\n\n\n<li>S&#8217;acostuma a treballar en petits grups<\/li>\n<\/ul>\n\n\n\n<p><strong>Funcions dels docents<\/strong><\/p>\n\n\n\n<ul class=\"wp-block-list\">\n<li>Planificar i preparar el material necessari.<\/li>\n\n\n\n<li>Exposar pr\u00e8viament el que es fa a cadascun dels racons a tot el grup o en petits grups, per tal que despr\u00e9s siguin aut\u00f2noms.<\/li>\n\n\n\n<li>Recopilar materials i dissenyar activitats suggeridores.<\/li>\n\n\n\n<li>Animar a portar a terme els racons.<\/li>\n\n\n\n<li>Observar les actuacions de l\u2019alumnat.<\/li>\n\n\n\n<li>Intervenir en l\u2019aprenentatge quan cal i donar a l\u2019alumnat l\u2019ajut necessari per poder<\/li>\n\n\n\n<li>avan\u00e7ar.<\/li>\n<\/ul>\n\n\n\n<p><\/p>\n","protected":false},"excerpt":{"rendered":"<p>Qu\u00e8 s\u00f3n? Els racons d&#8217;aprenentatge tenen com a objectiu que l\u2019alumnat treballi en petit grup, en diferents espais dins de l\u2019aula, amb material divers i respectant els diversos ritmes de treball. Objectius: Organitzaci\u00f3 Funcions dels docents<\/p>\n","protected":false},"author":1,"featured_media":0,"parent":650,"menu_order":1,"comment_status":"closed","ping_status":"closed","template":"","meta":{"_bbp_topic_count":0,"_bbp_reply_count":0,"_bbp_total_topic_count":0,"_bbp_total_reply_count":0,"_bbp_voice_count":0,"_bbp_anonymous_reply_count":0,"_bbp_topic_count_hidden":0,"_bbp_reply_count_hidden":0,"_bbp_forum_subforum_count":0,"site-sidebar-layout":"default","site-content-layout":"","ast-site-content-layout":"default","site-content-style":"default","site-sidebar-style":"default","ast-global-header-display":"","ast-banner-title-visibility":"","ast-main-header-display":"","ast-hfb-above-header-display":"","ast-hfb-below-header-display":"","ast-hfb-mobile-header-display":"","site-post-title":"","ast-breadcrumbs-content":"","ast-featured-img":"","footer-sml-layout":"","theme-transparent-header-meta":"","adv-header-id-meta":"","stick-header-meta":"","header-above-stick-meta":"","header-main-stick-meta":"","header-below-stick-meta":"","astra-migrate-meta-layouts":"set","ast-page-background-enabled":"default","ast-page-background-meta":{"desktop":{"background-color":"var(--ast-global-color-4)","background-image":"","background-repeat":"repeat","background-position":"center center","background-size":"auto","background-attachment":"scroll","background-type":"","background-media":"","overlay-type":"","overlay-color":"","overlay-opacity":"","overlay-gradient":""},"tablet":{"background-color":"","background-image":"","background-repeat":"repeat","background-position":"center center","background-size":"auto","background-attachment":"scroll","background-type":"","background-media":"","overlay-type":"","overlay-color":"","overlay-opacity":"","overlay-gradient":""},"mobile":{"background-color":"","background-image":"","background-repeat":"repeat","background-position":"center center","background-size":"auto","background-attachment":"scroll","background-type":"","background-media":"","overlay-type":"","overlay-color":"","overlay-opacity":"","overlay-gradient":""}},"ast-content-background-meta":{"desktop":{"background-color":"var(--ast-global-color-5)","background-image":"","background-repeat":"repeat","background-position":"center center","background-size":"auto","background-attachment":"scroll","background-type":"","background-media":"","overlay-type":"","overlay-color":"","overlay-opacity":"","overlay-gradient":""},"tablet":{"background-color":"var(--ast-global-color-5)","background-image":"","background-repeat":"repeat","background-position":"center center","background-size":"auto","background-attachment":"scroll","background-type":"","background-media":"","overlay-type":"","overlay-color":"","overlay-opacity":"","overlay-gradient":""},"mobile":{"background-color":"var(--ast-global-color-5)","background-image":"","background-repeat":"repeat","background-position":"center center","background-size":"auto","background-attachment":"scroll","background-type":"","background-media":"","overlay-type":"","overlay-color":"","overlay-opacity":"","overlay-gradient":""}},"footnotes":""},"class_list":["post-6396","page","type-page","status-publish","hentry"],"post_mailing_queue_ids":[],"_links":{"self":[{"href":"https:\/\/agora.xtec.cat\/escolaantonitapies\/wp-json\/wp\/v2\/pages\/6396","targetHints":{"allow":["GET"]}}],"collection":[{"href":"https:\/\/agora.xtec.cat\/escolaantonitapies\/wp-json\/wp\/v2\/pages"}],"about":[{"href":"https:\/\/agora.xtec.cat\/escolaantonitapies\/wp-json\/wp\/v2\/types\/page"}],"author":[{"embeddable":true,"href":"https:\/\/agora.xtec.cat\/escolaantonitapies\/wp-json\/wp\/v2\/users\/1"}],"replies":[{"embeddable":true,"href":"https:\/\/agora.xtec.cat\/escolaantonitapies\/wp-json\/wp\/v2\/comments?post=6396"}],"version-history":[{"count":4,"href":"https:\/\/agora.xtec.cat\/escolaantonitapies\/wp-json\/wp\/v2\/pages\/6396\/revisions"}],"predecessor-version":[{"id":8267,"href":"https:\/\/agora.xtec.cat\/escolaantonitapies\/wp-json\/wp\/v2\/pages\/6396\/revisions\/8267"}],"up":[{"embeddable":true,"href":"https:\/\/agora.xtec.cat\/escolaantonitapies\/wp-json\/wp\/v2\/pages\/650"}],"wp:attachment":[{"href":"https:\/\/agora.xtec.cat\/escolaantonitapies\/wp-json\/wp\/v2\/media?parent=6396"}],"curies":[{"name":"wp","href":"https:\/\/api.w.org\/{rel}","templated":true}]}}