{"id":6392,"date":"2023-02-03T10:49:41","date_gmt":"2023-02-03T09:49:41","guid":{"rendered":"https:\/\/agora.xtec.cat\/escolaantonitapies\/?page_id=6392"},"modified":"2026-01-09T12:25:00","modified_gmt":"2026-01-09T11:25:00","slug":"cantania","status":"publish","type":"page","link":"https:\/\/agora.xtec.cat\/escolaantonitapies\/general\/primaria\/cantania\/","title":{"rendered":"Cant\u00e0nia"},"content":{"rendered":"\n<p>Els nens i nenes de 5\u00e8 de prim\u00e0ria de l&#8217;escola, participen en el projecte Cant\u00e0nia, una proposta musical i educativa de gran valor pedag\u00f2gic que culmina amb un concert conjunt amb altres escoles.<\/p>\n\n\n\n<p>Al llarg del curs, a l\u2019\u00e0rea de M\u00fasica, els nens i nenes treballen un repertori de can\u00e7ons creades especialment per a Cant\u00e0nia, aix\u00ed com els textos, les coreografies i l\u2019expressi\u00f3 corporal. Aquest treball permet desenvolupar habilitats musicals com l\u2019afinaci\u00f3, el ritme i la mem\u00f2ria auditiva, per\u00f2 tamb\u00e9 compet\u00e8ncies personals i socials com el treball en equip, la const\u00e0ncia, l\u2019escolta i la confian\u00e7a en un mateix.<\/p>\n\n\n\n<p>La participaci\u00f3 en Cant\u00e0nia \u00e9s una experi\u00e8ncia molt enriquidora per a l\u2019alumnat, ja que tenen l\u2019oportunitat de cantar amb una orquestra en directe i compartir escenari amb centenars d\u2019altres infants, vivint la m\u00fasica de manera col\u00b7lectiva i emocionant.<\/p>\n\n\n\n<p>El projecte finalitza amb un concert en un auditori professional, que esdev\u00e9 un moment molt especial tant per als participants com per a les fam\u00edlies, i que posa en valor tot l\u2019esfor\u00e7 i la il\u00b7lusi\u00f3 treballats durant el curs.<\/p>\n\n\n\n<figure class=\"wp-block-image size-large\"><a href=\"https:\/\/agora.xtec.cat\/escolaantonitapies\/wp-content\/uploads\/usu574\/2026\/01\/25-05-06-CANTANIA-REAL-36.jpg\"><img loading=\"lazy\" decoding=\"async\" width=\"1024\" height=\"576\" src=\"https:\/\/agora.xtec.cat\/escolaantonitapies\/wp-content\/uploads\/usu574\/2026\/01\/25-05-06-CANTANIA-REAL-36-1024x576.jpg\" alt=\"\" class=\"wp-image-8445\" srcset=\"https:\/\/agora.xtec.cat\/escolaantonitapies\/wp-content\/uploads\/usu574\/2026\/01\/25-05-06-CANTANIA-REAL-36-1024x576.jpg 1024w, https:\/\/agora.xtec.cat\/escolaantonitapies\/wp-content\/uploads\/usu574\/2026\/01\/25-05-06-CANTANIA-REAL-36-300x169.jpg 300w, https:\/\/agora.xtec.cat\/escolaantonitapies\/wp-content\/uploads\/usu574\/2026\/01\/25-05-06-CANTANIA-REAL-36-768x432.jpg 768w, https:\/\/agora.xtec.cat\/escolaantonitapies\/wp-content\/uploads\/usu574\/2026\/01\/25-05-06-CANTANIA-REAL-36-1536x864.jpg 1536w, https:\/\/agora.xtec.cat\/escolaantonitapies\/wp-content\/uploads\/usu574\/2026\/01\/25-05-06-CANTANIA-REAL-36-2048x1152.jpg 2048w\" sizes=\"auto, (max-width: 1024px) 100vw, 1024px\" \/><\/a><\/figure>\n","protected":false},"excerpt":{"rendered":"<p>Els nens i nenes de 5\u00e8 de prim\u00e0ria de l&#8217;escola, participen en el projecte Cant\u00e0nia, una proposta musical i educativa de gran valor pedag\u00f2gic que culmina amb un concert conjunt amb altres escoles. Al llarg del curs, a l\u2019\u00e0rea de M\u00fasica, els nens i nenes treballen un repertori de can\u00e7ons creades especialment per a Cant\u00e0nia, [&hellip;]<\/p>\n","protected":false},"author":1,"featured_media":0,"parent":650,"menu_order":6,"comment_status":"closed","ping_status":"closed","template":"","meta":{"_bbp_topic_count":0,"_bbp_reply_count":0,"_bbp_total_topic_count":0,"_bbp_total_reply_count":0,"_bbp_voice_count":0,"_bbp_anonymous_reply_count":0,"_bbp_topic_count_hidden":0,"_bbp_reply_count_hidden":0,"_bbp_forum_subforum_count":0,"site-sidebar-layout":"default","site-content-layout":"","ast-site-content-layout":"default","site-content-style":"default","site-sidebar-style":"default","ast-global-header-display":"","ast-banner-title-visibility":"","ast-main-header-display":"","ast-hfb-above-header-display":"","ast-hfb-below-header-display":"","ast-hfb-mobile-header-display":"","site-post-title":"","ast-breadcrumbs-content":"","ast-featured-img":"","footer-sml-layout":"","theme-transparent-header-meta":"","adv-header-id-meta":"","stick-header-meta":"","header-above-stick-meta":"","header-main-stick-meta":"","header-below-stick-meta":"","astra-migrate-meta-layouts":"set","ast-page-background-enabled":"default","ast-page-background-meta":{"desktop":{"background-color":"var(--ast-global-color-4)","background-image":"","background-repeat":"repeat","background-position":"center center","background-size":"auto","background-attachment":"scroll","background-type":"","background-media":"","overlay-type":"","overlay-color":"","overlay-opacity":"","overlay-gradient":""},"tablet":{"background-color":"","background-image":"","background-repeat":"repeat","background-position":"center center","background-size":"auto","background-attachment":"scroll","background-type":"","background-media":"","overlay-type":"","overlay-color":"","overlay-opacity":"","overlay-gradient":""},"mobile":{"background-color":"","background-image":"","background-repeat":"repeat","background-position":"center center","background-size":"auto","background-attachment":"scroll","background-type":"","background-media":"","overlay-type":"","overlay-color":"","overlay-opacity":"","overlay-gradient":""}},"ast-content-background-meta":{"desktop":{"background-color":"var(--ast-global-color-5)","background-image":"","background-repeat":"repeat","background-position":"center center","background-size":"auto","background-attachment":"scroll","background-type":"","background-media":"","overlay-type":"","overlay-color":"","overlay-opacity":"","overlay-gradient":""},"tablet":{"background-color":"var(--ast-global-color-5)","background-image":"","background-repeat":"repeat","background-position":"center center","background-size":"auto","background-attachment":"scroll","background-type":"","background-media":"","overlay-type":"","overlay-color":"","overlay-opacity":"","overlay-gradient":""},"mobile":{"background-color":"var(--ast-global-color-5)","background-image":"","background-repeat":"repeat","background-position":"center center","background-size":"auto","background-attachment":"scroll","background-type":"","background-media":"","overlay-type":"","overlay-color":"","overlay-opacity":"","overlay-gradient":""}},"footnotes":""},"class_list":["post-6392","page","type-page","status-publish","hentry"],"post_mailing_queue_ids":[],"_links":{"self":[{"href":"https:\/\/agora.xtec.cat\/escolaantonitapies\/wp-json\/wp\/v2\/pages\/6392","targetHints":{"allow":["GET"]}}],"collection":[{"href":"https:\/\/agora.xtec.cat\/escolaantonitapies\/wp-json\/wp\/v2\/pages"}],"about":[{"href":"https:\/\/agora.xtec.cat\/escolaantonitapies\/wp-json\/wp\/v2\/types\/page"}],"author":[{"embeddable":true,"href":"https:\/\/agora.xtec.cat\/escolaantonitapies\/wp-json\/wp\/v2\/users\/1"}],"replies":[{"embeddable":true,"href":"https:\/\/agora.xtec.cat\/escolaantonitapies\/wp-json\/wp\/v2\/comments?post=6392"}],"version-history":[{"count":3,"href":"https:\/\/agora.xtec.cat\/escolaantonitapies\/wp-json\/wp\/v2\/pages\/6392\/revisions"}],"predecessor-version":[{"id":8447,"href":"https:\/\/agora.xtec.cat\/escolaantonitapies\/wp-json\/wp\/v2\/pages\/6392\/revisions\/8447"}],"up":[{"embeddable":true,"href":"https:\/\/agora.xtec.cat\/escolaantonitapies\/wp-json\/wp\/v2\/pages\/650"}],"wp:attachment":[{"href":"https:\/\/agora.xtec.cat\/escolaantonitapies\/wp-json\/wp\/v2\/media?parent=6392"}],"curies":[{"name":"wp","href":"https:\/\/api.w.org\/{rel}","templated":true}]}}