{"id":6355,"date":"2022-12-14T11:39:21","date_gmt":"2022-12-14T10:39:21","guid":{"rendered":"https:\/\/agora.xtec.cat\/escolaantonitapies\/?page_id=6355"},"modified":"2026-01-09T12:01:47","modified_gmt":"2026-01-09T11:01:47","slug":"composicio-del-consell-escolar","status":"publish","type":"page","link":"https:\/\/agora.xtec.cat\/escolaantonitapies\/consell-escolar\/composicio-del-consell-escolar\/","title":{"rendered":"Composici\u00f3 del Consell Escolar"},"content":{"rendered":"\n<p><span style=\"color: #993366;\"><strong>Composici\u00f3 del consell escolar a l&#8217;Escola Antoni T\u00e0pies<\/strong><\/span><\/p>\n\n\n\n<p>Directora del centre, que en ser\u00e0 la Presidenta: <strong>Elvira Puigvert Antillach<\/strong><br>Cap d\u2019Estudis: <strong>Ester Godall<\/strong><br>Secretari, amb veu i sense vot: <strong>Lu\u00eds Lorenzo Marfil<\/strong><br>Representants dels mestres: <strong>Isabel Montero, Mary Lucas,<\/strong> <strong>Clara Fern\u00e1ndez<\/strong>, <strong>Patr\u00edcia Farr\u00e9<\/strong>, <strong>Roc\u00edo Murillo i Jaume Puig.<\/strong><br>Representants de fam\u00edlies: <strong>Maria Farr\u00e9s, Thais Crespo, Toni Villa, <\/strong> <strong>David Hinojosa i Elisabeth Gonz\u00e1lez<\/strong><br>Representant de l\u2019AFA: <strong>Juana G\u00e1rate<\/strong><br>Representant del personal no docent (PAS): <strong>Elisenda Guiu<\/strong><br>Representant de l&#8217;Ajuntament: <strong>Laura Sol\u00eds<\/strong><\/p>\n\n\n\n<p><span style=\"color: #993366;\"><strong>Comissions del Consell escolar<\/strong><\/span><\/p>\n\n\n\n<ul class=\"wp-block-list\">\n<li>Comissi\u00f3 de Conviv\u00e8ncia: <strong>Elvira Puigvert,  Llu\u00eds Lorenzo, Ester Godall, Maria Farr\u00e9s<\/strong>, <strong>Thais Crespo, Clara Fern\u00e1ndez i Mary Lucas.<\/strong><\/li>\n\n\n\n<li>Comissi\u00f3 Permanent: <strong>Elvira Puigvert, Lu\u00eds Lorenzo, Roc\u00edo Murillo , Juana G\u00e1rate<\/strong>, <strong>Elisabeth Gonz\u00e1lez i Isabel Montero.<\/strong><\/li>\n\n\n\n<li>Comissi\u00f3 Econ\u00f2mica: <strong>Elvira Puigvert, Lu\u00eds Lorenzo, Toni Villa<\/strong>,\u00a0<strong>David Hinojosa, Jaume Puig<\/strong> <strong>i Patr\u00edcia Farr\u00e9.<\/strong><\/li>\n<\/ul>\n\n\n\n<p>&nbsp;<\/p>\n","protected":false},"excerpt":{"rendered":"<p>Composici\u00f3 del consell escolar a l&#8217;Escola Antoni T\u00e0pies Directora del centre, que en ser\u00e0 la Presidenta: Elvira Puigvert AntillachCap d\u2019Estudis: Ester GodallSecretari, amb veu i sense vot: Lu\u00eds Lorenzo MarfilRepresentants dels mestres: Isabel Montero, Mary Lucas, Clara Fern\u00e1ndez, Patr\u00edcia Farr\u00e9, Roc\u00edo Murillo i Jaume Puig.Representants de fam\u00edlies: Maria Farr\u00e9s, Thais Crespo, Toni Villa, David Hinojosa [&hellip;]<\/p>\n","protected":false},"author":1,"featured_media":0,"parent":28,"menu_order":1,"comment_status":"closed","ping_status":"closed","template":"","meta":{"_bbp_topic_count":0,"_bbp_reply_count":0,"_bbp_total_topic_count":0,"_bbp_total_reply_count":0,"_bbp_voice_count":0,"_bbp_anonymous_reply_count":0,"_bbp_topic_count_hidden":0,"_bbp_reply_count_hidden":0,"_bbp_forum_subforum_count":0,"site-sidebar-layout":"default","site-content-layout":"","ast-site-content-layout":"default","site-content-style":"default","site-sidebar-style":"default","ast-global-header-display":"","ast-banner-title-visibility":"","ast-main-header-display":"","ast-hfb-above-header-display":"","ast-hfb-below-header-display":"","ast-hfb-mobile-header-display":"","site-post-title":"","ast-breadcrumbs-content":"","ast-featured-img":"","footer-sml-layout":"","theme-transparent-header-meta":"","adv-header-id-meta":"","stick-header-meta":"","header-above-stick-meta":"","header-main-stick-meta":"","header-below-stick-meta":"","astra-migrate-meta-layouts":"set","ast-page-background-enabled":"default","ast-page-background-meta":{"desktop":{"background-color":"var(--ast-global-color-4)","background-image":"","background-repeat":"repeat","background-position":"center center","background-size":"auto","background-attachment":"scroll","background-type":"","background-media":"","overlay-type":"","overlay-color":"","overlay-opacity":"","overlay-gradient":""},"tablet":{"background-color":"","background-image":"","background-repeat":"repeat","background-position":"center center","background-size":"auto","background-attachment":"scroll","background-type":"","background-media":"","overlay-type":"","overlay-color":"","overlay-opacity":"","overlay-gradient":""},"mobile":{"background-color":"","background-image":"","background-repeat":"repeat","background-position":"center center","background-size":"auto","background-attachment":"scroll","background-type":"","background-media":"","overlay-type":"","overlay-color":"","overlay-opacity":"","overlay-gradient":""}},"ast-content-background-meta":{"desktop":{"background-color":"var(--ast-global-color-5)","background-image":"","background-repeat":"repeat","background-position":"center center","background-size":"auto","background-attachment":"scroll","background-type":"","background-media":"","overlay-type":"","overlay-color":"","overlay-opacity":"","overlay-gradient":""},"tablet":{"background-color":"var(--ast-global-color-5)","background-image":"","background-repeat":"repeat","background-position":"center center","background-size":"auto","background-attachment":"scroll","background-type":"","background-media":"","overlay-type":"","overlay-color":"","overlay-opacity":"","overlay-gradient":""},"mobile":{"background-color":"var(--ast-global-color-5)","background-image":"","background-repeat":"repeat","background-position":"center center","background-size":"auto","background-attachment":"scroll","background-type":"","background-media":"","overlay-type":"","overlay-color":"","overlay-opacity":"","overlay-gradient":""}},"footnotes":""},"class_list":["post-6355","page","type-page","status-publish","hentry"],"post_mailing_queue_ids":[],"_links":{"self":[{"href":"https:\/\/agora.xtec.cat\/escolaantonitapies\/wp-json\/wp\/v2\/pages\/6355","targetHints":{"allow":["GET"]}}],"collection":[{"href":"https:\/\/agora.xtec.cat\/escolaantonitapies\/wp-json\/wp\/v2\/pages"}],"about":[{"href":"https:\/\/agora.xtec.cat\/escolaantonitapies\/wp-json\/wp\/v2\/types\/page"}],"author":[{"embeddable":true,"href":"https:\/\/agora.xtec.cat\/escolaantonitapies\/wp-json\/wp\/v2\/users\/1"}],"replies":[{"embeddable":true,"href":"https:\/\/agora.xtec.cat\/escolaantonitapies\/wp-json\/wp\/v2\/comments?post=6355"}],"version-history":[{"count":5,"href":"https:\/\/agora.xtec.cat\/escolaantonitapies\/wp-json\/wp\/v2\/pages\/6355\/revisions"}],"predecessor-version":[{"id":8442,"href":"https:\/\/agora.xtec.cat\/escolaantonitapies\/wp-json\/wp\/v2\/pages\/6355\/revisions\/8442"}],"up":[{"embeddable":true,"href":"https:\/\/agora.xtec.cat\/escolaantonitapies\/wp-json\/wp\/v2\/pages\/28"}],"wp:attachment":[{"href":"https:\/\/agora.xtec.cat\/escolaantonitapies\/wp-json\/wp\/v2\/media?parent=6355"}],"curies":[{"name":"wp","href":"https:\/\/api.w.org\/{rel}","templated":true}]}}