{"id":621,"date":"2016-10-20T12:39:24","date_gmt":"2016-10-20T11:39:24","guid":{"rendered":"http:\/\/agora.xtec.cat\/escolaantonitapies\/?page_id=621"},"modified":"2016-10-24T09:19:20","modified_gmt":"2016-10-24T07:19:20","slug":"cruyff-courts-6vs6","status":"publish","type":"page","link":"https:\/\/agora.xtec.cat\/escolaantonitapies\/general\/primaria\/cruyff-courts-6vs6\/","title":{"rendered":"Cruyff Courts 6vs6"},"content":{"rendered":"<p><img loading=\"lazy\" decoding=\"async\" class=\"wp-image-627 alignleft\" src=\"http:\/\/agora.xtec.cat\/escolaantonitapies\/wp-content\/uploads\/usu574\/2016\/10\/cruyff-court-1024x768-1024x768.jpg\" alt=\"Het kost wat, maar houdt ook de jeugd van de straat. In de geest van Cruff: ieder nadeel heb zijn voordeel\" width=\"192\" height=\"144\" srcset=\"https:\/\/agora.xtec.cat\/escolaantonitapies\/wp-content\/uploads\/usu574\/2016\/10\/cruyff-court-1024x768.jpg 1024w, https:\/\/agora.xtec.cat\/escolaantonitapies\/wp-content\/uploads\/usu574\/2016\/10\/cruyff-court-1024x768-300x225.jpg 300w, https:\/\/agora.xtec.cat\/escolaantonitapies\/wp-content\/uploads\/usu574\/2016\/10\/cruyff-court-1024x768-768x576.jpg 768w, https:\/\/agora.xtec.cat\/escolaantonitapies\/wp-content\/uploads\/usu574\/2016\/10\/cruyff-court-1024x768-200x150.jpg 200w\" sizes=\"auto, (max-width: 192px) 100vw, 192px\" \/><strong>175 Cruyff pistes per tot el m\u00f3n, 1 Campionat!<\/strong><\/p>\n<p>Cruyff <span class=\"hiddenSpellError\">Courts<\/span> <span class=\"hiddenSpellError\">6vs6<\/span> \u00e9s un Campionat per a nois i noies de 10 a 12 anys que connecta tots els Cruyff <span class=\"hiddenSpellError\">Courts<\/span>. M\u00e9s de 20.000 nens s<span class=\"hiddenGrammarError\">&#8216;<\/span> enfronten entre ells en el seu propi Cruyff <span class=\"hiddenSpellError\">Court<\/span>. Els guanyadors competeixen contra els millors equips. Primer en l&#8217;\u00e0mbit regional i nacional i potser fins i tot internacionalment!<\/p>\n<p>Respecte: \u00ab<span class=\"hiddenGrammarError\">Respecta a<\/span><span class=\"hiddenGrammarError\">ls dem\u00e9s<\/span>\u00bb<br \/>\nEl respecte, \u00e9s una de les 14 normes de <span class=\"hiddenSpellError\">Johan<\/span> Cruyff, \u00e9s fonamental pel campionat. Les 14 normes establertes per <span class=\"hiddenSpellError\">Johan<\/span> Cruyff s&#8217;apliquen en tots els Cruyff <span class=\"hiddenSpellError\">Courts<\/span> del m\u00f3n.<\/p>\n<p style=\"text-align: justify;\">A cada torneig es juga per a aconseguir la classificaci\u00f3 a la seg\u00fcent fase, el Premi al Respecte, que <span class=\"hiddenGrammarError\">s&#8217;<\/span>atorgar\u00e0 a l&#8217;equip amb la m\u00e0xima esportivitat. Tots els participants s\u00f3n conscients que juguen per respecte, ja que firmaran una bandera comuna, portaran a sobre de les samarretes el pitral del respecte, i al final del partit donaran la m\u00e0 als seus contrincants, per demostrar respecte i esportivitat.<\/p>\n<p style=\"text-align: justify;\">El nostre Cruyff <span class=\"hiddenSpellError\">Court<\/span> es troba a l&#8217;Escola Llor. La fase pr\u00e8via d&#8217;aquesta competici\u00f3 es far\u00e0 all\u00e0 i la fase final a Igualada.<br \/>\nL&#8217;escola ha de presentar el m\u00e0xim nombre d&#8217;equips femenins i masculins de les classes de sis\u00e8. Nom\u00e9s l&#8217;equip guanyador de la fase territorial (Sant Boi) tant en categoria masculina com femenina, anir\u00e0 a la fase final del Campionat de Catalunya que tindr\u00e0 lloc al mes de maig a Igualada. En aquesta fase final hi participaran els set municipis catalans que disposen de camps de futbol Cruyff. \u00c9s a dir, Igualada, Reus, Vendrell, Mollerussa, Barcelona, Sant Boi i Vilanova i la Geltr\u00fa.<\/p>\n<p style=\"text-align: justify;\">I finalment, el guanyador del campionat de Catalunya anir\u00e0 al campionat Internacional, que uns cops \u00e9s a Holanda i uns altres a Igualada. El premi \u00e9s una estada de cap de setmana convivint amb gent d&#8217;altres pa\u00efsos i d&#8217;altres cultures, a part de disputar els partits corresponents d&#8217;aquesta fase.<\/p>\n<p><iframe loading=\"lazy\" src=\"https:\/\/www.youtube.com\/embed\/t2B-H0IHV10\" width=\"560\" height=\"315\" frameborder=\"0\" allowfullscreen=\"allowfullscreen\"><\/iframe><\/p>\n<p>Fixeu-vos b\u00e9, surten ex-alumnes de la nostra escola!<\/p>\n","protected":false},"excerpt":{"rendered":"<p>175 Cruyff pistes per tot el m\u00f3n, 1 Campionat! Cruyff Courts 6vs6 \u00e9s un Campionat per a nois i noies de 10 a 12 anys que connecta tots els Cruyff Courts. M\u00e9s de 20.000 nens s&#8216; enfronten entre ells en el seu propi Cruyff Court. Els guanyadors competeixen contra els millors equips. Primer en l&#8217;\u00e0mbit [&hellip;]<\/p>\n","protected":false},"author":1,"featured_media":0,"parent":650,"menu_order":30,"comment_status":"closed","ping_status":"closed","template":"page-templates\/side-menu.php","meta":{"_bbp_topic_count":0,"_bbp_reply_count":0,"_bbp_total_topic_count":0,"_bbp_total_reply_count":0,"_bbp_voice_count":0,"_bbp_anonymous_reply_count":0,"_bbp_topic_count_hidden":0,"_bbp_reply_count_hidden":0,"_bbp_forum_subforum_count":0,"site-sidebar-layout":"default","site-content-layout":"","ast-site-content-layout":"","site-content-style":"default","site-sidebar-style":"default","ast-global-header-display":"","ast-banner-title-visibility":"","ast-main-header-display":"","ast-hfb-above-header-display":"","ast-hfb-below-header-display":"","ast-hfb-mobile-header-display":"","site-post-title":"","ast-breadcrumbs-content":"","ast-featured-img":"","footer-sml-layout":"","theme-transparent-header-meta":"","adv-header-id-meta":"","stick-header-meta":"","header-above-stick-meta":"","header-main-stick-meta":"","header-below-stick-meta":"","astra-migrate-meta-layouts":"default","ast-page-background-enabled":"default","ast-page-background-meta":{"desktop":{"background-color":"var(--ast-global-color-4)","background-image":"","background-repeat":"repeat","background-position":"center center","background-size":"auto","background-attachment":"scroll","background-type":"","background-media":"","overlay-type":"","overlay-color":"","overlay-opacity":"","overlay-gradient":""},"tablet":{"background-color":"","background-image":"","background-repeat":"repeat","background-position":"center center","background-size":"auto","background-attachment":"scroll","background-type":"","background-media":"","overlay-type":"","overlay-color":"","overlay-opacity":"","overlay-gradient":""},"mobile":{"background-color":"","background-image":"","background-repeat":"repeat","background-position":"center center","background-size":"auto","background-attachment":"scroll","background-type":"","background-media":"","overlay-type":"","overlay-color":"","overlay-opacity":"","overlay-gradient":""}},"ast-content-background-meta":{"desktop":{"background-color":"var(--ast-global-color-5)","background-image":"","background-repeat":"repeat","background-position":"center center","background-size":"auto","background-attachment":"scroll","background-type":"","background-media":"","overlay-type":"","overlay-color":"","overlay-opacity":"","overlay-gradient":""},"tablet":{"background-color":"var(--ast-global-color-5)","background-image":"","background-repeat":"repeat","background-position":"center center","background-size":"auto","background-attachment":"scroll","background-type":"","background-media":"","overlay-type":"","overlay-color":"","overlay-opacity":"","overlay-gradient":""},"mobile":{"background-color":"var(--ast-global-color-5)","background-image":"","background-repeat":"repeat","background-position":"center center","background-size":"auto","background-attachment":"scroll","background-type":"","background-media":"","overlay-type":"","overlay-color":"","overlay-opacity":"","overlay-gradient":""}},"footnotes":""},"class_list":["post-621","page","type-page","status-publish","hentry"],"post_mailing_queue_ids":[],"_links":{"self":[{"href":"https:\/\/agora.xtec.cat\/escolaantonitapies\/wp-json\/wp\/v2\/pages\/621","targetHints":{"allow":["GET"]}}],"collection":[{"href":"https:\/\/agora.xtec.cat\/escolaantonitapies\/wp-json\/wp\/v2\/pages"}],"about":[{"href":"https:\/\/agora.xtec.cat\/escolaantonitapies\/wp-json\/wp\/v2\/types\/page"}],"author":[{"embeddable":true,"href":"https:\/\/agora.xtec.cat\/escolaantonitapies\/wp-json\/wp\/v2\/users\/1"}],"replies":[{"embeddable":true,"href":"https:\/\/agora.xtec.cat\/escolaantonitapies\/wp-json\/wp\/v2\/comments?post=621"}],"version-history":[{"count":3,"href":"https:\/\/agora.xtec.cat\/escolaantonitapies\/wp-json\/wp\/v2\/pages\/621\/revisions"}],"predecessor-version":[{"id":765,"href":"https:\/\/agora.xtec.cat\/escolaantonitapies\/wp-json\/wp\/v2\/pages\/621\/revisions\/765"}],"up":[{"embeddable":true,"href":"https:\/\/agora.xtec.cat\/escolaantonitapies\/wp-json\/wp\/v2\/pages\/650"}],"wp:attachment":[{"href":"https:\/\/agora.xtec.cat\/escolaantonitapies\/wp-json\/wp\/v2\/media?parent=621"}],"curies":[{"name":"wp","href":"https:\/\/api.w.org\/{rel}","templated":true}]}}