{"id":617,"date":"2016-10-20T10:25:27","date_gmt":"2016-10-20T09:25:27","guid":{"rendered":"http:\/\/agora.xtec.cat\/escolaantonitapies\/?page_id=617"},"modified":"2023-02-16T21:21:17","modified_gmt":"2023-02-16T20:21:17","slug":"projecte-de-consum-de-fruita","status":"publish","type":"page","link":"https:\/\/agora.xtec.cat\/escolaantonitapies\/general\/escola\/projecte-de-consum-de-fruita\/","title":{"rendered":"Projecte de Consum de fruita"},"content":{"rendered":"<p style=\"text-align: justify;\">Aquest pla, a Catalunya, es realitza gr\u00e0cies a l\u2019acci\u00f3 coordinada entre el departament d\u2019Agricultura, Ramaderia, Pesca, Alimentaci\u00f3 i Medi Natural, el departament de Salut i el d\u2019Ensenyament de la Generalitat de Catalunya.<\/p>\n<p style=\"text-align: justify;\">El que es busca amb aquesta nova iniciativa, \u00e9s potenciar el consum de fruita i verdura entre els escolars per tal de qu\u00e8 aquests adquireixin des de ben petits, bons h\u00e0bits alimentaris i puguin esdevenir en un futur, adults amb una responsable alimentaci\u00f3 i cura de la pr\u00f2pia salut.<\/p>\n<p style=\"text-align: justify;\"><img loading=\"lazy\" decoding=\"async\" class=\"size-full wp-image-618 aligncenter\" src=\"http:\/\/agora.xtec.cat\/escolaantonitapies\/wp-content\/uploads\/usu574\/2016\/10\/2015-2016-triptic-fruites.jpg_1119010567.jpg\" alt=\"2015-2016-triptic-fruites-jpg_1119010567\" width=\"845\" height=\"595\" srcset=\"https:\/\/agora.xtec.cat\/escolaantonitapies\/wp-content\/uploads\/usu574\/2016\/10\/2015-2016-triptic-fruites.jpg_1119010567.jpg 845w, https:\/\/agora.xtec.cat\/escolaantonitapies\/wp-content\/uploads\/usu574\/2016\/10\/2015-2016-triptic-fruites.jpg_1119010567-300x211.jpg 300w, https:\/\/agora.xtec.cat\/escolaantonitapies\/wp-content\/uploads\/usu574\/2016\/10\/2015-2016-triptic-fruites.jpg_1119010567-768x541.jpg 768w\" sizes=\"auto, (max-width: 845px) 100vw, 845px\" \/><\/p>\n","protected":false},"excerpt":{"rendered":"<p>Aquest pla, a Catalunya, es realitza gr\u00e0cies a l\u2019acci\u00f3 coordinada entre el departament d\u2019Agricultura, Ramaderia, Pesca, Alimentaci\u00f3 i Medi Natural, el departament de Salut i el d\u2019Ensenyament de la Generalitat de Catalunya. El que es busca amb aquesta nova iniciativa, \u00e9s potenciar el consum de fruita i verdura entre els escolars per tal de qu\u00e8 [&hellip;]<\/p>\n","protected":false},"author":1,"featured_media":0,"parent":6401,"menu_order":1,"comment_status":"closed","ping_status":"closed","template":"page-templates\/side-menu.php","meta":{"_bbp_topic_count":0,"_bbp_reply_count":0,"_bbp_total_topic_count":0,"_bbp_total_reply_count":0,"_bbp_voice_count":0,"_bbp_anonymous_reply_count":0,"_bbp_topic_count_hidden":0,"_bbp_reply_count_hidden":0,"_bbp_forum_subforum_count":0,"site-sidebar-layout":"default","site-content-layout":"","ast-site-content-layout":"","site-content-style":"default","site-sidebar-style":"default","ast-global-header-display":"","ast-banner-title-visibility":"","ast-main-header-display":"","ast-hfb-above-header-display":"","ast-hfb-below-header-display":"","ast-hfb-mobile-header-display":"","site-post-title":"","ast-breadcrumbs-content":"","ast-featured-img":"","footer-sml-layout":"","theme-transparent-header-meta":"","adv-header-id-meta":"","stick-header-meta":"","header-above-stick-meta":"","header-main-stick-meta":"","header-below-stick-meta":"","astra-migrate-meta-layouts":"default","ast-page-background-enabled":"default","ast-page-background-meta":{"desktop":{"background-color":"var(--ast-global-color-4)","background-image":"","background-repeat":"repeat","background-position":"center center","background-size":"auto","background-attachment":"scroll","background-type":"","background-media":"","overlay-type":"","overlay-color":"","overlay-opacity":"","overlay-gradient":""},"tablet":{"background-color":"","background-image":"","background-repeat":"repeat","background-position":"center center","background-size":"auto","background-attachment":"scroll","background-type":"","background-media":"","overlay-type":"","overlay-color":"","overlay-opacity":"","overlay-gradient":""},"mobile":{"background-color":"","background-image":"","background-repeat":"repeat","background-position":"center center","background-size":"auto","background-attachment":"scroll","background-type":"","background-media":"","overlay-type":"","overlay-color":"","overlay-opacity":"","overlay-gradient":""}},"ast-content-background-meta":{"desktop":{"background-color":"var(--ast-global-color-5)","background-image":"","background-repeat":"repeat","background-position":"center center","background-size":"auto","background-attachment":"scroll","background-type":"","background-media":"","overlay-type":"","overlay-color":"","overlay-opacity":"","overlay-gradient":""},"tablet":{"background-color":"var(--ast-global-color-5)","background-image":"","background-repeat":"repeat","background-position":"center center","background-size":"auto","background-attachment":"scroll","background-type":"","background-media":"","overlay-type":"","overlay-color":"","overlay-opacity":"","overlay-gradient":""},"mobile":{"background-color":"var(--ast-global-color-5)","background-image":"","background-repeat":"repeat","background-position":"center center","background-size":"auto","background-attachment":"scroll","background-type":"","background-media":"","overlay-type":"","overlay-color":"","overlay-opacity":"","overlay-gradient":""}},"footnotes":""},"class_list":["post-617","page","type-page","status-publish","hentry"],"post_mailing_queue_ids":[],"_links":{"self":[{"href":"https:\/\/agora.xtec.cat\/escolaantonitapies\/wp-json\/wp\/v2\/pages\/617","targetHints":{"allow":["GET"]}}],"collection":[{"href":"https:\/\/agora.xtec.cat\/escolaantonitapies\/wp-json\/wp\/v2\/pages"}],"about":[{"href":"https:\/\/agora.xtec.cat\/escolaantonitapies\/wp-json\/wp\/v2\/types\/page"}],"author":[{"embeddable":true,"href":"https:\/\/agora.xtec.cat\/escolaantonitapies\/wp-json\/wp\/v2\/users\/1"}],"replies":[{"embeddable":true,"href":"https:\/\/agora.xtec.cat\/escolaantonitapies\/wp-json\/wp\/v2\/comments?post=617"}],"version-history":[{"count":2,"href":"https:\/\/agora.xtec.cat\/escolaantonitapies\/wp-json\/wp\/v2\/pages\/617\/revisions"}],"predecessor-version":[{"id":700,"href":"https:\/\/agora.xtec.cat\/escolaantonitapies\/wp-json\/wp\/v2\/pages\/617\/revisions\/700"}],"up":[{"embeddable":true,"href":"https:\/\/agora.xtec.cat\/escolaantonitapies\/wp-json\/wp\/v2\/pages\/6401"}],"wp:attachment":[{"href":"https:\/\/agora.xtec.cat\/escolaantonitapies\/wp-json\/wp\/v2\/media?parent=617"}],"curies":[{"name":"wp","href":"https:\/\/api.w.org\/{rel}","templated":true}]}}