{"id":614,"date":"2016-10-20T10:20:57","date_gmt":"2016-10-20T09:20:57","guid":{"rendered":"http:\/\/agora.xtec.cat\/escolaantonitapies\/?page_id=614"},"modified":"2023-02-16T21:25:07","modified_gmt":"2023-02-16T20:25:07","slug":"centre-formador","status":"publish","type":"page","link":"https:\/\/agora.xtec.cat\/escolaantonitapies\/general\/escola\/centre-formador\/","title":{"rendered":"Centre formador"},"content":{"rendered":"<h4><img loading=\"lazy\" decoding=\"async\" class=\" wp-image-615 alignleft\" src=\"http:\/\/agora.xtec.cat\/escolaantonitapies\/wp-content\/uploads\/usu574\/2016\/10\/centres_formadors.jpg\" alt=\"centres_formadors\" width=\"93\" height=\"93\" \/><\/h4>\n<p style=\"text-align: justify;\"><span style=\"color: #333333;\"><strong>Qu\u00e8 \u00e9s un centre formador?<\/strong><\/span><\/p>\n<p style=\"text-align: justify;\">\u00c9s un centre de refer\u00e8ncia on l&#8217;alumnat de diferents universitats catalanes i instituts de Educaci\u00f3 Secund\u00e0ria realitzen el seu per\u00edode de pr\u00e0ctiques tant de magisteri com de diferents m\u00f2duls de Formaci\u00f3 Professional.<\/p>\n<p style=\"text-align: justify;\"><span style=\"color: #333333;\"><strong>\u00a0<\/strong><strong>Per qu\u00e8 som centre formador?<\/strong><\/span><\/p>\n<p style=\"text-align: justify;\">Des de fa gaireb\u00e8 10 anys la nostra escola acull alumnat en pr\u00e0ctiques. Rebem una valoraci\u00f3 molt positiva per part de les Universitats i Instituts donat que vetllem per un proc\u00e9s de pr\u00e0ctiques de qualitat.<\/p>\n<p style=\"text-align: justify;\">Des del primer dia, acullim a aquests joves donant-los una partcipaci\u00f3 activa a dintre de la nostra comunitat educativa, ja que els mestres que els tutoritzen els hi fan un seguiment molt acurat, alhora que afavoreixen la seva participaci\u00f3 en el proc\u00e9s d&#8217;ensenyament aprenentatge.<\/p>\n<p style=\"text-align: center;\">Aquesta conviv\u00e8ncia entre el nostre claustre i l&#8217;alumnat en pr\u00e0ctiques fa que l&#8217;aprenentage sigui bidireccional ja que ens aporten moltes de les innovacions pedag\u00f2giques que els transmet la Universitat.<\/p>\n<table class=\" aligncenter\" style=\"height: 417px; width: 675px;\" width=\"1280\">\n<tbody>\n<tr style=\"height: 324px;\">\n<td style=\"width: 339px; height: 324px;\"><a href=\"https:\/\/agora.xtec.cat\/escolaantonitapies\/wp-content\/uploads\/usu574\/2021\/05\/PLA_CENTRE_FORMADOR_TAPIES-1.pdf\" target=\"_blank\" rel=\"noopener noreferrer\"><img loading=\"lazy\" decoding=\"async\" class=\"aligncenter wp-image-5598\" src=\"https:\/\/agora.xtec.cat\/escolaantonitapies\/wp-content\/uploads\/usu574\/2021\/05\/CENTRE-FORMADOR.png\" alt=\"\" width=\"238\" height=\"372\" srcset=\"https:\/\/agora.xtec.cat\/escolaantonitapies\/wp-content\/uploads\/usu574\/2021\/05\/CENTRE-FORMADOR.png 520w, https:\/\/agora.xtec.cat\/escolaantonitapies\/wp-content\/uploads\/usu574\/2021\/05\/CENTRE-FORMADOR-192x300.png 192w\" sizes=\"auto, (max-width: 238px) 100vw, 238px\" \/><\/a><\/td>\n<td style=\"width: 323px; height: 324px;\"><a href=\"https:\/\/agora.xtec.cat\/escolaantonitapies\/wp-content\/uploads\/usu574\/2021\/05\/pla_Acollida_a_practiques.pdf\" target=\"_blank\" rel=\"noopener noreferrer\"><img loading=\"lazy\" decoding=\"async\" class=\"aligncenter wp-image-5597\" src=\"https:\/\/agora.xtec.cat\/escolaantonitapies\/wp-content\/uploads\/usu574\/2021\/05\/ACOLLIDA-MESTRES-NOUS.png\" alt=\"\" width=\"271\" height=\"349\" srcset=\"https:\/\/agora.xtec.cat\/escolaantonitapies\/wp-content\/uploads\/usu574\/2021\/05\/ACOLLIDA-MESTRES-NOUS.png 533w, https:\/\/agora.xtec.cat\/escolaantonitapies\/wp-content\/uploads\/usu574\/2021\/05\/ACOLLIDA-MESTRES-NOUS-233x300.png 233w\" sizes=\"auto, (max-width: 271px) 100vw, 271px\" \/><\/a><\/td>\n<\/tr>\n<\/tbody>\n<\/table>\n","protected":false},"excerpt":{"rendered":"<p>Qu\u00e8 \u00e9s un centre formador? \u00c9s un centre de refer\u00e8ncia on l&#8217;alumnat de diferents universitats catalanes i instituts de Educaci\u00f3 Secund\u00e0ria realitzen el seu per\u00edode de pr\u00e0ctiques tant de magisteri com de diferents m\u00f2duls de Formaci\u00f3 Professional. \u00a0Per qu\u00e8 som centre formador? Des de fa gaireb\u00e8 10 anys la nostra escola acull alumnat en pr\u00e0ctiques. [&hellip;]<\/p>\n","protected":false},"author":1,"featured_media":0,"parent":6401,"menu_order":4,"comment_status":"closed","ping_status":"closed","template":"page-templates\/side-menu.php","meta":{"_bbp_topic_count":0,"_bbp_reply_count":0,"_bbp_total_topic_count":0,"_bbp_total_reply_count":0,"_bbp_voice_count":0,"_bbp_anonymous_reply_count":0,"_bbp_topic_count_hidden":0,"_bbp_reply_count_hidden":0,"_bbp_forum_subforum_count":0,"site-sidebar-layout":"default","site-content-layout":"","ast-site-content-layout":"","site-content-style":"default","site-sidebar-style":"default","ast-global-header-display":"","ast-banner-title-visibility":"","ast-main-header-display":"","ast-hfb-above-header-display":"","ast-hfb-below-header-display":"","ast-hfb-mobile-header-display":"","site-post-title":"","ast-breadcrumbs-content":"","ast-featured-img":"","footer-sml-layout":"","theme-transparent-header-meta":"","adv-header-id-meta":"","stick-header-meta":"","header-above-stick-meta":"","header-main-stick-meta":"","header-below-stick-meta":"","astra-migrate-meta-layouts":"default","ast-page-background-enabled":"default","ast-page-background-meta":{"desktop":{"background-color":"var(--ast-global-color-4)","background-image":"","background-repeat":"repeat","background-position":"center center","background-size":"auto","background-attachment":"scroll","background-type":"","background-media":"","overlay-type":"","overlay-color":"","overlay-opacity":"","overlay-gradient":""},"tablet":{"background-color":"","background-image":"","background-repeat":"repeat","background-position":"center center","background-size":"auto","background-attachment":"scroll","background-type":"","background-media":"","overlay-type":"","overlay-color":"","overlay-opacity":"","overlay-gradient":""},"mobile":{"background-color":"","background-image":"","background-repeat":"repeat","background-position":"center center","background-size":"auto","background-attachment":"scroll","background-type":"","background-media":"","overlay-type":"","overlay-color":"","overlay-opacity":"","overlay-gradient":""}},"ast-content-background-meta":{"desktop":{"background-color":"var(--ast-global-color-5)","background-image":"","background-repeat":"repeat","background-position":"center center","background-size":"auto","background-attachment":"scroll","background-type":"","background-media":"","overlay-type":"","overlay-color":"","overlay-opacity":"","overlay-gradient":""},"tablet":{"background-color":"var(--ast-global-color-5)","background-image":"","background-repeat":"repeat","background-position":"center center","background-size":"auto","background-attachment":"scroll","background-type":"","background-media":"","overlay-type":"","overlay-color":"","overlay-opacity":"","overlay-gradient":""},"mobile":{"background-color":"var(--ast-global-color-5)","background-image":"","background-repeat":"repeat","background-position":"center center","background-size":"auto","background-attachment":"scroll","background-type":"","background-media":"","overlay-type":"","overlay-color":"","overlay-opacity":"","overlay-gradient":""}},"footnotes":""},"class_list":["post-614","page","type-page","status-publish","hentry"],"post_mailing_queue_ids":[],"_links":{"self":[{"href":"https:\/\/agora.xtec.cat\/escolaantonitapies\/wp-json\/wp\/v2\/pages\/614","targetHints":{"allow":["GET"]}}],"collection":[{"href":"https:\/\/agora.xtec.cat\/escolaantonitapies\/wp-json\/wp\/v2\/pages"}],"about":[{"href":"https:\/\/agora.xtec.cat\/escolaantonitapies\/wp-json\/wp\/v2\/types\/page"}],"author":[{"embeddable":true,"href":"https:\/\/agora.xtec.cat\/escolaantonitapies\/wp-json\/wp\/v2\/users\/1"}],"replies":[{"embeddable":true,"href":"https:\/\/agora.xtec.cat\/escolaantonitapies\/wp-json\/wp\/v2\/comments?post=614"}],"version-history":[{"count":3,"href":"https:\/\/agora.xtec.cat\/escolaantonitapies\/wp-json\/wp\/v2\/pages\/614\/revisions"}],"predecessor-version":[{"id":5603,"href":"https:\/\/agora.xtec.cat\/escolaantonitapies\/wp-json\/wp\/v2\/pages\/614\/revisions\/5603"}],"up":[{"embeddable":true,"href":"https:\/\/agora.xtec.cat\/escolaantonitapies\/wp-json\/wp\/v2\/pages\/6401"}],"wp:attachment":[{"href":"https:\/\/agora.xtec.cat\/escolaantonitapies\/wp-json\/wp\/v2\/media?parent=614"}],"curies":[{"name":"wp","href":"https:\/\/api.w.org\/{rel}","templated":true}]}}