{"id":38,"date":"2014-09-18T12:34:08","date_gmt":"2014-09-18T12:34:08","guid":{"rendered":"http:\/\/agora.xtec.cat\/escolaantonitapies\/?page_id=38"},"modified":"2025-10-30T16:28:33","modified_gmt":"2025-10-30T15:28:33","slug":"salut","status":"publish","type":"page","link":"https:\/\/agora.xtec.cat\/escolaantonitapies\/lescola\/salut\/","title":{"rendered":"Salut"},"content":{"rendered":"\n<p><span style=\"color: #800000;\"><strong>MEDICAMENTS<\/strong><\/span><\/p>\n\n\n\n<p>L\u2019alumnat amb febre o malalties contagioses, no podr\u00e0 venir a l\u2019escola. Les fam\u00edlies hauran de comunicar-ho via DINANTIA\/correu electr\u00f2nic o tel\u00e8fon tan aviat com sigui possible.<\/p>\n\n\n\n<p>Quan un alumne es trobi malament o tingui febre, s\u2019avisar\u00e0 a la seva fam\u00edlia i aquesta haur\u00e0 de venir a buscar-lo el m\u00e9s aviat possible.<\/p>\n\n\n\n<p>En cas que es detectin polls, s\u2019informar\u00e0 la fam\u00edlia i se li donaran indicacions per tal de fer net a casa el m\u00e9s aviat possible i evitar que s\u2019encomani a altres infants.<\/p>\n\n\n\n<p>En cas d\u2019accident, s\u2019avisar\u00e0 als serveis d\u2019urg\u00e8ncies i, paral\u00b7lelament, a la fam\u00edlia per a qu\u00e8 se\u2019n faci c\u00e0rrec tan aviat com sigui possible.<\/p>\n\n\n\n<p><strong>Els\/les  mestres no poden administrar medicaments als alumnes,<\/strong> nom\u00e9s en casos excepcionals i sempre que la fam\u00edlia entregui al tutor\/a la <strong>prescripci\u00f3 facultativa del metge i l&#8217;autoritzaci\u00f3 signada pel pare, mare o tutor\/a legal de l&#8217;infant.<\/strong> Per norma general els medicaments s\u2019han d\u2019administrar a casa.<\/p>\n\n\n\n<p><strong>Els medicaments no poden estar a la motxilla dels infants, si porten medicaci\u00f3 \u00e9s el tutor\/a qui l&#8217;ha de custodiar durant l&#8217;horari escolar.<\/strong><\/p>\n\n\n\n<p>En el cas que la fam\u00edlia hagi signat l\u2019autoritzaci\u00f3 de l\u2019<strong>administraci\u00f3 de <\/strong> <strong>paracetamol<\/strong> que us hem donat, el tutor\/a podr\u00e0 donar la dosi pautada, mentre esperem l\u2019arribada de la fam\u00edlia.<\/p>\n","protected":false},"excerpt":{"rendered":"<p>MEDICAMENTS L\u2019alumnat amb febre o malalties contagioses, no podr\u00e0 venir a l\u2019escola. Les fam\u00edlies hauran de comunicar-ho via DINANTIA\/correu electr\u00f2nic o tel\u00e8fon tan aviat com sigui possible. Quan un alumne es trobi malament o tingui febre, s\u2019avisar\u00e0 a la seva fam\u00edlia i aquesta haur\u00e0 de venir a buscar-lo el m\u00e9s aviat possible. En cas que [&hellip;]<\/p>\n","protected":false},"author":2,"featured_media":0,"parent":22,"menu_order":9,"comment_status":"closed","ping_status":"closed","template":"","meta":{"_bbp_topic_count":0,"_bbp_reply_count":0,"_bbp_total_topic_count":0,"_bbp_total_reply_count":0,"_bbp_voice_count":0,"_bbp_anonymous_reply_count":0,"_bbp_topic_count_hidden":0,"_bbp_reply_count_hidden":0,"_bbp_forum_subforum_count":0,"site-sidebar-layout":"default","site-content-layout":"","ast-site-content-layout":"default","site-content-style":"default","site-sidebar-style":"default","ast-global-header-display":"","ast-banner-title-visibility":"","ast-main-header-display":"","ast-hfb-above-header-display":"","ast-hfb-below-header-display":"","ast-hfb-mobile-header-display":"","site-post-title":"","ast-breadcrumbs-content":"","ast-featured-img":"","footer-sml-layout":"","theme-transparent-header-meta":"","adv-header-id-meta":"","stick-header-meta":"","header-above-stick-meta":"","header-main-stick-meta":"","header-below-stick-meta":"","astra-migrate-meta-layouts":"set","ast-page-background-enabled":"default","ast-page-background-meta":{"desktop":{"background-color":"var(--ast-global-color-4)","background-image":"","background-repeat":"repeat","background-position":"center center","background-size":"auto","background-attachment":"scroll","background-type":"","background-media":"","overlay-type":"","overlay-color":"","overlay-opacity":"","overlay-gradient":""},"tablet":{"background-color":"","background-image":"","background-repeat":"repeat","background-position":"center center","background-size":"auto","background-attachment":"scroll","background-type":"","background-media":"","overlay-type":"","overlay-color":"","overlay-opacity":"","overlay-gradient":""},"mobile":{"background-color":"","background-image":"","background-repeat":"repeat","background-position":"center center","background-size":"auto","background-attachment":"scroll","background-type":"","background-media":"","overlay-type":"","overlay-color":"","overlay-opacity":"","overlay-gradient":""}},"ast-content-background-meta":{"desktop":{"background-color":"var(--ast-global-color-5)","background-image":"","background-repeat":"repeat","background-position":"center center","background-size":"auto","background-attachment":"scroll","background-type":"","background-media":"","overlay-type":"","overlay-color":"","overlay-opacity":"","overlay-gradient":""},"tablet":{"background-color":"var(--ast-global-color-5)","background-image":"","background-repeat":"repeat","background-position":"center center","background-size":"auto","background-attachment":"scroll","background-type":"","background-media":"","overlay-type":"","overlay-color":"","overlay-opacity":"","overlay-gradient":""},"mobile":{"background-color":"var(--ast-global-color-5)","background-image":"","background-repeat":"repeat","background-position":"center center","background-size":"auto","background-attachment":"scroll","background-type":"","background-media":"","overlay-type":"","overlay-color":"","overlay-opacity":"","overlay-gradient":""}},"footnotes":""},"class_list":["post-38","page","type-page","status-publish","hentry"],"post_mailing_queue_ids":[],"_links":{"self":[{"href":"https:\/\/agora.xtec.cat\/escolaantonitapies\/wp-json\/wp\/v2\/pages\/38","targetHints":{"allow":["GET"]}}],"collection":[{"href":"https:\/\/agora.xtec.cat\/escolaantonitapies\/wp-json\/wp\/v2\/pages"}],"about":[{"href":"https:\/\/agora.xtec.cat\/escolaantonitapies\/wp-json\/wp\/v2\/types\/page"}],"author":[{"embeddable":true,"href":"https:\/\/agora.xtec.cat\/escolaantonitapies\/wp-json\/wp\/v2\/users\/2"}],"replies":[{"embeddable":true,"href":"https:\/\/agora.xtec.cat\/escolaantonitapies\/wp-json\/wp\/v2\/comments?post=38"}],"version-history":[{"count":5,"href":"https:\/\/agora.xtec.cat\/escolaantonitapies\/wp-json\/wp\/v2\/pages\/38\/revisions"}],"predecessor-version":[{"id":8230,"href":"https:\/\/agora.xtec.cat\/escolaantonitapies\/wp-json\/wp\/v2\/pages\/38\/revisions\/8230"}],"up":[{"embeddable":true,"href":"https:\/\/agora.xtec.cat\/escolaantonitapies\/wp-json\/wp\/v2\/pages\/22"}],"wp:attachment":[{"href":"https:\/\/agora.xtec.cat\/escolaantonitapies\/wp-json\/wp\/v2\/media?parent=38"}],"curies":[{"name":"wp","href":"https:\/\/api.w.org\/{rel}","templated":true}]}}