{"id":3588,"date":"2018-11-07T16:37:18","date_gmt":"2018-11-07T15:37:18","guid":{"rendered":"http:\/\/agora.xtec.cat\/escolaantonitapies\/?page_id=3588"},"modified":"2018-11-07T16:42:22","modified_gmt":"2018-11-07T15:42:22","slug":"projecte-relacionar-la-vida","status":"publish","type":"page","link":"https:\/\/agora.xtec.cat\/escolaantonitapies\/general\/primaria\/projecte-relacionar-la-vida\/","title":{"rendered":"Projecte &#8220;Relacionar la vida&#8221; (Novetat)"},"content":{"rendered":"<p><img loading=\"lazy\" decoding=\"async\" class=\"wp-image-3591 alignleft\" src=\"https:\/\/agora.xtec.cat\/escolaantonitapies\/wp-content\/uploads\/usu574\/2018\/11\/video_obertament.jpg\" alt=\"\" width=\"254\" height=\"154\" \/>&#8220;Relacionar la vida&#8221; \u00e9s un projecte on permet crear un espai compartit per nens i nenes amb edats compreses entre els 10 i 12 anys i adults amb malaltia mental, on donar cabuda i possibilitats a una particular forma de treballar aspectes de sensibilitzaci\u00f3 respecte a les malalties mentals.<\/p>\n<p>\u201cRelacionar la Vida\u201d \u00e9s un projecte d\u2019aproximaci\u00f3 i coneixen\u00e7a de l\u2019\u00e0mbit de la salut mental per als alumnes i d\u2019integraci\u00f3 i participaci\u00f3 per a les persones que pateixen una malaltia, dins l\u2019\u00e0mbit escolar. Per aquesta ra\u00f3 el projecte ha estat definit des dels seus inicis com a co-creatiu, ja que l\u2019objectiu \u00e9s bidireccional i estableix una relaci\u00f3 on ambd\u00f3s col\u00b7lectius tenen grans valors per aportar l\u2019un a l\u2019altre a partir de la seva experi\u00e8ncia, que s\u2019ha manifestat mitjan\u00e7ant la creativitat.<\/p>\n","protected":false},"excerpt":{"rendered":"<p>&#8220;Relacionar la vida&#8221; \u00e9s un projecte on permet crear un espai compartit per nens i nenes amb edats compreses entre els 10 i 12 anys i adults amb malaltia mental, on donar cabuda i possibilitats a una particular forma de treballar aspectes de sensibilitzaci\u00f3 respecte a les malalties mentals. \u201cRelacionar la Vida\u201d \u00e9s un projecte [&hellip;]<\/p>\n","protected":false},"author":1,"featured_media":0,"parent":650,"menu_order":42,"comment_status":"closed","ping_status":"closed","template":"page-templates\/side-menu.php","meta":{"_bbp_topic_count":0,"_bbp_reply_count":0,"_bbp_total_topic_count":0,"_bbp_total_reply_count":0,"_bbp_voice_count":0,"_bbp_anonymous_reply_count":0,"_bbp_topic_count_hidden":0,"_bbp_reply_count_hidden":0,"_bbp_forum_subforum_count":0,"site-sidebar-layout":"default","site-content-layout":"","ast-site-content-layout":"","site-content-style":"default","site-sidebar-style":"default","ast-global-header-display":"","ast-banner-title-visibility":"","ast-main-header-display":"","ast-hfb-above-header-display":"","ast-hfb-below-header-display":"","ast-hfb-mobile-header-display":"","site-post-title":"","ast-breadcrumbs-content":"","ast-featured-img":"","footer-sml-layout":"","theme-transparent-header-meta":"","adv-header-id-meta":"","stick-header-meta":"","header-above-stick-meta":"","header-main-stick-meta":"","header-below-stick-meta":"","astra-migrate-meta-layouts":"default","ast-page-background-enabled":"default","ast-page-background-meta":{"desktop":{"background-color":"var(--ast-global-color-4)","background-image":"","background-repeat":"repeat","background-position":"center center","background-size":"auto","background-attachment":"scroll","background-type":"","background-media":"","overlay-type":"","overlay-color":"","overlay-opacity":"","overlay-gradient":""},"tablet":{"background-color":"","background-image":"","background-repeat":"repeat","background-position":"center center","background-size":"auto","background-attachment":"scroll","background-type":"","background-media":"","overlay-type":"","overlay-color":"","overlay-opacity":"","overlay-gradient":""},"mobile":{"background-color":"","background-image":"","background-repeat":"repeat","background-position":"center center","background-size":"auto","background-attachment":"scroll","background-type":"","background-media":"","overlay-type":"","overlay-color":"","overlay-opacity":"","overlay-gradient":""}},"ast-content-background-meta":{"desktop":{"background-color":"var(--ast-global-color-5)","background-image":"","background-repeat":"repeat","background-position":"center center","background-size":"auto","background-attachment":"scroll","background-type":"","background-media":"","overlay-type":"","overlay-color":"","overlay-opacity":"","overlay-gradient":""},"tablet":{"background-color":"var(--ast-global-color-5)","background-image":"","background-repeat":"repeat","background-position":"center center","background-size":"auto","background-attachment":"scroll","background-type":"","background-media":"","overlay-type":"","overlay-color":"","overlay-opacity":"","overlay-gradient":""},"mobile":{"background-color":"var(--ast-global-color-5)","background-image":"","background-repeat":"repeat","background-position":"center center","background-size":"auto","background-attachment":"scroll","background-type":"","background-media":"","overlay-type":"","overlay-color":"","overlay-opacity":"","overlay-gradient":""}},"footnotes":""},"class_list":["post-3588","page","type-page","status-publish","hentry"],"post_mailing_queue_ids":[],"_links":{"self":[{"href":"https:\/\/agora.xtec.cat\/escolaantonitapies\/wp-json\/wp\/v2\/pages\/3588","targetHints":{"allow":["GET"]}}],"collection":[{"href":"https:\/\/agora.xtec.cat\/escolaantonitapies\/wp-json\/wp\/v2\/pages"}],"about":[{"href":"https:\/\/agora.xtec.cat\/escolaantonitapies\/wp-json\/wp\/v2\/types\/page"}],"author":[{"embeddable":true,"href":"https:\/\/agora.xtec.cat\/escolaantonitapies\/wp-json\/wp\/v2\/users\/1"}],"replies":[{"embeddable":true,"href":"https:\/\/agora.xtec.cat\/escolaantonitapies\/wp-json\/wp\/v2\/comments?post=3588"}],"version-history":[{"count":3,"href":"https:\/\/agora.xtec.cat\/escolaantonitapies\/wp-json\/wp\/v2\/pages\/3588\/revisions"}],"predecessor-version":[{"id":3593,"href":"https:\/\/agora.xtec.cat\/escolaantonitapies\/wp-json\/wp\/v2\/pages\/3588\/revisions\/3593"}],"up":[{"embeddable":true,"href":"https:\/\/agora.xtec.cat\/escolaantonitapies\/wp-json\/wp\/v2\/pages\/650"}],"wp:attachment":[{"href":"https:\/\/agora.xtec.cat\/escolaantonitapies\/wp-json\/wp\/v2\/media?parent=3588"}],"curies":[{"name":"wp","href":"https:\/\/api.w.org\/{rel}","templated":true}]}}