{"id":32,"date":"2014-09-18T12:31:33","date_gmt":"2014-09-18T12:31:33","guid":{"rendered":"http:\/\/agora.xtec.cat\/escolaantonitapies\/?page_id=32"},"modified":"2025-10-20T20:35:59","modified_gmt":"2025-10-20T18:35:59","slug":"calendari-del-curs","status":"publish","type":"page","link":"https:\/\/agora.xtec.cat\/escolaantonitapies\/informacions-curs-24-25\/calendari-del-curs\/","title":{"rendered":"Calendari"},"content":{"rendered":"\n<figure class=\"wp-block-image aligncenter\"><img loading=\"lazy\" decoding=\"async\" width=\"1025\" height=\"734\" src=\"https:\/\/agora.xtec.cat\/escolaantonitapies\/wp-content\/uploads\/usu574\/2025\/10\/Foto-calendari-escolar-2025-2026.jpg\" alt=\"\" class=\"wp-image-7929\" srcset=\"https:\/\/agora.xtec.cat\/escolaantonitapies\/wp-content\/uploads\/usu574\/2025\/10\/Foto-calendari-escolar-2025-2026.jpg 1025w, https:\/\/agora.xtec.cat\/escolaantonitapies\/wp-content\/uploads\/usu574\/2025\/10\/Foto-calendari-escolar-2025-2026-300x215.jpg 300w, https:\/\/agora.xtec.cat\/escolaantonitapies\/wp-content\/uploads\/usu574\/2025\/10\/Foto-calendari-escolar-2025-2026-768x550.jpg 768w\" sizes=\"auto, (max-width: 1025px) 100vw, 1025px\" \/><\/figure>\n\n\n\n<p><\/p>\n\n\n\n<p><strong>8 de setembre<\/strong>: inici de les classes<\/p>\n\n\n\n<p><span style=\"text-decoration: underline; color: #339966;\"><em><strong>Vacances:<\/strong><\/em><\/span><\/p>\n\n\n\n<p>Del 20 de desembre de 2025 al 7 de gener de 2026 (ambd\u00f3s inclosos): Vacances de Nadal<\/p>\n\n\n\n<p>Del 28 de mar\u00e7 de 2026 al 6 d&#8217;abril de 2026 (ambd\u00f3s inclosos) Vacances de Setmana Santa<\/p>\n\n\n\n<p><strong>19 de juny de 2026<\/strong>: acaben les classes a tots els centres.<\/p>\n\n\n\n<p><span style=\"text-decoration: underline; color: #ff99cc;\"><em><strong>Dies festius:<\/strong><\/em><\/span><\/p>\n\n\n\n<p>11 de setembre de 2025<\/p>\n\n\n\n<p>31 d&#8217;octubre de 2025<\/p>\n\n\n\n<p>8 de desembre de 2025<\/p>\n\n\n\n<p>1 i 20 de maig de 2026<\/p>\n\n\n\n<p><span style=\"text-decoration: underline; color: #00ff00;\"><strong>Dies festius de lliure disposici\u00f3:<\/strong><\/span><\/p>\n\n\n\n<p>3 de novembre de 2025<\/p>\n\n\n\n<p>5 de desembre de 2025<\/p>\n\n\n\n<p>16 de febrer de 2026<\/p>\n\n\n\n<p>25 de maig de 2026<\/p>\n\n\n\n<p><span style=\"color: #ff9900;\"><em><span style=\"text-decoration: underline;\"><strong>Jornada compactada\/intensiva:<\/strong><\/span><\/em><\/span><\/p>\n\n\n\n<p>19 de desembre de 2025<\/p>\n\n\n\n<p>Del 8 al 19 de juny de 2026 (ambd\u00f3s inclosos)<\/p>\n\n\n\n<p>L\u2019<span style=\"color: #ff9900;\"><b>horari lectiu<\/b><\/span> del centre \u00e9s de <strong><span style=\"color: #ff9900;\">9 a 12,30h<\/span><\/strong> i de <strong><span style=\"color: #ff9900;\">15,00 a 16,30h<\/span><\/strong> per a tots els alumnes del centre. L&#8217;<span style=\"color: #993366;\"><strong>horari en jornada compactada<\/strong><\/span> \u00e9s de <strong><span style=\"color: #993366;\">9 a 13h<\/span><\/strong>. (Els alumnes que utilitzen el servei de menjador surten a les 15:00h.)<span style=\"color: #000000;\">&nbsp;<\/span><\/p>\n\n\n\n<p>Per als alumnes que inicien l\u2019escolaritzaci\u00f3 a P3 s\u2019organitza un breu per\u00edode d\u2019adaptaci\u00f3 que suposa una certa modificaci\u00f3 dels horaris dels dos primers dies de classe, i que es fa saber a les fam\u00edlies en les reunions pr\u00e8vies corresponents.<\/p>\n\n\n\n<div class=\"wp-block-columns is-layout-flex wp-container-core-columns-is-layout-1 wp-block-columns-is-layout-flex\">\n<div class=\"wp-block-column is-layout-flow wp-block-column-is-layout-flow\">\n<div class=\"wp-block-getwid-button-group\"><div class=\"wp-block-getwid-button-group__wrapper has-alignment-center\">\n<div class=\"wp-block-button is-style-outline is-style-outline--1\"><a class=\"wp-block-button__link wp-element-button\" href=\"https:\/\/agora.xtec.cat\/escolaantonitapies\/wp-content\/uploads\/usu574\/2025\/10\/CALENDARI-ESCOLAR_25_26.pdf\" style=\"border-width:2px;border-radius:20px;padding-top:var(--wp--preset--spacing--30);padding-right:var(--wp--preset--spacing--50);padding-bottom:var(--wp--preset--spacing--30);padding-left:var(--wp--preset--spacing--50)\">Desc\u00e0rrega del calendari  escolar 25\/26<\/a><\/div>\n<\/div><\/div>\n<\/div>\n<\/div>\n\n\n\n<p><\/p>\n","protected":false},"excerpt":{"rendered":"<p>8 de setembre: inici de les classes Vacances: Del 20 de desembre de 2025 al 7 de gener de 2026 (ambd\u00f3s inclosos): Vacances de Nadal Del 28 de mar\u00e7 de 2026 al 6 d&#8217;abril de 2026 (ambd\u00f3s inclosos) Vacances de Setmana Santa 19 de juny de 2026: acaben les classes a tots els centres. Dies [&hellip;]<\/p>\n","protected":false},"author":2,"featured_media":0,"parent":6313,"menu_order":1,"comment_status":"closed","ping_status":"closed","template":"","meta":{"_bbp_topic_count":0,"_bbp_reply_count":0,"_bbp_total_topic_count":0,"_bbp_total_reply_count":0,"_bbp_voice_count":0,"_bbp_anonymous_reply_count":0,"_bbp_topic_count_hidden":0,"_bbp_reply_count_hidden":0,"_bbp_forum_subforum_count":0,"site-sidebar-layout":"no-sidebar","site-content-layout":"","ast-site-content-layout":"default","site-content-style":"default","site-sidebar-style":"default","ast-global-header-display":"","ast-banner-title-visibility":"","ast-main-header-display":"","ast-hfb-above-header-display":"","ast-hfb-below-header-display":"","ast-hfb-mobile-header-display":"","site-post-title":"","ast-breadcrumbs-content":"","ast-featured-img":"","footer-sml-layout":"","theme-transparent-header-meta":"","adv-header-id-meta":"","stick-header-meta":"","header-above-stick-meta":"","header-main-stick-meta":"","header-below-stick-meta":"","astra-migrate-meta-layouts":"set","ast-page-background-enabled":"default","ast-page-background-meta":{"desktop":{"background-color":"var(--ast-global-color-4)","background-image":"","background-repeat":"repeat","background-position":"center center","background-size":"auto","background-attachment":"scroll","background-type":"","background-media":"","overlay-type":"","overlay-color":"","overlay-opacity":"","overlay-gradient":""},"tablet":{"background-color":"","background-image":"","background-repeat":"repeat","background-position":"center center","background-size":"auto","background-attachment":"scroll","background-type":"","background-media":"","overlay-type":"","overlay-color":"","overlay-opacity":"","overlay-gradient":""},"mobile":{"background-color":"","background-image":"","background-repeat":"repeat","background-position":"center center","background-size":"auto","background-attachment":"scroll","background-type":"","background-media":"","overlay-type":"","overlay-color":"","overlay-opacity":"","overlay-gradient":""}},"ast-content-background-meta":{"desktop":{"background-color":"var(--ast-global-color-5)","background-image":"","background-repeat":"repeat","background-position":"center center","background-size":"auto","background-attachment":"scroll","background-type":"","background-media":"","overlay-type":"","overlay-color":"","overlay-opacity":"","overlay-gradient":""},"tablet":{"background-color":"var(--ast-global-color-5)","background-image":"","background-repeat":"repeat","background-position":"center center","background-size":"auto","background-attachment":"scroll","background-type":"","background-media":"","overlay-type":"","overlay-color":"","overlay-opacity":"","overlay-gradient":""},"mobile":{"background-color":"var(--ast-global-color-5)","background-image":"","background-repeat":"repeat","background-position":"center center","background-size":"auto","background-attachment":"scroll","background-type":"","background-media":"","overlay-type":"","overlay-color":"","overlay-opacity":"","overlay-gradient":""}},"footnotes":""},"class_list":["post-32","page","type-page","status-publish","hentry"],"post_mailing_queue_ids":[],"_links":{"self":[{"href":"https:\/\/agora.xtec.cat\/escolaantonitapies\/wp-json\/wp\/v2\/pages\/32","targetHints":{"allow":["GET"]}}],"collection":[{"href":"https:\/\/agora.xtec.cat\/escolaantonitapies\/wp-json\/wp\/v2\/pages"}],"about":[{"href":"https:\/\/agora.xtec.cat\/escolaantonitapies\/wp-json\/wp\/v2\/types\/page"}],"author":[{"embeddable":true,"href":"https:\/\/agora.xtec.cat\/escolaantonitapies\/wp-json\/wp\/v2\/users\/2"}],"replies":[{"embeddable":true,"href":"https:\/\/agora.xtec.cat\/escolaantonitapies\/wp-json\/wp\/v2\/comments?post=32"}],"version-history":[{"count":6,"href":"https:\/\/agora.xtec.cat\/escolaantonitapies\/wp-json\/wp\/v2\/pages\/32\/revisions"}],"predecessor-version":[{"id":8075,"href":"https:\/\/agora.xtec.cat\/escolaantonitapies\/wp-json\/wp\/v2\/pages\/32\/revisions\/8075"}],"up":[{"embeddable":true,"href":"https:\/\/agora.xtec.cat\/escolaantonitapies\/wp-json\/wp\/v2\/pages\/6313"}],"wp:attachment":[{"href":"https:\/\/agora.xtec.cat\/escolaantonitapies\/wp-json\/wp\/v2\/media?parent=32"}],"curies":[{"name":"wp","href":"https:\/\/api.w.org\/{rel}","templated":true}]}}