{"id":26,"date":"2014-09-18T12:24:32","date_gmt":"2014-09-18T10:24:32","guid":{"rendered":"http:\/\/agora.xtec.cat\/escolaantonitapies\/?page_id=26"},"modified":"2025-11-06T09:08:56","modified_gmt":"2025-11-06T08:08:56","slug":"historia","status":"publish","type":"page","link":"https:\/\/agora.xtec.cat\/escolaantonitapies\/lescola\/historia\/","title":{"rendered":"Hist\u00f2ria"},"content":{"rendered":"\n<p>L\u2019Escola Antoni T\u00e0pies va obrir les seves portes l\u2019any 1986 amb la voluntat<br>d\u2019oferir una educaci\u00f3 p\u00fablica, de qualitat i arrelada a la ciutat. Des dels seus<br>inicis, el centre ha funcionat com una escola de doble l\u00ednia, acollint dos grups<br>per nivell i convertint-se en un espai de conviv\u00e8ncia, aprenentatge i creixement<br>per a infants i fam\u00edlies del barri.<\/p>\n\n\n\n<p>La nostra escola porta el nom d\u2019Antoni T\u00e0pies en homenatge a l\u2019artista catal\u00e0<br>Antoni T\u00e0pies i Puig (1923\u20132012), considerat un dels creadors m\u00e9s importants<br>de l\u2019art contemporani. T\u00e0pies va destacar per la seva manera innovadora<br>d\u2019expressar-se, utilitzant materials senzills i textures per transmetre emocions,<br>idees i reflexions sobre la vida i la societat.<\/p>\n\n\n\n<p>El seu esperit creatiu, el pensament cr\u00edtic i el valor que va donar a la cultura i<br>a l\u2019educaci\u00f3 art\u00edstica representen els principis que inspirem en el nostre<br>projecte educatiu. Per aix\u00f2, l\u2019escola porta amb orgull el seu nom, com a<br>referent de creativitat, sensibilitat i cultura.<\/p>\n\n\n\n<p>Al llarg dels anys, l\u2019escola ha anat evolucionant per adaptar-se a les necessitats<br>educatives de cada moment, impulsant metodologies innovadores i projectes<br>que fomenten el pensament cr\u00edtic, la creativitat i el treball cooperatiu. El<br>comprom\u00eds del mestres, juntament amb la participaci\u00f3 activa de les fam\u00edlies,<br>ha estat clau per consolidar una comunitat educativa viva, que creu en<br>l\u2019educaci\u00f3 com a motor de transformaci\u00f3.<\/p>\n\n\n\n<p>Avui, l\u2019Escola Antoni T\u00e0pies continua fidel als seus valors fundacionals,<br>mantenint l\u2019esperit d\u2019acollida i proximitat, i treballant per formar persones<br>responsables, lliures i capaces de construir un futur millor.<\/p>\n","protected":false},"excerpt":{"rendered":"<p>L\u2019Escola Antoni T\u00e0pies va obrir les seves portes l\u2019any 1986 amb la voluntatd\u2019oferir una educaci\u00f3 p\u00fablica, de qualitat i arrelada a la ciutat. Des dels seusinicis, el centre ha funcionat com una escola de doble l\u00ednia, acollint dos grupsper nivell i convertint-se en un espai de conviv\u00e8ncia, aprenentatge i creixementper a infants i fam\u00edlies del [&hellip;]<\/p>\n","protected":false},"author":2,"featured_media":0,"parent":22,"menu_order":2,"comment_status":"closed","ping_status":"closed","template":"","meta":{"_bbp_topic_count":0,"_bbp_reply_count":0,"_bbp_total_topic_count":0,"_bbp_total_reply_count":0,"_bbp_voice_count":0,"_bbp_anonymous_reply_count":0,"_bbp_topic_count_hidden":0,"_bbp_reply_count_hidden":0,"_bbp_forum_subforum_count":0,"site-sidebar-layout":"default","site-content-layout":"","ast-site-content-layout":"default","site-content-style":"default","site-sidebar-style":"default","ast-global-header-display":"","ast-banner-title-visibility":"","ast-main-header-display":"","ast-hfb-above-header-display":"","ast-hfb-below-header-display":"","ast-hfb-mobile-header-display":"","site-post-title":"","ast-breadcrumbs-content":"","ast-featured-img":"","footer-sml-layout":"","theme-transparent-header-meta":"","adv-header-id-meta":"","stick-header-meta":"","header-above-stick-meta":"","header-main-stick-meta":"","header-below-stick-meta":"","astra-migrate-meta-layouts":"set","ast-page-background-enabled":"default","ast-page-background-meta":{"desktop":{"background-color":"var(--ast-global-color-4)","background-image":"","background-repeat":"repeat","background-position":"center center","background-size":"auto","background-attachment":"scroll","background-type":"","background-media":"","overlay-type":"","overlay-color":"","overlay-opacity":"","overlay-gradient":""},"tablet":{"background-color":"","background-image":"","background-repeat":"repeat","background-position":"center center","background-size":"auto","background-attachment":"scroll","background-type":"","background-media":"","overlay-type":"","overlay-color":"","overlay-opacity":"","overlay-gradient":""},"mobile":{"background-color":"","background-image":"","background-repeat":"repeat","background-position":"center center","background-size":"auto","background-attachment":"scroll","background-type":"","background-media":"","overlay-type":"","overlay-color":"","overlay-opacity":"","overlay-gradient":""}},"ast-content-background-meta":{"desktop":{"background-color":"var(--ast-global-color-5)","background-image":"","background-repeat":"repeat","background-position":"center center","background-size":"auto","background-attachment":"scroll","background-type":"","background-media":"","overlay-type":"","overlay-color":"","overlay-opacity":"","overlay-gradient":""},"tablet":{"background-color":"var(--ast-global-color-5)","background-image":"","background-repeat":"repeat","background-position":"center center","background-size":"auto","background-attachment":"scroll","background-type":"","background-media":"","overlay-type":"","overlay-color":"","overlay-opacity":"","overlay-gradient":""},"mobile":{"background-color":"var(--ast-global-color-5)","background-image":"","background-repeat":"repeat","background-position":"center center","background-size":"auto","background-attachment":"scroll","background-type":"","background-media":"","overlay-type":"","overlay-color":"","overlay-opacity":"","overlay-gradient":""}},"footnotes":""},"class_list":["post-26","page","type-page","status-publish","hentry"],"post_mailing_queue_ids":[],"_links":{"self":[{"href":"https:\/\/agora.xtec.cat\/escolaantonitapies\/wp-json\/wp\/v2\/pages\/26","targetHints":{"allow":["GET"]}}],"collection":[{"href":"https:\/\/agora.xtec.cat\/escolaantonitapies\/wp-json\/wp\/v2\/pages"}],"about":[{"href":"https:\/\/agora.xtec.cat\/escolaantonitapies\/wp-json\/wp\/v2\/types\/page"}],"author":[{"embeddable":true,"href":"https:\/\/agora.xtec.cat\/escolaantonitapies\/wp-json\/wp\/v2\/users\/2"}],"replies":[{"embeddable":true,"href":"https:\/\/agora.xtec.cat\/escolaantonitapies\/wp-json\/wp\/v2\/comments?post=26"}],"version-history":[{"count":4,"href":"https:\/\/agora.xtec.cat\/escolaantonitapies\/wp-json\/wp\/v2\/pages\/26\/revisions"}],"predecessor-version":[{"id":8292,"href":"https:\/\/agora.xtec.cat\/escolaantonitapies\/wp-json\/wp\/v2\/pages\/26\/revisions\/8292"}],"up":[{"embeddable":true,"href":"https:\/\/agora.xtec.cat\/escolaantonitapies\/wp-json\/wp\/v2\/pages\/22"}],"wp:attachment":[{"href":"https:\/\/agora.xtec.cat\/escolaantonitapies\/wp-json\/wp\/v2\/media?parent=26"}],"curies":[{"name":"wp","href":"https:\/\/api.w.org\/{rel}","templated":true}]}}