{"id":977,"date":"2016-03-19T11:40:39","date_gmt":"2016-03-19T10:40:39","guid":{"rendered":"http:\/\/agora.xtec.cat\/escolaantoniroig\/?page_id=977"},"modified":"2025-11-04T09:59:34","modified_gmt":"2025-11-04T08:59:34","slug":"organigrama-de-centre","status":"publish","type":"page","link":"https:\/\/agora.xtec.cat\/escolaantoniroig\/lescola\/organigrama-de-centre\/","title":{"rendered":"Organigrama de centre"},"content":{"rendered":"<p><a href=\"http:\/\/agora.xtec.cat\/escolaantoniroig\/wp-content\/uploads\/usu563\/2016\/03\/Principis.web_.jpg\"><img loading=\"lazy\" decoding=\"async\" class=\" wp-image-991 aligncenter\" src=\"http:\/\/agora.xtec.cat\/escolaantoniroig\/wp-content\/uploads\/usu563\/2016\/03\/Principis.web_-1024x770.jpg\" alt=\"Principis.web\" width=\"722\" height=\"543\" srcset=\"https:\/\/agora.xtec.cat\/escolaantoniroig\/wp-content\/uploads\/usu563\/2016\/03\/Principis.web_-1024x770.jpg 1024w, https:\/\/agora.xtec.cat\/escolaantoniroig\/wp-content\/uploads\/usu563\/2016\/03\/Principis.web_-300x225.jpg 300w, https:\/\/agora.xtec.cat\/escolaantoniroig\/wp-content\/uploads\/usu563\/2016\/03\/Principis.web_-200x150.jpg 200w, https:\/\/agora.xtec.cat\/escolaantoniroig\/wp-content\/uploads\/usu563\/2016\/03\/Principis.web_.jpg 1268w\" sizes=\"auto, (max-width: 722px) 100vw, 722px\" \/><\/a><\/p>\n<h2><strong>MESTRES CURS 2025-2026<\/strong><\/h2>\n<p><strong>Educaci\u00f3 Infantil<\/strong><\/p>\n<p>I3 A &#8211; N\u00faria Plana<\/p>\n<p>I3 B &#8211; Montse Arcos<\/p>\n<p>I4A &#8211; Paquita \u00c0vila<\/p>\n<p>I4 B &#8211;\u00a0 <span style=\"font-weight: 400;\">M. Ant\u00f2nia Alfonso<\/span><\/p>\n<p>I5 A &#8211; Estefania Paredes<\/p>\n<p>I5 B &#8211; <span style=\"font-family: inherit; font-size: 1em;\">\u00a0<\/span>Anna Oll\u00e9<\/p>\n<p>Suport Educaci\u00f3 Infantil: <span style=\"font-weight: 400;\">Carme Gil i Pilar Camacho<\/span><\/p>\n<p><strong>Educaci\u00f3 Prim\u00e0ria<\/strong><\/p>\n<p>1r A &#8211;\u00a0 Meritxell Perell\u00f3<\/p>\n<p>1r B &#8211; Miquel Duart<\/p>\n<p>1r C -Rosa Capdevila<\/p>\n<p>2n A &#8211; C\u00e8lia Reyes<\/p>\n<p>2n B &#8211; Ignasi Pujol<\/p>\n<p>3r A &#8211; Edu Cohen<\/p>\n<p>3r B &#8211; M. Jes\u00fas Casta\u00f1o<\/p>\n<p>4t A &#8211; Fina Romero<\/p>\n<p>4t B &#8211;\u00a0 Guillermo Alonso<\/p>\n<p>5\u00e8 A &#8211; Margarita Montmajor<\/p>\n<p>5\u00e8 B &#8211; Estela Ferr\u00e0ndiz<\/p>\n<p>6\u00e8 A &#8211;\u00a0 Elena Riera<\/p>\n<p>6\u00e8 B &#8211; S\u00edlvia Monta\u00f1a<\/p>\n<p>Suport ed. prim\u00e0ria &#8211; \u00darsula Gil i Marta Tom\u00e0s<\/p>\n<p><strong>Mestres Especialistes<\/strong><\/p>\n<p>Educaci\u00f3 F\u00edsica: <span style=\"font-weight: 400;\">Gabriel M\u00e1rquez i Gerard Gros<\/span><\/p>\n<p>Educaci\u00f3 Musical: Graciela Mart\u00ednez, Marisa de Dios i Jos\u00e9 Gonz\u00e1lez<\/p>\n<p>Educaci\u00f3 Especial: <span style=\"font-weight: 400;\">Anna Llaurad\u00f3, Patr\u00edcia Sillero i Ester Barberan<\/span><\/p>\n<p>Llengua Anglesa: <span style=\"font-weight: 400;\">Vanessa S\u00e1nchez, Sara Company, S\u00edlvia Monta\u00f1a i Nadir Mena<\/span><\/p>\n<p>Aula d&#8217;acollida: Nadir Mena<\/p>\n<p>Religi\u00f3: Edu Cohen<\/p>\n<p><strong>PAE<\/strong><\/p>\n<p>TEEI: N\u00faria Bertran<\/p>\n<p>TIS: Anna Ripalda<\/p>\n<p>EEE: Laia Olivares<\/p>\n<p><strong>Equip Directiu<\/strong><\/p>\n<p>Director: Gerard Gros<\/p>\n<p>Cap d\u2019Estudis: Anna Llaurad\u00f3<\/p>\n<p>Secretari: Jos\u00e9 Gonz\u00e1lez<\/p>\n<p><strong>Administratiu: <\/strong>\u00a0Miquel Arans<\/p>\n<p><strong>Conserge: <\/strong>Pere Sol\u00e9<\/p>\n","protected":false},"excerpt":{"rendered":"<p>MESTRES CURS 2025-2026 Educaci\u00f3 Infantil I3 A &#8211; N\u00faria Plana I3 B &#8211; Montse Arcos I4A &#8211; Paquita \u00c0vila I4 [&hellip;]<\/p>\n","protected":false},"author":1,"featured_media":0,"parent":22,"menu_order":50,"comment_status":"closed","ping_status":"closed","template":"","meta":{"_bbp_topic_count":0,"_bbp_reply_count":0,"_bbp_total_topic_count":0,"_bbp_total_reply_count":0,"_bbp_voice_count":0,"_bbp_anonymous_reply_count":0,"_bbp_topic_count_hidden":0,"_bbp_reply_count_hidden":0,"_bbp_forum_subforum_count":0,"site-sidebar-layout":"default","site-content-layout":"","ast-site-content-layout":"default","site-content-style":"default","site-sidebar-style":"default","ast-global-header-display":"","ast-banner-title-visibility":"","ast-main-header-display":"","ast-hfb-above-header-display":"","ast-hfb-below-header-display":"","ast-hfb-mobile-header-display":"","site-post-title":"","ast-breadcrumbs-content":"","ast-featured-img":"","footer-sml-layout":"","theme-transparent-header-meta":"","adv-header-id-meta":"","stick-header-meta":"","header-above-stick-meta":"","header-main-stick-meta":"","header-below-stick-meta":"","astra-migrate-meta-layouts":"set","ast-page-background-enabled":"default","ast-page-background-meta":{"desktop":{"background-color":"var(--ast-global-color-4)","background-image":"","background-repeat":"repeat","background-position":"center center","background-size":"auto","background-attachment":"scroll","background-type":"","background-media":"","overlay-type":"","overlay-color":"","overlay-opacity":"","overlay-gradient":""},"tablet":{"background-color":"","background-image":"","background-repeat":"repeat","background-position":"center center","background-size":"auto","background-attachment":"scroll","background-type":"","background-media":"","overlay-type":"","overlay-color":"","overlay-opacity":"","overlay-gradient":""},"mobile":{"background-color":"","background-image":"","background-repeat":"repeat","background-position":"center center","background-size":"auto","background-attachment":"scroll","background-type":"","background-media":"","overlay-type":"","overlay-color":"","overlay-opacity":"","overlay-gradient":""}},"ast-content-background-meta":{"desktop":{"background-color":"var(--ast-global-color-5)","background-image":"","background-repeat":"repeat","background-position":"center center","background-size":"auto","background-attachment":"scroll","background-type":"","background-media":"","overlay-type":"","overlay-color":"","overlay-opacity":"","overlay-gradient":""},"tablet":{"background-color":"var(--ast-global-color-5)","background-image":"","background-repeat":"repeat","background-position":"center center","background-size":"auto","background-attachment":"scroll","background-type":"","background-media":"","overlay-type":"","overlay-color":"","overlay-opacity":"","overlay-gradient":""},"mobile":{"background-color":"var(--ast-global-color-5)","background-image":"","background-repeat":"repeat","background-position":"center center","background-size":"auto","background-attachment":"scroll","background-type":"","background-media":"","overlay-type":"","overlay-color":"","overlay-opacity":"","overlay-gradient":""}},"footnotes":""},"class_list":["post-977","page","type-page","status-publish","hentry"],"post_mailing_queue_ids":[],"_links":{"self":[{"href":"https:\/\/agora.xtec.cat\/escolaantoniroig\/wp-json\/wp\/v2\/pages\/977","targetHints":{"allow":["GET"]}}],"collection":[{"href":"https:\/\/agora.xtec.cat\/escolaantoniroig\/wp-json\/wp\/v2\/pages"}],"about":[{"href":"https:\/\/agora.xtec.cat\/escolaantoniroig\/wp-json\/wp\/v2\/types\/page"}],"author":[{"embeddable":true,"href":"https:\/\/agora.xtec.cat\/escolaantoniroig\/wp-json\/wp\/v2\/users\/1"}],"replies":[{"embeddable":true,"href":"https:\/\/agora.xtec.cat\/escolaantoniroig\/wp-json\/wp\/v2\/comments?post=977"}],"version-history":[{"count":6,"href":"https:\/\/agora.xtec.cat\/escolaantoniroig\/wp-json\/wp\/v2\/pages\/977\/revisions"}],"predecessor-version":[{"id":11242,"href":"https:\/\/agora.xtec.cat\/escolaantoniroig\/wp-json\/wp\/v2\/pages\/977\/revisions\/11242"}],"up":[{"embeddable":true,"href":"https:\/\/agora.xtec.cat\/escolaantoniroig\/wp-json\/wp\/v2\/pages\/22"}],"wp:attachment":[{"href":"https:\/\/agora.xtec.cat\/escolaantoniroig\/wp-json\/wp\/v2\/media?parent=977"}],"curies":[{"name":"wp","href":"https:\/\/api.w.org\/{rel}","templated":true}]}}