{"id":898,"date":"2016-03-06T00:16:20","date_gmt":"2016-03-05T23:16:20","guid":{"rendered":"http:\/\/agora.xtec.cat\/escolaantoniroig\/?page_id=898"},"modified":"2025-06-27T13:03:16","modified_gmt":"2025-06-27T11:03:16","slug":"activitats-extraescolars","status":"publish","type":"page","link":"https:\/\/agora.xtec.cat\/escolaantoniroig\/serveis\/activitats-extraescolars\/","title":{"rendered":"ACTIVITATS EXTRAESCOLARS CURS 2025-26"},"content":{"rendered":"\n<p><img loading=\"lazy\" decoding=\"async\" width=\"50\" height=\"50\" class=\"wp-image-10994\" style=\"width: 50px;\" src=\"https:\/\/agora.xtec.cat\/escolaantoniroig\/wp-content\/uploads\/usu563\/2025\/06\/calendar-3906791_640.jpg\" alt=\"\" srcset=\"https:\/\/agora.xtec.cat\/escolaantoniroig\/wp-content\/uploads\/usu563\/2025\/06\/calendar-3906791_640.jpg 640w, https:\/\/agora.xtec.cat\/escolaantoniroig\/wp-content\/uploads\/usu563\/2025\/06\/calendar-3906791_640-300x300.jpg 300w, https:\/\/agora.xtec.cat\/escolaantoniroig\/wp-content\/uploads\/usu563\/2025\/06\/calendar-3906791_640-150x150.jpg 150w\" sizes=\"auto, (max-width: 50px) 100vw, 50px\" \/> <strong>PER\u00cdODE D&#8217;INSCRIPCI\u00d3 FINS EL 30\/JUNY\/2025<\/strong><\/p>\n\n\n\n<p><a href=\"https:\/\/docs.google.com\/forms\/d\/1qOAjqkkW9G-cqryBqDPPt8DpYIDnrZHyGntOQMwqvzM\/viewform?pli=1&amp;pli=1&amp;edit_requested=true\">Enlla\u00e7 d&#8217;inscripci\u00f3<\/a><\/p>\n\n\n\n<p><img loading=\"lazy\" decoding=\"async\" width=\"50\" height=\"48\" class=\"wp-image-4102\" style=\"width: 50px;\" src=\"https:\/\/agora.xtec.cat\/escolaantoniroig\/wp-content\/uploads\/usu563\/2016\/03\/document-e1589220616559.png\" alt=\"\" srcset=\"https:\/\/agora.xtec.cat\/escolaantoniroig\/wp-content\/uploads\/usu563\/2016\/03\/document-e1589220616559.png 441w, https:\/\/agora.xtec.cat\/escolaantoniroig\/wp-content\/uploads\/usu563\/2016\/03\/document-e1589220616559-300x287.png 300w\" sizes=\"auto, (max-width: 50px) 100vw, 50px\" \/> <strong>DOSSIER INFORMATIU DE LES ACTIVITATS<\/strong><\/p>\n\n\n\n<p>Una vegada finalitzi el per\u00edode d&#8217;inscripci\u00f3, durant el mes de Juliol , us enviarem un dinantia per informar si efectivament tira endavant aquella activitat i formalitzar la matr\u00edcula.<\/p>\n\n\n\n<figure class=\"wp-block-image size-full\"><a href=\"https:\/\/agora.xtec.cat\/escolaantoniroig\/wp-content\/uploads\/usu563\/2025\/06\/3.jpg\"><img loading=\"lazy\" decoding=\"async\" width=\"800\" height=\"670\" src=\"https:\/\/agora.xtec.cat\/escolaantoniroig\/wp-content\/uploads\/usu563\/2025\/06\/3.jpg\" alt=\"\" class=\"wp-image-10992\" srcset=\"https:\/\/agora.xtec.cat\/escolaantoniroig\/wp-content\/uploads\/usu563\/2025\/06\/3.jpg 800w, https:\/\/agora.xtec.cat\/escolaantoniroig\/wp-content\/uploads\/usu563\/2025\/06\/3-300x251.jpg 300w, https:\/\/agora.xtec.cat\/escolaantoniroig\/wp-content\/uploads\/usu563\/2025\/06\/3-768x643.jpg 768w\" sizes=\"auto, (max-width: 800px) 100vw, 800px\" \/><\/a><\/figure>\n\n\n\n<figure class=\"wp-block-image size-full\"><a href=\"https:\/\/agora.xtec.cat\/escolaantoniroig\/wp-content\/uploads\/usu563\/2025\/06\/4.jpg\"><img loading=\"lazy\" decoding=\"async\" width=\"800\" height=\"670\" src=\"https:\/\/agora.xtec.cat\/escolaantoniroig\/wp-content\/uploads\/usu563\/2025\/06\/4.jpg\" alt=\"\" class=\"wp-image-10993\" srcset=\"https:\/\/agora.xtec.cat\/escolaantoniroig\/wp-content\/uploads\/usu563\/2025\/06\/4.jpg 800w, https:\/\/agora.xtec.cat\/escolaantoniroig\/wp-content\/uploads\/usu563\/2025\/06\/4-300x251.jpg 300w, https:\/\/agora.xtec.cat\/escolaantoniroig\/wp-content\/uploads\/usu563\/2025\/06\/4-768x643.jpg 768w\" sizes=\"auto, (max-width: 800px) 100vw, 800px\" \/><\/a><\/figure>\n","protected":false},"excerpt":{"rendered":"<p>PER\u00cdODE D&#8217;INSCRIPCI\u00d3 FINS EL 30\/JUNY\/2025 Enlla\u00e7 d&#8217;inscripci\u00f3 DOSSIER INFORMATIU DE LES ACTIVITATS Una vegada finalitzi el per\u00edode d&#8217;inscripci\u00f3, durant el [&hellip;]<\/p>\n","protected":false},"author":1,"featured_media":0,"parent":66,"menu_order":70,"comment_status":"closed","ping_status":"closed","template":"","meta":{"_bbp_topic_count":0,"_bbp_reply_count":0,"_bbp_total_topic_count":0,"_bbp_total_reply_count":0,"_bbp_voice_count":0,"_bbp_anonymous_reply_count":0,"_bbp_topic_count_hidden":0,"_bbp_reply_count_hidden":0,"_bbp_forum_subforum_count":0,"site-sidebar-layout":"default","site-content-layout":"","ast-site-content-layout":"default","site-content-style":"default","site-sidebar-style":"default","ast-global-header-display":"","ast-banner-title-visibility":"","ast-main-header-display":"","ast-hfb-above-header-display":"","ast-hfb-below-header-display":"","ast-hfb-mobile-header-display":"","site-post-title":"","ast-breadcrumbs-content":"","ast-featured-img":"","footer-sml-layout":"","theme-transparent-header-meta":"","adv-header-id-meta":"","stick-header-meta":"","header-above-stick-meta":"","header-main-stick-meta":"","header-below-stick-meta":"","astra-migrate-meta-layouts":"set","ast-page-background-enabled":"default","ast-page-background-meta":{"desktop":{"background-color":"var(--ast-global-color-4)","background-image":"","background-repeat":"repeat","background-position":"center center","background-size":"auto","background-attachment":"scroll","background-type":"","background-media":"","overlay-type":"","overlay-color":"","overlay-opacity":"","overlay-gradient":""},"tablet":{"background-color":"","background-image":"","background-repeat":"repeat","background-position":"center center","background-size":"auto","background-attachment":"scroll","background-type":"","background-media":"","overlay-type":"","overlay-color":"","overlay-opacity":"","overlay-gradient":""},"mobile":{"background-color":"","background-image":"","background-repeat":"repeat","background-position":"center center","background-size":"auto","background-attachment":"scroll","background-type":"","background-media":"","overlay-type":"","overlay-color":"","overlay-opacity":"","overlay-gradient":""}},"ast-content-background-meta":{"desktop":{"background-color":"var(--ast-global-color-5)","background-image":"","background-repeat":"repeat","background-position":"center center","background-size":"auto","background-attachment":"scroll","background-type":"","background-media":"","overlay-type":"","overlay-color":"","overlay-opacity":"","overlay-gradient":""},"tablet":{"background-color":"var(--ast-global-color-5)","background-image":"","background-repeat":"repeat","background-position":"center center","background-size":"auto","background-attachment":"scroll","background-type":"","background-media":"","overlay-type":"","overlay-color":"","overlay-opacity":"","overlay-gradient":""},"mobile":{"background-color":"var(--ast-global-color-5)","background-image":"","background-repeat":"repeat","background-position":"center center","background-size":"auto","background-attachment":"scroll","background-type":"","background-media":"","overlay-type":"","overlay-color":"","overlay-opacity":"","overlay-gradient":""}},"footnotes":""},"class_list":["post-898","page","type-page","status-publish","hentry"],"post_mailing_queue_ids":[],"_links":{"self":[{"href":"https:\/\/agora.xtec.cat\/escolaantoniroig\/wp-json\/wp\/v2\/pages\/898","targetHints":{"allow":["GET"]}}],"collection":[{"href":"https:\/\/agora.xtec.cat\/escolaantoniroig\/wp-json\/wp\/v2\/pages"}],"about":[{"href":"https:\/\/agora.xtec.cat\/escolaantoniroig\/wp-json\/wp\/v2\/types\/page"}],"author":[{"embeddable":true,"href":"https:\/\/agora.xtec.cat\/escolaantoniroig\/wp-json\/wp\/v2\/users\/1"}],"replies":[{"embeddable":true,"href":"https:\/\/agora.xtec.cat\/escolaantoniroig\/wp-json\/wp\/v2\/comments?post=898"}],"version-history":[{"count":6,"href":"https:\/\/agora.xtec.cat\/escolaantoniroig\/wp-json\/wp\/v2\/pages\/898\/revisions"}],"predecessor-version":[{"id":10997,"href":"https:\/\/agora.xtec.cat\/escolaantoniroig\/wp-json\/wp\/v2\/pages\/898\/revisions\/10997"}],"up":[{"embeddable":true,"href":"https:\/\/agora.xtec.cat\/escolaantoniroig\/wp-json\/wp\/v2\/pages\/66"}],"wp:attachment":[{"href":"https:\/\/agora.xtec.cat\/escolaantoniroig\/wp-json\/wp\/v2\/media?parent=898"}],"curies":[{"name":"wp","href":"https:\/\/api.w.org\/{rel}","templated":true}]}}