{"id":896,"date":"2016-03-06T00:05:26","date_gmt":"2016-03-05T23:05:26","guid":{"rendered":"http:\/\/agora.xtec.cat\/escolaantoniroig\/?page_id=896"},"modified":"2025-11-04T10:27:21","modified_gmt":"2025-11-04T09:27:21","slug":"xandalls","status":"publish","type":"page","link":"https:\/\/agora.xtec.cat\/escolaantoniroig\/ampa-2\/xandalls\/","title":{"rendered":"Roba esportiva"},"content":{"rendered":"\n<p>La podeu adquirir al despatx de l&#8217;AFA. Solem tenir disponibilitat de totes les talles i articles.<\/p>\n\n\n\n<div class=\"wp-block-columns is-layout-flex wp-container-core-columns-is-layout-1 wp-block-columns-is-layout-flex\" style=\"padding-top:0;padding-right:var(--wp--preset--spacing--20);padding-bottom:0;padding-left:var(--wp--preset--spacing--20)\">\n<div class=\"wp-block-column has-border-color has-vivid-cyan-blue-border-color is-layout-flow wp-block-column-is-layout-flow\">\n<p class=\"has-text-align-center\"><strong>DESSUADORA AMB CREMALLERA<\/strong><\/p>\n\n\n\n<figure class=\"wp-block-image aligncenter size-large is-resized\"><a href=\"https:\/\/agora.xtec.cat\/escolaantoniroig\/wp-content\/uploads\/usu563\/2025\/02\/dessuadora-cremallera-AR.jpg\"><img loading=\"lazy\" decoding=\"async\" width=\"1018\" height=\"1024\" src=\"https:\/\/agora.xtec.cat\/escolaantoniroig\/wp-content\/uploads\/usu563\/2025\/02\/dessuadora-cremallera-AR-1018x1024.jpg\" alt=\"\" class=\"wp-image-10451\" style=\"width:98px;height:auto\" srcset=\"https:\/\/agora.xtec.cat\/escolaantoniroig\/wp-content\/uploads\/usu563\/2025\/02\/dessuadora-cremallera-AR-1018x1024.jpg 1018w, https:\/\/agora.xtec.cat\/escolaantoniroig\/wp-content\/uploads\/usu563\/2025\/02\/dessuadora-cremallera-AR-298x300.jpg 298w, https:\/\/agora.xtec.cat\/escolaantoniroig\/wp-content\/uploads\/usu563\/2025\/02\/dessuadora-cremallera-AR-150x150.jpg 150w, https:\/\/agora.xtec.cat\/escolaantoniroig\/wp-content\/uploads\/usu563\/2025\/02\/dessuadora-cremallera-AR-768x772.jpg 768w, https:\/\/agora.xtec.cat\/escolaantoniroig\/wp-content\/uploads\/usu563\/2025\/02\/dessuadora-cremallera-AR-1527x1536.jpg 1527w, https:\/\/agora.xtec.cat\/escolaantoniroig\/wp-content\/uploads\/usu563\/2025\/02\/dessuadora-cremallera-AR-2036x2048.jpg 2036w\" sizes=\"auto, (max-width: 1018px) 100vw, 1018px\" \/><\/a><\/figure>\n\n\n\n<p class=\"has-text-align-center\">Talles 4, 6 i 8: <strong> 22\u20ac<\/strong><\/p>\n\n\n\n<p class=\"has-text-align-center\" style=\"padding-top:0;padding-bottom:0\">Talles 10,12 i 14 : <strong> 24\u20ac<\/strong><\/p>\n<\/div>\n\n\n\n<div class=\"wp-block-column has-border-color has-vivid-cyan-blue-border-color is-layout-flow wp-block-column-is-layout-flow\">\n<p class=\"has-text-align-center\"><strong>PANTAL\u00d3 LLARG<\/strong><\/p>\n\n\n\n<figure class=\"wp-block-image aligncenter size-large is-resized\"><a href=\"https:\/\/agora.xtec.cat\/escolaantoniroig\/wp-content\/uploads\/usu563\/2025\/02\/pantalons-AR-scaled.jpg\"><img loading=\"lazy\" decoding=\"async\" width=\"768\" height=\"1024\" src=\"https:\/\/agora.xtec.cat\/escolaantoniroig\/wp-content\/uploads\/usu563\/2025\/02\/pantalons-AR-768x1024.jpg\" alt=\"\" class=\"wp-image-10452\" style=\"width:81px;height:auto\" srcset=\"https:\/\/agora.xtec.cat\/escolaantoniroig\/wp-content\/uploads\/usu563\/2025\/02\/pantalons-AR-768x1024.jpg 768w, https:\/\/agora.xtec.cat\/escolaantoniroig\/wp-content\/uploads\/usu563\/2025\/02\/pantalons-AR-225x300.jpg 225w, https:\/\/agora.xtec.cat\/escolaantoniroig\/wp-content\/uploads\/usu563\/2025\/02\/pantalons-AR-1152x1536.jpg 1152w, https:\/\/agora.xtec.cat\/escolaantoniroig\/wp-content\/uploads\/usu563\/2025\/02\/pantalons-AR-1536x2048.jpg 1536w, https:\/\/agora.xtec.cat\/escolaantoniroig\/wp-content\/uploads\/usu563\/2025\/02\/pantalons-AR-scaled.jpg 1920w\" sizes=\"auto, (max-width: 768px) 100vw, 768px\" \/><\/a><\/figure>\n\n\n\n<p class=\"has-text-align-center\">Talles 4, 6 i 8: <strong> 18\u20ac<\/strong><\/p>\n\n\n\n<p class=\"has-text-align-center\">Talles 10,12, 14 i 16: <strong> 19\u20ac<\/strong><\/p>\n<\/div>\n\n\n\n<div class=\"wp-block-column has-border-color has-vivid-cyan-blue-border-color is-layout-flow wp-block-column-is-layout-flow\">\n<p class=\"has-text-align-center\"><strong>PANTAL\u00d3 CURT<\/strong><\/p>\n\n\n\n<figure class=\"wp-block-image aligncenter size-large is-resized\"><a href=\"https:\/\/agora.xtec.cat\/escolaantoniroig\/wp-content\/uploads\/usu563\/2025\/02\/pantalo-curt-AR-scaled.jpg\"><img loading=\"lazy\" decoding=\"async\" width=\"2560\" height=\"2560\" src=\"https:\/\/agora.xtec.cat\/escolaantoniroig\/wp-content\/uploads\/usu563\/2025\/02\/pantalo-curt-AR-edited-scaled.jpg\" alt=\"\" class=\"wp-image-10433\" style=\"width:101px;height:auto\" srcset=\"https:\/\/agora.xtec.cat\/escolaantoniroig\/wp-content\/uploads\/usu563\/2025\/02\/pantalo-curt-AR-edited-scaled.jpg 2560w, https:\/\/agora.xtec.cat\/escolaantoniroig\/wp-content\/uploads\/usu563\/2025\/02\/pantalo-curt-AR-edited-300x300.jpg 300w, https:\/\/agora.xtec.cat\/escolaantoniroig\/wp-content\/uploads\/usu563\/2025\/02\/pantalo-curt-AR-edited-1024x1024.jpg 1024w, https:\/\/agora.xtec.cat\/escolaantoniroig\/wp-content\/uploads\/usu563\/2025\/02\/pantalo-curt-AR-edited-150x150.jpg 150w, https:\/\/agora.xtec.cat\/escolaantoniroig\/wp-content\/uploads\/usu563\/2025\/02\/pantalo-curt-AR-edited-768x768.jpg 768w, https:\/\/agora.xtec.cat\/escolaantoniroig\/wp-content\/uploads\/usu563\/2025\/02\/pantalo-curt-AR-edited-1536x1536.jpg 1536w, https:\/\/agora.xtec.cat\/escolaantoniroig\/wp-content\/uploads\/usu563\/2025\/02\/pantalo-curt-AR-edited-2048x2048.jpg 2048w\" sizes=\"auto, (max-width: 2560px) 100vw, 2560px\" \/><\/a><\/figure>\n\n\n\n<p class=\"has-text-align-center\" style=\"padding-top:0;padding-right:0;padding-bottom:0;padding-left:0\">Talles 4, 6 i 8: <strong> 11\u20ac<\/strong><\/p>\n\n\n\n<p class=\"has-text-align-center\">Talles 10,12, 14 : <strong>11,75\u20ac<\/strong><\/p>\n<\/div>\n<\/div>\n\n\n\n<div class=\"wp-block-columns is-layout-flex wp-container-core-columns-is-layout-2 wp-block-columns-is-layout-flex\" style=\"margin-top:0;margin-bottom:0;padding-right:var(--wp--preset--spacing--20);padding-left:var(--wp--preset--spacing--20)\">\n<div class=\"wp-block-column has-border-color has-vivid-cyan-blue-border-color is-layout-flow wp-block-column-is-layout-flow\">\n<p class=\"has-text-align-center\"><strong>SAMARRETA M.LLARGA<\/strong><\/p>\n\n\n\n<figure class=\"wp-block-image aligncenter size-full is-resized\"><a href=\"https:\/\/agora.xtec.cat\/escolaantoniroig\/wp-content\/uploads\/usu563\/2025\/02\/samarreta-m-llarga-AR.png\"><img loading=\"lazy\" decoding=\"async\" width=\"922\" height=\"466\" src=\"https:\/\/agora.xtec.cat\/escolaantoniroig\/wp-content\/uploads\/usu563\/2025\/02\/samarreta-m-llarga-AR.png\" alt=\"\" class=\"wp-image-10460\" style=\"width:196px;height:auto\" srcset=\"https:\/\/agora.xtec.cat\/escolaantoniroig\/wp-content\/uploads\/usu563\/2025\/02\/samarreta-m-llarga-AR.png 922w, https:\/\/agora.xtec.cat\/escolaantoniroig\/wp-content\/uploads\/usu563\/2025\/02\/samarreta-m-llarga-AR-300x152.png 300w, https:\/\/agora.xtec.cat\/escolaantoniroig\/wp-content\/uploads\/usu563\/2025\/02\/samarreta-m-llarga-AR-768x388.png 768w\" sizes=\"auto, (max-width: 922px) 100vw, 922px\" \/><\/a><\/figure>\n\n\n\n<p class=\"has-text-align-center\">Talles 4, 6 i 8: <strong> 12,50\u20ac<\/strong><\/p>\n\n\n\n<p class=\"has-text-align-center\" style=\"margin-top:0;margin-bottom:0\">Talles 10,12, 14: <strong> 13\u20ac<\/strong><\/p>\n<\/div>\n\n\n\n<div class=\"wp-block-column has-border-color has-vivid-cyan-blue-border-color is-layout-flow wp-block-column-is-layout-flow\">\n<p class=\"has-text-align-center\"><strong>SAMARRETA M.CURTA<\/strong><\/p>\n\n\n\n<figure class=\"wp-block-image aligncenter size-full is-resized\"><a href=\"https:\/\/agora.xtec.cat\/escolaantoniroig\/wp-content\/uploads\/usu563\/2025\/02\/samarreta-m-curta-AR.png\"><img loading=\"lazy\" decoding=\"async\" width=\"852\" height=\"486\" src=\"https:\/\/agora.xtec.cat\/escolaantoniroig\/wp-content\/uploads\/usu563\/2025\/02\/samarreta-m-curta-AR.png\" alt=\"\" class=\"wp-image-10432\" style=\"width:174px;height:auto\" srcset=\"https:\/\/agora.xtec.cat\/escolaantoniroig\/wp-content\/uploads\/usu563\/2025\/02\/samarreta-m-curta-AR.png 852w, https:\/\/agora.xtec.cat\/escolaantoniroig\/wp-content\/uploads\/usu563\/2025\/02\/samarreta-m-curta-AR-300x171.png 300w, https:\/\/agora.xtec.cat\/escolaantoniroig\/wp-content\/uploads\/usu563\/2025\/02\/samarreta-m-curta-AR-768x438.png 768w\" sizes=\"auto, (max-width: 852px) 100vw, 852px\" \/><\/a><\/figure>\n\n\n\n<p class=\"has-text-align-center\">Talles 4, 6 i 8: <strong> 12\u20ac<\/strong><\/p>\n\n\n\n<p class=\"has-text-align-center\">Talles 10,12, 14 : <strong> 12,75\u20ac<\/strong><\/p>\n<\/div>\n\n\n\n<div class=\"wp-block-column has-border-color has-vivid-cyan-blue-border-color is-layout-flow wp-block-column-is-layout-flow\">\n<p class=\"has-text-align-center\"><strong>GORRA <\/strong><\/p>\n\n\n\n<figure class=\"wp-block-image aligncenter size-large is-resized\"><a href=\"https:\/\/agora.xtec.cat\/escolaantoniroig\/wp-content\/uploads\/usu563\/2025\/11\/WhatsApp-Image-2025-11-04-at-10.09.40.jpeg\"><img loading=\"lazy\" decoding=\"async\" width=\"846\" height=\"1024\" src=\"https:\/\/agora.xtec.cat\/escolaantoniroig\/wp-content\/uploads\/usu563\/2025\/11\/WhatsApp-Image-2025-11-04-at-10.09.40-846x1024.jpeg\" alt=\"\" class=\"wp-image-11243\" style=\"width:117px;height:auto\" srcset=\"https:\/\/agora.xtec.cat\/escolaantoniroig\/wp-content\/uploads\/usu563\/2025\/11\/WhatsApp-Image-2025-11-04-at-10.09.40-846x1024.jpeg 846w, https:\/\/agora.xtec.cat\/escolaantoniroig\/wp-content\/uploads\/usu563\/2025\/11\/WhatsApp-Image-2025-11-04-at-10.09.40-248x300.jpeg 248w, https:\/\/agora.xtec.cat\/escolaantoniroig\/wp-content\/uploads\/usu563\/2025\/11\/WhatsApp-Image-2025-11-04-at-10.09.40-768x929.jpeg 768w, https:\/\/agora.xtec.cat\/escolaantoniroig\/wp-content\/uploads\/usu563\/2025\/11\/WhatsApp-Image-2025-11-04-at-10.09.40.jpeg 1080w\" sizes=\"auto, (max-width: 846px) 100vw, 846px\" \/><\/a><\/figure>\n\n\n\n<p class=\"has-text-align-center\"><strong>5\u20ac<\/strong><\/p>\n<\/div>\n<\/div>\n\n\n\n<div class=\"wp-block-columns is-layout-flex wp-container-core-columns-is-layout-3 wp-block-columns-is-layout-flex\" style=\"padding-right:0;padding-left:0\">\n<div class=\"wp-block-column has-border-color has-vivid-cyan-blue-border-color is-layout-flow wp-block-column-is-layout-flow\">\n<p class=\"has-text-align-center\"><strong>MOTXILLA<\/strong><\/p>\n\n\n\n<figure class=\"wp-block-image aligncenter size-large is-resized\"><a href=\"https:\/\/agora.xtec.cat\/escolaantoniroig\/wp-content\/uploads\/usu563\/2025\/02\/motxilla-AR.jpg\"><img loading=\"lazy\" decoding=\"async\" width=\"768\" height=\"1024\" src=\"https:\/\/agora.xtec.cat\/escolaantoniroig\/wp-content\/uploads\/usu563\/2025\/02\/motxilla-AR-768x1024.jpg\" alt=\"\" class=\"wp-image-10454\" style=\"width:75px;height:auto\" srcset=\"https:\/\/agora.xtec.cat\/escolaantoniroig\/wp-content\/uploads\/usu563\/2025\/02\/motxilla-AR-768x1024.jpg 768w, https:\/\/agora.xtec.cat\/escolaantoniroig\/wp-content\/uploads\/usu563\/2025\/02\/motxilla-AR-225x300.jpg 225w, https:\/\/agora.xtec.cat\/escolaantoniroig\/wp-content\/uploads\/usu563\/2025\/02\/motxilla-AR-1152x1536.jpg 1152w, https:\/\/agora.xtec.cat\/escolaantoniroig\/wp-content\/uploads\/usu563\/2025\/02\/motxilla-AR-1536x2048.jpg 1536w, https:\/\/agora.xtec.cat\/escolaantoniroig\/wp-content\/uploads\/usu563\/2025\/02\/motxilla-AR.jpg 1800w\" sizes=\"auto, (max-width: 768px) 100vw, 768px\" \/><\/a><\/figure>\n\n\n\n<p class=\"has-text-align-center\"><strong>8\u20ac<\/strong><\/p>\n<\/div>\n\n\n\n<div class=\"wp-block-column has-border-color has-vivid-cyan-blue-border-color is-layout-flow wp-block-column-is-layout-flow\">\n<p class=\"has-text-align-center\"><strong>NECESSER<\/strong><\/p>\n\n\n\n<figure class=\"wp-block-image aligncenter size-large is-resized\"><a href=\"https:\/\/agora.xtec.cat\/escolaantoniroig\/wp-content\/uploads\/usu563\/2025\/02\/necessers-AR-rotated.jpg\"><img loading=\"lazy\" decoding=\"async\" width=\"1024\" height=\"768\" src=\"https:\/\/agora.xtec.cat\/escolaantoniroig\/wp-content\/uploads\/usu563\/2025\/02\/necessers-AR-1024x768.jpg\" alt=\"\" class=\"wp-image-10440\" style=\"width:132px;height:auto\" srcset=\"https:\/\/agora.xtec.cat\/escolaantoniroig\/wp-content\/uploads\/usu563\/2025\/02\/necessers-AR-1024x768.jpg 1024w, https:\/\/agora.xtec.cat\/escolaantoniroig\/wp-content\/uploads\/usu563\/2025\/02\/necessers-AR-300x225.jpg 300w, https:\/\/agora.xtec.cat\/escolaantoniroig\/wp-content\/uploads\/usu563\/2025\/02\/necessers-AR-768x576.jpg 768w, https:\/\/agora.xtec.cat\/escolaantoniroig\/wp-content\/uploads\/usu563\/2025\/02\/necessers-AR-1536x1152.jpg 1536w, https:\/\/agora.xtec.cat\/escolaantoniroig\/wp-content\/uploads\/usu563\/2025\/02\/necessers-AR-2048x1536.jpg 2048w\" sizes=\"auto, (max-width: 1024px) 100vw, 1024px\" \/><\/a><\/figure>\n\n\n\n<p class=\"has-text-align-center\"><strong>3\u20ac<\/strong><\/p>\n<\/div>\n\n\n\n<div class=\"wp-block-column has-border-color has-vivid-cyan-blue-border-color is-layout-flow wp-block-column-is-layout-flow\">\n<p class=\"has-text-align-center\">MOTXILLA PETITA<\/p>\n\n\n\n<figure class=\"wp-block-image aligncenter size-large is-resized\"><a href=\"https:\/\/agora.xtec.cat\/escolaantoniroig\/wp-content\/uploads\/usu563\/2025\/11\/WhatsApp-Image-2025-11-04-at-10.14.33.jpeg\"><img loading=\"lazy\" decoding=\"async\" width=\"807\" height=\"1024\" src=\"https:\/\/agora.xtec.cat\/escolaantoniroig\/wp-content\/uploads\/usu563\/2025\/11\/WhatsApp-Image-2025-11-04-at-10.14.33-807x1024.jpeg\" alt=\"\" class=\"wp-image-11246\" style=\"width:132px;height:auto\" srcset=\"https:\/\/agora.xtec.cat\/escolaantoniroig\/wp-content\/uploads\/usu563\/2025\/11\/WhatsApp-Image-2025-11-04-at-10.14.33-807x1024.jpeg 807w, https:\/\/agora.xtec.cat\/escolaantoniroig\/wp-content\/uploads\/usu563\/2025\/11\/WhatsApp-Image-2025-11-04-at-10.14.33-236x300.jpeg 236w, https:\/\/agora.xtec.cat\/escolaantoniroig\/wp-content\/uploads\/usu563\/2025\/11\/WhatsApp-Image-2025-11-04-at-10.14.33-768x975.jpeg 768w, https:\/\/agora.xtec.cat\/escolaantoniroig\/wp-content\/uploads\/usu563\/2025\/11\/WhatsApp-Image-2025-11-04-at-10.14.33.jpeg 1080w\" sizes=\"auto, (max-width: 807px) 100vw, 807px\" \/><\/a><\/figure>\n\n\n\n<p class=\"has-text-align-center\"><strong>8\u20ac<\/strong><\/p>\n<\/div>\n<\/div>\n\n\n\n<div class=\"wp-block-columns is-layout-flex wp-container-core-columns-is-layout-4 wp-block-columns-is-layout-flex\" style=\"padding-top:0;padding-bottom:0\">\n<div class=\"wp-block-column is-layout-flow wp-block-column-is-layout-flow\">\n<p class=\"has-background\" style=\"background-color:#8de8ff\">Tenim en liquidaci\u00f3 a preu superoferta&nbsp;el xandall complet (jersei&nbsp;de botons&nbsp;+ pantal\u00f3 llarg) de les talles 14 i 16 anys a 18 euros! (Fins a exhaurir exist\u00e8ncies).<\/p>\n\n\n\n<figure class=\"wp-block-image aligncenter size-large is-resized\"><a href=\"https:\/\/agora.xtec.cat\/escolaantoniroig\/wp-content\/uploads\/usu563\/2025\/02\/xandall-AR-scaled.jpg\"><img loading=\"lazy\" decoding=\"async\" width=\"768\" height=\"1024\" src=\"https:\/\/agora.xtec.cat\/escolaantoniroig\/wp-content\/uploads\/usu563\/2025\/02\/xandall-AR-768x1024.jpg\" alt=\"\" class=\"wp-image-10446\" style=\"width:195px;height:auto\" srcset=\"https:\/\/agora.xtec.cat\/escolaantoniroig\/wp-content\/uploads\/usu563\/2025\/02\/xandall-AR-768x1024.jpg 768w, https:\/\/agora.xtec.cat\/escolaantoniroig\/wp-content\/uploads\/usu563\/2025\/02\/xandall-AR-225x300.jpg 225w, https:\/\/agora.xtec.cat\/escolaantoniroig\/wp-content\/uploads\/usu563\/2025\/02\/xandall-AR-1152x1536.jpg 1152w, https:\/\/agora.xtec.cat\/escolaantoniroig\/wp-content\/uploads\/usu563\/2025\/02\/xandall-AR-1536x2048.jpg 1536w, https:\/\/agora.xtec.cat\/escolaantoniroig\/wp-content\/uploads\/usu563\/2025\/02\/xandall-AR-scaled.jpg 1920w\" sizes=\"auto, (max-width: 768px) 100vw, 768px\" \/><\/a><\/figure>\n<\/div>\n<\/div>\n","protected":false},"excerpt":{"rendered":"<p>La podeu adquirir al despatx de l&#8217;AFA. Solem tenir disponibilitat de totes les talles i articles. DESSUADORA AMB CREMALLERA Talles [&hellip;]<\/p>\n","protected":false},"author":1,"featured_media":0,"parent":7765,"menu_order":4,"comment_status":"closed","ping_status":"closed","template":"","meta":{"_bbp_topic_count":0,"_bbp_reply_count":0,"_bbp_total_topic_count":0,"_bbp_total_reply_count":0,"_bbp_voice_count":0,"_bbp_anonymous_reply_count":0,"_bbp_topic_count_hidden":0,"_bbp_reply_count_hidden":0,"_bbp_forum_subforum_count":0,"site-sidebar-layout":"default","site-content-layout":"","ast-site-content-layout":"default","site-content-style":"default","site-sidebar-style":"default","ast-global-header-display":"","ast-banner-title-visibility":"","ast-main-header-display":"","ast-hfb-above-header-display":"","ast-hfb-below-header-display":"","ast-hfb-mobile-header-display":"","site-post-title":"","ast-breadcrumbs-content":"","ast-featured-img":"","footer-sml-layout":"","theme-transparent-header-meta":"","adv-header-id-meta":"","stick-header-meta":"","header-above-stick-meta":"","header-main-stick-meta":"","header-below-stick-meta":"","astra-migrate-meta-layouts":"set","ast-page-background-enabled":"default","ast-page-background-meta":{"desktop":{"background-color":"var(--ast-global-color-4)","background-image":"","background-repeat":"repeat","background-position":"center center","background-size":"auto","background-attachment":"scroll","background-type":"","background-media":"","overlay-type":"","overlay-color":"","overlay-opacity":"","overlay-gradient":""},"tablet":{"background-color":"","background-image":"","background-repeat":"repeat","background-position":"center center","background-size":"auto","background-attachment":"scroll","background-type":"","background-media":"","overlay-type":"","overlay-color":"","overlay-opacity":"","overlay-gradient":""},"mobile":{"background-color":"","background-image":"","background-repeat":"repeat","background-position":"center center","background-size":"auto","background-attachment":"scroll","background-type":"","background-media":"","overlay-type":"","overlay-color":"","overlay-opacity":"","overlay-gradient":""}},"ast-content-background-meta":{"desktop":{"background-color":"var(--ast-global-color-5)","background-image":"","background-repeat":"repeat","background-position":"center center","background-size":"auto","background-attachment":"scroll","background-type":"","background-media":"","overlay-type":"","overlay-color":"","overlay-opacity":"","overlay-gradient":""},"tablet":{"background-color":"var(--ast-global-color-5)","background-image":"","background-repeat":"repeat","background-position":"center center","background-size":"auto","background-attachment":"scroll","background-type":"","background-media":"","overlay-type":"","overlay-color":"","overlay-opacity":"","overlay-gradient":""},"mobile":{"background-color":"var(--ast-global-color-5)","background-image":"","background-repeat":"repeat","background-position":"center center","background-size":"auto","background-attachment":"scroll","background-type":"","background-media":"","overlay-type":"","overlay-color":"","overlay-opacity":"","overlay-gradient":""}},"footnotes":""},"class_list":["post-896","page","type-page","status-publish","hentry"],"post_mailing_queue_ids":[],"_links":{"self":[{"href":"https:\/\/agora.xtec.cat\/escolaantoniroig\/wp-json\/wp\/v2\/pages\/896","targetHints":{"allow":["GET"]}}],"collection":[{"href":"https:\/\/agora.xtec.cat\/escolaantoniroig\/wp-json\/wp\/v2\/pages"}],"about":[{"href":"https:\/\/agora.xtec.cat\/escolaantoniroig\/wp-json\/wp\/v2\/types\/page"}],"author":[{"embeddable":true,"href":"https:\/\/agora.xtec.cat\/escolaantoniroig\/wp-json\/wp\/v2\/users\/1"}],"replies":[{"embeddable":true,"href":"https:\/\/agora.xtec.cat\/escolaantoniroig\/wp-json\/wp\/v2\/comments?post=896"}],"version-history":[{"count":6,"href":"https:\/\/agora.xtec.cat\/escolaantoniroig\/wp-json\/wp\/v2\/pages\/896\/revisions"}],"predecessor-version":[{"id":11252,"href":"https:\/\/agora.xtec.cat\/escolaantoniroig\/wp-json\/wp\/v2\/pages\/896\/revisions\/11252"}],"up":[{"embeddable":true,"href":"https:\/\/agora.xtec.cat\/escolaantoniroig\/wp-json\/wp\/v2\/pages\/7765"}],"wp:attachment":[{"href":"https:\/\/agora.xtec.cat\/escolaantoniroig\/wp-json\/wp\/v2\/media?parent=896"}],"curies":[{"name":"wp","href":"https:\/\/api.w.org\/{rel}","templated":true}]}}