{"id":7765,"date":"2022-05-09T16:23:15","date_gmt":"2022-05-09T14:23:15","guid":{"rendered":"https:\/\/agora.xtec.cat\/escolaantoniroig\/?page_id=7765"},"modified":"2025-02-18T19:22:56","modified_gmt":"2025-02-18T18:22:56","slug":"ampa-2","status":"publish","type":"page","link":"https:\/\/agora.xtec.cat\/escolaantoniroig\/ampa-2\/","title":{"rendered":"AFA"},"content":{"rendered":"\n<p>L\u2019AFA \u00e9s una entitat formada per totes les fam\u00edlies dels alumnes del centre que s\u2019hi associen de forma volunt\u00e0ria. Les funcions de l\u2019AFA al centre s\u00f3n diverses i molt importants:<\/p>\n\n\n\n<p><img loading=\"lazy\" decoding=\"async\" width=\"80\" height=\"80\" class=\"wp-image-10372\" style=\"width: 80px;\" src=\"https:\/\/agora.xtec.cat\/escolaantoniroig\/wp-content\/uploads\/usu563\/2025\/02\/afa1.png\" alt=\"\"> Organitzar les <a href=\"https:\/\/agora.xtec.cat\/escolaantoniroig\/serveis\/activitats-extraescolars\/\">activitats extraescolars<\/a> dirigides a l&#8217;alumnat.<\/p>\n\n\n\n<p><img loading=\"lazy\" decoding=\"async\" width=\"80\" height=\"95\" class=\"wp-image-10379\" style=\"width: 80px;\" src=\"https:\/\/agora.xtec.cat\/escolaantoniroig\/wp-content\/uploads\/usu563\/2025\/02\/afa2.png\" alt=\"\">  Obtenir recursos per a costejar inversions pel centre com ordinadors, material escolar, recursos pel gimn\u00e0s, mobiliari dels patis\u2026<\/p>\n\n\n\n<p><img loading=\"lazy\" decoding=\"async\" width=\"80\" height=\"60\" class=\"wp-image-10378\" style=\"width: 80px;\" src=\"https:\/\/agora.xtec.cat\/escolaantoniroig\/wp-content\/uploads\/usu563\/2025\/02\/afa3.png\" alt=\"\">  En col\u00b7laboraci\u00f3 amb la Direcci\u00f3 del Centre, s&#8217;organitzen les festes de Nadal, Carnaval, la Castanyada, la festa de les Orles dels alumnes de 6\u00e8 i la festa de Fi de Curs de l\u2019escola.<\/p>\n\n\n\n<p><img loading=\"lazy\" decoding=\"async\" width=\"80\" height=\"74\" class=\"wp-image-10377\" style=\"width: 80px;\" src=\"https:\/\/agora.xtec.cat\/escolaantoniroig\/wp-content\/uploads\/usu563\/2025\/02\/afa4.png\" alt=\"\"> Gesti\u00f3 del <a href=\"https:\/\/agora.xtec.cat\/escolaantoniroig\/serveis\/serveis-dacollida-i-menjador\/\">menjador escolar i l\u2019acollida<\/a> dels alumnes. Aquests serveis estan a disposici\u00f3 de les fam\u00edlies que ho utilitzen cada dia i de les que ho necessiten en dies puntuals.<\/p>\n\n\n\n<p><img loading=\"lazy\" decoding=\"async\" width=\"80\" height=\"77\" class=\"wp-image-10376\" style=\"width: 80px;\" src=\"https:\/\/agora.xtec.cat\/escolaantoniroig\/wp-content\/uploads\/usu563\/2025\/02\/afa5.png\" alt=\"\">  Col\u00b7laboraci\u00f3 amb les fam\u00edlies subvencionant part de les excursions i col\u00f2nies del tercer trimestre de tots els cursos.<\/p>\n\n\n\n<p><img loading=\"lazy\" decoding=\"async\" width=\"80\" height=\"81\" class=\"wp-image-10375\" style=\"width: 80px;\" src=\"https:\/\/agora.xtec.cat\/escolaantoniroig\/wp-content\/uploads\/usu563\/2025\/02\/afa6.png\" alt=\"\"> <a href=\"https:\/\/agora.xtec.cat\/escolaantoniroig\/ampa-2\/compra-i-socialitzacio-de-llibres\/\">Venda i socialitzaci\u00f3 dels llibres de text<\/a>.<\/p>\n\n\n\n<p><img loading=\"lazy\" decoding=\"async\" width=\"80\" height=\"92\" class=\"wp-image-10374\" style=\"width: 80px;\" src=\"https:\/\/agora.xtec.cat\/escolaantoniroig\/wp-content\/uploads\/usu563\/2025\/02\/afa7.png\" alt=\"\">  Obsequi d&#8217;una agenda escolar per a tots els alumnes de 1r a 6\u00e8 de Prim\u00e0ria.<\/p>\n\n\n\n<p><img loading=\"lazy\" decoding=\"async\" width=\"80\" height=\"90\" class=\"wp-image-10373\" style=\"width: 80px;\" src=\"https:\/\/agora.xtec.cat\/escolaantoniroig\/wp-content\/uploads\/usu563\/2025\/02\/afa8.png\" alt=\"\"> Gesti\u00f3 de la <a href=\"https:\/\/agora.xtec.cat\/escolaantoniroig\/ampa-2\/xandalls\/\">roba esportiva.<\/a><\/p>\n\n\n\n<div class=\"wp-block-columns is-layout-flex wp-container-core-columns-is-layout-1 wp-block-columns-is-layout-flex\">\n<div class=\"wp-block-column is-layout-flow wp-block-column-is-layout-flow\">\n<p class=\"has-background\" style=\"background-color:#feebc0\">Us animem que us feu socis de l\u2019AFA per una quota anual de 25 euros per fam\u00edlia i pugueu gaudir de tots els avantatges!<\/p>\n<\/div>\n<\/div>\n","protected":false},"excerpt":{"rendered":"<p>L\u2019AFA \u00e9s una entitat formada per totes les fam\u00edlies dels alumnes del centre que s\u2019hi associen de forma volunt\u00e0ria. Les [&hellip;]<\/p>\n","protected":false},"author":1,"featured_media":0,"parent":0,"menu_order":0,"comment_status":"closed","ping_status":"closed","template":"","meta":{"_bbp_topic_count":0,"_bbp_reply_count":0,"_bbp_total_topic_count":0,"_bbp_total_reply_count":0,"_bbp_voice_count":0,"_bbp_anonymous_reply_count":0,"_bbp_topic_count_hidden":0,"_bbp_reply_count_hidden":0,"_bbp_forum_subforum_count":0,"site-sidebar-layout":"default","site-content-layout":"","ast-site-content-layout":"default","site-content-style":"default","site-sidebar-style":"default","ast-global-header-display":"","ast-banner-title-visibility":"","ast-main-header-display":"","ast-hfb-above-header-display":"","ast-hfb-below-header-display":"","ast-hfb-mobile-header-display":"","site-post-title":"","ast-breadcrumbs-content":"","ast-featured-img":"","footer-sml-layout":"","theme-transparent-header-meta":"","adv-header-id-meta":"","stick-header-meta":"","header-above-stick-meta":"","header-main-stick-meta":"","header-below-stick-meta":"","astra-migrate-meta-layouts":"set","ast-page-background-enabled":"default","ast-page-background-meta":{"desktop":{"background-color":"var(--ast-global-color-4)","background-image":"","background-repeat":"repeat","background-position":"center center","background-size":"auto","background-attachment":"scroll","background-type":"","background-media":"","overlay-type":"","overlay-color":"","overlay-opacity":"","overlay-gradient":""},"tablet":{"background-color":"","background-image":"","background-repeat":"repeat","background-position":"center center","background-size":"auto","background-attachment":"scroll","background-type":"","background-media":"","overlay-type":"","overlay-color":"","overlay-opacity":"","overlay-gradient":""},"mobile":{"background-color":"","background-image":"","background-repeat":"repeat","background-position":"center center","background-size":"auto","background-attachment":"scroll","background-type":"","background-media":"","overlay-type":"","overlay-color":"","overlay-opacity":"","overlay-gradient":""}},"ast-content-background-meta":{"desktop":{"background-color":"var(--ast-global-color-5)","background-image":"","background-repeat":"repeat","background-position":"center center","background-size":"auto","background-attachment":"scroll","background-type":"","background-media":"","overlay-type":"","overlay-color":"","overlay-opacity":"","overlay-gradient":""},"tablet":{"background-color":"var(--ast-global-color-5)","background-image":"","background-repeat":"repeat","background-position":"center center","background-size":"auto","background-attachment":"scroll","background-type":"","background-media":"","overlay-type":"","overlay-color":"","overlay-opacity":"","overlay-gradient":""},"mobile":{"background-color":"var(--ast-global-color-5)","background-image":"","background-repeat":"repeat","background-position":"center center","background-size":"auto","background-attachment":"scroll","background-type":"","background-media":"","overlay-type":"","overlay-color":"","overlay-opacity":"","overlay-gradient":""}},"footnotes":""},"class_list":["post-7765","page","type-page","status-publish","hentry"],"post_mailing_queue_ids":[],"_links":{"self":[{"href":"https:\/\/agora.xtec.cat\/escolaantoniroig\/wp-json\/wp\/v2\/pages\/7765","targetHints":{"allow":["GET"]}}],"collection":[{"href":"https:\/\/agora.xtec.cat\/escolaantoniroig\/wp-json\/wp\/v2\/pages"}],"about":[{"href":"https:\/\/agora.xtec.cat\/escolaantoniroig\/wp-json\/wp\/v2\/types\/page"}],"author":[{"embeddable":true,"href":"https:\/\/agora.xtec.cat\/escolaantoniroig\/wp-json\/wp\/v2\/users\/1"}],"replies":[{"embeddable":true,"href":"https:\/\/agora.xtec.cat\/escolaantoniroig\/wp-json\/wp\/v2\/comments?post=7765"}],"version-history":[{"count":6,"href":"https:\/\/agora.xtec.cat\/escolaantoniroig\/wp-json\/wp\/v2\/pages\/7765\/revisions"}],"predecessor-version":[{"id":10456,"href":"https:\/\/agora.xtec.cat\/escolaantoniroig\/wp-json\/wp\/v2\/pages\/7765\/revisions\/10456"}],"wp:attachment":[{"href":"https:\/\/agora.xtec.cat\/escolaantoniroig\/wp-json\/wp\/v2\/media?parent=7765"}],"curies":[{"name":"wp","href":"https:\/\/api.w.org\/{rel}","templated":true}]}}