{"id":4212,"date":"2019-03-24T19:39:43","date_gmt":"2019-03-24T18:39:43","guid":{"rendered":"http:\/\/agora.xtec.cat\/escolaantoniroig\/?page_id=4212"},"modified":"2023-05-08T10:23:49","modified_gmt":"2023-05-08T08:23:49","slug":"dinantia-2","status":"publish","type":"page","link":"https:\/\/agora.xtec.cat\/escolaantoniroig\/serveis\/serveis-digitals\/dinantia-2\/","title":{"rendered":"Dinantia"},"content":{"rendered":"<p><strong>L&#8217;escola envia totes les notificacions per Dinantia<\/strong> o a trav\u00e9s de l\u2019agenda de l\u2019alumne\/a.<strong><br \/>\n<\/strong><\/p>\n<p><a href=\"http:\/\/agora.xtec.cat\/escolaantoniroig\/wp-content\/uploads\/usu563\/2018\/09\/DINANTIA.jpg\"><img loading=\"lazy\" decoding=\"async\" class=\"aligncenter wp-image-4207\" src=\"http:\/\/agora.xtec.cat\/escolaantoniroig\/wp-content\/uploads\/usu563\/2018\/09\/DINANTIA.jpg\" alt=\"\" width=\"332\" height=\"205\" srcset=\"https:\/\/agora.xtec.cat\/escolaantoniroig\/wp-content\/uploads\/usu563\/2018\/09\/DINANTIA.jpg 542w, https:\/\/agora.xtec.cat\/escolaantoniroig\/wp-content\/uploads\/usu563\/2018\/09\/DINANTIA-300x185.jpg 300w\" sizes=\"auto, (max-width: 332px) 100vw, 332px\" \/><\/a><\/p>\n<p style=\"text-align: justify;\">L\u2019aplicaci\u00f3 m\u00f2bil Dinantia \u00e9s una eina senzilla i r\u00e0pida per a la <strong>comunicaci\u00f3 entre el centre i les fam\u00edlies<\/strong>. Amb aquesta plataforma les fam\u00edlies poden comunicar-se amb el centre i estar informats a trav\u00e9s del tel\u00e8fon m\u00f2bil.<\/p>\n<p style=\"text-align: justify;\">Amb aquest servei el centre podr\u00e0 enviar missatges a les fam\u00edlies per tal de concertar reunions, fer enquestes d\u2019opini\u00f3 an\u00f2nimes, autoritzar sortides escolars, realitzar pagaments, etc. <strong>Les autoritzacions signades des de Dinantia tenen validesa legal. <\/strong><\/p>\n<p style=\"text-align: justify;\">La seva desc\u00e0rrega \u00e9s gratu\u00efta. Pot instal\u00b7lar-se amb un \u00fanic compte en diversos dispositius.<\/p>\n<p style=\"text-align: justify;\">\u00a0<a href=\"https:\/\/play.google.com\/store\/apps\/details?id=com.dinantia.dinantia\"><img loading=\"lazy\" decoding=\"async\" class=\" wp-image-4215 alignleft\" style=\"color: #222222;\" src=\"http:\/\/agora.xtec.cat\/escolaantoniroig\/wp-content\/uploads\/usu563\/2018\/09\/google-play.jpg\" alt=\"\" width=\"206\" height=\"71\" srcset=\"https:\/\/agora.xtec.cat\/escolaantoniroig\/wp-content\/uploads\/usu563\/2018\/09\/google-play.jpg 305w, https:\/\/agora.xtec.cat\/escolaantoniroig\/wp-content\/uploads\/usu563\/2018\/09\/google-play-300x105.jpg 300w\" sizes=\"auto, (max-width: 206px) 100vw, 206px\" \/><\/a><a href=\"https:\/\/itunes.apple.com\/es\/app\/dinantia\/id1057051981\"><img loading=\"lazy\" decoding=\"async\" class=\"wp-image-4214 alignleft\" src=\"http:\/\/agora.xtec.cat\/escolaantoniroig\/wp-content\/uploads\/usu563\/2018\/09\/app-store.jpg\" alt=\"\" width=\"209\" height=\"73\" srcset=\"https:\/\/agora.xtec.cat\/escolaantoniroig\/wp-content\/uploads\/usu563\/2018\/09\/app-store.jpg 344w, https:\/\/agora.xtec.cat\/escolaantoniroig\/wp-content\/uploads\/usu563\/2018\/09\/app-store-300x105.jpg 300w\" sizes=\"auto, (max-width: 209px) 100vw, 209px\" \/> <\/a><\/p>\n<p>&nbsp;<\/p>\n<p style=\"text-align: justify;\">Tamb\u00e9 \u00e9s possible accedir-hi des de la versi\u00f3 web:<strong>\u00a0<a href=\"https:\/\/app.dinantia.com\/\">https:\/\/app.dinantia.com\/<\/a><\/strong><\/p>\n<p style=\"text-align: justify;\">Donar-se d\u2019alta \u00e9s molt senzill, nom\u00e9s heu de seguir les instruccions que figuren al seg\u00fcent enlla\u00e7:<\/p>\n<p style=\"text-align: justify;\">\u00a0\u00a0\u00a0\u00a0\u00a0\u00a0\u00a0\u00a0\u00a0\u00a0\u00a0\u00a0\u00a0\u00a0\u00a0\u00a0\u00a0\u00a0\u00a0\u00a0\u00a0\u00a0<em><a href=\"http:\/\/agora.xtec.cat\/escolaantoniroig\/wp-content\/uploads\/usu563\/2018\/09\/Dinantia_instalacio.pdf\"><strong>Instruccions d&#8217; instal\u00b7laci\u00f3 i conguraci\u00f3 de dinantia<\/strong>\u00a0<img loading=\"lazy\" decoding=\"async\" class=\"wp-image-4102 alignnone\" src=\"http:\/\/agora.xtec.cat\/escolaantoniroig\/wp-content\/uploads\/usu563\/2016\/03\/document-e1537809907610.png\" alt=\"\" width=\"41\" height=\"41\" \/><\/a><\/em><\/p>\n<p style=\"text-align: justify;\">\u00c9s molt important que, tal i com es detalla al document anterior, <strong>creeu un PIN que us servir\u00e0 per signar determinats documents<\/strong> com, per exemple, les autoritzacions de les sortides.<\/p>\n<ul>\n<li><strong><em><a href=\"https:\/\/www.youtube.com\/watch?v=iw1XeSMOBSo&amp;t=3s\">Com canviar el PIN? <img loading=\"lazy\" decoding=\"async\" class=\"wp-image-8609 alignnone\" src=\"https:\/\/agora.xtec.cat\/escolaantoniroig\/wp-content\/uploads\/usu563\/2023\/05\/Screenshot_3.jpg\" alt=\"\" width=\"38\" height=\"38\" srcset=\"https:\/\/agora.xtec.cat\/escolaantoniroig\/wp-content\/uploads\/usu563\/2023\/05\/Screenshot_3.jpg 281w, https:\/\/agora.xtec.cat\/escolaantoniroig\/wp-content\/uploads\/usu563\/2023\/05\/Screenshot_3-150x150.jpg 150w\" sizes=\"auto, (max-width: 38px) 100vw, 38px\" \/><\/a><\/em><\/strong><\/li>\n<li><strong><em><a href=\"https:\/\/www.youtube.com\/watch?v=-_UcGHmfnHc\">Com fer un pagament? <img loading=\"lazy\" decoding=\"async\" class=\"wp-image-8609 alignnone\" src=\"https:\/\/agora.xtec.cat\/escolaantoniroig\/wp-content\/uploads\/usu563\/2023\/05\/Screenshot_3.jpg\" alt=\"\" width=\"38\" height=\"38\" srcset=\"https:\/\/agora.xtec.cat\/escolaantoniroig\/wp-content\/uploads\/usu563\/2023\/05\/Screenshot_3.jpg 281w, https:\/\/agora.xtec.cat\/escolaantoniroig\/wp-content\/uploads\/usu563\/2023\/05\/Screenshot_3-150x150.jpg 150w\" sizes=\"auto, (max-width: 38px) 100vw, 38px\" \/><\/a><\/em><\/strong><\/li>\n<li><strong><em><a href=\"https:\/\/www.youtube.com\/watch?v=Slem2NnBIFM\">Com enviar un missatge? <img loading=\"lazy\" decoding=\"async\" class=\"wp-image-8609 alignnone\" src=\"https:\/\/agora.xtec.cat\/escolaantoniroig\/wp-content\/uploads\/usu563\/2023\/05\/Screenshot_3.jpg\" alt=\"\" width=\"38\" height=\"38\" srcset=\"https:\/\/agora.xtec.cat\/escolaantoniroig\/wp-content\/uploads\/usu563\/2023\/05\/Screenshot_3.jpg 281w, https:\/\/agora.xtec.cat\/escolaantoniroig\/wp-content\/uploads\/usu563\/2023\/05\/Screenshot_3-150x150.jpg 150w\" sizes=\"auto, (max-width: 38px) 100vw, 38px\" \/><\/a><\/em><\/strong><\/li>\n<\/ul>\n<p>&nbsp;<\/p>\n<p style=\"text-align: justify;\">Quan el centre env\u00efi un missatge, el rebreu en forma de <em>notificaci\u00f3 push<\/em> en el tel\u00e8fon m\u00f2bil o tauleta on tingueu instal\u00b7lada\u00a0 l\u2019aplicaci\u00f3.<\/p>\n<p style=\"text-align: justify;\"><strong><u>Si per qualsevol motiu no us instal\u00b7leu l\u2019aplicaci\u00f3, rebreu els missatges de l\u2019escola directament per email. <\/u><\/strong><\/p>\n","protected":false},"excerpt":{"rendered":"<p>L&#8217;escola envia totes les notificacions per Dinantia o a trav\u00e9s de l\u2019agenda de l\u2019alumne\/a. L\u2019aplicaci\u00f3 m\u00f2bil Dinantia \u00e9s una eina [&hellip;]<\/p>\n","protected":false},"author":1,"featured_media":0,"parent":4173,"menu_order":20,"comment_status":"closed","ping_status":"closed","template":"","meta":{"_bbp_topic_count":0,"_bbp_reply_count":0,"_bbp_total_topic_count":0,"_bbp_total_reply_count":0,"_bbp_voice_count":0,"_bbp_anonymous_reply_count":0,"_bbp_topic_count_hidden":0,"_bbp_reply_count_hidden":0,"_bbp_forum_subforum_count":0,"site-sidebar-layout":"default","site-content-layout":"","ast-site-content-layout":"","site-content-style":"default","site-sidebar-style":"default","ast-global-header-display":"","ast-banner-title-visibility":"","ast-main-header-display":"","ast-hfb-above-header-display":"","ast-hfb-below-header-display":"","ast-hfb-mobile-header-display":"","site-post-title":"","ast-breadcrumbs-content":"","ast-featured-img":"","footer-sml-layout":"","theme-transparent-header-meta":"","adv-header-id-meta":"","stick-header-meta":"","header-above-stick-meta":"","header-main-stick-meta":"","header-below-stick-meta":"","astra-migrate-meta-layouts":"default","ast-page-background-enabled":"default","ast-page-background-meta":{"desktop":{"background-color":"var(--ast-global-color-4)","background-image":"","background-repeat":"repeat","background-position":"center center","background-size":"auto","background-attachment":"scroll","background-type":"","background-media":"","overlay-type":"","overlay-color":"","overlay-opacity":"","overlay-gradient":""},"tablet":{"background-color":"","background-image":"","background-repeat":"repeat","background-position":"center center","background-size":"auto","background-attachment":"scroll","background-type":"","background-media":"","overlay-type":"","overlay-color":"","overlay-opacity":"","overlay-gradient":""},"mobile":{"background-color":"","background-image":"","background-repeat":"repeat","background-position":"center center","background-size":"auto","background-attachment":"scroll","background-type":"","background-media":"","overlay-type":"","overlay-color":"","overlay-opacity":"","overlay-gradient":""}},"ast-content-background-meta":{"desktop":{"background-color":"var(--ast-global-color-5)","background-image":"","background-repeat":"repeat","background-position":"center center","background-size":"auto","background-attachment":"scroll","background-type":"","background-media":"","overlay-type":"","overlay-color":"","overlay-opacity":"","overlay-gradient":""},"tablet":{"background-color":"var(--ast-global-color-5)","background-image":"","background-repeat":"repeat","background-position":"center center","background-size":"auto","background-attachment":"scroll","background-type":"","background-media":"","overlay-type":"","overlay-color":"","overlay-opacity":"","overlay-gradient":""},"mobile":{"background-color":"var(--ast-global-color-5)","background-image":"","background-repeat":"repeat","background-position":"center center","background-size":"auto","background-attachment":"scroll","background-type":"","background-media":"","overlay-type":"","overlay-color":"","overlay-opacity":"","overlay-gradient":""}},"footnotes":""},"class_list":["post-4212","page","type-page","status-publish","hentry"],"post_mailing_queue_ids":[],"_links":{"self":[{"href":"https:\/\/agora.xtec.cat\/escolaantoniroig\/wp-json\/wp\/v2\/pages\/4212","targetHints":{"allow":["GET"]}}],"collection":[{"href":"https:\/\/agora.xtec.cat\/escolaantoniroig\/wp-json\/wp\/v2\/pages"}],"about":[{"href":"https:\/\/agora.xtec.cat\/escolaantoniroig\/wp-json\/wp\/v2\/types\/page"}],"author":[{"embeddable":true,"href":"https:\/\/agora.xtec.cat\/escolaantoniroig\/wp-json\/wp\/v2\/users\/1"}],"replies":[{"embeddable":true,"href":"https:\/\/agora.xtec.cat\/escolaantoniroig\/wp-json\/wp\/v2\/comments?post=4212"}],"version-history":[{"count":3,"href":"https:\/\/agora.xtec.cat\/escolaantoniroig\/wp-json\/wp\/v2\/pages\/4212\/revisions"}],"predecessor-version":[{"id":8613,"href":"https:\/\/agora.xtec.cat\/escolaantoniroig\/wp-json\/wp\/v2\/pages\/4212\/revisions\/8613"}],"up":[{"embeddable":true,"href":"https:\/\/agora.xtec.cat\/escolaantoniroig\/wp-json\/wp\/v2\/pages\/4173"}],"wp:attachment":[{"href":"https:\/\/agora.xtec.cat\/escolaantoniroig\/wp-json\/wp\/v2\/media?parent=4212"}],"curies":[{"name":"wp","href":"https:\/\/api.w.org\/{rel}","templated":true}]}}