{"id":4194,"date":"2018-09-24T18:59:09","date_gmt":"2018-09-24T16:59:09","guid":{"rendered":"http:\/\/agora.xtec.cat\/escolaantoniroig\/?page_id=4194"},"modified":"2022-02-17T10:32:29","modified_gmt":"2022-02-17T09:32:29","slug":"seguretat-i-internet","status":"publish","type":"page","link":"https:\/\/agora.xtec.cat\/escolaantoniroig\/serveis\/serveis-digitals\/seguretat-i-internet\/","title":{"rendered":"Seguretat i Internet"},"content":{"rendered":"<p><a href=\"http:\/\/agora.xtec.cat\/escolaantoniroig\/wp-content\/uploads\/usu563\/2018\/09\/Screenshot_2.jpg\"><img loading=\"lazy\" decoding=\"async\" class=\"aligncenter wp-image-4202\" src=\"http:\/\/agora.xtec.cat\/escolaantoniroig\/wp-content\/uploads\/usu563\/2018\/09\/Screenshot_2.jpg\" alt=\"\" width=\"314\" height=\"188\" srcset=\"https:\/\/agora.xtec.cat\/escolaantoniroig\/wp-content\/uploads\/usu563\/2018\/09\/Screenshot_2.jpg 779w, https:\/\/agora.xtec.cat\/escolaantoniroig\/wp-content\/uploads\/usu563\/2018\/09\/Screenshot_2-300x180.jpg 300w, https:\/\/agora.xtec.cat\/escolaantoniroig\/wp-content\/uploads\/usu563\/2018\/09\/Screenshot_2-768x460.jpg 768w\" sizes=\"auto, (max-width: 314px) 100vw, 314px\" \/><\/a><\/p>\n<p style=\"text-align: justify;\">Les tecnologies digitals formen part del dia a dia dels nostres alumnes i s&#8217;han convertit en potents recursos educatius. Per tant, cal que els menors siguin conscients dels riscos i coneguin certes mesures de seguretat.<\/p>\n<p style=\"text-align: justify;\">A l&#8217;escola vetllem per un \u00fas responsable de la tecnologia.<\/p>\n<p style=\"text-align: justify;\">\u00c9s molt important que a casa tamb\u00e9 es potenci\u00ef el bon \u00fas de les tecnologies digitals.<\/p>\n<p style=\"text-align: justify;\">En els seg\u00fcents enlla\u00e7os trobareu recomanacions de seguretat que us ajudaran a gestionar el seu \u00fas:<\/p>\n<ul>\n<li><strong><a href=\"http:\/\/familiaiescola.gencat.cat\/ca\/escolaritat\/acompanyament-escolar-casa\/internet-usos\/\">FAMILIA I ESCOLA:\u00a0<\/a><a href=\"http:\/\/familiaiescola.gencat.cat\/ca\/escolaritat\/acompanyament-escolar-casa\/internet-usos\/\">INTERNET I ELS SEUS USOS<\/a>\u00a0<img loading=\"lazy\" decoding=\"async\" class=\" wp-image-3744 alignnone\" src=\"http:\/\/agora.xtec.cat\/escolaantoniroig\/wp-content\/uploads\/usu563\/2018\/04\/FLECHA-e1524651693894.png\" alt=\"\" width=\"22\" height=\"19\" \/><\/strong><\/li>\n<li><strong><a href=\"http:\/\/familiaiescola.gencat.cat\/ca\/educar-creixer-en-familia\/educacio-us-tecnologies\/us-abus-tecnologies\/6-12-anys\/\">EDUCAR I CR\u00c9IXER EN FAMILIA: \u00daS I AB\u00daS DE LES TECNOLOGIES\u00a0<\/a><a href=\"http:\/\/familiaiescola.gencat.cat\/ca\/educar-creixer-en-familia\/educacio-us-tecnologies\/us-abus-tecnologies\/6-12-anys\/\"><img loading=\"lazy\" decoding=\"async\" class=\" wp-image-3744 alignnone\" src=\"http:\/\/agora.xtec.cat\/escolaantoniroig\/wp-content\/uploads\/usu563\/2018\/04\/FLECHA-e1524651693894.png\" alt=\"\" width=\"22\" height=\"19\" \/><\/a><\/strong><\/li>\n<li><a href=\"https:\/\/internetsegura.cat\/families\/\"><strong>INTERNET SEGURA: FAM\u00cdLIES <img loading=\"lazy\" decoding=\"async\" class=\" wp-image-3744 alignnone\" src=\"http:\/\/agora.xtec.cat\/escolaantoniroig\/wp-content\/uploads\/usu563\/2018\/04\/FLECHA-e1524651693894.png\" alt=\"\" width=\"22\" height=\"19\" \/><\/strong><\/a><\/li>\n<li><strong><a href=\"https:\/\/internetsegura.cat\/joves\/normes-basiques-seguretat\/\">INTERNET SEGURA: NORMES B\u00c0SIQUES DE SEGURETAT\u00a0<\/a><a href=\"https:\/\/internetsegura.cat\/joves\/normes-basiques-seguretat\/\"><img loading=\"lazy\" decoding=\"async\" class=\" wp-image-3744 alignnone\" src=\"http:\/\/agora.xtec.cat\/escolaantoniroig\/wp-content\/uploads\/usu563\/2018\/04\/FLECHA-e1524651693894.png\" alt=\"\" width=\"22\" height=\"19\" \/><\/a><\/strong><\/li>\n<\/ul>\n","protected":false},"excerpt":{"rendered":"<p>Les tecnologies digitals formen part del dia a dia dels nostres alumnes i s&#8217;han convertit en potents recursos educatius. Per [&hellip;]<\/p>\n","protected":false},"author":1,"featured_media":0,"parent":4173,"menu_order":30,"comment_status":"closed","ping_status":"closed","template":"page-templates\/side-menu.php","meta":{"_bbp_topic_count":0,"_bbp_reply_count":0,"_bbp_total_topic_count":0,"_bbp_total_reply_count":0,"_bbp_voice_count":0,"_bbp_anonymous_reply_count":0,"_bbp_topic_count_hidden":0,"_bbp_reply_count_hidden":0,"_bbp_forum_subforum_count":0,"site-sidebar-layout":"default","site-content-layout":"","ast-site-content-layout":"","site-content-style":"default","site-sidebar-style":"default","ast-global-header-display":"","ast-banner-title-visibility":"","ast-main-header-display":"","ast-hfb-above-header-display":"","ast-hfb-below-header-display":"","ast-hfb-mobile-header-display":"","site-post-title":"","ast-breadcrumbs-content":"","ast-featured-img":"","footer-sml-layout":"","theme-transparent-header-meta":"","adv-header-id-meta":"","stick-header-meta":"","header-above-stick-meta":"","header-main-stick-meta":"","header-below-stick-meta":"","astra-migrate-meta-layouts":"default","ast-page-background-enabled":"default","ast-page-background-meta":{"desktop":{"background-color":"var(--ast-global-color-4)","background-image":"","background-repeat":"repeat","background-position":"center center","background-size":"auto","background-attachment":"scroll","background-type":"","background-media":"","overlay-type":"","overlay-color":"","overlay-opacity":"","overlay-gradient":""},"tablet":{"background-color":"","background-image":"","background-repeat":"repeat","background-position":"center center","background-size":"auto","background-attachment":"scroll","background-type":"","background-media":"","overlay-type":"","overlay-color":"","overlay-opacity":"","overlay-gradient":""},"mobile":{"background-color":"","background-image":"","background-repeat":"repeat","background-position":"center center","background-size":"auto","background-attachment":"scroll","background-type":"","background-media":"","overlay-type":"","overlay-color":"","overlay-opacity":"","overlay-gradient":""}},"ast-content-background-meta":{"desktop":{"background-color":"var(--ast-global-color-5)","background-image":"","background-repeat":"repeat","background-position":"center center","background-size":"auto","background-attachment":"scroll","background-type":"","background-media":"","overlay-type":"","overlay-color":"","overlay-opacity":"","overlay-gradient":""},"tablet":{"background-color":"var(--ast-global-color-5)","background-image":"","background-repeat":"repeat","background-position":"center center","background-size":"auto","background-attachment":"scroll","background-type":"","background-media":"","overlay-type":"","overlay-color":"","overlay-opacity":"","overlay-gradient":""},"mobile":{"background-color":"var(--ast-global-color-5)","background-image":"","background-repeat":"repeat","background-position":"center center","background-size":"auto","background-attachment":"scroll","background-type":"","background-media":"","overlay-type":"","overlay-color":"","overlay-opacity":"","overlay-gradient":""}},"footnotes":""},"class_list":["post-4194","page","type-page","status-publish","hentry"],"post_mailing_queue_ids":[],"_links":{"self":[{"href":"https:\/\/agora.xtec.cat\/escolaantoniroig\/wp-json\/wp\/v2\/pages\/4194","targetHints":{"allow":["GET"]}}],"collection":[{"href":"https:\/\/agora.xtec.cat\/escolaantoniroig\/wp-json\/wp\/v2\/pages"}],"about":[{"href":"https:\/\/agora.xtec.cat\/escolaantoniroig\/wp-json\/wp\/v2\/types\/page"}],"author":[{"embeddable":true,"href":"https:\/\/agora.xtec.cat\/escolaantoniroig\/wp-json\/wp\/v2\/users\/1"}],"replies":[{"embeddable":true,"href":"https:\/\/agora.xtec.cat\/escolaantoniroig\/wp-json\/wp\/v2\/comments?post=4194"}],"version-history":[{"count":3,"href":"https:\/\/agora.xtec.cat\/escolaantoniroig\/wp-json\/wp\/v2\/pages\/4194\/revisions"}],"predecessor-version":[{"id":7488,"href":"https:\/\/agora.xtec.cat\/escolaantoniroig\/wp-json\/wp\/v2\/pages\/4194\/revisions\/7488"}],"up":[{"embeddable":true,"href":"https:\/\/agora.xtec.cat\/escolaantoniroig\/wp-json\/wp\/v2\/pages\/4173"}],"wp:attachment":[{"href":"https:\/\/agora.xtec.cat\/escolaantoniroig\/wp-json\/wp\/v2\/media?parent=4194"}],"curies":[{"name":"wp","href":"https:\/\/api.w.org\/{rel}","templated":true}]}}